{"id":92,"date":"2026-03-11T15:29:21","date_gmt":"2026-03-11T15:29:21","guid":{"rendered":"https:\/\/phyto4pattes.fr\/?post_type=product&#038;p=92"},"modified":"2026-03-22T14:17:21","modified_gmt":"2026-03-22T14:17:21","slug":"mineralisant-chiens","status":"publish","type":"product","link":"https:\/\/phyto4pattes.fr\/index.php\/produit\/mineralisant-chiens\/","title":{"rendered":"Min\u00e9ralisant chiens"},"content":{"rendered":"<p data-start=\"32\" data-end=\"94\"><strong data-start=\"32\" data-end=\"94\">Renforcer l\u2019organisme et soutenir l\u2019\u00e9quilibre nutritionnel<\/strong><\/p>\n<p data-start=\"96\" data-end=\"396\">La <strong data-start=\"99\" data-end=\"121\">cure min\u00e9ralisante<\/strong> est con\u00e7ue pour apporter \u00e0 votre chien un soutien nutritionnel riche en min\u00e9raux essentiels. Ces \u00e9l\u00e9ments jouent un r\u00f4le fondamental dans de nombreuses fonctions de l\u2019organisme : <strong data-start=\"301\" data-end=\"395\">solidit\u00e9 des os, vitalit\u00e9 g\u00e9n\u00e9rale, bon fonctionnement musculaire et \u00e9quilibre m\u00e9tabolique<\/strong>.<\/p>\n<p data-start=\"398\" data-end=\"682\">Certaines p\u00e9riodes de la vie du chien peuvent augmenter ses besoins en min\u00e9raux : croissance, activit\u00e9 physique importante, convalescence, fatigue passag\u00e8re ou changements de saison. Une cure adapt\u00e9e permet alors de <strong data-start=\"614\" data-end=\"681\">soutenir l\u2019organisme et maintenir un bon \u00e9quilibre nutritionnel<\/strong>.<\/p>\n<hr data-start=\"684\" data-end=\"687\" \/>\n<h3 data-section-id=\"1stjt08\" data-start=\"689\" data-end=\"717\">Les objectifs de la cure<\/h3>\n<p data-start=\"719\" data-end=\"738\">Cette cure vise \u00e0 :<\/p>\n<ul data-start=\"740\" data-end=\"941\">\n<li data-section-id=\"9kynfe\" data-start=\"740\" data-end=\"780\">\n<p data-start=\"742\" data-end=\"780\">soutenir la <strong data-start=\"754\" data-end=\"780\">min\u00e9ralisation osseuse<\/strong><\/p>\n<\/li>\n<li data-section-id=\"1my56g4\" data-start=\"781\" data-end=\"823\">\n<p data-start=\"783\" data-end=\"823\">accompagner la <strong data-start=\"798\" data-end=\"823\">vitalit\u00e9 et l\u2019\u00e9nergie<\/strong><\/p>\n<\/li>\n<li data-section-id=\"i0majv\" data-start=\"824\" data-end=\"884\">\n<p data-start=\"826\" data-end=\"884\">contribuer au bon fonctionnement <strong data-start=\"859\" data-end=\"884\">musculaire et nerveux<\/strong><\/p>\n<\/li>\n<li data-section-id=\"at22t3\" data-start=\"885\" data-end=\"941\">\n<p data-start=\"887\" data-end=\"941\">aider \u00e0 maintenir un <strong data-start=\"908\" data-end=\"941\">\u00e9quilibre nutritionnel global<\/strong><\/p>\n<\/li>\n<\/ul>\n<hr data-start=\"943\" data-end=\"946\" \/>\n<h3 data-section-id=\"1moovnp\" data-start=\"948\" data-end=\"971\">Pour quels chiens ?<\/h3>\n<p data-start=\"973\" data-end=\"1021\">La cure min\u00e9ralisante peut \u00eatre b\u00e9n\u00e9fique pour :<\/p>\n<ul data-start=\"1023\" data-end=\"1289\">\n<li data-section-id=\"1xpp70w\" data-start=\"1023\" data-end=\"1064\">\n<p data-start=\"1025\" data-end=\"1064\">les <strong data-start=\"1029\" data-end=\"1064\">chiens en p\u00e9riode de croissance<\/strong><\/p>\n<\/li>\n<li data-section-id=\"1u2x08e\" data-start=\"1065\" data-end=\"1100\">\n<p data-start=\"1067\" data-end=\"1100\">les <strong data-start=\"1071\" data-end=\"1100\">chiens actifs ou sportifs<\/strong><\/p>\n<\/li>\n<li data-section-id=\"1z4qcj\" data-start=\"1101\" data-end=\"1158\">\n<p data-start=\"1103\" data-end=\"1158\">les chiens en <strong data-start=\"1117\" data-end=\"1158\">p\u00e9riode de r\u00e9cup\u00e9ration ou de fatigue<\/strong><\/p>\n<\/li>\n<li data-section-id=\"jax7yz\" data-start=\"1159\" data-end=\"1223\">\n<p data-start=\"1161\" data-end=\"1223\">les chiens ayant besoin d\u2019un <strong data-start=\"1190\" data-end=\"1223\">soutien nutritionnel ponctuel<\/strong><\/p>\n<\/li>\n<li data-section-id=\"wr8vyd\" data-start=\"1224\" data-end=\"1289\">\n<p data-start=\"1226\" data-end=\"1289\">les chiens soumis \u00e0 des <strong data-start=\"1250\" data-end=\"1289\">p\u00e9riodes de stress ou de changement<\/strong><\/p>\n<\/li>\n<\/ul>\n<hr data-start=\"1291\" data-end=\"1294\" \/>\n<h3 data-section-id=\"846gqq\" data-start=\"1296\" data-end=\"1322\">Les b\u00e9n\u00e9fices attendus<\/h3>\n<p data-start=\"1324\" data-end=\"1373\">Une cure min\u00e9ralisante peut aider votre chien \u00e0 :<\/p>\n<p data-start=\"1375\" data-end=\"1565\">\u2714 soutenir la <strong data-start=\"1389\" data-end=\"1422\">solidit\u00e9 des os et des tissus<\/strong><br data-start=\"1422\" data-end=\"1425\" \/>\u2714 maintenir une <strong data-start=\"1441\" data-end=\"1459\">bonne vitalit\u00e9<\/strong><br data-start=\"1459\" data-end=\"1462\" \/>\u2714 favoriser un <strong data-start=\"1477\" data-end=\"1502\">bon \u00e9quilibre min\u00e9ral<\/strong><br data-start=\"1502\" data-end=\"1505\" \/>\u2714 accompagner les p\u00e9riodes de <strong data-start=\"1535\" data-end=\"1565\">fatigue ou de r\u00e9cup\u00e9ration<\/strong><\/p>\n<hr data-start=\"1567\" data-end=\"1570\" \/>\n<h3 data-section-id=\"14klbdb\" data-start=\"1572\" data-end=\"1602\">Comment utiliser la cure ?<\/h3>\n<ul data-start=\"1604\" data-end=\"1739\">\n<li data-section-id=\"xsiw6y\" data-start=\"1604\" data-end=\"1644\">\n<p data-start=\"1606\" data-end=\"1644\">Cure recommand\u00e9e de <strong data-start=\"1626\" data-end=\"1644\">3 \u00e0 6 semaines<\/strong><\/p>\n<\/li>\n<li data-section-id=\"h4ti7z\" data-start=\"1645\" data-end=\"1693\">\n<p data-start=\"1647\" data-end=\"1693\">\u00c0 renouveler <strong data-start=\"1660\" data-end=\"1693\">selon les besoins de l\u2019animal<\/strong><\/p>\n<\/li>\n<li data-section-id=\"1ij92ke\" data-start=\"1694\" data-end=\"1739\">\n<p data-start=\"1696\" data-end=\"1739\">\u00c0 administrer <strong data-start=\"1710\" data-end=\"1739\">m\u00e9lang\u00e9e \u00e0 l\u2019alimentation<\/strong><\/p>\n<\/li>\n<\/ul>\n<hr data-start=\"1741\" data-end=\"1744\" \/>\n<h3 data-section-id=\"evjedv\" data-start=\"1746\" data-end=\"1767\">Conseil bien-\u00eatre<\/h3>\n<p data-start=\"1769\" data-end=\"1824\">Pour soutenir l\u2019\u00e9quilibre nutritionnel de votre chien :<\/p>\n<ul data-start=\"1826\" data-end=\"1958\">\n<li data-section-id=\"x14689\" data-start=\"1826\" data-end=\"1871\">\n<p data-start=\"1828\" data-end=\"1871\">privil\u00e9gier une <strong data-start=\"1844\" data-end=\"1871\">alimentation de qualit\u00e9<\/strong><\/p>\n<\/li>\n<li data-section-id=\"1l315m2\" data-start=\"1872\" data-end=\"1912\">\n<p data-start=\"1874\" data-end=\"1912\">assurer une <strong data-start=\"1886\" data-end=\"1912\">hydratation suffisante<\/strong><\/p>\n<\/li>\n<li data-section-id=\"fhm1wy\" data-start=\"1913\" data-end=\"1958\">\n<p data-start=\"1915\" data-end=\"1958\">maintenir une <strong data-start=\"1929\" data-end=\"1958\">activit\u00e9 physique adapt\u00e9e<\/strong><\/p>\n<\/li>\n<\/ul>\n<hr data-start=\"1960\" data-end=\"1963\" \/>\n<p data-start=\"1965\" data-end=\"2157\">\ud83d\udca1 Une cure min\u00e9ralisante est une solution naturelle pour <strong data-start=\"2023\" data-end=\"2081\">renforcer l\u2019organisme du chien et soutenir sa vitalit\u00e9<\/strong>, notamment lors des p\u00e9riodes o\u00f9 ses besoins nutritionnels sont plus \u00e9lev\u00e9s.<\/p>\n<p data-start=\"1965\" data-end=\"2157\">Le min\u00e9ralisant est id\u00e9al en compl\u00e9ment de la :\ud83d\udc49 <a href=\"https:\/\/phyto4pattes.fr\/index.php\/produit\/spiruline-chiens\/\">Spiruline chiens<\/a>, \ud83d\udc49<a href=\"https:\/\/phyto4pattes.fr\/index.php\/produit\/cure-chiots\/\">Cure chiots<\/a> .<\/p>\n","protected":false},"excerpt":{"rendered":"<p>(algues, levures, lithothamne)<\/p>\n<p>&nbsp;<\/p>\n<p><strong>\u00a0<\/strong>Soutien nutritionnel de choix pour nos amis chiens, chiens \u00e2g\u00e9s sujets aux douleurs articulaires, chiens en convalescence suite \u00e0 une fracture, chiots en croissance, chiennes st\u00e9rilis\u00e9es, chiens castr\u00e9s&#8230;<\/p>\n<p>Formulation en poudre \u00e0 base de spiruline, levures et autres algues riches en calcium (lithothamne..)<\/p>\n<p>&nbsp;<\/p>\n<p>utilisation\u00a0: (c.dose fournie = 2 g)<\/p>\n<p>chiens &lt; 10 kg : 1\/2 c.dose \/ jour<\/p>\n<p>chiens 10 \u00e0 20 kg : 1 c.dose \/ jour<\/p>\n<p>(1 c.dose \/ 10 kg \/ jour)<\/p>\n<p>&nbsp;<\/p>\n<p>&nbsp;<\/p>\n<p>Produits 100 % naturel, non dopant, formul\u00e9 pour les chiens.<\/p>\n<p>Conserver dans un endroit sec, bien refermer apr\u00e8s usage.<\/p>\n<p>Produit d&rsquo;hygi\u00e8ne et de soin, compl\u00e9ment alimentaire.<\/p>\n<p>En pot de 200g de poudres de plantes (photo non contractuelle)<\/p>\n<p><strong>\u00a0Ces substances sont des compl\u00e9ments alimentaires et ne dispensent pas d&rsquo;un avis v\u00e9t\u00e9rinaire.<\/strong><\/p>\n","protected":false},"featured_media":122,"comment_status":"open","ping_status":"closed","template":"","meta":[],"product_brand":[],"product_cat":[28,43],"product_tag":[],"class_list":{"0":"post-92","1":"product","2":"type-product","3":"status-publish","4":"has-post-thumbnail","6":"product_cat-gamme-canine","7":"product_cat-immunite-et-vitalite","9":"first","10":"instock","11":"taxable","12":"shipping-taxable","13":"purchasable","14":"product-type-simple"},"yoast_head":"<!-- This site is optimized with the Yoast SEO plugin v27.2 - https:\/\/yoast.com\/product\/yoast-seo-wordpress\/ -->\n<title>Min\u00e9ralisant chiens - Phyto4Pattes.fr<\/title>\n<meta name=\"description\" content=\"Renforcez l\u2019organisme de votre chien avec un apport compl\u00e9ment min\u00e9raux essentiels pour soutenir sa sant\u00e9 globale.\" \/>\n<meta name=\"robots\" content=\"index, follow, max-snippet:-1, max-image-preview:large, max-video-preview:-1\" \/>\n<link rel=\"canonical\" href=\"https:\/\/phyto4pattes.fr\/index.php\/produit\/mineralisant-chiens\/\" \/>\n<meta property=\"og:locale\" content=\"fr_FR\" \/>\n<meta property=\"og:type\" content=\"article\" \/>\n<meta property=\"og:title\" content=\"Min\u00e9ralisant chiens - Phyto4Pattes.fr\" \/>\n<meta property=\"og:description\" content=\"Renforcez l\u2019organisme de votre chien avec un apport compl\u00e9ment min\u00e9raux essentiels pour soutenir sa sant\u00e9 globale.\" \/>\n<meta property=\"og:url\" content=\"https:\/\/phyto4pattes.fr\/index.php\/produit\/mineralisant-chiens\/\" \/>\n<meta property=\"og:site_name\" content=\"Phyto4Pattes.fr\" \/>\n<meta property=\"article:modified_time\" content=\"2026-03-22T14:17:21+00:00\" \/>\n<meta property=\"og:image\" content=\"https:\/\/phyto4pattes.fr\/wp-content\/uploads\/2026\/03\/mineralisant-chiens.jpg\" \/>\n\t<meta property=\"og:image:width\" content=\"250\" \/>\n\t<meta property=\"og:image:height\" content=\"250\" \/>\n\t<meta property=\"og:image:type\" content=\"image\/jpeg\" \/>\n<meta name=\"twitter:card\" content=\"summary_large_image\" \/>\n<meta name=\"twitter:label1\" content=\"Dur\u00e9e de lecture estim\u00e9e\" \/>\n\t<meta name=\"twitter:data1\" content=\"2 minutes\" \/>\n<script type=\"application\/ld+json\" class=\"yoast-schema-graph\">{\"@context\":\"https:\/\/schema.org\",\"@graph\":[{\"@type\":\"WebPage\",\"@id\":\"https:\/\/phyto4pattes.fr\/index.php\/produit\/mineralisant-chiens\/\",\"url\":\"https:\/\/phyto4pattes.fr\/index.php\/produit\/mineralisant-chiens\/\",\"name\":\"Min\u00e9ralisant chiens - Phyto4Pattes.fr\",\"isPartOf\":{\"@id\":\"http:\/\/phyto4pattes.fr\/#website\"},\"primaryImageOfPage\":{\"@id\":\"https:\/\/phyto4pattes.fr\/index.php\/produit\/mineralisant-chiens\/#primaryimage\"},\"image\":{\"@id\":\"https:\/\/phyto4pattes.fr\/index.php\/produit\/mineralisant-chiens\/#primaryimage\"},\"thumbnailUrl\":\"https:\/\/phyto4pattes.fr\/wp-content\/uploads\/2026\/03\/mineralisant-chiens.jpg\",\"datePublished\":\"2026-03-11T15:29:21+00:00\",\"dateModified\":\"2026-03-22T14:17:21+00:00\",\"description\":\"Renforcez l\u2019organisme de votre chien avec un apport compl\u00e9ment min\u00e9raux essentiels pour soutenir sa sant\u00e9 globale.\",\"breadcrumb\":{\"@id\":\"https:\/\/phyto4pattes.fr\/index.php\/produit\/mineralisant-chiens\/#breadcrumb\"},\"inLanguage\":\"fr-FR\",\"potentialAction\":[{\"@type\":\"ReadAction\",\"target\":[\"https:\/\/phyto4pattes.fr\/index.php\/produit\/mineralisant-chiens\/\"]}]},{\"@type\":\"ImageObject\",\"inLanguage\":\"fr-FR\",\"@id\":\"https:\/\/phyto4pattes.fr\/index.php\/produit\/mineralisant-chiens\/#primaryimage\",\"url\":\"https:\/\/phyto4pattes.fr\/wp-content\/uploads\/2026\/03\/mineralisant-chiens.jpg\",\"contentUrl\":\"https:\/\/phyto4pattes.fr\/wp-content\/uploads\/2026\/03\/mineralisant-chiens.jpg\",\"width\":250,\"height\":250},{\"@type\":\"BreadcrumbList\",\"@id\":\"https:\/\/phyto4pattes.fr\/index.php\/produit\/mineralisant-chiens\/#breadcrumb\",\"itemListElement\":[{\"@type\":\"ListItem\",\"position\":1,\"name\":\"Accueil\",\"item\":\"https:\/\/phyto4pattes.fr\/\"},{\"@type\":\"ListItem\",\"position\":2,\"name\":\"Boutique\",\"item\":\"https:\/\/phyto4pattes.fr\/index.php\/shop\/\"},{\"@type\":\"ListItem\",\"position\":3,\"name\":\"Min\u00e9ralisant chiens\"}]},{\"@type\":\"WebSite\",\"@id\":\"http:\/\/phyto4pattes.fr\/#website\",\"url\":\"http:\/\/phyto4pattes.fr\/\",\"name\":\"Phyto4Pattes.fr\",\"description\":\"\u00ab Le bien-\u00eatre de votre animal commence par les plantes \u00bb\",\"publisher\":{\"@id\":\"http:\/\/phyto4pattes.fr\/#organization\"},\"potentialAction\":[{\"@type\":\"SearchAction\",\"target\":{\"@type\":\"EntryPoint\",\"urlTemplate\":\"http:\/\/phyto4pattes.fr\/?s={search_term_string}\"},\"query-input\":{\"@type\":\"PropertyValueSpecification\",\"valueRequired\":true,\"valueName\":\"search_term_string\"}}],\"inLanguage\":\"fr-FR\"},{\"@type\":\"Organization\",\"@id\":\"http:\/\/phyto4pattes.fr\/#organization\",\"name\":\"Phyto4Pattes.fr\",\"url\":\"http:\/\/phyto4pattes.fr\/\",\"logo\":{\"@type\":\"ImageObject\",\"inLanguage\":\"fr-FR\",\"@id\":\"http:\/\/phyto4pattes.fr\/#\/schema\/logo\/image\/\",\"url\":\"http:\/\/phyto4pattes.fr\/wp-content\/uploads\/2026\/03\/cropped-logo-10-Phyto-4-Pattes.jpg\",\"contentUrl\":\"http:\/\/phyto4pattes.fr\/wp-content\/uploads\/2026\/03\/cropped-logo-10-Phyto-4-Pattes.jpg\",\"width\":250,\"height\":250,\"caption\":\"Phyto4Pattes.fr\"},\"image\":{\"@id\":\"http:\/\/phyto4pattes.fr\/#\/schema\/logo\/image\/\"}}]}<\/script>\n<!-- \/ Yoast SEO plugin. -->","yoast_head_json":{"title":"Min\u00e9ralisant chiens - Phyto4Pattes.fr","description":"Renforcez l\u2019organisme de votre chien avec un apport compl\u00e9ment min\u00e9raux essentiels pour soutenir sa sant\u00e9 globale.","robots":{"index":"index","follow":"follow","max-snippet":"max-snippet:-1","max-image-preview":"max-image-preview:large","max-video-preview":"max-video-preview:-1"},"canonical":"https:\/\/phyto4pattes.fr\/index.php\/produit\/mineralisant-chiens\/","og_locale":"fr_FR","og_type":"article","og_title":"Min\u00e9ralisant chiens - Phyto4Pattes.fr","og_description":"Renforcez l\u2019organisme de votre chien avec un apport compl\u00e9ment min\u00e9raux essentiels pour soutenir sa sant\u00e9 globale.","og_url":"https:\/\/phyto4pattes.fr\/index.php\/produit\/mineralisant-chiens\/","og_site_name":"Phyto4Pattes.fr","article_modified_time":"2026-03-22T14:17:21+00:00","og_image":[{"width":250,"height":250,"url":"https:\/\/phyto4pattes.fr\/wp-content\/uploads\/2026\/03\/mineralisant-chiens.jpg","type":"image\/jpeg"}],"twitter_card":"summary_large_image","twitter_misc":{"Dur\u00e9e de lecture estim\u00e9e":"2 minutes"},"schema":{"@context":"https:\/\/schema.org","@graph":[{"@type":"WebPage","@id":"https:\/\/phyto4pattes.fr\/index.php\/produit\/mineralisant-chiens\/","url":"https:\/\/phyto4pattes.fr\/index.php\/produit\/mineralisant-chiens\/","name":"Min\u00e9ralisant chiens - Phyto4Pattes.fr","isPartOf":{"@id":"http:\/\/phyto4pattes.fr\/#website"},"primaryImageOfPage":{"@id":"https:\/\/phyto4pattes.fr\/index.php\/produit\/mineralisant-chiens\/#primaryimage"},"image":{"@id":"https:\/\/phyto4pattes.fr\/index.php\/produit\/mineralisant-chiens\/#primaryimage"},"thumbnailUrl":"https:\/\/phyto4pattes.fr\/wp-content\/uploads\/2026\/03\/mineralisant-chiens.jpg","datePublished":"2026-03-11T15:29:21+00:00","dateModified":"2026-03-22T14:17:21+00:00","description":"Renforcez l\u2019organisme de votre chien avec un apport compl\u00e9ment min\u00e9raux essentiels pour soutenir sa sant\u00e9 globale.","breadcrumb":{"@id":"https:\/\/phyto4pattes.fr\/index.php\/produit\/mineralisant-chiens\/#breadcrumb"},"inLanguage":"fr-FR","potentialAction":[{"@type":"ReadAction","target":["https:\/\/phyto4pattes.fr\/index.php\/produit\/mineralisant-chiens\/"]}]},{"@type":"ImageObject","inLanguage":"fr-FR","@id":"https:\/\/phyto4pattes.fr\/index.php\/produit\/mineralisant-chiens\/#primaryimage","url":"https:\/\/phyto4pattes.fr\/wp-content\/uploads\/2026\/03\/mineralisant-chiens.jpg","contentUrl":"https:\/\/phyto4pattes.fr\/wp-content\/uploads\/2026\/03\/mineralisant-chiens.jpg","width":250,"height":250},{"@type":"BreadcrumbList","@id":"https:\/\/phyto4pattes.fr\/index.php\/produit\/mineralisant-chiens\/#breadcrumb","itemListElement":[{"@type":"ListItem","position":1,"name":"Accueil","item":"https:\/\/phyto4pattes.fr\/"},{"@type":"ListItem","position":2,"name":"Boutique","item":"https:\/\/phyto4pattes.fr\/index.php\/shop\/"},{"@type":"ListItem","position":3,"name":"Min\u00e9ralisant chiens"}]},{"@type":"WebSite","@id":"http:\/\/phyto4pattes.fr\/#website","url":"http:\/\/phyto4pattes.fr\/","name":"Phyto4Pattes.fr","description":"\u00ab Le bien-\u00eatre de votre animal commence par les plantes \u00bb","publisher":{"@id":"http:\/\/phyto4pattes.fr\/#organization"},"potentialAction":[{"@type":"SearchAction","target":{"@type":"EntryPoint","urlTemplate":"http:\/\/phyto4pattes.fr\/?s={search_term_string}"},"query-input":{"@type":"PropertyValueSpecification","valueRequired":true,"valueName":"search_term_string"}}],"inLanguage":"fr-FR"},{"@type":"Organization","@id":"http:\/\/phyto4pattes.fr\/#organization","name":"Phyto4Pattes.fr","url":"http:\/\/phyto4pattes.fr\/","logo":{"@type":"ImageObject","inLanguage":"fr-FR","@id":"http:\/\/phyto4pattes.fr\/#\/schema\/logo\/image\/","url":"http:\/\/phyto4pattes.fr\/wp-content\/uploads\/2026\/03\/cropped-logo-10-Phyto-4-Pattes.jpg","contentUrl":"http:\/\/phyto4pattes.fr\/wp-content\/uploads\/2026\/03\/cropped-logo-10-Phyto-4-Pattes.jpg","width":250,"height":250,"caption":"Phyto4Pattes.fr"},"image":{"@id":"http:\/\/phyto4pattes.fr\/#\/schema\/logo\/image\/"}}]}},"_links":{"self":[{"href":"https:\/\/phyto4pattes.fr\/index.php\/wp-json\/wp\/v2\/product\/92","targetHints":{"allow":["GET"]}}],"collection":[{"href":"https:\/\/phyto4pattes.fr\/index.php\/wp-json\/wp\/v2\/product"}],"about":[{"href":"https:\/\/phyto4pattes.fr\/index.php\/wp-json\/wp\/v2\/types\/product"}],"replies":[{"embeddable":true,"href":"https:\/\/phyto4pattes.fr\/index.php\/wp-json\/wp\/v2\/comments?post=92"}],"wp:featuredmedia":[{"embeddable":true,"href":"https:\/\/phyto4pattes.fr\/index.php\/wp-json\/wp\/v2\/media\/122"}],"wp:attachment":[{"href":"https:\/\/phyto4pattes.fr\/index.php\/wp-json\/wp\/v2\/media?parent=92"}],"wp:term":[{"taxonomy":"product_brand","embeddable":true,"href":"https:\/\/phyto4pattes.fr\/index.php\/wp-json\/wp\/v2\/product_brand?post=92"},{"taxonomy":"product_cat","embeddable":true,"href":"https:\/\/phyto4pattes.fr\/index.php\/wp-json\/wp\/v2\/product_cat?post=92"},{"taxonomy":"product_tag","embeddable":true,"href":"https:\/\/phyto4pattes.fr\/index.php\/wp-json\/wp\/v2\/product_tag?post=92"}],"curies":[{"name":"wp","href":"https:\/\/api.w.org\/{rel}","templated":true}]}}