{"id":90,"date":"2026-03-11T15:28:13","date_gmt":"2026-03-11T15:28:13","guid":{"rendered":"https:\/\/phyto4pattes.fr\/?post_type=product&#038;p=90"},"modified":"2026-04-06T09:16:42","modified_gmt":"2026-04-06T09:16:42","slug":"complement-ligaments-chiens","status":"publish","type":"product","link":"https:\/\/phyto4pattes.fr\/index.php\/produit\/complement-ligaments-chiens\/","title":{"rendered":"Compl\u00e9ment ligaments chiens"},"content":{"rendered":"<p data-start=\"28\" data-end=\"94\"><strong data-start=\"28\" data-end=\"94\">Soutenir la solidit\u00e9 des ligaments et la stabilit\u00e9 articulaire<\/strong><\/p>\n<p data-start=\"96\" data-end=\"304\">Les ligaments jouent un r\u00f4le essentiel dans la <strong data-start=\"143\" data-end=\"199\">stabilit\u00e9 et le bon fonctionnement des articulations<\/strong> du chien. Ils relient les os entre eux et permettent de maintenir des mouvements fluides et s\u00e9curis\u00e9s.<\/p>\n<p data-start=\"306\" data-end=\"610\">Lors d\u2019efforts physiques intenses, chez les chiens tr\u00e8s actifs ou apr\u00e8s certaines fragilit\u00e9s, les ligaments peuvent \u00eatre fortement sollicit\u00e9s. La <strong data-start=\"452\" data-end=\"470\">cure Ligaments<\/strong> a \u00e9t\u00e9 con\u00e7ue pour soutenir naturellement les tissus conjonctifs et accompagner la r\u00e9cup\u00e9ration et la solidit\u00e9 des structures ligamentaires.<\/p>\n<hr data-start=\"612\" data-end=\"615\" \/>\n<h3 data-section-id=\"1stjt08\" data-start=\"617\" data-end=\"645\">Les objectifs de la cure<\/h3>\n<p data-start=\"647\" data-end=\"666\">Cette cure vise \u00e0 :<\/p>\n<ul data-start=\"668\" data-end=\"865\">\n<li data-section-id=\"1ivz07v\" data-start=\"668\" data-end=\"723\">\n<p data-start=\"670\" data-end=\"723\">soutenir la <strong data-start=\"682\" data-end=\"723\">solidit\u00e9 des ligaments et des tendons<\/strong><\/p>\n<\/li>\n<li data-section-id=\"1q78vog\" data-start=\"724\" data-end=\"776\">\n<p data-start=\"726\" data-end=\"776\">favoriser la <strong data-start=\"739\" data-end=\"776\">r\u00e9sistance des tissus conjonctifs<\/strong><\/p>\n<\/li>\n<li data-section-id=\"1t64lz\" data-start=\"777\" data-end=\"819\">\n<p data-start=\"779\" data-end=\"819\">accompagner la <strong data-start=\"794\" data-end=\"819\">stabilit\u00e9 articulaire<\/strong><\/p>\n<\/li>\n<li data-section-id=\"5npac2\" data-start=\"820\" data-end=\"865\">\n<p data-start=\"822\" data-end=\"865\">soutenir la <strong data-start=\"834\" data-end=\"865\">r\u00e9cup\u00e9ration apr\u00e8s l\u2019effort<\/strong><\/p>\n<\/li>\n<\/ul>\n<hr data-start=\"867\" data-end=\"870\" \/>\n<h3 data-section-id=\"1moovnp\" data-start=\"872\" data-end=\"895\">Pour quels chiens ?<\/h3>\n<p data-start=\"897\" data-end=\"945\">La cure Ligaments est particuli\u00e8rement adapt\u00e9e :<\/p>\n<ul data-start=\"947\" data-end=\"1243\">\n<li data-section-id=\"79mtyd\" data-start=\"947\" data-end=\"987\">\n<p data-start=\"949\" data-end=\"987\">aux <strong data-start=\"953\" data-end=\"987\">chiens sportifs ou tr\u00e8s actifs<\/strong><\/p>\n<\/li>\n<li data-section-id=\"akl1u2\" data-start=\"988\" data-end=\"1067\">\n<p data-start=\"990\" data-end=\"1067\">aux chiens sollicitant beaucoup leurs articulations (agility, travail, sport)<\/p>\n<\/li>\n<li data-section-id=\"1xpezb4\" data-start=\"1068\" data-end=\"1109\">\n<p data-start=\"1070\" data-end=\"1109\">aux chiens en <strong data-start=\"1084\" data-end=\"1109\">phase de r\u00e9cup\u00e9ration<\/strong><\/p>\n<\/li>\n<li data-section-id=\"73unjl\" data-start=\"1110\" data-end=\"1164\">\n<p data-start=\"1112\" data-end=\"1164\">aux chiens pr\u00e9sentant une <strong data-start=\"1138\" data-end=\"1164\">fragilit\u00e9 ligamentaire<\/strong><\/p>\n<\/li>\n<li data-section-id=\"s4a93d\" data-start=\"1165\" data-end=\"1243\">\n<p data-start=\"1167\" data-end=\"1243\">aux chiens de <strong data-start=\"1181\" data-end=\"1196\">grande race<\/strong>, souvent plus sollicit\u00e9s au niveau articulaire<\/p>\n<\/li>\n<\/ul>\n<hr data-start=\"1245\" data-end=\"1248\" \/>\n<h3 data-section-id=\"846gqq\" data-start=\"1250\" data-end=\"1276\">Les b\u00e9n\u00e9fices attendus<\/h3>\n<p data-start=\"1278\" data-end=\"1321\">Une cure adapt\u00e9e peut aider votre chien \u00e0 :<\/p>\n<p data-start=\"1323\" data-end=\"1541\">\u2714 soutenir la <strong data-start=\"1337\" data-end=\"1365\">r\u00e9sistance des ligaments<\/strong><br data-start=\"1365\" data-end=\"1368\" \/>\u2714 favoriser la <strong data-start=\"1383\" data-end=\"1414\">stabilit\u00e9 des articulations<\/strong><br data-start=\"1414\" data-end=\"1417\" \/>\u2714 accompagner la <strong data-start=\"1434\" data-end=\"1476\">r\u00e9cup\u00e9ration musculaire et articulaire<\/strong><br data-start=\"1476\" data-end=\"1479\" \/>\u2714 maintenir une <strong data-start=\"1495\" data-end=\"1541\">bonne mobilit\u00e9 lors de l\u2019activit\u00e9 physique<\/strong><\/p>\n<hr data-start=\"1543\" data-end=\"1546\" \/>\n<h3 data-section-id=\"14klbdb\" data-start=\"1548\" data-end=\"1578\">Comment utiliser la cure ?<\/h3>\n<ul data-start=\"1580\" data-end=\"1721\">\n<li data-section-id=\"kym0er\" data-start=\"1580\" data-end=\"1620\">\n<p data-start=\"1582\" data-end=\"1620\">Cure recommand\u00e9e de <strong data-start=\"1602\" data-end=\"1620\">4 \u00e0 8 semaines<\/strong><\/p>\n<\/li>\n<li data-section-id=\"mw8etw\" data-start=\"1621\" data-end=\"1675\">\n<p data-start=\"1623\" data-end=\"1675\">Peut \u00eatre renouvel\u00e9e <strong data-start=\"1644\" data-end=\"1675\">plusieurs fois dans l\u2019ann\u00e9e<\/strong><\/p>\n<\/li>\n<li data-section-id=\"1ij92ke\" data-start=\"1676\" data-end=\"1721\">\n<p data-start=\"1678\" data-end=\"1721\">\u00c0 administrer <strong data-start=\"1692\" data-end=\"1721\">m\u00e9lang\u00e9e \u00e0 l\u2019alimentation<\/strong><\/p>\n<\/li>\n<\/ul>\n<hr data-start=\"1723\" data-end=\"1726\" \/>\n<h3 data-section-id=\"evjedv\" data-start=\"1728\" data-end=\"1749\">Conseil bien-\u00eatre<\/h3>\n<p data-start=\"1751\" data-end=\"1796\">Pour pr\u00e9server les ligaments de votre chien :<\/p>\n<ul data-start=\"1798\" data-end=\"1950\">\n<li data-section-id=\"2n9pvl\" data-start=\"1798\" data-end=\"1844\">\n<p data-start=\"1800\" data-end=\"1844\">\u00e9viter les <strong data-start=\"1811\" data-end=\"1844\">efforts brusques ou excessifs<\/strong><\/p>\n<\/li>\n<li data-section-id=\"oijcs4\" data-start=\"1845\" data-end=\"1876\">\n<p data-start=\"1847\" data-end=\"1876\">maintenir un <strong data-start=\"1860\" data-end=\"1876\">poids adapt\u00e9<\/strong><\/p>\n<\/li>\n<li data-section-id=\"z66i0d\" data-start=\"1877\" data-end=\"1950\">\n<p data-start=\"1879\" data-end=\"1950\">privil\u00e9gier un <strong data-start=\"1894\" data-end=\"1950\">\u00e9chauffement progressif avant les activit\u00e9s intenses<\/strong><\/p>\n<\/li>\n<\/ul>\n<hr data-start=\"1952\" data-end=\"1955\" \/>\n<p data-start=\"1957\" data-end=\"2145\">\ud83d\udca1 Une cure sp\u00e9cifique pour les ligaments permet d\u2019accompagner les chiens actifs ou fragilis\u00e9s afin de <strong data-start=\"2060\" data-end=\"2144\">pr\u00e9server la stabilit\u00e9 articulaire et soutenir la solidit\u00e9 des tissus de soutien<\/strong>.<\/p>\n<p data-start=\"1957\" data-end=\"2145\">Pour optimiser la r\u00e9cup\u00e9ration ligamentaire du chien, il est conseill\u00e9 d\u2019associer cette cure avec le\u00a0 \ud83d\udc49 <a href=\"https:\/\/phyto4pattes.fr\/index.php\/produit\/collagene-chiens\/\">Collag\u00e8ne chiens<\/a>, \ud83d\udc49 <a href=\"https:\/\/phyto4pattes.fr\/index.php\/produit\/articulations-chiens-2\/\">Articulations chiens<\/a> .<\/p>\n<p data-start=\"1957\" data-end=\"2145\">Les chiens actifs peuvent \u00e9galement b\u00e9n\u00e9ficier de notre \ud83d\udc49 <a href=\"https:\/\/phyto4pattes.fr\/index.php\/produit\/complement-chiens-sportifs\/\">Compl\u00e9ment chiens sportifs<\/a>,<\/p>\n","protected":false},"excerpt":{"rendered":"<p>(ortie, pr\u00eale, curcuma, silice)<\/p>\n<p>Synergie de plantes riches en silice, \u00e9l\u00e9ment essentiel des structures ligamentaires et tendineuses.<\/p>\n<p>Protection et cicatrisation des fibres ligamentaires<\/p>\n<p>&nbsp;<\/p>\n<p>Compl\u00e9ment destin\u00e9 aux chiens de tous \u00e2ges (jeunes chiens, chiens de sport, chiens \u00e2g\u00e9s) souffrant de faiblesse au niveau des ligaments<\/p>\n<p>&nbsp;<\/p>\n<p>utilisation\u00a0: (c.dose fournie = 2 g)<\/p>\n<p>chiens &lt; 10 kg : 1\/2 c.dose \/ jour<\/p>\n<p>chiens 10 \u00e0 20 kg : 1 c.dose \/ jour<\/p>\n<p>(1 c.dose \/ 10 kg \/ jour)<\/p>\n<p>&nbsp;<\/p>\n<p>&nbsp;<\/p>\n<p>Produits 100 % naturel, non dopant, formul\u00e9 pour les chiens.<\/p>\n<p>Conserver dans un endroit sec, bien refermer apr\u00e8s usage.<\/p>\n<p>Produit d&rsquo;hygi\u00e8ne et de soin, compl\u00e9ment alimentaire.<\/p>\n<p>En pot de 200g de poudres de plantes.<\/p>\n<p><strong>\u00a0Ces substances sont des compl\u00e9ments alimentaires et ne dispensent pas d&rsquo;un avis v\u00e9t\u00e9rinaire.<\/strong><\/p>\n","protected":false},"featured_media":549,"comment_status":"open","ping_status":"closed","template":"","meta":[],"product_brand":[],"product_cat":[41,28],"product_tag":[],"class_list":{"0":"post-90","1":"product","2":"type-product","3":"status-publish","4":"has-post-thumbnail","6":"product_cat-articulations-et-mobilite","7":"product_cat-gamme-canine","9":"first","10":"instock","11":"taxable","12":"shipping-taxable","13":"purchasable","14":"product-type-simple"},"yoast_head":"<!-- This site is optimized with the Yoast SEO plugin v27.2 - https:\/\/yoast.com\/product\/yoast-seo-wordpress\/ -->\n<title>Compl\u00e9ment ligaments chiens - Phyto4Pattes.fr<\/title>\n<meta name=\"description\" content=\"Favorisez la r\u00e9paration et la r\u00e9cup\u00e9ration des ligaments de votre chien avec une cure naturelle id\u00e9ale apr\u00e8s blessure ou fragilit\u00e9.\" \/>\n<meta name=\"robots\" content=\"index, follow, max-snippet:-1, max-image-preview:large, max-video-preview:-1\" \/>\n<link rel=\"canonical\" href=\"https:\/\/phyto4pattes.fr\/index.php\/produit\/complement-ligaments-chiens\/\" \/>\n<meta property=\"og:locale\" content=\"fr_FR\" \/>\n<meta property=\"og:type\" content=\"article\" \/>\n<meta property=\"og:title\" content=\"Compl\u00e9ment ligaments chiens - Phyto4Pattes.fr\" \/>\n<meta property=\"og:description\" content=\"Favorisez la r\u00e9paration et la r\u00e9cup\u00e9ration des ligaments de votre chien avec une cure naturelle id\u00e9ale apr\u00e8s blessure ou fragilit\u00e9.\" \/>\n<meta property=\"og:url\" content=\"https:\/\/phyto4pattes.fr\/index.php\/produit\/complement-ligaments-chiens\/\" \/>\n<meta property=\"og:site_name\" content=\"Phyto4Pattes.fr\" \/>\n<meta property=\"article:modified_time\" content=\"2026-04-06T09:16:42+00:00\" \/>\n<meta property=\"og:image\" content=\"https:\/\/phyto4pattes.fr\/wp-content\/uploads\/2026\/03\/cure-ligaments-chiens-1.jpg\" \/>\n\t<meta property=\"og:image:width\" content=\"250\" \/>\n\t<meta property=\"og:image:height\" content=\"250\" \/>\n\t<meta property=\"og:image:type\" content=\"image\/jpeg\" \/>\n<meta name=\"twitter:card\" content=\"summary_large_image\" \/>\n<meta name=\"twitter:label1\" content=\"Dur\u00e9e de lecture estim\u00e9e\" \/>\n\t<meta name=\"twitter:data1\" content=\"2 minutes\" \/>\n<script type=\"application\/ld+json\" class=\"yoast-schema-graph\">{\"@context\":\"https:\/\/schema.org\",\"@graph\":[{\"@type\":\"WebPage\",\"@id\":\"https:\/\/phyto4pattes.fr\/index.php\/produit\/complement-ligaments-chiens\/\",\"url\":\"https:\/\/phyto4pattes.fr\/index.php\/produit\/complement-ligaments-chiens\/\",\"name\":\"Compl\u00e9ment ligaments chiens - Phyto4Pattes.fr\",\"isPartOf\":{\"@id\":\"http:\/\/phyto4pattes.fr\/#website\"},\"primaryImageOfPage\":{\"@id\":\"https:\/\/phyto4pattes.fr\/index.php\/produit\/complement-ligaments-chiens\/#primaryimage\"},\"image\":{\"@id\":\"https:\/\/phyto4pattes.fr\/index.php\/produit\/complement-ligaments-chiens\/#primaryimage\"},\"thumbnailUrl\":\"https:\/\/phyto4pattes.fr\/wp-content\/uploads\/2026\/03\/cure-ligaments-chiens-1.jpg\",\"datePublished\":\"2026-03-11T15:28:13+00:00\",\"dateModified\":\"2026-04-06T09:16:42+00:00\",\"description\":\"Favorisez la r\u00e9paration et la r\u00e9cup\u00e9ration des ligaments de votre chien avec une cure naturelle id\u00e9ale apr\u00e8s blessure ou fragilit\u00e9.\",\"breadcrumb\":{\"@id\":\"https:\/\/phyto4pattes.fr\/index.php\/produit\/complement-ligaments-chiens\/#breadcrumb\"},\"inLanguage\":\"fr-FR\",\"potentialAction\":[{\"@type\":\"ReadAction\",\"target\":[\"https:\/\/phyto4pattes.fr\/index.php\/produit\/complement-ligaments-chiens\/\"]}]},{\"@type\":\"ImageObject\",\"inLanguage\":\"fr-FR\",\"@id\":\"https:\/\/phyto4pattes.fr\/index.php\/produit\/complement-ligaments-chiens\/#primaryimage\",\"url\":\"https:\/\/phyto4pattes.fr\/wp-content\/uploads\/2026\/03\/cure-ligaments-chiens-1.jpg\",\"contentUrl\":\"https:\/\/phyto4pattes.fr\/wp-content\/uploads\/2026\/03\/cure-ligaments-chiens-1.jpg\",\"width\":250,\"height\":250},{\"@type\":\"BreadcrumbList\",\"@id\":\"https:\/\/phyto4pattes.fr\/index.php\/produit\/complement-ligaments-chiens\/#breadcrumb\",\"itemListElement\":[{\"@type\":\"ListItem\",\"position\":1,\"name\":\"Accueil\",\"item\":\"https:\/\/phyto4pattes.fr\/\"},{\"@type\":\"ListItem\",\"position\":2,\"name\":\"Boutique\",\"item\":\"https:\/\/phyto4pattes.fr\/index.php\/shop\/\"},{\"@type\":\"ListItem\",\"position\":3,\"name\":\"Compl\u00e9ment ligaments chiens\"}]},{\"@type\":\"WebSite\",\"@id\":\"http:\/\/phyto4pattes.fr\/#website\",\"url\":\"http:\/\/phyto4pattes.fr\/\",\"name\":\"Phyto4Pattes.fr\",\"description\":\"\u00ab Le bien-\u00eatre de votre animal commence par les plantes \u00bb\",\"publisher\":{\"@id\":\"http:\/\/phyto4pattes.fr\/#organization\"},\"potentialAction\":[{\"@type\":\"SearchAction\",\"target\":{\"@type\":\"EntryPoint\",\"urlTemplate\":\"http:\/\/phyto4pattes.fr\/?s={search_term_string}\"},\"query-input\":{\"@type\":\"PropertyValueSpecification\",\"valueRequired\":true,\"valueName\":\"search_term_string\"}}],\"inLanguage\":\"fr-FR\"},{\"@type\":\"Organization\",\"@id\":\"http:\/\/phyto4pattes.fr\/#organization\",\"name\":\"Phyto4Pattes.fr\",\"url\":\"http:\/\/phyto4pattes.fr\/\",\"logo\":{\"@type\":\"ImageObject\",\"inLanguage\":\"fr-FR\",\"@id\":\"http:\/\/phyto4pattes.fr\/#\/schema\/logo\/image\/\",\"url\":\"http:\/\/phyto4pattes.fr\/wp-content\/uploads\/2026\/03\/cropped-logo-10-Phyto-4-Pattes.jpg\",\"contentUrl\":\"http:\/\/phyto4pattes.fr\/wp-content\/uploads\/2026\/03\/cropped-logo-10-Phyto-4-Pattes.jpg\",\"width\":250,\"height\":250,\"caption\":\"Phyto4Pattes.fr\"},\"image\":{\"@id\":\"http:\/\/phyto4pattes.fr\/#\/schema\/logo\/image\/\"}}]}<\/script>\n<!-- \/ Yoast SEO plugin. -->","yoast_head_json":{"title":"Compl\u00e9ment ligaments chiens - Phyto4Pattes.fr","description":"Favorisez la r\u00e9paration et la r\u00e9cup\u00e9ration des ligaments de votre chien avec une cure naturelle id\u00e9ale apr\u00e8s blessure ou fragilit\u00e9.","robots":{"index":"index","follow":"follow","max-snippet":"max-snippet:-1","max-image-preview":"max-image-preview:large","max-video-preview":"max-video-preview:-1"},"canonical":"https:\/\/phyto4pattes.fr\/index.php\/produit\/complement-ligaments-chiens\/","og_locale":"fr_FR","og_type":"article","og_title":"Compl\u00e9ment ligaments chiens - Phyto4Pattes.fr","og_description":"Favorisez la r\u00e9paration et la r\u00e9cup\u00e9ration des ligaments de votre chien avec une cure naturelle id\u00e9ale apr\u00e8s blessure ou fragilit\u00e9.","og_url":"https:\/\/phyto4pattes.fr\/index.php\/produit\/complement-ligaments-chiens\/","og_site_name":"Phyto4Pattes.fr","article_modified_time":"2026-04-06T09:16:42+00:00","og_image":[{"width":250,"height":250,"url":"https:\/\/phyto4pattes.fr\/wp-content\/uploads\/2026\/03\/cure-ligaments-chiens-1.jpg","type":"image\/jpeg"}],"twitter_card":"summary_large_image","twitter_misc":{"Dur\u00e9e de lecture estim\u00e9e":"2 minutes"},"schema":{"@context":"https:\/\/schema.org","@graph":[{"@type":"WebPage","@id":"https:\/\/phyto4pattes.fr\/index.php\/produit\/complement-ligaments-chiens\/","url":"https:\/\/phyto4pattes.fr\/index.php\/produit\/complement-ligaments-chiens\/","name":"Compl\u00e9ment ligaments chiens - Phyto4Pattes.fr","isPartOf":{"@id":"http:\/\/phyto4pattes.fr\/#website"},"primaryImageOfPage":{"@id":"https:\/\/phyto4pattes.fr\/index.php\/produit\/complement-ligaments-chiens\/#primaryimage"},"image":{"@id":"https:\/\/phyto4pattes.fr\/index.php\/produit\/complement-ligaments-chiens\/#primaryimage"},"thumbnailUrl":"https:\/\/phyto4pattes.fr\/wp-content\/uploads\/2026\/03\/cure-ligaments-chiens-1.jpg","datePublished":"2026-03-11T15:28:13+00:00","dateModified":"2026-04-06T09:16:42+00:00","description":"Favorisez la r\u00e9paration et la r\u00e9cup\u00e9ration des ligaments de votre chien avec une cure naturelle id\u00e9ale apr\u00e8s blessure ou fragilit\u00e9.","breadcrumb":{"@id":"https:\/\/phyto4pattes.fr\/index.php\/produit\/complement-ligaments-chiens\/#breadcrumb"},"inLanguage":"fr-FR","potentialAction":[{"@type":"ReadAction","target":["https:\/\/phyto4pattes.fr\/index.php\/produit\/complement-ligaments-chiens\/"]}]},{"@type":"ImageObject","inLanguage":"fr-FR","@id":"https:\/\/phyto4pattes.fr\/index.php\/produit\/complement-ligaments-chiens\/#primaryimage","url":"https:\/\/phyto4pattes.fr\/wp-content\/uploads\/2026\/03\/cure-ligaments-chiens-1.jpg","contentUrl":"https:\/\/phyto4pattes.fr\/wp-content\/uploads\/2026\/03\/cure-ligaments-chiens-1.jpg","width":250,"height":250},{"@type":"BreadcrumbList","@id":"https:\/\/phyto4pattes.fr\/index.php\/produit\/complement-ligaments-chiens\/#breadcrumb","itemListElement":[{"@type":"ListItem","position":1,"name":"Accueil","item":"https:\/\/phyto4pattes.fr\/"},{"@type":"ListItem","position":2,"name":"Boutique","item":"https:\/\/phyto4pattes.fr\/index.php\/shop\/"},{"@type":"ListItem","position":3,"name":"Compl\u00e9ment ligaments chiens"}]},{"@type":"WebSite","@id":"http:\/\/phyto4pattes.fr\/#website","url":"http:\/\/phyto4pattes.fr\/","name":"Phyto4Pattes.fr","description":"\u00ab Le bien-\u00eatre de votre animal commence par les plantes \u00bb","publisher":{"@id":"http:\/\/phyto4pattes.fr\/#organization"},"potentialAction":[{"@type":"SearchAction","target":{"@type":"EntryPoint","urlTemplate":"http:\/\/phyto4pattes.fr\/?s={search_term_string}"},"query-input":{"@type":"PropertyValueSpecification","valueRequired":true,"valueName":"search_term_string"}}],"inLanguage":"fr-FR"},{"@type":"Organization","@id":"http:\/\/phyto4pattes.fr\/#organization","name":"Phyto4Pattes.fr","url":"http:\/\/phyto4pattes.fr\/","logo":{"@type":"ImageObject","inLanguage":"fr-FR","@id":"http:\/\/phyto4pattes.fr\/#\/schema\/logo\/image\/","url":"http:\/\/phyto4pattes.fr\/wp-content\/uploads\/2026\/03\/cropped-logo-10-Phyto-4-Pattes.jpg","contentUrl":"http:\/\/phyto4pattes.fr\/wp-content\/uploads\/2026\/03\/cropped-logo-10-Phyto-4-Pattes.jpg","width":250,"height":250,"caption":"Phyto4Pattes.fr"},"image":{"@id":"http:\/\/phyto4pattes.fr\/#\/schema\/logo\/image\/"}}]}},"_links":{"self":[{"href":"https:\/\/phyto4pattes.fr\/index.php\/wp-json\/wp\/v2\/product\/90","targetHints":{"allow":["GET"]}}],"collection":[{"href":"https:\/\/phyto4pattes.fr\/index.php\/wp-json\/wp\/v2\/product"}],"about":[{"href":"https:\/\/phyto4pattes.fr\/index.php\/wp-json\/wp\/v2\/types\/product"}],"replies":[{"embeddable":true,"href":"https:\/\/phyto4pattes.fr\/index.php\/wp-json\/wp\/v2\/comments?post=90"}],"wp:featuredmedia":[{"embeddable":true,"href":"https:\/\/phyto4pattes.fr\/index.php\/wp-json\/wp\/v2\/media\/549"}],"wp:attachment":[{"href":"https:\/\/phyto4pattes.fr\/index.php\/wp-json\/wp\/v2\/media?parent=90"}],"wp:term":[{"taxonomy":"product_brand","embeddable":true,"href":"https:\/\/phyto4pattes.fr\/index.php\/wp-json\/wp\/v2\/product_brand?post=90"},{"taxonomy":"product_cat","embeddable":true,"href":"https:\/\/phyto4pattes.fr\/index.php\/wp-json\/wp\/v2\/product_cat?post=90"},{"taxonomy":"product_tag","embeddable":true,"href":"https:\/\/phyto4pattes.fr\/index.php\/wp-json\/wp\/v2\/product_tag?post=90"}],"curies":[{"name":"wp","href":"https:\/\/api.w.org\/{rel}","templated":true}]}}