{"id":89,"date":"2026-03-11T15:27:37","date_gmt":"2026-03-11T15:27:37","guid":{"rendered":"https:\/\/phyto4pattes.fr\/?post_type=product&#038;p=89"},"modified":"2026-03-22T17:46:45","modified_gmt":"2026-03-22T17:46:45","slug":"complement-chiens-ages","status":"publish","type":"product","link":"https:\/\/phyto4pattes.fr\/index.php\/produit\/complement-chiens-ages\/","title":{"rendered":"Compl\u00e9ment chiens \u00e2g\u00e9s"},"content":{"rendered":"<p data-start=\"25\" data-end=\"98\"><strong data-start=\"25\" data-end=\"98\">Accompagner naturellement le bien-\u00eatre et la vitalit\u00e9 des chiens \u00e2g\u00e9s<\/strong><\/p>\n<p data-start=\"100\" data-end=\"454\">Avec l\u2019\u00e2ge, le corps du chien subit des changements naturels : baisse de mobilit\u00e9, sensibilit\u00e9 articulaire, diminution de la vitalit\u00e9, et parfois troubles digestifs ou cutan\u00e9s. La <strong data-start=\"280\" data-end=\"295\">cure Senior<\/strong> a \u00e9t\u00e9 con\u00e7ue pour soutenir <strong data-start=\"323\" data-end=\"356\">l\u2019organisme dans son ensemble<\/strong>, favoriser le <strong data-start=\"371\" data-end=\"394\">confort articulaire<\/strong>, la <strong data-start=\"399\" data-end=\"432\">vitalit\u00e9 et la qualit\u00e9 de vie<\/strong> de votre chien \u00e2g\u00e9.<\/p>\n<p data-start=\"456\" data-end=\"610\">Cette approche naturelle permet d\u2019accompagner les chiens seniors afin qu\u2019ils restent <strong data-start=\"541\" data-end=\"582\">dynamiques, mobiles et en bonne sant\u00e9<\/strong> le plus longtemps possible.<\/p>\n<hr data-start=\"612\" data-end=\"615\" \/>\n<h3 data-section-id=\"1stjt08\" data-start=\"617\" data-end=\"645\">Les objectifs de la cure<\/h3>\n<p data-start=\"647\" data-end=\"672\">La cure Senior vise \u00e0 :<\/p>\n<ul data-start=\"674\" data-end=\"910\">\n<li data-section-id=\"1y96yco\" data-start=\"674\" data-end=\"723\">\n<p data-start=\"676\" data-end=\"723\">soutenir les <strong data-start=\"689\" data-end=\"721\">articulations et la mobilit\u00e9<\/strong><\/p>\n<\/li>\n<li data-section-id=\"15m9ax5\" data-start=\"724\" data-end=\"766\">\n<p data-start=\"726\" data-end=\"766\">favoriser la <strong data-start=\"739\" data-end=\"764\">vitalit\u00e9 et l\u2019\u00e9nergie<\/strong><\/p>\n<\/li>\n<li data-section-id=\"ate5ma\" data-start=\"767\" data-end=\"816\">\n<p data-start=\"769\" data-end=\"816\">accompagner le <strong data-start=\"784\" data-end=\"814\">confort digestif et cutan\u00e9<\/strong><\/p>\n<\/li>\n<li data-section-id=\"17fzhji\" data-start=\"817\" data-end=\"858\">\n<p data-start=\"819\" data-end=\"858\">renforcer les <strong data-start=\"833\" data-end=\"856\">d\u00e9fenses naturelles<\/strong><\/p>\n<\/li>\n<li data-section-id=\"m08mg9\" data-start=\"859\" data-end=\"910\">\n<p data-start=\"861\" data-end=\"910\">pr\u00e9server le <strong data-start=\"874\" data-end=\"908\">bien-\u00eatre g\u00e9n\u00e9ral du chien \u00e2g\u00e9<\/strong><\/p>\n<\/li>\n<\/ul>\n<hr data-start=\"912\" data-end=\"915\" \/>\n<h3 data-section-id=\"1moovnp\" data-start=\"917\" data-end=\"940\">Pour quels chiens ?<\/h3>\n<p data-start=\"942\" data-end=\"989\">La cure Senior est particuli\u00e8rement adapt\u00e9e aux <strong data-start=\"997\" data-end=\"1024\">chiens de plus de 7 ans<\/strong> (ou selon la race et la taille, aux chiens pr\u00e9sentant <strong data-start=\"1083\" data-end=\"1127\">des raideurs articulaires ou musculaires, <\/strong>aux chiens dont la <strong data-start=\"1151\" data-end=\"1171\">vitalit\u00e9 diminue, <\/strong>aux chiens ayant des <strong data-start=\"1197\" data-end=\"1241\">besoins digestifs ou cutan\u00e9s sp\u00e9cifiques, <\/strong>aux chiens de <strong data-start=\"1260\" data-end=\"1275\">grande race<\/strong>, souvent plus fragilis\u00e9s avec l\u2019\u00e2ge.<\/p>\n<hr data-start=\"1315\" data-end=\"1318\" \/>\n<h3 data-section-id=\"846gqq\" data-start=\"1320\" data-end=\"1346\">Les b\u00e9n\u00e9fices attendus<\/h3>\n<p data-start=\"1348\" data-end=\"1402\">Une cure r\u00e9guli\u00e8re peut aider votre chien senior \u00e0 :<\/p>\n<p data-start=\"1404\" data-end=\"1676\">\u2714 conserver une <strong data-start=\"1420\" data-end=\"1462\">mobilit\u00e9 et une souplesse articulaires<\/strong><br data-start=\"1462\" data-end=\"1465\" \/>\u2714 maintenir une <strong data-start=\"1481\" data-end=\"1509\">vitalit\u00e9 et un dynamisme<\/strong><br data-start=\"1509\" data-end=\"1512\" \/>\u2714 soutenir la <strong data-start=\"1526\" data-end=\"1564\">digestion et le confort intestinal<\/strong><br data-start=\"1564\" data-end=\"1567\" \/>\u2714 pr\u00e9server une <strong data-start=\"1583\" data-end=\"1621\">peau saine et un pelage de qualit\u00e9<\/strong><br data-start=\"1621\" data-end=\"1624\" \/>\u2714 accompagner un <strong data-start=\"1641\" data-end=\"1674\">bien-\u00eatre global au quotidien<\/strong><\/p>\n<hr data-start=\"1678\" data-end=\"1681\" \/>\n<h3 data-section-id=\"14klbdb\" data-start=\"1683\" data-end=\"1713\">Comment utiliser la cure ? (administrer <strong data-start=\"1832\" data-end=\"1861\">m\u00e9lang\u00e9e \u00e0 l\u2019alimentation)<\/strong><\/h3>\n<ul data-start=\"1715\" data-end=\"1863\">\n<li data-section-id=\"1kdzwt9\" data-start=\"1715\" data-end=\"1757\">\n<p data-start=\"1717\" data-end=\"1757\">Cure recommand\u00e9e de <strong data-start=\"1737\" data-end=\"1755\">4 \u00e0 6 semaines<\/strong><\/p>\n<\/li>\n<li data-section-id=\"1ilhq2n\" data-start=\"1758\" data-end=\"1815\">\n<p data-start=\"1760\" data-end=\"1815\">\u00c0 renouveler <strong data-start=\"1773\" data-end=\"1794\">2 \u00e0 3 fois par an<\/strong>, selon les besoins<\/p>\n<\/li>\n<\/ul>\n<hr data-start=\"1865\" data-end=\"1868\" \/>\n<h3 data-section-id=\"evjedv\" data-start=\"1870\" data-end=\"1891\">Conseil bien-\u00eatre<\/h3>\n<p data-start=\"1893\" data-end=\"1938\">Pour accompagner au mieux un chien senior :<\/p>\n<ul data-start=\"1940\" data-end=\"2188\">\n<li data-section-id=\"7la4o9\" data-start=\"1940\" data-end=\"2007\">\n<p data-start=\"1942\" data-end=\"2007\">maintenir un <strong data-start=\"1955\" data-end=\"1972\">poids optimal<\/strong> pour pr\u00e9server les articulations<\/p>\n<\/li>\n<li data-section-id=\"1xnok0q\" data-start=\"2008\" data-end=\"2067\">\n<p data-start=\"2010\" data-end=\"2067\">proposer une <strong data-start=\"2023\" data-end=\"2065\">activit\u00e9 physique douce mais r\u00e9guli\u00e8re<\/strong><\/p>\n<\/li>\n<li data-section-id=\"xxxlnp\" data-start=\"2068\" data-end=\"2132\">\n<p data-start=\"2070\" data-end=\"2132\">veiller \u00e0 une <strong data-start=\"2084\" data-end=\"2130\">alimentation \u00e9quilibr\u00e9e et adapt\u00e9e \u00e0 l\u2019\u00e2ge<\/strong><\/p>\n<\/li>\n<li data-section-id=\"10c8cj4\" data-start=\"2133\" data-end=\"2188\">\n<p data-start=\"2135\" data-end=\"2188\">offrir un <strong data-start=\"2145\" data-end=\"2186\">environnement confortable et s\u00e9curis\u00e9<\/strong><\/p>\n<\/li>\n<\/ul>\n<hr data-start=\"2190\" data-end=\"2193\" \/>\n<p data-start=\"2195\" data-end=\"2395\">\ud83d\udca1 La cure Senior est une solution naturelle pour aider votre chien \u00e0 <strong data-start=\"2265\" data-end=\"2336\">vieillir en douceur tout en conservant mobilit\u00e9, \u00e9nergie et confort<\/strong>, afin qu\u2019il profite pleinement de ses ann\u00e9es senior. \ud83d\udc15\u2728<\/p>\n<p data-start=\"2195\" data-end=\"2395\">Pour am\u00e9liorer la qualit\u00e9 de vie des chiens \u00e2g\u00e9s, associez cette cure avec notre \ud83d\udc49 <a href=\"https:\/\/phyto4pattes.fr\/index.php\/produit\/articulations-chiens-2\/\">Articulations chiens<\/a>, \ud83d\udc49 <a href=\"https:\/\/phyto4pattes.fr\/index.php\/produit\/fortifiant-chiens\/\">Fortifiant chiens<\/a>, \ud83d\udc49 <a href=\"https:\/\/phyto4pattes.fr\/index.php\/produit\/collagene-chiens\/\">Collag\u00e8ne chiens<\/a> .<\/p>\n","protected":false},"excerpt":{"rendered":"<p><em>(artichaut, ortie, algues, levures)<\/em><\/p>\n<p>&nbsp;<\/p>\n<p>Formulation de plantes et algues favorisant le bon fonctionnement des organes, de la circulation.<\/p>\n<p>&#8211; Drainage et protection des fonctions h\u00e9patiques et r\u00e9nales.<\/p>\n<p>&#8211; Stimulation du syst\u00e8me immunitaire et de la fonction respiratoire<\/p>\n<p>&#8211; soutien des fonctions digestives<\/p>\n<p>&nbsp;<\/p>\n<p>&nbsp;<\/p>\n<p>utilisation\u00a0: (c.dose fournie = 2 g)<\/p>\n<p>chiens &lt; 10 kg : 1\/2 c.dose \/ jour<\/p>\n<p>chiens 10 \u00e0 20 kg : 1 c.dose \/ jour<\/p>\n<p>(1 c.dose \/ 10 kg \/ jour)<\/p>\n<p>&nbsp;<\/p>\n<p>&nbsp;<\/p>\n<p>Produits 100 % naturel, non dopant, formul\u00e9 pour les chiens.<\/p>\n<p>Conserver dans un endroit sec, bien refermer apr\u00e8s usage.<\/p>\n<p>Produit d&rsquo;hygi\u00e8ne et de soin, compl\u00e9ment alimentaire.<\/p>\n<p>En pot de 200g de poudres de plantes (photo non contractuelle)<\/p>\n<p><strong>\u00a0<\/strong><strong>\u00a0Ces substances sont des compl\u00e9ments alimentaires et ne dispensent pas d&rsquo;un avis v\u00e9t\u00e9rinaire.<\/strong><\/p>\n","protected":false},"featured_media":107,"comment_status":"open","ping_status":"closed","template":"","meta":[],"product_brand":[],"product_cat":[28,45],"product_tag":[],"class_list":{"0":"post-89","1":"product","2":"type-product","3":"status-publish","4":"has-post-thumbnail","6":"product_cat-gamme-canine","7":"product_cat-soins-naturels-specifiques-et-cycles-de-vie","9":"first","10":"instock","11":"taxable","12":"shipping-taxable","13":"purchasable","14":"product-type-simple"},"yoast_head":"<!-- This site is optimized with the Yoast SEO plugin v27.2 - https:\/\/yoast.com\/product\/yoast-seo-wordpress\/ -->\n<title>Compl\u00e9ment chiens \u00e2g\u00e9s - Phyto4Pattes.fr<\/title>\n<meta name=\"description\" content=\"Soutenez la sant\u00e9 de votre chien \u00e2g\u00e9 avec une cure naturelle pour ses articulations, son \u00e9nergie et son bien-\u00eatre global.\" \/>\n<meta name=\"robots\" content=\"index, follow, max-snippet:-1, max-image-preview:large, max-video-preview:-1\" \/>\n<link rel=\"canonical\" href=\"https:\/\/phyto4pattes.fr\/index.php\/produit\/complement-chiens-ages\/\" \/>\n<meta property=\"og:locale\" content=\"fr_FR\" \/>\n<meta property=\"og:type\" content=\"article\" \/>\n<meta property=\"og:title\" content=\"Compl\u00e9ment chiens \u00e2g\u00e9s - Phyto4Pattes.fr\" \/>\n<meta property=\"og:description\" content=\"Soutenez la sant\u00e9 de votre chien \u00e2g\u00e9 avec une cure naturelle pour ses articulations, son \u00e9nergie et son bien-\u00eatre global.\" \/>\n<meta property=\"og:url\" content=\"https:\/\/phyto4pattes.fr\/index.php\/produit\/complement-chiens-ages\/\" \/>\n<meta property=\"og:site_name\" content=\"Phyto4Pattes.fr\" \/>\n<meta property=\"article:modified_time\" content=\"2026-03-22T17:46:45+00:00\" \/>\n<meta property=\"og:image\" content=\"https:\/\/phyto4pattes.fr\/wp-content\/uploads\/2026\/03\/cure-chiens-ages-1.jpg\" \/>\n\t<meta property=\"og:image:width\" content=\"800\" \/>\n\t<meta property=\"og:image:height\" content=\"800\" \/>\n\t<meta property=\"og:image:type\" content=\"image\/jpeg\" \/>\n<meta name=\"twitter:card\" content=\"summary_large_image\" \/>\n<meta name=\"twitter:label1\" content=\"Dur\u00e9e de lecture estim\u00e9e\" \/>\n\t<meta name=\"twitter:data1\" content=\"2 minutes\" \/>\n<script type=\"application\/ld+json\" class=\"yoast-schema-graph\">{\"@context\":\"https:\/\/schema.org\",\"@graph\":[{\"@type\":\"WebPage\",\"@id\":\"https:\/\/phyto4pattes.fr\/index.php\/produit\/complement-chiens-ages\/\",\"url\":\"https:\/\/phyto4pattes.fr\/index.php\/produit\/complement-chiens-ages\/\",\"name\":\"Compl\u00e9ment chiens \u00e2g\u00e9s - Phyto4Pattes.fr\",\"isPartOf\":{\"@id\":\"http:\/\/phyto4pattes.fr\/#website\"},\"primaryImageOfPage\":{\"@id\":\"https:\/\/phyto4pattes.fr\/index.php\/produit\/complement-chiens-ages\/#primaryimage\"},\"image\":{\"@id\":\"https:\/\/phyto4pattes.fr\/index.php\/produit\/complement-chiens-ages\/#primaryimage\"},\"thumbnailUrl\":\"https:\/\/phyto4pattes.fr\/wp-content\/uploads\/2026\/03\/cure-chiens-ages-1.jpg\",\"datePublished\":\"2026-03-11T15:27:37+00:00\",\"dateModified\":\"2026-03-22T17:46:45+00:00\",\"description\":\"Soutenez la sant\u00e9 de votre chien \u00e2g\u00e9 avec une cure naturelle pour ses articulations, son \u00e9nergie et son bien-\u00eatre global.\",\"breadcrumb\":{\"@id\":\"https:\/\/phyto4pattes.fr\/index.php\/produit\/complement-chiens-ages\/#breadcrumb\"},\"inLanguage\":\"fr-FR\",\"potentialAction\":[{\"@type\":\"ReadAction\",\"target\":[\"https:\/\/phyto4pattes.fr\/index.php\/produit\/complement-chiens-ages\/\"]}]},{\"@type\":\"ImageObject\",\"inLanguage\":\"fr-FR\",\"@id\":\"https:\/\/phyto4pattes.fr\/index.php\/produit\/complement-chiens-ages\/#primaryimage\",\"url\":\"https:\/\/phyto4pattes.fr\/wp-content\/uploads\/2026\/03\/cure-chiens-ages-1.jpg\",\"contentUrl\":\"https:\/\/phyto4pattes.fr\/wp-content\/uploads\/2026\/03\/cure-chiens-ages-1.jpg\",\"width\":800,\"height\":800},{\"@type\":\"BreadcrumbList\",\"@id\":\"https:\/\/phyto4pattes.fr\/index.php\/produit\/complement-chiens-ages\/#breadcrumb\",\"itemListElement\":[{\"@type\":\"ListItem\",\"position\":1,\"name\":\"Accueil\",\"item\":\"https:\/\/phyto4pattes.fr\/\"},{\"@type\":\"ListItem\",\"position\":2,\"name\":\"Boutique\",\"item\":\"https:\/\/phyto4pattes.fr\/index.php\/shop\/\"},{\"@type\":\"ListItem\",\"position\":3,\"name\":\"Compl\u00e9ment chiens \u00e2g\u00e9s\"}]},{\"@type\":\"WebSite\",\"@id\":\"http:\/\/phyto4pattes.fr\/#website\",\"url\":\"http:\/\/phyto4pattes.fr\/\",\"name\":\"Phyto4Pattes.fr\",\"description\":\"\u00ab Le bien-\u00eatre de votre animal commence par les plantes \u00bb\",\"publisher\":{\"@id\":\"http:\/\/phyto4pattes.fr\/#organization\"},\"potentialAction\":[{\"@type\":\"SearchAction\",\"target\":{\"@type\":\"EntryPoint\",\"urlTemplate\":\"http:\/\/phyto4pattes.fr\/?s={search_term_string}\"},\"query-input\":{\"@type\":\"PropertyValueSpecification\",\"valueRequired\":true,\"valueName\":\"search_term_string\"}}],\"inLanguage\":\"fr-FR\"},{\"@type\":\"Organization\",\"@id\":\"http:\/\/phyto4pattes.fr\/#organization\",\"name\":\"Phyto4Pattes.fr\",\"url\":\"http:\/\/phyto4pattes.fr\/\",\"logo\":{\"@type\":\"ImageObject\",\"inLanguage\":\"fr-FR\",\"@id\":\"http:\/\/phyto4pattes.fr\/#\/schema\/logo\/image\/\",\"url\":\"http:\/\/phyto4pattes.fr\/wp-content\/uploads\/2026\/03\/cropped-logo-10-Phyto-4-Pattes.jpg\",\"contentUrl\":\"http:\/\/phyto4pattes.fr\/wp-content\/uploads\/2026\/03\/cropped-logo-10-Phyto-4-Pattes.jpg\",\"width\":250,\"height\":250,\"caption\":\"Phyto4Pattes.fr\"},\"image\":{\"@id\":\"http:\/\/phyto4pattes.fr\/#\/schema\/logo\/image\/\"}}]}<\/script>\n<!-- \/ Yoast SEO plugin. -->","yoast_head_json":{"title":"Compl\u00e9ment chiens \u00e2g\u00e9s - Phyto4Pattes.fr","description":"Soutenez la sant\u00e9 de votre chien \u00e2g\u00e9 avec une cure naturelle pour ses articulations, son \u00e9nergie et son bien-\u00eatre global.","robots":{"index":"index","follow":"follow","max-snippet":"max-snippet:-1","max-image-preview":"max-image-preview:large","max-video-preview":"max-video-preview:-1"},"canonical":"https:\/\/phyto4pattes.fr\/index.php\/produit\/complement-chiens-ages\/","og_locale":"fr_FR","og_type":"article","og_title":"Compl\u00e9ment chiens \u00e2g\u00e9s - Phyto4Pattes.fr","og_description":"Soutenez la sant\u00e9 de votre chien \u00e2g\u00e9 avec une cure naturelle pour ses articulations, son \u00e9nergie et son bien-\u00eatre global.","og_url":"https:\/\/phyto4pattes.fr\/index.php\/produit\/complement-chiens-ages\/","og_site_name":"Phyto4Pattes.fr","article_modified_time":"2026-03-22T17:46:45+00:00","og_image":[{"width":800,"height":800,"url":"https:\/\/phyto4pattes.fr\/wp-content\/uploads\/2026\/03\/cure-chiens-ages-1.jpg","type":"image\/jpeg"}],"twitter_card":"summary_large_image","twitter_misc":{"Dur\u00e9e de lecture estim\u00e9e":"2 minutes"},"schema":{"@context":"https:\/\/schema.org","@graph":[{"@type":"WebPage","@id":"https:\/\/phyto4pattes.fr\/index.php\/produit\/complement-chiens-ages\/","url":"https:\/\/phyto4pattes.fr\/index.php\/produit\/complement-chiens-ages\/","name":"Compl\u00e9ment chiens \u00e2g\u00e9s - Phyto4Pattes.fr","isPartOf":{"@id":"http:\/\/phyto4pattes.fr\/#website"},"primaryImageOfPage":{"@id":"https:\/\/phyto4pattes.fr\/index.php\/produit\/complement-chiens-ages\/#primaryimage"},"image":{"@id":"https:\/\/phyto4pattes.fr\/index.php\/produit\/complement-chiens-ages\/#primaryimage"},"thumbnailUrl":"https:\/\/phyto4pattes.fr\/wp-content\/uploads\/2026\/03\/cure-chiens-ages-1.jpg","datePublished":"2026-03-11T15:27:37+00:00","dateModified":"2026-03-22T17:46:45+00:00","description":"Soutenez la sant\u00e9 de votre chien \u00e2g\u00e9 avec une cure naturelle pour ses articulations, son \u00e9nergie et son bien-\u00eatre global.","breadcrumb":{"@id":"https:\/\/phyto4pattes.fr\/index.php\/produit\/complement-chiens-ages\/#breadcrumb"},"inLanguage":"fr-FR","potentialAction":[{"@type":"ReadAction","target":["https:\/\/phyto4pattes.fr\/index.php\/produit\/complement-chiens-ages\/"]}]},{"@type":"ImageObject","inLanguage":"fr-FR","@id":"https:\/\/phyto4pattes.fr\/index.php\/produit\/complement-chiens-ages\/#primaryimage","url":"https:\/\/phyto4pattes.fr\/wp-content\/uploads\/2026\/03\/cure-chiens-ages-1.jpg","contentUrl":"https:\/\/phyto4pattes.fr\/wp-content\/uploads\/2026\/03\/cure-chiens-ages-1.jpg","width":800,"height":800},{"@type":"BreadcrumbList","@id":"https:\/\/phyto4pattes.fr\/index.php\/produit\/complement-chiens-ages\/#breadcrumb","itemListElement":[{"@type":"ListItem","position":1,"name":"Accueil","item":"https:\/\/phyto4pattes.fr\/"},{"@type":"ListItem","position":2,"name":"Boutique","item":"https:\/\/phyto4pattes.fr\/index.php\/shop\/"},{"@type":"ListItem","position":3,"name":"Compl\u00e9ment chiens \u00e2g\u00e9s"}]},{"@type":"WebSite","@id":"http:\/\/phyto4pattes.fr\/#website","url":"http:\/\/phyto4pattes.fr\/","name":"Phyto4Pattes.fr","description":"\u00ab Le bien-\u00eatre de votre animal commence par les plantes \u00bb","publisher":{"@id":"http:\/\/phyto4pattes.fr\/#organization"},"potentialAction":[{"@type":"SearchAction","target":{"@type":"EntryPoint","urlTemplate":"http:\/\/phyto4pattes.fr\/?s={search_term_string}"},"query-input":{"@type":"PropertyValueSpecification","valueRequired":true,"valueName":"search_term_string"}}],"inLanguage":"fr-FR"},{"@type":"Organization","@id":"http:\/\/phyto4pattes.fr\/#organization","name":"Phyto4Pattes.fr","url":"http:\/\/phyto4pattes.fr\/","logo":{"@type":"ImageObject","inLanguage":"fr-FR","@id":"http:\/\/phyto4pattes.fr\/#\/schema\/logo\/image\/","url":"http:\/\/phyto4pattes.fr\/wp-content\/uploads\/2026\/03\/cropped-logo-10-Phyto-4-Pattes.jpg","contentUrl":"http:\/\/phyto4pattes.fr\/wp-content\/uploads\/2026\/03\/cropped-logo-10-Phyto-4-Pattes.jpg","width":250,"height":250,"caption":"Phyto4Pattes.fr"},"image":{"@id":"http:\/\/phyto4pattes.fr\/#\/schema\/logo\/image\/"}}]}},"_links":{"self":[{"href":"https:\/\/phyto4pattes.fr\/index.php\/wp-json\/wp\/v2\/product\/89","targetHints":{"allow":["GET"]}}],"collection":[{"href":"https:\/\/phyto4pattes.fr\/index.php\/wp-json\/wp\/v2\/product"}],"about":[{"href":"https:\/\/phyto4pattes.fr\/index.php\/wp-json\/wp\/v2\/types\/product"}],"replies":[{"embeddable":true,"href":"https:\/\/phyto4pattes.fr\/index.php\/wp-json\/wp\/v2\/comments?post=89"}],"wp:featuredmedia":[{"embeddable":true,"href":"https:\/\/phyto4pattes.fr\/index.php\/wp-json\/wp\/v2\/media\/107"}],"wp:attachment":[{"href":"https:\/\/phyto4pattes.fr\/index.php\/wp-json\/wp\/v2\/media?parent=89"}],"wp:term":[{"taxonomy":"product_brand","embeddable":true,"href":"https:\/\/phyto4pattes.fr\/index.php\/wp-json\/wp\/v2\/product_brand?post=89"},{"taxonomy":"product_cat","embeddable":true,"href":"https:\/\/phyto4pattes.fr\/index.php\/wp-json\/wp\/v2\/product_cat?post=89"},{"taxonomy":"product_tag","embeddable":true,"href":"https:\/\/phyto4pattes.fr\/index.php\/wp-json\/wp\/v2\/product_tag?post=89"}],"curies":[{"name":"wp","href":"https:\/\/api.w.org\/{rel}","templated":true}]}}