{"id":88,"date":"2026-03-11T15:26:56","date_gmt":"2026-03-11T15:26:56","guid":{"rendered":"https:\/\/phyto4pattes.fr\/?post_type=product&#038;p=88"},"modified":"2026-03-22T14:31:50","modified_gmt":"2026-03-22T14:31:50","slug":"collagene-chiens","status":"publish","type":"product","link":"https:\/\/phyto4pattes.fr\/index.php\/produit\/collagene-chiens\/","title":{"rendered":"Collag\u00e8ne chiens"},"content":{"rendered":"<p data-start=\"28\" data-end=\"114\"><strong data-start=\"28\" data-end=\"114\">Soutenir naturellement les articulations, les tissus et la vitalit\u00e9 de votre chien<\/strong><\/p>\n<p data-start=\"116\" data-end=\"330\">Le collag\u00e8ne est une prot\u00e9ine essentielle pr\u00e9sente dans tout l\u2019organisme du chien. Il entre dans la composition des <strong data-start=\"232\" data-end=\"327\">articulations, du cartilage, des tendons, des ligaments, mais aussi de la peau et du pelage<\/strong>.<\/p>\n<p data-start=\"332\" data-end=\"565\">Avec l\u2019\u00e2ge, l\u2019activit\u00e9 physique ou certaines fragilit\u00e9s, la production naturelle de collag\u00e8ne diminue. Une cure cibl\u00e9e permet alors de <strong data-start=\"467\" data-end=\"514\">soutenir les structures de soutien du corps<\/strong> et d\u2019accompagner le maintien d\u2019une bonne mobilit\u00e9.<\/p>\n<hr data-start=\"567\" data-end=\"570\" \/>\n<h3 data-section-id=\"oua3e5\" data-start=\"572\" data-end=\"614\">Pourquoi faire une cure de collag\u00e8ne ?<\/h3>\n<p data-start=\"616\" data-end=\"651\">La cure Collag\u00e8ne est con\u00e7ue pour :<\/p>\n<ul data-start=\"653\" data-end=\"910\">\n<li data-section-id=\"17ws4gb\" data-start=\"653\" data-end=\"713\">\n<p data-start=\"655\" data-end=\"713\">soutenir la <strong data-start=\"667\" data-end=\"713\">solidit\u00e9 du cartilage et des articulations<\/strong><\/p>\n<\/li>\n<li data-section-id=\"1p0ia3d\" data-start=\"714\" data-end=\"767\">\n<p data-start=\"716\" data-end=\"767\">favoriser la <strong data-start=\"729\" data-end=\"767\">souplesse des tendons et ligaments<\/strong><\/p>\n<\/li>\n<li data-section-id=\"cv4pf\" data-start=\"768\" data-end=\"816\">\n<p data-start=\"770\" data-end=\"816\">accompagner la <strong data-start=\"785\" data-end=\"816\">r\u00e9cup\u00e9ration apr\u00e8s l\u2019effort<\/strong><\/p>\n<\/li>\n<li data-section-id=\"1kon8w3\" data-start=\"817\" data-end=\"863\">\n<p data-start=\"819\" data-end=\"863\">soutenir la <strong data-start=\"831\" data-end=\"863\">peau et la qualit\u00e9 du pelage<\/strong><\/p>\n<\/li>\n<li data-section-id=\"emdohn\" data-start=\"864\" data-end=\"910\">\n<p data-start=\"866\" data-end=\"910\">contribuer au <strong data-start=\"880\" data-end=\"910\">bien-\u00eatre g\u00e9n\u00e9ral du chien<\/strong><\/p>\n<\/li>\n<\/ul>\n<hr data-start=\"912\" data-end=\"915\" \/>\n<h3 data-section-id=\"1moovnp\" data-start=\"917\" data-end=\"940\">Pour quels chiens ?<\/h3>\n<p data-start=\"942\" data-end=\"999\">Cette cure peut \u00eatre particuli\u00e8rement int\u00e9ressante pour :<\/p>\n<ul data-start=\"1001\" data-end=\"1287\">\n<li data-section-id=\"1h1ru53\" data-start=\"1001\" data-end=\"1025\">\n<p data-start=\"1003\" data-end=\"1025\">les <strong data-start=\"1007\" data-end=\"1025\">chiens seniors<\/strong><\/p>\n<\/li>\n<li data-section-id=\"1mpew1f\" data-start=\"1026\" data-end=\"1066\">\n<p data-start=\"1028\" data-end=\"1066\">les <strong data-start=\"1032\" data-end=\"1066\">chiens sportifs ou tr\u00e8s actifs<\/strong><\/p>\n<\/li>\n<li data-section-id=\"1mqvxyp\" data-start=\"1067\" data-end=\"1120\">\n<p data-start=\"1069\" data-end=\"1120\">les chiens pr\u00e9sentant des <strong data-start=\"1095\" data-end=\"1120\">raideurs articulaires<\/strong><\/p>\n<\/li>\n<li data-section-id=\"1tyr0b6\" data-start=\"1121\" data-end=\"1200\">\n<p data-start=\"1123\" data-end=\"1200\">les chiens de <strong data-start=\"1137\" data-end=\"1152\">grande race<\/strong> (souvent plus sollicit\u00e9s au niveau articulaire)<\/p>\n<\/li>\n<li data-section-id=\"e7kwgl\" data-start=\"1201\" data-end=\"1287\">\n<p data-start=\"1203\" data-end=\"1287\">les chiens en <strong data-start=\"1217\" data-end=\"1242\">phase de r\u00e9cup\u00e9ration<\/strong> apr\u00e8s un effort ou une fragilit\u00e9 articulaire<\/p>\n<\/li>\n<\/ul>\n<hr data-start=\"1289\" data-end=\"1292\" \/>\n<h3 data-section-id=\"846gqq\" data-start=\"1294\" data-end=\"1320\">Les b\u00e9n\u00e9fices attendus<\/h3>\n<p data-start=\"1322\" data-end=\"1380\">Une cure r\u00e9guli\u00e8re de collag\u00e8ne peut aider votre chien \u00e0 :<\/p>\n<p data-start=\"1382\" data-end=\"1629\">\u2714 conserver des <strong data-start=\"1398\" data-end=\"1428\">articulations plus souples<\/strong><br data-start=\"1428\" data-end=\"1431\" \/>\u2714 soutenir la <strong data-start=\"1445\" data-end=\"1471\">structure du cartilage<\/strong><br data-start=\"1471\" data-end=\"1474\" \/>\u2714 am\u00e9liorer la <strong data-start=\"1489\" data-end=\"1526\">r\u00e9sistance des tissus conjonctifs<\/strong><br data-start=\"1526\" data-end=\"1529\" \/>\u2714 favoriser une <strong data-start=\"1545\" data-end=\"1581\">peau saine et un pelage brillant<\/strong><br data-start=\"1581\" data-end=\"1584\" \/>\u2714 maintenir une <strong data-start=\"1600\" data-end=\"1629\">bonne mobilit\u00e9 avec l\u2019\u00e2ge<\/strong><\/p>\n<hr data-start=\"1631\" data-end=\"1634\" \/>\n<h3 data-section-id=\"14klbdb\" data-start=\"1636\" data-end=\"1666\">Comment utiliser la cure ?<\/h3>\n<ul data-start=\"1668\" data-end=\"1851\">\n<li data-section-id=\"kym0er\" data-start=\"1668\" data-end=\"1708\">\n<p data-start=\"1670\" data-end=\"1708\">Cure recommand\u00e9e de <strong data-start=\"1690\" data-end=\"1708\">4 \u00e0 8 semaines<\/strong><\/p>\n<\/li>\n<li data-section-id=\"48ihej\" data-start=\"1709\" data-end=\"1753\">\n<p data-start=\"1711\" data-end=\"1753\">Peut \u00eatre renouvel\u00e9e <strong data-start=\"1732\" data-end=\"1753\">2 \u00e0 3 fois par an<\/strong><\/p>\n<\/li>\n<li data-section-id=\"1wa8gx5\" data-start=\"1754\" data-end=\"1851\">\n<p data-start=\"1756\" data-end=\"1851\">Peut \u00eatre associ\u00e9e \u00e0 d\u2019autres soutiens naturels pour les articulations (plantes, om\u00e9ga-3, etc.)<\/p>\n<\/li>\n<\/ul>\n<hr data-start=\"1853\" data-end=\"1856\" \/>\n<h3 data-section-id=\"evjedv\" data-start=\"1858\" data-end=\"1879\">Conseil bien-\u00eatre<\/h3>\n<p data-start=\"1881\" data-end=\"1929\">Pour optimiser les effets de la cure collag\u00e8ne :<\/p>\n<ul data-start=\"1931\" data-end=\"2068\">\n<li data-section-id=\"oijcs4\" data-start=\"1931\" data-end=\"1962\">\n<p data-start=\"1933\" data-end=\"1962\">maintenir un <strong data-start=\"1946\" data-end=\"1962\">poids adapt\u00e9<\/strong><\/p>\n<\/li>\n<li data-section-id=\"1s44bv7\" data-start=\"1963\" data-end=\"2022\">\n<p data-start=\"1965\" data-end=\"2022\">proposer une <strong data-start=\"1978\" data-end=\"2022\">activit\u00e9 physique r\u00e9guli\u00e8re mais mod\u00e9r\u00e9e<\/strong><\/p>\n<\/li>\n<li data-section-id=\"x14689\" data-start=\"2023\" data-end=\"2068\">\n<p data-start=\"2025\" data-end=\"2068\">privil\u00e9gier une <strong data-start=\"2041\" data-end=\"2068\">alimentation de qualit\u00e9<\/strong><\/p>\n<\/li>\n<\/ul>\n<hr data-start=\"2070\" data-end=\"2073\" \/>\n<p data-start=\"2075\" data-end=\"2268\">\ud83d\udca1 Une suppl\u00e9mentation en collag\u00e8ne est une solution simple pour <strong data-start=\"2140\" data-end=\"2199\">accompagner la sant\u00e9 articulaire et tissulaire du chien<\/strong>, et l\u2019aider \u00e0 conserver <strong data-start=\"2224\" data-end=\"2267\">souplesse et vitalit\u00e9 au fil des ann\u00e9es<\/strong>.<\/p>\n<p data-start=\"2075\" data-end=\"2268\">Le collag\u00e8ne est particuli\u00e8rement recommand\u00e9 en compl\u00e9ment de notre\u00a0 \ud83d\udc49 <a href=\"https:\/\/phyto4pattes.fr\/index.php\/produit\/articulations-chiens-2\/\">Articulations chiens<\/a> \u00ab\u00a0renforcer les tissus et les articulations\u00a0\u00bb<\/p>\n<p data-start=\"2075\" data-end=\"2268\">Pour les chiens actifs ou en r\u00e9cup\u00e9ration, associez- le \u00e0 notre \ud83d\udc49 <a href=\"https:\/\/phyto4pattes.fr\/index.php\/produit\/complement-ligaments-chiens\/\">Compl\u00e9ment ligaments chiens<\/a>, \ud83d\udc49 <a href=\"https:\/\/phyto4pattes.fr\/index.php\/produit\/complement-chiens-sportifs\/\">Compl\u00e9ment chiens sportifs<\/a> .<\/p>\n","protected":false},"excerpt":{"rendered":"<p>Collag\u00e8ne pur, 100 % naturel, hydrolysat assimilable par l&rsquo;organisme de votre chien.<\/p>\n<p>Soutien articulaire lors de raideurs et difficult\u00e9 de la locomotion du chien \u00e2g\u00e9 ou en croissance.<\/p>\n<p>utilisation\u00a0: (c.dose fournie = 2 g)<\/p>\n<p>chiens &lt; 10 kg : 1\/2 c.dose \/ jour<\/p>\n<p>chiens 10 \u00e0 20 kg : 1 c.dose \/ jour<\/p>\n<p>(1 c.dose \/ 10 kg \/ jour)<\/p>\n<p>&nbsp;<\/p>\n<p>&nbsp;<\/p>\n<p>Produits 100 % naturel, non dopant, formul\u00e9 pour les chiens.<\/p>\n<p>Conserver dans un endroit sec, bien refermer apr\u00e8s usage.<\/p>\n<p>Produit d&rsquo;hygi\u00e8ne et de soin, compl\u00e9ment alimentaire.<\/p>\n<p>En pot de 150g de poudres de plantes.<\/p>\n<p><strong>\u00a0Ces substances sont des compl\u00e9ments alimentaires et ne dispensent pas d&rsquo;un avis v\u00e9t\u00e9rinaire.<\/strong><\/p>\n","protected":false},"featured_media":105,"comment_status":"open","ping_status":"closed","template":"","meta":[],"product_brand":[],"product_cat":[41,28],"product_tag":[],"class_list":{"0":"post-88","1":"product","2":"type-product","3":"status-publish","4":"has-post-thumbnail","6":"product_cat-articulations-et-mobilite","7":"product_cat-gamme-canine","9":"first","10":"instock","11":"taxable","12":"shipping-taxable","13":"purchasable","14":"product-type-simple"},"yoast_head":"<!-- This site is optimized with the Yoast SEO plugin v27.2 - https:\/\/yoast.com\/product\/yoast-seo-wordpress\/ -->\n<title>Collag\u00e8ne chiens - Phyto4Pattes.fr<\/title>\n<meta name=\"description\" content=\"Renforcez les articulations, tendons et tissus de votre chien gr\u00e2ce \u00e0 un collag\u00e8ne naturel hautement assimilable.\" \/>\n<meta name=\"robots\" content=\"index, follow, max-snippet:-1, max-image-preview:large, max-video-preview:-1\" \/>\n<link rel=\"canonical\" href=\"https:\/\/phyto4pattes.fr\/index.php\/produit\/collagene-chiens\/\" \/>\n<meta property=\"og:locale\" content=\"fr_FR\" \/>\n<meta property=\"og:type\" content=\"article\" \/>\n<meta property=\"og:title\" content=\"Collag\u00e8ne chiens - Phyto4Pattes.fr\" \/>\n<meta property=\"og:description\" content=\"Renforcez les articulations, tendons et tissus de votre chien gr\u00e2ce \u00e0 un collag\u00e8ne naturel hautement assimilable.\" \/>\n<meta property=\"og:url\" content=\"https:\/\/phyto4pattes.fr\/index.php\/produit\/collagene-chiens\/\" \/>\n<meta property=\"og:site_name\" content=\"Phyto4Pattes.fr\" \/>\n<meta property=\"article:modified_time\" content=\"2026-03-22T14:31:50+00:00\" \/>\n<meta property=\"og:image\" content=\"https:\/\/phyto4pattes.fr\/wp-content\/uploads\/2026\/03\/collagene-chiens.jpg\" \/>\n\t<meta property=\"og:image:width\" content=\"250\" \/>\n\t<meta property=\"og:image:height\" content=\"250\" \/>\n\t<meta property=\"og:image:type\" content=\"image\/jpeg\" \/>\n<meta name=\"twitter:card\" content=\"summary_large_image\" \/>\n<meta name=\"twitter:label1\" content=\"Dur\u00e9e de lecture estim\u00e9e\" \/>\n\t<meta name=\"twitter:data1\" content=\"2 minutes\" \/>\n<script type=\"application\/ld+json\" class=\"yoast-schema-graph\">{\"@context\":\"https:\/\/schema.org\",\"@graph\":[{\"@type\":\"WebPage\",\"@id\":\"https:\/\/phyto4pattes.fr\/index.php\/produit\/collagene-chiens\/\",\"url\":\"https:\/\/phyto4pattes.fr\/index.php\/produit\/collagene-chiens\/\",\"name\":\"Collag\u00e8ne chiens - Phyto4Pattes.fr\",\"isPartOf\":{\"@id\":\"http:\/\/phyto4pattes.fr\/#website\"},\"primaryImageOfPage\":{\"@id\":\"https:\/\/phyto4pattes.fr\/index.php\/produit\/collagene-chiens\/#primaryimage\"},\"image\":{\"@id\":\"https:\/\/phyto4pattes.fr\/index.php\/produit\/collagene-chiens\/#primaryimage\"},\"thumbnailUrl\":\"https:\/\/phyto4pattes.fr\/wp-content\/uploads\/2026\/03\/collagene-chiens.jpg\",\"datePublished\":\"2026-03-11T15:26:56+00:00\",\"dateModified\":\"2026-03-22T14:31:50+00:00\",\"description\":\"Renforcez les articulations, tendons et tissus de votre chien gr\u00e2ce \u00e0 un collag\u00e8ne naturel hautement assimilable.\",\"breadcrumb\":{\"@id\":\"https:\/\/phyto4pattes.fr\/index.php\/produit\/collagene-chiens\/#breadcrumb\"},\"inLanguage\":\"fr-FR\",\"potentialAction\":[{\"@type\":\"ReadAction\",\"target\":[\"https:\/\/phyto4pattes.fr\/index.php\/produit\/collagene-chiens\/\"]}]},{\"@type\":\"ImageObject\",\"inLanguage\":\"fr-FR\",\"@id\":\"https:\/\/phyto4pattes.fr\/index.php\/produit\/collagene-chiens\/#primaryimage\",\"url\":\"https:\/\/phyto4pattes.fr\/wp-content\/uploads\/2026\/03\/collagene-chiens.jpg\",\"contentUrl\":\"https:\/\/phyto4pattes.fr\/wp-content\/uploads\/2026\/03\/collagene-chiens.jpg\",\"width\":250,\"height\":250},{\"@type\":\"BreadcrumbList\",\"@id\":\"https:\/\/phyto4pattes.fr\/index.php\/produit\/collagene-chiens\/#breadcrumb\",\"itemListElement\":[{\"@type\":\"ListItem\",\"position\":1,\"name\":\"Accueil\",\"item\":\"https:\/\/phyto4pattes.fr\/\"},{\"@type\":\"ListItem\",\"position\":2,\"name\":\"Boutique\",\"item\":\"https:\/\/phyto4pattes.fr\/index.php\/shop\/\"},{\"@type\":\"ListItem\",\"position\":3,\"name\":\"Collag\u00e8ne chiens\"}]},{\"@type\":\"WebSite\",\"@id\":\"http:\/\/phyto4pattes.fr\/#website\",\"url\":\"http:\/\/phyto4pattes.fr\/\",\"name\":\"Phyto4Pattes.fr\",\"description\":\"\u00ab Le bien-\u00eatre de votre animal commence par les plantes \u00bb\",\"publisher\":{\"@id\":\"http:\/\/phyto4pattes.fr\/#organization\"},\"potentialAction\":[{\"@type\":\"SearchAction\",\"target\":{\"@type\":\"EntryPoint\",\"urlTemplate\":\"http:\/\/phyto4pattes.fr\/?s={search_term_string}\"},\"query-input\":{\"@type\":\"PropertyValueSpecification\",\"valueRequired\":true,\"valueName\":\"search_term_string\"}}],\"inLanguage\":\"fr-FR\"},{\"@type\":\"Organization\",\"@id\":\"http:\/\/phyto4pattes.fr\/#organization\",\"name\":\"Phyto4Pattes.fr\",\"url\":\"http:\/\/phyto4pattes.fr\/\",\"logo\":{\"@type\":\"ImageObject\",\"inLanguage\":\"fr-FR\",\"@id\":\"http:\/\/phyto4pattes.fr\/#\/schema\/logo\/image\/\",\"url\":\"http:\/\/phyto4pattes.fr\/wp-content\/uploads\/2026\/03\/cropped-logo-10-Phyto-4-Pattes.jpg\",\"contentUrl\":\"http:\/\/phyto4pattes.fr\/wp-content\/uploads\/2026\/03\/cropped-logo-10-Phyto-4-Pattes.jpg\",\"width\":250,\"height\":250,\"caption\":\"Phyto4Pattes.fr\"},\"image\":{\"@id\":\"http:\/\/phyto4pattes.fr\/#\/schema\/logo\/image\/\"}}]}<\/script>\n<!-- \/ Yoast SEO plugin. -->","yoast_head_json":{"title":"Collag\u00e8ne chiens - Phyto4Pattes.fr","description":"Renforcez les articulations, tendons et tissus de votre chien gr\u00e2ce \u00e0 un collag\u00e8ne naturel hautement assimilable.","robots":{"index":"index","follow":"follow","max-snippet":"max-snippet:-1","max-image-preview":"max-image-preview:large","max-video-preview":"max-video-preview:-1"},"canonical":"https:\/\/phyto4pattes.fr\/index.php\/produit\/collagene-chiens\/","og_locale":"fr_FR","og_type":"article","og_title":"Collag\u00e8ne chiens - Phyto4Pattes.fr","og_description":"Renforcez les articulations, tendons et tissus de votre chien gr\u00e2ce \u00e0 un collag\u00e8ne naturel hautement assimilable.","og_url":"https:\/\/phyto4pattes.fr\/index.php\/produit\/collagene-chiens\/","og_site_name":"Phyto4Pattes.fr","article_modified_time":"2026-03-22T14:31:50+00:00","og_image":[{"width":250,"height":250,"url":"https:\/\/phyto4pattes.fr\/wp-content\/uploads\/2026\/03\/collagene-chiens.jpg","type":"image\/jpeg"}],"twitter_card":"summary_large_image","twitter_misc":{"Dur\u00e9e de lecture estim\u00e9e":"2 minutes"},"schema":{"@context":"https:\/\/schema.org","@graph":[{"@type":"WebPage","@id":"https:\/\/phyto4pattes.fr\/index.php\/produit\/collagene-chiens\/","url":"https:\/\/phyto4pattes.fr\/index.php\/produit\/collagene-chiens\/","name":"Collag\u00e8ne chiens - Phyto4Pattes.fr","isPartOf":{"@id":"http:\/\/phyto4pattes.fr\/#website"},"primaryImageOfPage":{"@id":"https:\/\/phyto4pattes.fr\/index.php\/produit\/collagene-chiens\/#primaryimage"},"image":{"@id":"https:\/\/phyto4pattes.fr\/index.php\/produit\/collagene-chiens\/#primaryimage"},"thumbnailUrl":"https:\/\/phyto4pattes.fr\/wp-content\/uploads\/2026\/03\/collagene-chiens.jpg","datePublished":"2026-03-11T15:26:56+00:00","dateModified":"2026-03-22T14:31:50+00:00","description":"Renforcez les articulations, tendons et tissus de votre chien gr\u00e2ce \u00e0 un collag\u00e8ne naturel hautement assimilable.","breadcrumb":{"@id":"https:\/\/phyto4pattes.fr\/index.php\/produit\/collagene-chiens\/#breadcrumb"},"inLanguage":"fr-FR","potentialAction":[{"@type":"ReadAction","target":["https:\/\/phyto4pattes.fr\/index.php\/produit\/collagene-chiens\/"]}]},{"@type":"ImageObject","inLanguage":"fr-FR","@id":"https:\/\/phyto4pattes.fr\/index.php\/produit\/collagene-chiens\/#primaryimage","url":"https:\/\/phyto4pattes.fr\/wp-content\/uploads\/2026\/03\/collagene-chiens.jpg","contentUrl":"https:\/\/phyto4pattes.fr\/wp-content\/uploads\/2026\/03\/collagene-chiens.jpg","width":250,"height":250},{"@type":"BreadcrumbList","@id":"https:\/\/phyto4pattes.fr\/index.php\/produit\/collagene-chiens\/#breadcrumb","itemListElement":[{"@type":"ListItem","position":1,"name":"Accueil","item":"https:\/\/phyto4pattes.fr\/"},{"@type":"ListItem","position":2,"name":"Boutique","item":"https:\/\/phyto4pattes.fr\/index.php\/shop\/"},{"@type":"ListItem","position":3,"name":"Collag\u00e8ne chiens"}]},{"@type":"WebSite","@id":"http:\/\/phyto4pattes.fr\/#website","url":"http:\/\/phyto4pattes.fr\/","name":"Phyto4Pattes.fr","description":"\u00ab Le bien-\u00eatre de votre animal commence par les plantes \u00bb","publisher":{"@id":"http:\/\/phyto4pattes.fr\/#organization"},"potentialAction":[{"@type":"SearchAction","target":{"@type":"EntryPoint","urlTemplate":"http:\/\/phyto4pattes.fr\/?s={search_term_string}"},"query-input":{"@type":"PropertyValueSpecification","valueRequired":true,"valueName":"search_term_string"}}],"inLanguage":"fr-FR"},{"@type":"Organization","@id":"http:\/\/phyto4pattes.fr\/#organization","name":"Phyto4Pattes.fr","url":"http:\/\/phyto4pattes.fr\/","logo":{"@type":"ImageObject","inLanguage":"fr-FR","@id":"http:\/\/phyto4pattes.fr\/#\/schema\/logo\/image\/","url":"http:\/\/phyto4pattes.fr\/wp-content\/uploads\/2026\/03\/cropped-logo-10-Phyto-4-Pattes.jpg","contentUrl":"http:\/\/phyto4pattes.fr\/wp-content\/uploads\/2026\/03\/cropped-logo-10-Phyto-4-Pattes.jpg","width":250,"height":250,"caption":"Phyto4Pattes.fr"},"image":{"@id":"http:\/\/phyto4pattes.fr\/#\/schema\/logo\/image\/"}}]}},"_links":{"self":[{"href":"https:\/\/phyto4pattes.fr\/index.php\/wp-json\/wp\/v2\/product\/88","targetHints":{"allow":["GET"]}}],"collection":[{"href":"https:\/\/phyto4pattes.fr\/index.php\/wp-json\/wp\/v2\/product"}],"about":[{"href":"https:\/\/phyto4pattes.fr\/index.php\/wp-json\/wp\/v2\/types\/product"}],"replies":[{"embeddable":true,"href":"https:\/\/phyto4pattes.fr\/index.php\/wp-json\/wp\/v2\/comments?post=88"}],"wp:featuredmedia":[{"embeddable":true,"href":"https:\/\/phyto4pattes.fr\/index.php\/wp-json\/wp\/v2\/media\/105"}],"wp:attachment":[{"href":"https:\/\/phyto4pattes.fr\/index.php\/wp-json\/wp\/v2\/media?parent=88"}],"wp:term":[{"taxonomy":"product_brand","embeddable":true,"href":"https:\/\/phyto4pattes.fr\/index.php\/wp-json\/wp\/v2\/product_brand?post=88"},{"taxonomy":"product_cat","embeddable":true,"href":"https:\/\/phyto4pattes.fr\/index.php\/wp-json\/wp\/v2\/product_cat?post=88"},{"taxonomy":"product_tag","embeddable":true,"href":"https:\/\/phyto4pattes.fr\/index.php\/wp-json\/wp\/v2\/product_tag?post=88"}],"curies":[{"name":"wp","href":"https:\/\/api.w.org\/{rel}","templated":true}]}}