{"id":87,"date":"2026-03-11T15:26:27","date_gmt":"2026-03-11T15:26:27","guid":{"rendered":"https:\/\/phyto4pattes.fr\/?post_type=product&#038;p=87"},"modified":"2026-04-12T12:04:27","modified_gmt":"2026-04-12T12:04:27","slug":"articulations-chiens-2","status":"publish","type":"product","link":"https:\/\/phyto4pattes.fr\/index.php\/produit\/articulations-chiens-2\/","title":{"rendered":"Flexi&rsquo;4pattes"},"content":{"rendered":"<h1 data-start=\"207\" data-end=\"271\"><strong data-start=\"207\" data-end=\"271\">Soutenir la mobilit\u00e9 et le confort articulaire naturellement<\/strong><\/h1>\n<p data-start=\"273\" data-end=\"473\">Avec l\u2019\u00e2ge, l\u2019activit\u00e9 sportive ou certaines pr\u00e9dispositions, les articulations du chien peuvent devenir sensibles : raideurs au r\u00e9veil, difficult\u00e9s \u00e0 se lever, baisse d\u2019entrain lors des promenades\u2026<\/p>\n<p data-start=\"475\" data-end=\"651\">La <strong data-start=\"478\" data-end=\"500\">cure Flexi&rsquo;4pattes\u00a0<\/strong> a \u00e9t\u00e9 con\u00e7ue pour soutenir naturellement les structures articulaires et aider votre chien \u00e0 retrouver <strong data-start=\"603\" data-end=\"637\">souplesse, confort et mobilit\u00e9<\/strong> au quotidien.<\/p>\n<h3 data-section-id=\"9nq44i\" data-start=\"653\" data-end=\"677\">Objectifs de la cure<\/h3>\n<ul data-start=\"678\" data-end=\"899\">\n<li data-section-id=\"2qs2s5\" data-start=\"678\" data-end=\"723\">\n<p data-start=\"680\" data-end=\"723\">Soutenir la <strong data-start=\"692\" data-end=\"723\">souplesse des articulations<\/strong><\/p>\n<\/li>\n<li data-section-id=\"hcvn7e\" data-start=\"724\" data-end=\"772\">\n<p data-start=\"726\" data-end=\"772\">Aider \u00e0 <strong data-start=\"734\" data-end=\"772\">r\u00e9duire les raideurs et inconforts, calmer l&rsquo;inflammation<\/strong><\/p>\n<\/li>\n<li data-section-id=\"1hftv4p\" data-start=\"773\" data-end=\"831\">\n<p data-start=\"775\" data-end=\"831\">Favoriser la <strong data-start=\"788\" data-end=\"831\">mobilit\u00e9 et la r\u00e9cup\u00e9ration articulaire<\/strong><\/p>\n<\/li>\n<li data-section-id=\"lmcome\" data-start=\"832\" data-end=\"899\">\n<p data-start=\"834\" data-end=\"899\">Contribuer \u00e0 <strong data-start=\"847\" data-end=\"872\">prot\u00e9ger le cartilage<\/strong> et les tissus articulaires<\/p>\n<\/li>\n<\/ul>\n<h3 data-section-id=\"1moovnp\" data-start=\"901\" data-end=\"924\">Pour quels chiens ?<\/h3>\n<p data-start=\"925\" data-end=\"966\">Cette cure est particuli\u00e8rement adapt\u00e9e aux <strong data-start=\"974\" data-end=\"992\">chiens seniors, <\/strong>aux <strong data-start=\"999\" data-end=\"1033\">chiens sportifs ou tr\u00e8s actifs, <\/strong>aux chiens pr\u00e9sentant des <strong data-start=\"1062\" data-end=\"1098\">raideurs ou une mobilit\u00e9 r\u00e9duite, <\/strong>aux chiens pr\u00e9dispos\u00e9s aux <strong data-start=\"1128\" data-end=\"1157\">sensibilit\u00e9s articulaires, <\/strong>aux chiens en <strong data-start=\"1174\" data-end=\"1201\">p\u00e9riode de r\u00e9cup\u00e9ration<\/strong><\/p>\n<h3 data-section-id=\"1iz1wot\" data-start=\"1203\" data-end=\"1229\">Les bienfaits attendus<\/h3>\n<p data-start=\"1230\" data-end=\"1275\">Une cure r\u00e9guli\u00e8re peut aider votre chien \u00e0 :<\/p>\n<p data-start=\"1277\" data-end=\"1455\">\u2714 se lever plus facilement<br data-start=\"1303\" data-end=\"1306\" \/>\u2714 retrouver de la fluidit\u00e9 dans ses mouvements<br data-start=\"1352\" data-end=\"1355\" \/>\u2714 mieux profiter des promenades et du jeu<br data-start=\"1396\" data-end=\"1399\" \/>\u2714 maintenir un bon confort articulaire au fil des ann\u00e9es<\/p>\n<h3 data-section-id=\"14klbdb\" data-start=\"1457\" data-end=\"1487\">Comment utiliser la cure ?<\/h3>\n<ul data-start=\"1488\" data-end=\"1629\">\n<li data-section-id=\"mz0crq\" data-start=\"1488\" data-end=\"1516\">\n<p data-start=\"1490\" data-end=\"1516\">Cure de <strong data-start=\"1498\" data-end=\"1516\">3 \u00e0 6 semaines<\/strong><\/p>\n<\/li>\n<li data-section-id=\"1nedwvu\" data-start=\"1517\" data-end=\"1629\">\n<p data-start=\"1519\" data-end=\"1629\">\u00c0 renouveler <strong data-start=\"1532\" data-end=\"1553\">2 \u00e0 3 fois par an<\/strong> ou lors des p\u00e9riodes sensibles (hiver, reprise d\u2019activit\u00e9, vieillissement).<\/p>\n<\/li>\n<\/ul>\n<h3 data-section-id=\"xhrtn2\" data-start=\"1631\" data-end=\"1659\">Conseils compl\u00e9mentaires<\/h3>\n<p data-start=\"1660\" data-end=\"1708\">Pour soutenir les articulations de votre chien maintenir un <strong data-start=\"1725\" data-end=\"1742\">poids optimal, <\/strong>privil\u00e9gier une <strong data-start=\"1761\" data-end=\"1805\">activit\u00e9 physique r\u00e9guli\u00e8re mais adapt\u00e9e, <\/strong>proposer une <strong data-start=\"1821\" data-end=\"1857\">alimentation riche et \u00e9quilibr\u00e9e<\/strong><\/p>\n<hr data-start=\"1859\" data-end=\"1862\" \/>\n<p data-start=\"1864\" data-end=\"2038\">\ud83d\udca1 Une approche naturelle permet souvent d\u2019accompagner efficacement les chiens sujets aux sensibilit\u00e9s articulaires et de pr\u00e9server leur <strong data-start=\"2001\" data-end=\"2037\">qualit\u00e9 de vie sur le long terme<\/strong>.<\/p>\n<p data-start=\"1864\" data-end=\"2038\">Si votre chien pr\u00e9sente des raideurs ou des signes d\u2019arthrose, il est essentiel d\u2019agir en profondeur. Pour <strong data-start=\"393\" data-end=\"447\">renforcer les articulations du chien naturellement<\/strong>, vous pouvez associer ce compl\u00e9ment avec notre:\u00a0 \ud83d\udc49 <a href=\"https:\/\/phyto4pattes.fr\/index.php\/produit\/msm-glucosamine-chiens\/\">MSM Glucosamine chiens<\/a> , \ud83d\udc49 <a href=\"https:\/\/phyto4pattes.fr\/index.php\/produit\/collagene-chiens\/\">Collag\u00e8ne chiens<\/a><\/p>\n<p data-start=\"1864\" data-end=\"2038\">En cas d\u2019inflammation ou de douleurs, d\u00e9couvrez \u00e9galement notre \ud83d\udc49 <a href=\"https:\/\/phyto4pattes.fr\/index.php\/produit\/curcumharpago-chiens\/\">CurcumHarpago chiens<\/a><\/p>\n<p data-start=\"1864\" data-end=\"2038\">Enfin, pour un soulagement compl\u00e9mentaire, pensez \u00e0 appliquer une\u00a0 \ud83d\udc49 <a href=\"https:\/\/phyto4pattes.fr\/index.php\/produit\/huile-de-massage-articulations-chiens\/\">Huile de massage articulations chiens<\/a> , \ud83d\udc49 <a href=\"https:\/\/phyto4pattes.fr\/index.php\/produit\/complement-ligaments-chiens\/\">Compl\u00e9ment ligaments chiens<\/a><\/p>\n<p data-start=\"914\" data-end=\"1123\">\n","protected":false},"excerpt":{"rendered":"<p><em>(ortie, prele, saule, curcuma)<\/em><\/p>\n<p>Plantes riches en silice, min\u00e9raux, qui permettent d&rsquo;assouplir les articulations du chien et de soulager en cas de douleurs ou\u00a0 de raideurs articulaires.<\/p>\n<p>utilisation\u00a0: (c.dose fournie = 2 g)<\/p>\n<p>chiens &lt; 10 kg : 1\/2 c.dose \/ jour<\/p>\n<p>chiens 10 \u00e0 20 kg : 1 c.dose \/ jour<\/p>\n<p>(1 c.dose \/ 10 kg \/ jour)<\/p>\n<p>Produits 100 % naturel, non dopant, formul\u00e9 pour les chiens.<\/p>\n<p>Conserver dans un endroit sec, bien refermer apr\u00e8s usage.<\/p>\n<p>Produit d&rsquo;hygi\u00e8ne et de soin, compl\u00e9ment alimentaire.<\/p>\n<p>En pot de 200g de poudres de plantes (photo non contractuelle)<\/p>\n<p><strong>\u00a0Ces substances sont des compl\u00e9ments alimentaires et ne dispensent pas d&rsquo;un avis v\u00e9t\u00e9rinaire.<\/strong><\/p>\n","protected":false},"featured_media":549,"comment_status":"open","ping_status":"closed","template":"","meta":[],"product_brand":[],"product_cat":[41,28],"product_tag":[78,77,79],"class_list":{"0":"post-87","1":"product","2":"type-product","3":"status-publish","4":"has-post-thumbnail","6":"product_cat-articulations-et-mobilite","7":"product_cat-gamme-canine","8":"product_tag-articulations-chien","9":"product_tag-raideurs-articulaires-chien","10":"product_tag-souplesse-articulaire-chien","12":"first","13":"instock","14":"taxable","15":"shipping-taxable","16":"purchasable","17":"product-type-simple"},"yoast_head":"<!-- This site is optimized with the Yoast SEO plugin v27.2 - https:\/\/yoast.com\/product\/yoast-seo-wordpress\/ -->\n<title>Flexi&#039;4pattes - Phyto4Pattes.fr<\/title>\n<meta name=\"description\" content=\"Pr\u00e9servez la mobilit\u00e9 de votre chien avec un compl\u00e9ment naturel qui prot\u00e8ge les articulations et r\u00e9duit les douleurs.\" \/>\n<meta name=\"robots\" content=\"index, follow, max-snippet:-1, max-image-preview:large, max-video-preview:-1\" \/>\n<link rel=\"canonical\" href=\"https:\/\/phyto4pattes.fr\/index.php\/produit\/articulations-chiens-2\/\" \/>\n<meta property=\"og:locale\" content=\"fr_FR\" \/>\n<meta property=\"og:type\" content=\"article\" \/>\n<meta property=\"og:title\" content=\"Flexi&#039;4pattes - Phyto4Pattes.fr\" \/>\n<meta property=\"og:description\" content=\"Pr\u00e9servez la mobilit\u00e9 de votre chien avec un compl\u00e9ment naturel qui prot\u00e8ge les articulations et r\u00e9duit les douleurs.\" \/>\n<meta property=\"og:url\" content=\"https:\/\/phyto4pattes.fr\/index.php\/produit\/articulations-chiens-2\/\" \/>\n<meta property=\"og:site_name\" content=\"Phyto4Pattes.fr\" \/>\n<meta property=\"article:modified_time\" content=\"2026-04-12T12:04:27+00:00\" \/>\n<meta property=\"og:image\" content=\"https:\/\/phyto4pattes.fr\/wp-content\/uploads\/2026\/03\/cure-ligaments-chiens-1.jpg\" \/>\n\t<meta property=\"og:image:width\" content=\"250\" \/>\n\t<meta property=\"og:image:height\" content=\"250\" \/>\n\t<meta property=\"og:image:type\" content=\"image\/jpeg\" \/>\n<meta name=\"twitter:card\" content=\"summary_large_image\" \/>\n<meta name=\"twitter:label1\" content=\"Dur\u00e9e de lecture estim\u00e9e\" \/>\n\t<meta name=\"twitter:data1\" content=\"2 minutes\" \/>\n<script type=\"application\/ld+json\" class=\"yoast-schema-graph\">{\"@context\":\"https:\/\/schema.org\",\"@graph\":[{\"@type\":\"WebPage\",\"@id\":\"https:\/\/phyto4pattes.fr\/index.php\/produit\/articulations-chiens-2\/\",\"url\":\"https:\/\/phyto4pattes.fr\/index.php\/produit\/articulations-chiens-2\/\",\"name\":\"Flexi'4pattes - Phyto4Pattes.fr\",\"isPartOf\":{\"@id\":\"http:\/\/phyto4pattes.fr\/#website\"},\"primaryImageOfPage\":{\"@id\":\"https:\/\/phyto4pattes.fr\/index.php\/produit\/articulations-chiens-2\/#primaryimage\"},\"image\":{\"@id\":\"https:\/\/phyto4pattes.fr\/index.php\/produit\/articulations-chiens-2\/#primaryimage\"},\"thumbnailUrl\":\"https:\/\/phyto4pattes.fr\/wp-content\/uploads\/2026\/03\/cure-ligaments-chiens-1.jpg\",\"datePublished\":\"2026-03-11T15:26:27+00:00\",\"dateModified\":\"2026-04-12T12:04:27+00:00\",\"description\":\"Pr\u00e9servez la mobilit\u00e9 de votre chien avec un compl\u00e9ment naturel qui prot\u00e8ge les articulations et r\u00e9duit les douleurs.\",\"breadcrumb\":{\"@id\":\"https:\/\/phyto4pattes.fr\/index.php\/produit\/articulations-chiens-2\/#breadcrumb\"},\"inLanguage\":\"fr-FR\",\"potentialAction\":[{\"@type\":\"ReadAction\",\"target\":[\"https:\/\/phyto4pattes.fr\/index.php\/produit\/articulations-chiens-2\/\"]}]},{\"@type\":\"ImageObject\",\"inLanguage\":\"fr-FR\",\"@id\":\"https:\/\/phyto4pattes.fr\/index.php\/produit\/articulations-chiens-2\/#primaryimage\",\"url\":\"https:\/\/phyto4pattes.fr\/wp-content\/uploads\/2026\/03\/cure-ligaments-chiens-1.jpg\",\"contentUrl\":\"https:\/\/phyto4pattes.fr\/wp-content\/uploads\/2026\/03\/cure-ligaments-chiens-1.jpg\",\"width\":250,\"height\":250},{\"@type\":\"BreadcrumbList\",\"@id\":\"https:\/\/phyto4pattes.fr\/index.php\/produit\/articulations-chiens-2\/#breadcrumb\",\"itemListElement\":[{\"@type\":\"ListItem\",\"position\":1,\"name\":\"Accueil\",\"item\":\"https:\/\/phyto4pattes.fr\/\"},{\"@type\":\"ListItem\",\"position\":2,\"name\":\"Boutique\",\"item\":\"https:\/\/phyto4pattes.fr\/index.php\/shop\/\"},{\"@type\":\"ListItem\",\"position\":3,\"name\":\"Flexi&rsquo;4pattes\"}]},{\"@type\":\"WebSite\",\"@id\":\"http:\/\/phyto4pattes.fr\/#website\",\"url\":\"http:\/\/phyto4pattes.fr\/\",\"name\":\"Phyto4Pattes.fr\",\"description\":\"\u00ab Le bien-\u00eatre de votre animal commence par les plantes \u00bb\",\"publisher\":{\"@id\":\"http:\/\/phyto4pattes.fr\/#organization\"},\"potentialAction\":[{\"@type\":\"SearchAction\",\"target\":{\"@type\":\"EntryPoint\",\"urlTemplate\":\"http:\/\/phyto4pattes.fr\/?s={search_term_string}\"},\"query-input\":{\"@type\":\"PropertyValueSpecification\",\"valueRequired\":true,\"valueName\":\"search_term_string\"}}],\"inLanguage\":\"fr-FR\"},{\"@type\":\"Organization\",\"@id\":\"http:\/\/phyto4pattes.fr\/#organization\",\"name\":\"Phyto4Pattes.fr\",\"url\":\"http:\/\/phyto4pattes.fr\/\",\"logo\":{\"@type\":\"ImageObject\",\"inLanguage\":\"fr-FR\",\"@id\":\"http:\/\/phyto4pattes.fr\/#\/schema\/logo\/image\/\",\"url\":\"http:\/\/phyto4pattes.fr\/wp-content\/uploads\/2026\/03\/cropped-logo-10-Phyto-4-Pattes.jpg\",\"contentUrl\":\"http:\/\/phyto4pattes.fr\/wp-content\/uploads\/2026\/03\/cropped-logo-10-Phyto-4-Pattes.jpg\",\"width\":250,\"height\":250,\"caption\":\"Phyto4Pattes.fr\"},\"image\":{\"@id\":\"http:\/\/phyto4pattes.fr\/#\/schema\/logo\/image\/\"}}]}<\/script>\n<!-- \/ Yoast SEO plugin. -->","yoast_head_json":{"title":"Flexi'4pattes - Phyto4Pattes.fr","description":"Pr\u00e9servez la mobilit\u00e9 de votre chien avec un compl\u00e9ment naturel qui prot\u00e8ge les articulations et r\u00e9duit les douleurs.","robots":{"index":"index","follow":"follow","max-snippet":"max-snippet:-1","max-image-preview":"max-image-preview:large","max-video-preview":"max-video-preview:-1"},"canonical":"https:\/\/phyto4pattes.fr\/index.php\/produit\/articulations-chiens-2\/","og_locale":"fr_FR","og_type":"article","og_title":"Flexi'4pattes - Phyto4Pattes.fr","og_description":"Pr\u00e9servez la mobilit\u00e9 de votre chien avec un compl\u00e9ment naturel qui prot\u00e8ge les articulations et r\u00e9duit les douleurs.","og_url":"https:\/\/phyto4pattes.fr\/index.php\/produit\/articulations-chiens-2\/","og_site_name":"Phyto4Pattes.fr","article_modified_time":"2026-04-12T12:04:27+00:00","og_image":[{"width":250,"height":250,"url":"https:\/\/phyto4pattes.fr\/wp-content\/uploads\/2026\/03\/cure-ligaments-chiens-1.jpg","type":"image\/jpeg"}],"twitter_card":"summary_large_image","twitter_misc":{"Dur\u00e9e de lecture estim\u00e9e":"2 minutes"},"schema":{"@context":"https:\/\/schema.org","@graph":[{"@type":"WebPage","@id":"https:\/\/phyto4pattes.fr\/index.php\/produit\/articulations-chiens-2\/","url":"https:\/\/phyto4pattes.fr\/index.php\/produit\/articulations-chiens-2\/","name":"Flexi'4pattes - Phyto4Pattes.fr","isPartOf":{"@id":"http:\/\/phyto4pattes.fr\/#website"},"primaryImageOfPage":{"@id":"https:\/\/phyto4pattes.fr\/index.php\/produit\/articulations-chiens-2\/#primaryimage"},"image":{"@id":"https:\/\/phyto4pattes.fr\/index.php\/produit\/articulations-chiens-2\/#primaryimage"},"thumbnailUrl":"https:\/\/phyto4pattes.fr\/wp-content\/uploads\/2026\/03\/cure-ligaments-chiens-1.jpg","datePublished":"2026-03-11T15:26:27+00:00","dateModified":"2026-04-12T12:04:27+00:00","description":"Pr\u00e9servez la mobilit\u00e9 de votre chien avec un compl\u00e9ment naturel qui prot\u00e8ge les articulations et r\u00e9duit les douleurs.","breadcrumb":{"@id":"https:\/\/phyto4pattes.fr\/index.php\/produit\/articulations-chiens-2\/#breadcrumb"},"inLanguage":"fr-FR","potentialAction":[{"@type":"ReadAction","target":["https:\/\/phyto4pattes.fr\/index.php\/produit\/articulations-chiens-2\/"]}]},{"@type":"ImageObject","inLanguage":"fr-FR","@id":"https:\/\/phyto4pattes.fr\/index.php\/produit\/articulations-chiens-2\/#primaryimage","url":"https:\/\/phyto4pattes.fr\/wp-content\/uploads\/2026\/03\/cure-ligaments-chiens-1.jpg","contentUrl":"https:\/\/phyto4pattes.fr\/wp-content\/uploads\/2026\/03\/cure-ligaments-chiens-1.jpg","width":250,"height":250},{"@type":"BreadcrumbList","@id":"https:\/\/phyto4pattes.fr\/index.php\/produit\/articulations-chiens-2\/#breadcrumb","itemListElement":[{"@type":"ListItem","position":1,"name":"Accueil","item":"https:\/\/phyto4pattes.fr\/"},{"@type":"ListItem","position":2,"name":"Boutique","item":"https:\/\/phyto4pattes.fr\/index.php\/shop\/"},{"@type":"ListItem","position":3,"name":"Flexi&rsquo;4pattes"}]},{"@type":"WebSite","@id":"http:\/\/phyto4pattes.fr\/#website","url":"http:\/\/phyto4pattes.fr\/","name":"Phyto4Pattes.fr","description":"\u00ab Le bien-\u00eatre de votre animal commence par les plantes \u00bb","publisher":{"@id":"http:\/\/phyto4pattes.fr\/#organization"},"potentialAction":[{"@type":"SearchAction","target":{"@type":"EntryPoint","urlTemplate":"http:\/\/phyto4pattes.fr\/?s={search_term_string}"},"query-input":{"@type":"PropertyValueSpecification","valueRequired":true,"valueName":"search_term_string"}}],"inLanguage":"fr-FR"},{"@type":"Organization","@id":"http:\/\/phyto4pattes.fr\/#organization","name":"Phyto4Pattes.fr","url":"http:\/\/phyto4pattes.fr\/","logo":{"@type":"ImageObject","inLanguage":"fr-FR","@id":"http:\/\/phyto4pattes.fr\/#\/schema\/logo\/image\/","url":"http:\/\/phyto4pattes.fr\/wp-content\/uploads\/2026\/03\/cropped-logo-10-Phyto-4-Pattes.jpg","contentUrl":"http:\/\/phyto4pattes.fr\/wp-content\/uploads\/2026\/03\/cropped-logo-10-Phyto-4-Pattes.jpg","width":250,"height":250,"caption":"Phyto4Pattes.fr"},"image":{"@id":"http:\/\/phyto4pattes.fr\/#\/schema\/logo\/image\/"}}]}},"_links":{"self":[{"href":"https:\/\/phyto4pattes.fr\/index.php\/wp-json\/wp\/v2\/product\/87","targetHints":{"allow":["GET"]}}],"collection":[{"href":"https:\/\/phyto4pattes.fr\/index.php\/wp-json\/wp\/v2\/product"}],"about":[{"href":"https:\/\/phyto4pattes.fr\/index.php\/wp-json\/wp\/v2\/types\/product"}],"replies":[{"embeddable":true,"href":"https:\/\/phyto4pattes.fr\/index.php\/wp-json\/wp\/v2\/comments?post=87"}],"wp:featuredmedia":[{"embeddable":true,"href":"https:\/\/phyto4pattes.fr\/index.php\/wp-json\/wp\/v2\/media\/549"}],"wp:attachment":[{"href":"https:\/\/phyto4pattes.fr\/index.php\/wp-json\/wp\/v2\/media?parent=87"}],"wp:term":[{"taxonomy":"product_brand","embeddable":true,"href":"https:\/\/phyto4pattes.fr\/index.php\/wp-json\/wp\/v2\/product_brand?post=87"},{"taxonomy":"product_cat","embeddable":true,"href":"https:\/\/phyto4pattes.fr\/index.php\/wp-json\/wp\/v2\/product_cat?post=87"},{"taxonomy":"product_tag","embeddable":true,"href":"https:\/\/phyto4pattes.fr\/index.php\/wp-json\/wp\/v2\/product_tag?post=87"}],"curies":[{"name":"wp","href":"https:\/\/api.w.org\/{rel}","templated":true}]}}