{"id":561,"date":"2026-04-07T17:45:10","date_gmt":"2026-04-07T17:45:10","guid":{"rendered":"https:\/\/phyto4pattes.fr\/?post_type=product&#038;p=561"},"modified":"2026-04-16T09:17:25","modified_gmt":"2026-04-16T09:17:25","slug":"calme-express-canin","status":"publish","type":"product","link":"https:\/\/phyto4pattes.fr\/index.php\/produit\/calme-express-canin\/","title":{"rendered":"Calme express canin"},"content":{"rendered":"<h1 data-section-id=\"66qcy7\" data-start=\"198\" data-end=\"238\">\ud83d\udc36 Roll-on anti-stress chien naturel\ud83c\udf3f Calme Express \u2013 Apaise votre chien en quelques secondes<\/h1>\n<h2 data-section-id=\"1n0e6mk\" data-start=\"216\" data-end=\"230\">\ud83c\udfaf Objectif<\/h2>\n<ul data-start=\"231\" data-end=\"359\">\n<li data-section-id=\"1fs5nfg\" data-start=\"231\" data-end=\"270\">Apaiser rapidement un pic de stress<\/li>\n<li data-section-id=\"eywckd\" data-start=\"271\" data-end=\"322\">Utilisation nomade (transport, visite, impr\u00e9vu)<\/li>\n<li data-section-id=\"eq5e7b\" data-start=\"323\" data-end=\"359\">Action cibl\u00e9e (zones strat\u00e9giques)<\/li>\n<\/ul>\n<h2 data-section-id=\"1h2vrj8\" data-start=\"1096\" data-end=\"1152\"><span role=\"text\">\u2b50 <strong data-start=\"1101\" data-end=\"1152\">B\u00e9n\u00e9fices cl\u00e9s\u00a0<\/strong><\/span><\/h2>\n<p data-start=\"1154\" data-end=\"1266\">\u2714\ufe0f Effet rapide, \u2714\ufe0f Format nomade, \u2714\ufe0f 100% naturel, \u2714\ufe0f Application cibl\u00e9e<br data-start=\"1230\" data-end=\"1233\" \/>\u2714\ufe0f Id\u00e9al situations stressantes<\/p>\n<p data-start=\"1154\" data-end=\"1266\"><strong>Ca<\/strong><strong data-start=\"1346\" data-end=\"1416\">lme Express agit directement sur les zones strat\u00e9giques du corps<\/strong>.<\/p>\n<ul data-start=\"231\" data-end=\"359\">\n<li data-section-id=\"eq5e7b\" data-start=\"323\" data-end=\"359\">\n<h2>\u26a0\ufe0f Pr\u00e9cautions<\/h2>\n<\/li>\n<li data-section-id=\"eq5e7b\" data-start=\"323\" data-end=\"359\">\n<ul data-start=\"1348\" data-end=\"1492\">\n<li data-section-id=\"nz0jmi\" data-start=\"1348\" data-end=\"1414\">Ne pas utiliser :\n<ul data-start=\"1370\" data-end=\"1414\">\n<li data-section-id=\"1ny3svp\" data-start=\"1370\" data-end=\"1389\">chiots &lt; 3 mois<\/li>\n<li data-section-id=\"1plw919\" data-start=\"1392\" data-end=\"1414\">femelles gestantes<\/li>\n<\/ul>\n<\/li>\n<li data-section-id=\"1h8t030\" data-start=\"1415\" data-end=\"1449\">\u00c9viter :\n<ul data-start=\"1428\" data-end=\"1449\">\n<li data-section-id=\"istvde\" data-start=\"1428\" data-end=\"1438\">museau<\/li>\n<li data-section-id=\"1d1lw8p\" data-start=\"1441\" data-end=\"1449\">yeux<\/li>\n<\/ul>\n<\/li>\n<li data-section-id=\"1xh6jz\" data-start=\"1450\" data-end=\"1492\">Toujours observer la r\u00e9action du chien<\/li>\n<\/ul>\n<\/li>\n<\/ul>\n","protected":false},"excerpt":{"rendered":"<p><em>(huile v\u00e9g\u00e9tale, HE lavande, HE camomille)<\/em><\/p>\n<p>Texture l\u00e9g\u00e8re, p\u00e9n\u00e9tration rapide, tr\u00e8s bien tol\u00e9r\u00e9e<\/p>\n<h2 data-section-id=\"17g7wqg\" data-start=\"890\" data-end=\"921\">\ud83c\udf3f Pourquoi cette synergie ?<\/h2>\n<ul data-start=\"923\" data-end=\"1054\">\n<li data-section-id=\"1h0ryjq\" data-start=\"923\" data-end=\"994\"><strong data-start=\"925\" data-end=\"942\">Lavande vraie<\/strong> : effet calmant rapide, r\u00e9gule le syst\u00e8me nerveux<\/li>\n<li data-section-id=\"ckvxhl\" data-start=\"995\" data-end=\"1054\"><strong data-start=\"997\" data-end=\"1018\">Camomille romaine<\/strong> : agit sur l\u2019anxi\u00e9t\u00e9 \u00e9motionnelle<\/li>\n<\/ul>\n<p data-start=\"1056\" data-end=\"1097\">\ud83d\udc49 Ensemble = effet \u201canti stress express\u201d<\/p>\n<p>dosage tr\u00e8s faible &lt;1 % en huiles essentielles, adapt\u00e9 \u00e0 une application locale<\/p>\n<h2 data-section-id=\"k74ed7\" data-start=\"1924\" data-end=\"1952\"><span role=\"text\">\ud83d\udc3e <strong data-start=\"1930\" data-end=\"1952\">Mode d\u2019utilisation<\/strong><\/span><\/h2>\n<ol data-start=\"1954\" data-end=\"2084\">\n<li data-section-id=\"13e53dg\" data-start=\"1954\" data-end=\"2051\">Appliquez le roll-on sur :\n<ul data-start=\"1987\" data-end=\"2051\">\n<li data-section-id=\"1d57ayw\" data-start=\"1987\" data-end=\"2008\">base des oreilles<\/li>\n<li data-section-id=\"18yw0a8\" data-start=\"2012\" data-end=\"2022\">thorax<\/li>\n<li data-section-id=\"dsnoc0\" data-start=\"2026\" data-end=\"2051\">int\u00e9rieur des cuisses<\/li>\n<\/ul>\n<\/li>\n<li data-section-id=\"htil9t\" data-start=\"2053\" data-end=\"2084\">Laissez agir naturellement<\/li>\n<\/ol>\n<p data-start=\"2086\" data-end=\"2125\">\u23f1\ufe0f Effet : quelques minutes suffisent<\/p>\n<p data-start=\"2127\" data-end=\"2189\">\ud83d\udca1 Peut \u00eatre utilis\u00e9 avant OU pendant une situation stressante<\/p>\n<p>&nbsp;<\/p>\n<p>en flacon roll on de 30 ml<\/p>\n","protected":false},"featured_media":562,"comment_status":"closed","ping_status":"closed","template":"","meta":[],"product_brand":[],"product_cat":[44],"product_tag":[118,117,120,105,116,119],"class_list":{"0":"post-561","1":"product","2":"type-product","3":"status-publish","4":"has-post-thumbnail","6":"product_cat-comportement-et-stress","7":"product_tag-anti-stress-naturel-chien","8":"product_tag-calmer-chien-rapidement","9":"product_tag-chien-stress-solution-rapide","10":"product_tag-huile-apaisante-chien","11":"product_tag-roll-on-chien-anxieux","12":"product_tag-solution-stress-chien","14":"first","15":"instock","16":"taxable","17":"shipping-taxable","18":"purchasable","19":"product-type-simple"},"yoast_head":"<!-- This site is optimized with the Yoast SEO plugin v27.2 - https:\/\/yoast.com\/product\/yoast-seo-wordpress\/ -->\n<title>Calme express canin - Phyto4Pattes.fr<\/title>\n<meta name=\"description\" content=\"Roll-on anti stress chien naturel. Apaisez rapidement l\u2019anxi\u00e9t\u00e9 de votre chien gr\u00e2ce \u00e0 une application cibl\u00e9e.\" \/>\n<meta name=\"robots\" content=\"index, follow, max-snippet:-1, max-image-preview:large, max-video-preview:-1\" \/>\n<link rel=\"canonical\" href=\"https:\/\/phyto4pattes.fr\/index.php\/produit\/calme-express-canin\/\" \/>\n<meta property=\"og:locale\" content=\"fr_FR\" \/>\n<meta property=\"og:type\" content=\"article\" \/>\n<meta property=\"og:title\" content=\"Calme express canin - Phyto4Pattes.fr\" \/>\n<meta property=\"og:description\" content=\"Roll-on anti stress chien naturel. Apaisez rapidement l\u2019anxi\u00e9t\u00e9 de votre chien gr\u00e2ce \u00e0 une application cibl\u00e9e.\" \/>\n<meta property=\"og:url\" content=\"https:\/\/phyto4pattes.fr\/index.php\/produit\/calme-express-canin\/\" \/>\n<meta property=\"og:site_name\" content=\"Phyto4Pattes.fr\" \/>\n<meta property=\"article:modified_time\" content=\"2026-04-16T09:17:25+00:00\" \/>\n<meta property=\"og:image\" content=\"http:\/\/phyto4pattes.fr\/wp-content\/uploads\/2026\/04\/roll-on-calme-express.jpg\" \/>\n\t<meta property=\"og:image:width\" content=\"1024\" \/>\n\t<meta property=\"og:image:height\" content=\"1536\" \/>\n\t<meta property=\"og:image:type\" content=\"image\/jpeg\" \/>\n<meta name=\"twitter:card\" content=\"summary_large_image\" \/>\n<meta name=\"twitter:label1\" content=\"Dur\u00e9e de lecture estim\u00e9e\" \/>\n\t<meta name=\"twitter:data1\" content=\"1 minute\" \/>\n<script type=\"application\/ld+json\" class=\"yoast-schema-graph\">{\"@context\":\"https:\/\/schema.org\",\"@graph\":[{\"@type\":\"WebPage\",\"@id\":\"https:\/\/phyto4pattes.fr\/index.php\/produit\/calme-express-canin\/\",\"url\":\"https:\/\/phyto4pattes.fr\/index.php\/produit\/calme-express-canin\/\",\"name\":\"Calme express canin - Phyto4Pattes.fr\",\"isPartOf\":{\"@id\":\"http:\/\/phyto4pattes.fr\/#website\"},\"primaryImageOfPage\":{\"@id\":\"https:\/\/phyto4pattes.fr\/index.php\/produit\/calme-express-canin\/#primaryimage\"},\"image\":{\"@id\":\"https:\/\/phyto4pattes.fr\/index.php\/produit\/calme-express-canin\/#primaryimage\"},\"thumbnailUrl\":\"https:\/\/phyto4pattes.fr\/wp-content\/uploads\/2026\/04\/roll-on-calme-express.jpg\",\"datePublished\":\"2026-04-07T17:45:10+00:00\",\"dateModified\":\"2026-04-16T09:17:25+00:00\",\"description\":\"Roll-on anti stress chien naturel. Apaisez rapidement l\u2019anxi\u00e9t\u00e9 de votre chien gr\u00e2ce \u00e0 une application cibl\u00e9e.\",\"breadcrumb\":{\"@id\":\"https:\/\/phyto4pattes.fr\/index.php\/produit\/calme-express-canin\/#breadcrumb\"},\"inLanguage\":\"fr-FR\",\"potentialAction\":[{\"@type\":\"ReadAction\",\"target\":[\"https:\/\/phyto4pattes.fr\/index.php\/produit\/calme-express-canin\/\"]}]},{\"@type\":\"ImageObject\",\"inLanguage\":\"fr-FR\",\"@id\":\"https:\/\/phyto4pattes.fr\/index.php\/produit\/calme-express-canin\/#primaryimage\",\"url\":\"https:\/\/phyto4pattes.fr\/wp-content\/uploads\/2026\/04\/roll-on-calme-express.jpg\",\"contentUrl\":\"https:\/\/phyto4pattes.fr\/wp-content\/uploads\/2026\/04\/roll-on-calme-express.jpg\",\"width\":1024,\"height\":1536},{\"@type\":\"BreadcrumbList\",\"@id\":\"https:\/\/phyto4pattes.fr\/index.php\/produit\/calme-express-canin\/#breadcrumb\",\"itemListElement\":[{\"@type\":\"ListItem\",\"position\":1,\"name\":\"Accueil\",\"item\":\"https:\/\/phyto4pattes.fr\/\"},{\"@type\":\"ListItem\",\"position\":2,\"name\":\"Boutique\",\"item\":\"https:\/\/phyto4pattes.fr\/index.php\/shop\/\"},{\"@type\":\"ListItem\",\"position\":3,\"name\":\"Calme express canin\"}]},{\"@type\":\"WebSite\",\"@id\":\"http:\/\/phyto4pattes.fr\/#website\",\"url\":\"http:\/\/phyto4pattes.fr\/\",\"name\":\"Phyto4Pattes.fr\",\"description\":\"\u00ab Le bien-\u00eatre de votre animal commence par les plantes \u00bb\",\"publisher\":{\"@id\":\"http:\/\/phyto4pattes.fr\/#organization\"},\"potentialAction\":[{\"@type\":\"SearchAction\",\"target\":{\"@type\":\"EntryPoint\",\"urlTemplate\":\"http:\/\/phyto4pattes.fr\/?s={search_term_string}\"},\"query-input\":{\"@type\":\"PropertyValueSpecification\",\"valueRequired\":true,\"valueName\":\"search_term_string\"}}],\"inLanguage\":\"fr-FR\"},{\"@type\":\"Organization\",\"@id\":\"http:\/\/phyto4pattes.fr\/#organization\",\"name\":\"Phyto4Pattes.fr\",\"url\":\"http:\/\/phyto4pattes.fr\/\",\"logo\":{\"@type\":\"ImageObject\",\"inLanguage\":\"fr-FR\",\"@id\":\"http:\/\/phyto4pattes.fr\/#\/schema\/logo\/image\/\",\"url\":\"http:\/\/phyto4pattes.fr\/wp-content\/uploads\/2026\/03\/cropped-logo-10-Phyto-4-Pattes.jpg\",\"contentUrl\":\"http:\/\/phyto4pattes.fr\/wp-content\/uploads\/2026\/03\/cropped-logo-10-Phyto-4-Pattes.jpg\",\"width\":250,\"height\":250,\"caption\":\"Phyto4Pattes.fr\"},\"image\":{\"@id\":\"http:\/\/phyto4pattes.fr\/#\/schema\/logo\/image\/\"}}]}<\/script>\n<!-- \/ Yoast SEO plugin. -->","yoast_head_json":{"title":"Calme express canin - Phyto4Pattes.fr","description":"Roll-on anti stress chien naturel. Apaisez rapidement l\u2019anxi\u00e9t\u00e9 de votre chien gr\u00e2ce \u00e0 une application cibl\u00e9e.","robots":{"index":"index","follow":"follow","max-snippet":"max-snippet:-1","max-image-preview":"max-image-preview:large","max-video-preview":"max-video-preview:-1"},"canonical":"https:\/\/phyto4pattes.fr\/index.php\/produit\/calme-express-canin\/","og_locale":"fr_FR","og_type":"article","og_title":"Calme express canin - Phyto4Pattes.fr","og_description":"Roll-on anti stress chien naturel. Apaisez rapidement l\u2019anxi\u00e9t\u00e9 de votre chien gr\u00e2ce \u00e0 une application cibl\u00e9e.","og_url":"https:\/\/phyto4pattes.fr\/index.php\/produit\/calme-express-canin\/","og_site_name":"Phyto4Pattes.fr","article_modified_time":"2026-04-16T09:17:25+00:00","og_image":[{"width":1024,"height":1536,"url":"http:\/\/phyto4pattes.fr\/wp-content\/uploads\/2026\/04\/roll-on-calme-express.jpg","type":"image\/jpeg"}],"twitter_card":"summary_large_image","twitter_misc":{"Dur\u00e9e de lecture estim\u00e9e":"1 minute"},"schema":{"@context":"https:\/\/schema.org","@graph":[{"@type":"WebPage","@id":"https:\/\/phyto4pattes.fr\/index.php\/produit\/calme-express-canin\/","url":"https:\/\/phyto4pattes.fr\/index.php\/produit\/calme-express-canin\/","name":"Calme express canin - Phyto4Pattes.fr","isPartOf":{"@id":"http:\/\/phyto4pattes.fr\/#website"},"primaryImageOfPage":{"@id":"https:\/\/phyto4pattes.fr\/index.php\/produit\/calme-express-canin\/#primaryimage"},"image":{"@id":"https:\/\/phyto4pattes.fr\/index.php\/produit\/calme-express-canin\/#primaryimage"},"thumbnailUrl":"https:\/\/phyto4pattes.fr\/wp-content\/uploads\/2026\/04\/roll-on-calme-express.jpg","datePublished":"2026-04-07T17:45:10+00:00","dateModified":"2026-04-16T09:17:25+00:00","description":"Roll-on anti stress chien naturel. Apaisez rapidement l\u2019anxi\u00e9t\u00e9 de votre chien gr\u00e2ce \u00e0 une application cibl\u00e9e.","breadcrumb":{"@id":"https:\/\/phyto4pattes.fr\/index.php\/produit\/calme-express-canin\/#breadcrumb"},"inLanguage":"fr-FR","potentialAction":[{"@type":"ReadAction","target":["https:\/\/phyto4pattes.fr\/index.php\/produit\/calme-express-canin\/"]}]},{"@type":"ImageObject","inLanguage":"fr-FR","@id":"https:\/\/phyto4pattes.fr\/index.php\/produit\/calme-express-canin\/#primaryimage","url":"https:\/\/phyto4pattes.fr\/wp-content\/uploads\/2026\/04\/roll-on-calme-express.jpg","contentUrl":"https:\/\/phyto4pattes.fr\/wp-content\/uploads\/2026\/04\/roll-on-calme-express.jpg","width":1024,"height":1536},{"@type":"BreadcrumbList","@id":"https:\/\/phyto4pattes.fr\/index.php\/produit\/calme-express-canin\/#breadcrumb","itemListElement":[{"@type":"ListItem","position":1,"name":"Accueil","item":"https:\/\/phyto4pattes.fr\/"},{"@type":"ListItem","position":2,"name":"Boutique","item":"https:\/\/phyto4pattes.fr\/index.php\/shop\/"},{"@type":"ListItem","position":3,"name":"Calme express canin"}]},{"@type":"WebSite","@id":"http:\/\/phyto4pattes.fr\/#website","url":"http:\/\/phyto4pattes.fr\/","name":"Phyto4Pattes.fr","description":"\u00ab Le bien-\u00eatre de votre animal commence par les plantes \u00bb","publisher":{"@id":"http:\/\/phyto4pattes.fr\/#organization"},"potentialAction":[{"@type":"SearchAction","target":{"@type":"EntryPoint","urlTemplate":"http:\/\/phyto4pattes.fr\/?s={search_term_string}"},"query-input":{"@type":"PropertyValueSpecification","valueRequired":true,"valueName":"search_term_string"}}],"inLanguage":"fr-FR"},{"@type":"Organization","@id":"http:\/\/phyto4pattes.fr\/#organization","name":"Phyto4Pattes.fr","url":"http:\/\/phyto4pattes.fr\/","logo":{"@type":"ImageObject","inLanguage":"fr-FR","@id":"http:\/\/phyto4pattes.fr\/#\/schema\/logo\/image\/","url":"http:\/\/phyto4pattes.fr\/wp-content\/uploads\/2026\/03\/cropped-logo-10-Phyto-4-Pattes.jpg","contentUrl":"http:\/\/phyto4pattes.fr\/wp-content\/uploads\/2026\/03\/cropped-logo-10-Phyto-4-Pattes.jpg","width":250,"height":250,"caption":"Phyto4Pattes.fr"},"image":{"@id":"http:\/\/phyto4pattes.fr\/#\/schema\/logo\/image\/"}}]}},"_links":{"self":[{"href":"https:\/\/phyto4pattes.fr\/index.php\/wp-json\/wp\/v2\/product\/561","targetHints":{"allow":["GET"]}}],"collection":[{"href":"https:\/\/phyto4pattes.fr\/index.php\/wp-json\/wp\/v2\/product"}],"about":[{"href":"https:\/\/phyto4pattes.fr\/index.php\/wp-json\/wp\/v2\/types\/product"}],"replies":[{"embeddable":true,"href":"https:\/\/phyto4pattes.fr\/index.php\/wp-json\/wp\/v2\/comments?post=561"}],"wp:featuredmedia":[{"embeddable":true,"href":"https:\/\/phyto4pattes.fr\/index.php\/wp-json\/wp\/v2\/media\/562"}],"wp:attachment":[{"href":"https:\/\/phyto4pattes.fr\/index.php\/wp-json\/wp\/v2\/media?parent=561"}],"wp:term":[{"taxonomy":"product_brand","embeddable":true,"href":"https:\/\/phyto4pattes.fr\/index.php\/wp-json\/wp\/v2\/product_brand?post=561"},{"taxonomy":"product_cat","embeddable":true,"href":"https:\/\/phyto4pattes.fr\/index.php\/wp-json\/wp\/v2\/product_cat?post=561"},{"taxonomy":"product_tag","embeddable":true,"href":"https:\/\/phyto4pattes.fr\/index.php\/wp-json\/wp\/v2\/product_tag?post=561"}],"curies":[{"name":"wp","href":"https:\/\/api.w.org\/{rel}","templated":true}]}}