{"id":559,"date":"2026-04-07T13:15:06","date_gmt":"2026-04-07T13:15:06","guid":{"rendered":"https:\/\/phyto4pattes.fr\/?post_type=product&#038;p=559"},"modified":"2026-04-13T05:00:03","modified_gmt":"2026-04-13T05:00:03","slug":"brume-apaisante-serenite","status":"publish","type":"product","link":"https:\/\/phyto4pattes.fr\/index.php\/produit\/brume-apaisante-serenite\/","title":{"rendered":"Brume apaisante S\u00e9r\u00e9nit\u00e9"},"content":{"rendered":"<h3 data-section-id=\"1chhgkp\" data-start=\"747\" data-end=\"819\">\ud83d\udc3e Apaisez votre chien\u2026 simplement en transformant son environnement<\/h3>\n<p data-start=\"821\" data-end=\"906\">Votre chien est stress\u00e9 \u00e0 la maison, en voiture ou lors de situations inhabituelles ?<\/p>\n<p data-start=\"908\" data-end=\"987\">\ud83d\udc49 Et si vous pouviez l\u2019aider \u00e0 se d\u00e9tendre\u2026 sans le toucher, sans contrainte ?<\/p>\n<p data-start=\"989\" data-end=\"1074\">Avec <strong data-start=\"994\" data-end=\"1022\">Brume Apaisante S\u00e9r\u00e9nit\u00e9<\/strong>, cr\u00e9ez un v\u00e9ritable cocon de calme autour de lui \ud83c\udf3f<\/p>\n<h3 data-section-id=\"1git4rl\" data-start=\"1081\" data-end=\"1131\">\ud83c\udf3f Une formule ultra douce, adapt\u00e9e aux chiens<\/h3>\n<p data-start=\"1133\" data-end=\"1278\">\u2714\ufe0f 100% hydrolats naturels<br data-start=\"1159\" data-end=\"1162\" \/>\u2714\ufe0f Sans huiles essentielles agressives<br data-start=\"1200\" data-end=\"1203\" \/>\u2714\ufe0f Sans alcool, sans parfum artificiel<br data-start=\"1241\" data-end=\"1244\" \/>\u2714\ufe0f Convient aux chiens sensibles<\/p>\n<p data-start=\"1280\" data-end=\"1328\">\ud83d\udc9a Une solution respectueuse du bien-\u00eatre animal<\/p>\n<h3 data-section-id=\"1tqhs80\" data-start=\"1335\" data-end=\"1372\">\ud83e\udde0 Les bienfaits pour votre chien<\/h3>\n<ul data-start=\"1374\" data-end=\"1531\">\n<li data-section-id=\"vof0n8\" data-start=\"1374\" data-end=\"1410\">Apaise les tensions et l\u2019anxi\u00e9t\u00e9<\/li>\n<li data-section-id=\"1w1xb36\" data-start=\"1411\" data-end=\"1445\">Cr\u00e9e une atmosph\u00e8re rassurante<\/li>\n<li data-section-id=\"1uw3e5y\" data-start=\"1446\" data-end=\"1481\">Favorise la d\u00e9tente et le repos<\/li>\n<li data-section-id=\"1fdw2d0\" data-start=\"1482\" data-end=\"1531\">Aide \u00e0 mieux g\u00e9rer les situations stressantes<\/li>\n<\/ul>\n","protected":false},"excerpt":{"rendered":"<p>(hydrolat de fleur d&rsquo;oranger, camomille, lavande)<\/p>\n<h3 data-section-id=\"1s4g0oi\" data-start=\"1735\" data-end=\"1770\">\ud83d\udc3e Utilisation simple et rapide<\/h3>\n<ol data-start=\"1772\" data-end=\"1894\">\n<li data-section-id=\"1r4wdtc\" data-start=\"1772\" data-end=\"1817\">Pulv\u00e9risez dans l\u2019environnement du chien<\/li>\n<li data-section-id=\"1nfmg3s\" data-start=\"1818\" data-end=\"1862\">Sur son couchage, coussin ou couverture<\/li>\n<li data-section-id=\"1yfqhex\" data-start=\"1863\" data-end=\"1894\">Ou dans la pi\u00e8ce \/ voiture<\/li>\n<\/ol>\n<p data-start=\"1896\" data-end=\"1962\">\ud83d\udca1 Quelques sprays suffisent pour installer une ambiance apaisante<\/p>\n<h3 data-section-id=\"1840rzu\" data-start=\"2330\" data-end=\"2348\">\u26a0\ufe0f Pr\u00e9cautions<\/h3>\n<ul data-start=\"2350\" data-end=\"2467\">\n<li data-section-id=\"ajri39\" data-start=\"2350\" data-end=\"2397\">Ne pas pulv\u00e9riser directement sur le museau<\/li>\n<li data-section-id=\"wd10op\" data-start=\"2398\" data-end=\"2426\">Usage externe uniquement<\/li>\n<li data-section-id=\"d9cy5z\" data-start=\"2427\" data-end=\"2467\">Respecter la sensibilit\u00e9 de l\u2019animal<\/li>\n<\/ul>\n<p>en flacon de 250 ml<\/p>\n","protected":false},"featured_media":560,"comment_status":"closed","ping_status":"closed","template":"","meta":[],"product_brand":[],"product_cat":[44],"product_tag":[111,112,115,114,110,113],"class_list":{"0":"post-559","1":"product","2":"type-product","3":"status-publish","4":"has-post-thumbnail","6":"product_cat-comportement-et-stress","7":"product_tag-calmer-chien-anxieux-naturellement","8":"product_tag-hydrolat-chien-apaisant","9":"product_tag-parfum-apaisant-chien","10":"product_tag-solution-naturelle-stress-chien","11":"product_tag-spray-anti-stress-chien","12":"product_tag-spray-naturel-chien-stress","14":"first","15":"instock","16":"taxable","17":"shipping-taxable","18":"purchasable","19":"product-type-simple"},"yoast_head":"<!-- This site is optimized with the Yoast SEO plugin v27.2 - https:\/\/yoast.com\/product\/yoast-seo-wordpress\/ -->\n<title>Brume apaisante S\u00e9r\u00e9nit\u00e9 - Phyto4Pattes.fr<\/title>\n<meta name=\"description\" content=\"Brume apaisante pour chien stress\u00e9 aux hydrolats naturels. Calme l\u2019anxi\u00e9t\u00e9 et cr\u00e9e un environnement rassurant en quelques pulv\u00e9risations. Douce, s\u00fbre et efficace.\" \/>\n<meta name=\"robots\" content=\"index, follow, max-snippet:-1, max-image-preview:large, max-video-preview:-1\" \/>\n<link rel=\"canonical\" href=\"https:\/\/phyto4pattes.fr\/index.php\/produit\/brume-apaisante-serenite\/\" \/>\n<meta property=\"og:locale\" content=\"fr_FR\" \/>\n<meta property=\"og:type\" content=\"article\" \/>\n<meta property=\"og:title\" content=\"Brume apaisante S\u00e9r\u00e9nit\u00e9 - Phyto4Pattes.fr\" \/>\n<meta property=\"og:description\" content=\"Brume apaisante pour chien stress\u00e9 aux hydrolats naturels. Calme l\u2019anxi\u00e9t\u00e9 et cr\u00e9e un environnement rassurant en quelques pulv\u00e9risations. Douce, s\u00fbre et efficace.\" \/>\n<meta property=\"og:url\" content=\"https:\/\/phyto4pattes.fr\/index.php\/produit\/brume-apaisante-serenite\/\" \/>\n<meta property=\"og:site_name\" content=\"Phyto4Pattes.fr\" \/>\n<meta property=\"article:modified_time\" content=\"2026-04-13T05:00:03+00:00\" \/>\n<meta property=\"og:image\" content=\"https:\/\/phyto4pattes.fr\/wp-content\/uploads\/2026\/04\/Brume-apaisante-Serenite.jpg\" \/>\n\t<meta property=\"og:image:width\" content=\"1024\" \/>\n\t<meta property=\"og:image:height\" content=\"1536\" \/>\n\t<meta property=\"og:image:type\" content=\"image\/jpeg\" \/>\n<meta name=\"twitter:card\" content=\"summary_large_image\" \/>\n<meta name=\"twitter:label1\" content=\"Dur\u00e9e de lecture estim\u00e9e\" \/>\n\t<meta name=\"twitter:data1\" content=\"1 minute\" \/>\n<script type=\"application\/ld+json\" class=\"yoast-schema-graph\">{\"@context\":\"https:\/\/schema.org\",\"@graph\":[{\"@type\":\"WebPage\",\"@id\":\"https:\/\/phyto4pattes.fr\/index.php\/produit\/brume-apaisante-serenite\/\",\"url\":\"https:\/\/phyto4pattes.fr\/index.php\/produit\/brume-apaisante-serenite\/\",\"name\":\"Brume apaisante S\u00e9r\u00e9nit\u00e9 - Phyto4Pattes.fr\",\"isPartOf\":{\"@id\":\"http:\/\/phyto4pattes.fr\/#website\"},\"primaryImageOfPage\":{\"@id\":\"https:\/\/phyto4pattes.fr\/index.php\/produit\/brume-apaisante-serenite\/#primaryimage\"},\"image\":{\"@id\":\"https:\/\/phyto4pattes.fr\/index.php\/produit\/brume-apaisante-serenite\/#primaryimage\"},\"thumbnailUrl\":\"https:\/\/phyto4pattes.fr\/wp-content\/uploads\/2026\/04\/Brume-apaisante-Serenite.jpg\",\"datePublished\":\"2026-04-07T13:15:06+00:00\",\"dateModified\":\"2026-04-13T05:00:03+00:00\",\"description\":\"Brume apaisante pour chien stress\u00e9 aux hydrolats naturels. Calme l\u2019anxi\u00e9t\u00e9 et cr\u00e9e un environnement rassurant en quelques pulv\u00e9risations. Douce, s\u00fbre et efficace.\",\"breadcrumb\":{\"@id\":\"https:\/\/phyto4pattes.fr\/index.php\/produit\/brume-apaisante-serenite\/#breadcrumb\"},\"inLanguage\":\"fr-FR\",\"potentialAction\":[{\"@type\":\"ReadAction\",\"target\":[\"https:\/\/phyto4pattes.fr\/index.php\/produit\/brume-apaisante-serenite\/\"]}]},{\"@type\":\"ImageObject\",\"inLanguage\":\"fr-FR\",\"@id\":\"https:\/\/phyto4pattes.fr\/index.php\/produit\/brume-apaisante-serenite\/#primaryimage\",\"url\":\"https:\/\/phyto4pattes.fr\/wp-content\/uploads\/2026\/04\/Brume-apaisante-Serenite.jpg\",\"contentUrl\":\"https:\/\/phyto4pattes.fr\/wp-content\/uploads\/2026\/04\/Brume-apaisante-Serenite.jpg\",\"width\":1024,\"height\":1536},{\"@type\":\"BreadcrumbList\",\"@id\":\"https:\/\/phyto4pattes.fr\/index.php\/produit\/brume-apaisante-serenite\/#breadcrumb\",\"itemListElement\":[{\"@type\":\"ListItem\",\"position\":1,\"name\":\"Accueil\",\"item\":\"https:\/\/phyto4pattes.fr\/\"},{\"@type\":\"ListItem\",\"position\":2,\"name\":\"Boutique\",\"item\":\"https:\/\/phyto4pattes.fr\/index.php\/shop\/\"},{\"@type\":\"ListItem\",\"position\":3,\"name\":\"Brume apaisante S\u00e9r\u00e9nit\u00e9\"}]},{\"@type\":\"WebSite\",\"@id\":\"http:\/\/phyto4pattes.fr\/#website\",\"url\":\"http:\/\/phyto4pattes.fr\/\",\"name\":\"Phyto4Pattes.fr\",\"description\":\"\u00ab Le bien-\u00eatre de votre animal commence par les plantes \u00bb\",\"publisher\":{\"@id\":\"http:\/\/phyto4pattes.fr\/#organization\"},\"potentialAction\":[{\"@type\":\"SearchAction\",\"target\":{\"@type\":\"EntryPoint\",\"urlTemplate\":\"http:\/\/phyto4pattes.fr\/?s={search_term_string}\"},\"query-input\":{\"@type\":\"PropertyValueSpecification\",\"valueRequired\":true,\"valueName\":\"search_term_string\"}}],\"inLanguage\":\"fr-FR\"},{\"@type\":\"Organization\",\"@id\":\"http:\/\/phyto4pattes.fr\/#organization\",\"name\":\"Phyto4Pattes.fr\",\"url\":\"http:\/\/phyto4pattes.fr\/\",\"logo\":{\"@type\":\"ImageObject\",\"inLanguage\":\"fr-FR\",\"@id\":\"http:\/\/phyto4pattes.fr\/#\/schema\/logo\/image\/\",\"url\":\"http:\/\/phyto4pattes.fr\/wp-content\/uploads\/2026\/03\/cropped-logo-10-Phyto-4-Pattes.jpg\",\"contentUrl\":\"http:\/\/phyto4pattes.fr\/wp-content\/uploads\/2026\/03\/cropped-logo-10-Phyto-4-Pattes.jpg\",\"width\":250,\"height\":250,\"caption\":\"Phyto4Pattes.fr\"},\"image\":{\"@id\":\"http:\/\/phyto4pattes.fr\/#\/schema\/logo\/image\/\"}}]}<\/script>\n<!-- \/ Yoast SEO plugin. -->","yoast_head_json":{"title":"Brume apaisante S\u00e9r\u00e9nit\u00e9 - Phyto4Pattes.fr","description":"Brume apaisante pour chien stress\u00e9 aux hydrolats naturels. Calme l\u2019anxi\u00e9t\u00e9 et cr\u00e9e un environnement rassurant en quelques pulv\u00e9risations. Douce, s\u00fbre et efficace.","robots":{"index":"index","follow":"follow","max-snippet":"max-snippet:-1","max-image-preview":"max-image-preview:large","max-video-preview":"max-video-preview:-1"},"canonical":"https:\/\/phyto4pattes.fr\/index.php\/produit\/brume-apaisante-serenite\/","og_locale":"fr_FR","og_type":"article","og_title":"Brume apaisante S\u00e9r\u00e9nit\u00e9 - Phyto4Pattes.fr","og_description":"Brume apaisante pour chien stress\u00e9 aux hydrolats naturels. Calme l\u2019anxi\u00e9t\u00e9 et cr\u00e9e un environnement rassurant en quelques pulv\u00e9risations. Douce, s\u00fbre et efficace.","og_url":"https:\/\/phyto4pattes.fr\/index.php\/produit\/brume-apaisante-serenite\/","og_site_name":"Phyto4Pattes.fr","article_modified_time":"2026-04-13T05:00:03+00:00","og_image":[{"width":1024,"height":1536,"url":"https:\/\/phyto4pattes.fr\/wp-content\/uploads\/2026\/04\/Brume-apaisante-Serenite.jpg","type":"image\/jpeg"}],"twitter_card":"summary_large_image","twitter_misc":{"Dur\u00e9e de lecture estim\u00e9e":"1 minute"},"schema":{"@context":"https:\/\/schema.org","@graph":[{"@type":"WebPage","@id":"https:\/\/phyto4pattes.fr\/index.php\/produit\/brume-apaisante-serenite\/","url":"https:\/\/phyto4pattes.fr\/index.php\/produit\/brume-apaisante-serenite\/","name":"Brume apaisante S\u00e9r\u00e9nit\u00e9 - Phyto4Pattes.fr","isPartOf":{"@id":"http:\/\/phyto4pattes.fr\/#website"},"primaryImageOfPage":{"@id":"https:\/\/phyto4pattes.fr\/index.php\/produit\/brume-apaisante-serenite\/#primaryimage"},"image":{"@id":"https:\/\/phyto4pattes.fr\/index.php\/produit\/brume-apaisante-serenite\/#primaryimage"},"thumbnailUrl":"https:\/\/phyto4pattes.fr\/wp-content\/uploads\/2026\/04\/Brume-apaisante-Serenite.jpg","datePublished":"2026-04-07T13:15:06+00:00","dateModified":"2026-04-13T05:00:03+00:00","description":"Brume apaisante pour chien stress\u00e9 aux hydrolats naturels. Calme l\u2019anxi\u00e9t\u00e9 et cr\u00e9e un environnement rassurant en quelques pulv\u00e9risations. Douce, s\u00fbre et efficace.","breadcrumb":{"@id":"https:\/\/phyto4pattes.fr\/index.php\/produit\/brume-apaisante-serenite\/#breadcrumb"},"inLanguage":"fr-FR","potentialAction":[{"@type":"ReadAction","target":["https:\/\/phyto4pattes.fr\/index.php\/produit\/brume-apaisante-serenite\/"]}]},{"@type":"ImageObject","inLanguage":"fr-FR","@id":"https:\/\/phyto4pattes.fr\/index.php\/produit\/brume-apaisante-serenite\/#primaryimage","url":"https:\/\/phyto4pattes.fr\/wp-content\/uploads\/2026\/04\/Brume-apaisante-Serenite.jpg","contentUrl":"https:\/\/phyto4pattes.fr\/wp-content\/uploads\/2026\/04\/Brume-apaisante-Serenite.jpg","width":1024,"height":1536},{"@type":"BreadcrumbList","@id":"https:\/\/phyto4pattes.fr\/index.php\/produit\/brume-apaisante-serenite\/#breadcrumb","itemListElement":[{"@type":"ListItem","position":1,"name":"Accueil","item":"https:\/\/phyto4pattes.fr\/"},{"@type":"ListItem","position":2,"name":"Boutique","item":"https:\/\/phyto4pattes.fr\/index.php\/shop\/"},{"@type":"ListItem","position":3,"name":"Brume apaisante S\u00e9r\u00e9nit\u00e9"}]},{"@type":"WebSite","@id":"http:\/\/phyto4pattes.fr\/#website","url":"http:\/\/phyto4pattes.fr\/","name":"Phyto4Pattes.fr","description":"\u00ab Le bien-\u00eatre de votre animal commence par les plantes \u00bb","publisher":{"@id":"http:\/\/phyto4pattes.fr\/#organization"},"potentialAction":[{"@type":"SearchAction","target":{"@type":"EntryPoint","urlTemplate":"http:\/\/phyto4pattes.fr\/?s={search_term_string}"},"query-input":{"@type":"PropertyValueSpecification","valueRequired":true,"valueName":"search_term_string"}}],"inLanguage":"fr-FR"},{"@type":"Organization","@id":"http:\/\/phyto4pattes.fr\/#organization","name":"Phyto4Pattes.fr","url":"http:\/\/phyto4pattes.fr\/","logo":{"@type":"ImageObject","inLanguage":"fr-FR","@id":"http:\/\/phyto4pattes.fr\/#\/schema\/logo\/image\/","url":"http:\/\/phyto4pattes.fr\/wp-content\/uploads\/2026\/03\/cropped-logo-10-Phyto-4-Pattes.jpg","contentUrl":"http:\/\/phyto4pattes.fr\/wp-content\/uploads\/2026\/03\/cropped-logo-10-Phyto-4-Pattes.jpg","width":250,"height":250,"caption":"Phyto4Pattes.fr"},"image":{"@id":"http:\/\/phyto4pattes.fr\/#\/schema\/logo\/image\/"}}]}},"_links":{"self":[{"href":"https:\/\/phyto4pattes.fr\/index.php\/wp-json\/wp\/v2\/product\/559","targetHints":{"allow":["GET"]}}],"collection":[{"href":"https:\/\/phyto4pattes.fr\/index.php\/wp-json\/wp\/v2\/product"}],"about":[{"href":"https:\/\/phyto4pattes.fr\/index.php\/wp-json\/wp\/v2\/types\/product"}],"replies":[{"embeddable":true,"href":"https:\/\/phyto4pattes.fr\/index.php\/wp-json\/wp\/v2\/comments?post=559"}],"wp:featuredmedia":[{"embeddable":true,"href":"https:\/\/phyto4pattes.fr\/index.php\/wp-json\/wp\/v2\/media\/560"}],"wp:attachment":[{"href":"https:\/\/phyto4pattes.fr\/index.php\/wp-json\/wp\/v2\/media?parent=559"}],"wp:term":[{"taxonomy":"product_brand","embeddable":true,"href":"https:\/\/phyto4pattes.fr\/index.php\/wp-json\/wp\/v2\/product_brand?post=559"},{"taxonomy":"product_cat","embeddable":true,"href":"https:\/\/phyto4pattes.fr\/index.php\/wp-json\/wp\/v2\/product_cat?post=559"},{"taxonomy":"product_tag","embeddable":true,"href":"https:\/\/phyto4pattes.fr\/index.php\/wp-json\/wp\/v2\/product_tag?post=559"}],"curies":[{"name":"wp","href":"https:\/\/api.w.org\/{rel}","templated":true}]}}