{"id":493,"date":"2026-03-30T18:59:52","date_gmt":"2026-03-30T18:59:52","guid":{"rendered":"https:\/\/phyto4pattes.fr\/?post_type=product&#038;p=493"},"modified":"2026-04-16T09:21:27","modified_gmt":"2026-04-16T09:21:27","slug":"vita-seniors","status":"publish","type":"product","link":"https:\/\/phyto4pattes.fr\/index.php\/produit\/vita-seniors\/","title":{"rendered":"Vita seniors +"},"content":{"rendered":"<p data-start=\"791\" data-end=\"1044\">Votre chien vieillit et montre des signes de fatigue, de raideur ou de perte d\u2019\u00e9nergie ?<\/p>\n<p data-start=\"791\" data-end=\"1044\"><br data-start=\"879\" data-end=\"882\" \/>\ud83d\udc49 <strong data-start=\"885\" data-end=\"908\">VITA SENIOR+ <\/strong>est un <strong data-start=\"916\" data-end=\"956\">compl\u00e9ment naturel pour chien senior<\/strong> sp\u00e9cialement formul\u00e9 pour accompagner le vieillissement et pr\u00e9server sa qualit\u00e9 de vie.<\/p>\n<p data-start=\"1046\" data-end=\"1208\">Gr\u00e2ce \u00e0 une synergie de plantes puissantes, cette cure agit en profondeur pour redonner vitalit\u00e9, soutenir les articulations et stimuler les fonctions cognitives.<\/p>\n<p data-start=\"1046\" data-end=\"1208\"><span role=\"text\">\u2b50 <strong data-start=\"1220\" data-end=\"1242\">Les bienfaits cl\u00e9s<\/strong><\/span><\/p>\n<p data-start=\"1244\" data-end=\"1503\">\u2714\ufe0f Redonne de l\u2019\u00e9nergie et de la vitalit\u00e9<br data-start=\"1285\" data-end=\"1288\" \/>\u2714\ufe0f Soutient les articulations et la mobilit\u00e9<br data-start=\"1332\" data-end=\"1335\" \/>\u2714\ufe0f Stimule la m\u00e9moire et la fonction cognitive<br data-start=\"1381\" data-end=\"1384\" \/>\u2714\ufe0f Renforce le syst\u00e8me immunitaire\u00a0\u00a0<br data-start=\"1418\" data-end=\"1421\" \/>\u2714\ufe0f Favorise une digestion saine\u00a0\u00a0<br data-start=\"1452\" data-end=\"1455\" \/>\u2714\ufe0f Aide votre chien \u00e0 vieillir en pleine forme<\/p>\n<h2 data-section-id=\"vhdde2\" data-start=\"2901\" data-end=\"2932\"><span role=\"text\">\ud83d\udee1\ufe0f <strong data-start=\"2908\" data-end=\"2932\">Pr\u00e9cautions d\u2019emploi<\/strong><\/span><\/h2>\n<ul data-start=\"2934\" data-end=\"3084\">\n<li data-section-id=\"xhnxfo\" data-start=\"2934\" data-end=\"2978\">Ne pas utiliser chez la femelle gestante<\/li>\n<li data-section-id=\"1aknoss\" data-start=\"2979\" data-end=\"3037\">Demander conseil \u00e0 un v\u00e9t\u00e9rinaire en cas de traitement<\/li>\n<li data-section-id=\"syg70\" data-start=\"3038\" data-end=\"3084\">Conserver au sec et \u00e0 l\u2019abri de la lumi\u00e8re<\/li>\n<\/ul>\n<p>Nos articles pour votre information :<\/p>\n<ol>\n<li>\ud83d\udc49 <em data-start=\"840\" data-end=\"872\">\u201cplantes calmantes pour chien\u201d<\/em><\/li>\n<li>\ud83d\udc49 <em style=\"font-size: 1rem;\" data-start=\"692\" data-end=\"738\">\u201crenforcer les d\u00e9fenses naturelles du chien\u201d<\/em><\/li>\n<li>\ud83d\udc49 <em style=\"font-size: 1rem;\" data-start=\"625\" data-end=\"661\">\u201ctroubles digestifs chez le chien\u201d<\/em><\/li>\n<\/ol>\n","protected":false},"excerpt":{"rendered":"<h2 data-section-id=\"26fv9q\" data-start=\"2153\" data-end=\"2182\"><span role=\"text\">\ud83c\udf31 <strong data-start=\"1516\" data-end=\"1562\">Une formule naturelle compl\u00e8te et efficace<\/strong><\/span><\/h2>\n<p data-section-id=\"26fv9q\" data-start=\"2153\" data-end=\"2182\"><em><span role=\"text\">(spiruline, levure, curcuma, boswellia)<\/span><\/em><\/p>\n<h2 data-section-id=\"26fv9q\" data-start=\"2153\" data-end=\"2182\"><span role=\"text\">\ud83d\udc15 <strong data-start=\"2159\" data-end=\"2182\">Pour quels chiens ?<\/strong><\/span><\/h2>\n<p data-start=\"2183\" data-end=\"2319\">\u2714\ufe0f Chiens de plus de 7 ans \u2714\ufe0f Chiens fatigu\u00e9s ou moins actifs \u2714\ufe0f Chiens avec raideurs ou arthrose \u2714\ufe0f Chiens en perte de vitalit\u00e9<\/p>\n<h2 data-section-id=\"1e4dkj4\" data-start=\"2326\" data-end=\"2349\"><span role=\"text\">\u2696\ufe0f <strong data-start=\"2332\" data-end=\"2349\">Mode d\u2019emploi<\/strong><\/span><\/h2>\n<p data-start=\"2351\" data-end=\"2389\">M\u00e9langer directement \u00e0 la nourriture :<\/p>\n<ul data-start=\"2391\" data-end=\"2481\">\n<li data-section-id=\"pwfwj7\" data-start=\"2391\" data-end=\"2422\">Moins de 10 kg : 1 c dose \/ jour<\/li>\n<li data-section-id=\"7b4e8\" data-start=\"2423\" data-end=\"2450\">10 \u00e0 25 kg : 2 c.dose \/ jour<\/li>\n<li data-section-id=\"k0o7y3\" data-start=\"2451\" data-end=\"2481\">1c.dose \/ 10 kg poids \/ jour<\/li>\n<\/ul>\n<p data-start=\"2483\" data-end=\"2535\">\ud83d\udc49 Cure de 1 \u00e0 3 mois \u2013 renouvelable toute l\u2019ann\u00e9e<\/p>\n<p data-start=\"2483\" data-end=\"2535\">en pot de 200 g de poudres de plantes<\/p>\n<p data-start=\"2483\" data-end=\"2535\">\n","protected":false},"featured_media":135,"comment_status":"closed","ping_status":"closed","template":"","meta":[],"product_brand":[],"product_cat":[28,43],"product_tag":[85,81,82,84,83,80],"class_list":{"0":"post-493","1":"product","2":"type-product","3":"status-publish","4":"has-post-thumbnail","6":"product_cat-gamme-canine","7":"product_cat-immunite-et-vitalite","8":"product_tag-bien-etre-chien-age","9":"product_tag-complement-chien-age","10":"product_tag-cure-naturelle-chien-senior","11":"product_tag-fatigue-chien","12":"product_tag-plantes-chien-senior","13":"product_tag-vitalite-chien-age","15":"first","16":"instock","17":"taxable","18":"shipping-taxable","19":"purchasable","20":"product-type-simple"},"yoast_head":"<!-- This site is optimized with the Yoast SEO plugin v27.2 - https:\/\/yoast.com\/product\/yoast-seo-wordpress\/ -->\n<title>Vita seniors + - Phyto4Pattes.fr<\/title>\n<meta name=\"description\" content=\"Offrez une seconde jeunesse \u00e0 votre chien \ud83d\udc36 ! Vita Senior + est un compl\u00e9ment naturel pour chien senior qui booste \u00e9nergie, articulations et immunit\u00e9.\" \/>\n<meta name=\"robots\" content=\"index, follow, max-snippet:-1, max-image-preview:large, max-video-preview:-1\" \/>\n<link rel=\"canonical\" href=\"https:\/\/phyto4pattes.fr\/index.php\/produit\/vita-seniors\/\" \/>\n<meta property=\"og:locale\" content=\"fr_FR\" \/>\n<meta property=\"og:type\" content=\"article\" \/>\n<meta property=\"og:title\" content=\"Vita seniors + - Phyto4Pattes.fr\" \/>\n<meta property=\"og:description\" content=\"Offrez une seconde jeunesse \u00e0 votre chien \ud83d\udc36 ! Vita Senior + est un compl\u00e9ment naturel pour chien senior qui booste \u00e9nergie, articulations et immunit\u00e9.\" \/>\n<meta property=\"og:url\" content=\"https:\/\/phyto4pattes.fr\/index.php\/produit\/vita-seniors\/\" \/>\n<meta property=\"og:site_name\" content=\"Phyto4Pattes.fr\" \/>\n<meta property=\"article:modified_time\" content=\"2026-04-16T09:21:27+00:00\" \/>\n<meta property=\"og:image\" content=\"http:\/\/phyto4pattes.fr\/wp-content\/uploads\/2026\/03\/fortifiant-naturel-chiens.jpg\" \/>\n\t<meta property=\"og:image:width\" content=\"800\" \/>\n\t<meta property=\"og:image:height\" content=\"800\" \/>\n\t<meta property=\"og:image:type\" content=\"image\/jpeg\" \/>\n<meta name=\"twitter:card\" content=\"summary_large_image\" \/>\n<meta name=\"twitter:label1\" content=\"Dur\u00e9e de lecture estim\u00e9e\" \/>\n\t<meta name=\"twitter:data1\" content=\"2 minutes\" \/>\n<script type=\"application\/ld+json\" class=\"yoast-schema-graph\">{\"@context\":\"https:\/\/schema.org\",\"@graph\":[{\"@type\":\"WebPage\",\"@id\":\"https:\/\/phyto4pattes.fr\/index.php\/produit\/vita-seniors\/\",\"url\":\"https:\/\/phyto4pattes.fr\/index.php\/produit\/vita-seniors\/\",\"name\":\"Vita seniors + - Phyto4Pattes.fr\",\"isPartOf\":{\"@id\":\"http:\/\/phyto4pattes.fr\/#website\"},\"primaryImageOfPage\":{\"@id\":\"https:\/\/phyto4pattes.fr\/index.php\/produit\/vita-seniors\/#primaryimage\"},\"image\":{\"@id\":\"https:\/\/phyto4pattes.fr\/index.php\/produit\/vita-seniors\/#primaryimage\"},\"thumbnailUrl\":\"https:\/\/phyto4pattes.fr\/wp-content\/uploads\/2026\/03\/fortifiant-naturel-chiens.jpg\",\"datePublished\":\"2026-03-30T18:59:52+00:00\",\"dateModified\":\"2026-04-16T09:21:27+00:00\",\"description\":\"Offrez une seconde jeunesse \u00e0 votre chien \ud83d\udc36 ! Vita Senior + est un compl\u00e9ment naturel pour chien senior qui booste \u00e9nergie, articulations et immunit\u00e9.\",\"breadcrumb\":{\"@id\":\"https:\/\/phyto4pattes.fr\/index.php\/produit\/vita-seniors\/#breadcrumb\"},\"inLanguage\":\"fr-FR\",\"potentialAction\":[{\"@type\":\"ReadAction\",\"target\":[\"https:\/\/phyto4pattes.fr\/index.php\/produit\/vita-seniors\/\"]}]},{\"@type\":\"ImageObject\",\"inLanguage\":\"fr-FR\",\"@id\":\"https:\/\/phyto4pattes.fr\/index.php\/produit\/vita-seniors\/#primaryimage\",\"url\":\"https:\/\/phyto4pattes.fr\/wp-content\/uploads\/2026\/03\/fortifiant-naturel-chiens.jpg\",\"contentUrl\":\"https:\/\/phyto4pattes.fr\/wp-content\/uploads\/2026\/03\/fortifiant-naturel-chiens.jpg\",\"width\":800,\"height\":800},{\"@type\":\"BreadcrumbList\",\"@id\":\"https:\/\/phyto4pattes.fr\/index.php\/produit\/vita-seniors\/#breadcrumb\",\"itemListElement\":[{\"@type\":\"ListItem\",\"position\":1,\"name\":\"Accueil\",\"item\":\"https:\/\/phyto4pattes.fr\/\"},{\"@type\":\"ListItem\",\"position\":2,\"name\":\"Boutique\",\"item\":\"https:\/\/phyto4pattes.fr\/index.php\/shop\/\"},{\"@type\":\"ListItem\",\"position\":3,\"name\":\"Vita seniors +\"}]},{\"@type\":\"WebSite\",\"@id\":\"http:\/\/phyto4pattes.fr\/#website\",\"url\":\"http:\/\/phyto4pattes.fr\/\",\"name\":\"Phyto4Pattes.fr\",\"description\":\"\u00ab Le bien-\u00eatre de votre animal commence par les plantes \u00bb\",\"publisher\":{\"@id\":\"http:\/\/phyto4pattes.fr\/#organization\"},\"potentialAction\":[{\"@type\":\"SearchAction\",\"target\":{\"@type\":\"EntryPoint\",\"urlTemplate\":\"http:\/\/phyto4pattes.fr\/?s={search_term_string}\"},\"query-input\":{\"@type\":\"PropertyValueSpecification\",\"valueRequired\":true,\"valueName\":\"search_term_string\"}}],\"inLanguage\":\"fr-FR\"},{\"@type\":\"Organization\",\"@id\":\"http:\/\/phyto4pattes.fr\/#organization\",\"name\":\"Phyto4Pattes.fr\",\"url\":\"http:\/\/phyto4pattes.fr\/\",\"logo\":{\"@type\":\"ImageObject\",\"inLanguage\":\"fr-FR\",\"@id\":\"http:\/\/phyto4pattes.fr\/#\/schema\/logo\/image\/\",\"url\":\"http:\/\/phyto4pattes.fr\/wp-content\/uploads\/2026\/03\/cropped-logo-10-Phyto-4-Pattes.jpg\",\"contentUrl\":\"http:\/\/phyto4pattes.fr\/wp-content\/uploads\/2026\/03\/cropped-logo-10-Phyto-4-Pattes.jpg\",\"width\":250,\"height\":250,\"caption\":\"Phyto4Pattes.fr\"},\"image\":{\"@id\":\"http:\/\/phyto4pattes.fr\/#\/schema\/logo\/image\/\"}}]}<\/script>\n<!-- \/ Yoast SEO plugin. -->","yoast_head_json":{"title":"Vita seniors + - Phyto4Pattes.fr","description":"Offrez une seconde jeunesse \u00e0 votre chien \ud83d\udc36 ! Vita Senior + est un compl\u00e9ment naturel pour chien senior qui booste \u00e9nergie, articulations et immunit\u00e9.","robots":{"index":"index","follow":"follow","max-snippet":"max-snippet:-1","max-image-preview":"max-image-preview:large","max-video-preview":"max-video-preview:-1"},"canonical":"https:\/\/phyto4pattes.fr\/index.php\/produit\/vita-seniors\/","og_locale":"fr_FR","og_type":"article","og_title":"Vita seniors + - Phyto4Pattes.fr","og_description":"Offrez une seconde jeunesse \u00e0 votre chien \ud83d\udc36 ! Vita Senior + est un compl\u00e9ment naturel pour chien senior qui booste \u00e9nergie, articulations et immunit\u00e9.","og_url":"https:\/\/phyto4pattes.fr\/index.php\/produit\/vita-seniors\/","og_site_name":"Phyto4Pattes.fr","article_modified_time":"2026-04-16T09:21:27+00:00","og_image":[{"width":800,"height":800,"url":"http:\/\/phyto4pattes.fr\/wp-content\/uploads\/2026\/03\/fortifiant-naturel-chiens.jpg","type":"image\/jpeg"}],"twitter_card":"summary_large_image","twitter_misc":{"Dur\u00e9e de lecture estim\u00e9e":"2 minutes"},"schema":{"@context":"https:\/\/schema.org","@graph":[{"@type":"WebPage","@id":"https:\/\/phyto4pattes.fr\/index.php\/produit\/vita-seniors\/","url":"https:\/\/phyto4pattes.fr\/index.php\/produit\/vita-seniors\/","name":"Vita seniors + - Phyto4Pattes.fr","isPartOf":{"@id":"http:\/\/phyto4pattes.fr\/#website"},"primaryImageOfPage":{"@id":"https:\/\/phyto4pattes.fr\/index.php\/produit\/vita-seniors\/#primaryimage"},"image":{"@id":"https:\/\/phyto4pattes.fr\/index.php\/produit\/vita-seniors\/#primaryimage"},"thumbnailUrl":"https:\/\/phyto4pattes.fr\/wp-content\/uploads\/2026\/03\/fortifiant-naturel-chiens.jpg","datePublished":"2026-03-30T18:59:52+00:00","dateModified":"2026-04-16T09:21:27+00:00","description":"Offrez une seconde jeunesse \u00e0 votre chien \ud83d\udc36 ! Vita Senior + est un compl\u00e9ment naturel pour chien senior qui booste \u00e9nergie, articulations et immunit\u00e9.","breadcrumb":{"@id":"https:\/\/phyto4pattes.fr\/index.php\/produit\/vita-seniors\/#breadcrumb"},"inLanguage":"fr-FR","potentialAction":[{"@type":"ReadAction","target":["https:\/\/phyto4pattes.fr\/index.php\/produit\/vita-seniors\/"]}]},{"@type":"ImageObject","inLanguage":"fr-FR","@id":"https:\/\/phyto4pattes.fr\/index.php\/produit\/vita-seniors\/#primaryimage","url":"https:\/\/phyto4pattes.fr\/wp-content\/uploads\/2026\/03\/fortifiant-naturel-chiens.jpg","contentUrl":"https:\/\/phyto4pattes.fr\/wp-content\/uploads\/2026\/03\/fortifiant-naturel-chiens.jpg","width":800,"height":800},{"@type":"BreadcrumbList","@id":"https:\/\/phyto4pattes.fr\/index.php\/produit\/vita-seniors\/#breadcrumb","itemListElement":[{"@type":"ListItem","position":1,"name":"Accueil","item":"https:\/\/phyto4pattes.fr\/"},{"@type":"ListItem","position":2,"name":"Boutique","item":"https:\/\/phyto4pattes.fr\/index.php\/shop\/"},{"@type":"ListItem","position":3,"name":"Vita seniors +"}]},{"@type":"WebSite","@id":"http:\/\/phyto4pattes.fr\/#website","url":"http:\/\/phyto4pattes.fr\/","name":"Phyto4Pattes.fr","description":"\u00ab Le bien-\u00eatre de votre animal commence par les plantes \u00bb","publisher":{"@id":"http:\/\/phyto4pattes.fr\/#organization"},"potentialAction":[{"@type":"SearchAction","target":{"@type":"EntryPoint","urlTemplate":"http:\/\/phyto4pattes.fr\/?s={search_term_string}"},"query-input":{"@type":"PropertyValueSpecification","valueRequired":true,"valueName":"search_term_string"}}],"inLanguage":"fr-FR"},{"@type":"Organization","@id":"http:\/\/phyto4pattes.fr\/#organization","name":"Phyto4Pattes.fr","url":"http:\/\/phyto4pattes.fr\/","logo":{"@type":"ImageObject","inLanguage":"fr-FR","@id":"http:\/\/phyto4pattes.fr\/#\/schema\/logo\/image\/","url":"http:\/\/phyto4pattes.fr\/wp-content\/uploads\/2026\/03\/cropped-logo-10-Phyto-4-Pattes.jpg","contentUrl":"http:\/\/phyto4pattes.fr\/wp-content\/uploads\/2026\/03\/cropped-logo-10-Phyto-4-Pattes.jpg","width":250,"height":250,"caption":"Phyto4Pattes.fr"},"image":{"@id":"http:\/\/phyto4pattes.fr\/#\/schema\/logo\/image\/"}}]}},"_links":{"self":[{"href":"https:\/\/phyto4pattes.fr\/index.php\/wp-json\/wp\/v2\/product\/493","targetHints":{"allow":["GET"]}}],"collection":[{"href":"https:\/\/phyto4pattes.fr\/index.php\/wp-json\/wp\/v2\/product"}],"about":[{"href":"https:\/\/phyto4pattes.fr\/index.php\/wp-json\/wp\/v2\/types\/product"}],"replies":[{"embeddable":true,"href":"https:\/\/phyto4pattes.fr\/index.php\/wp-json\/wp\/v2\/comments?post=493"}],"wp:featuredmedia":[{"embeddable":true,"href":"https:\/\/phyto4pattes.fr\/index.php\/wp-json\/wp\/v2\/media\/135"}],"wp:attachment":[{"href":"https:\/\/phyto4pattes.fr\/index.php\/wp-json\/wp\/v2\/media?parent=493"}],"wp:term":[{"taxonomy":"product_brand","embeddable":true,"href":"https:\/\/phyto4pattes.fr\/index.php\/wp-json\/wp\/v2\/product_brand?post=493"},{"taxonomy":"product_cat","embeddable":true,"href":"https:\/\/phyto4pattes.fr\/index.php\/wp-json\/wp\/v2\/product_cat?post=493"},{"taxonomy":"product_tag","embeddable":true,"href":"https:\/\/phyto4pattes.fr\/index.php\/wp-json\/wp\/v2\/product_tag?post=493"}],"curies":[{"name":"wp","href":"https:\/\/api.w.org\/{rel}","templated":true}]}}