{"id":485,"date":"2026-03-30T11:24:02","date_gmt":"2026-03-30T11:24:02","guid":{"rendered":"https:\/\/phyto4pattes.fr\/?post_type=product&#038;p=485"},"modified":"2026-04-13T05:02:24","modified_gmt":"2026-04-13T05:02:24","slug":"immunidog-protect","status":"publish","type":"product","link":"https:\/\/phyto4pattes.fr\/index.php\/produit\/immunidog-protect\/","title":{"rendered":"Immunidog protect +"},"content":{"rendered":"<h2 data-section-id=\"1n0e6mk\" data-start=\"275\" data-end=\"289\">\ud83c\udf3f Compl\u00e9ment 100% naturel pour renforcer naturellement les d\u00e9fenses de votre chien<\/h2>\n<h2 data-section-id=\"1n0e6mk\" data-start=\"275\" data-end=\"289\">\ud83c\udfaf Objectif<\/h2>\n<p data-start=\"290\" data-end=\"353\">Soutenir, stimuler et r\u00e9guler le syst\u00e8me immunitaire du chien :<\/p>\n<ul data-start=\"354\" data-end=\"466\">\n<li data-section-id=\"1c9chg8\" data-start=\"354\" data-end=\"381\">Pr\u00e9vention des infections<\/li>\n<li data-section-id=\"ovdpqq\" data-start=\"382\" data-end=\"429\">Soutien en p\u00e9riode de fatigue \/ convalescence<\/li>\n<li data-section-id=\"bstoqz\" data-start=\"430\" data-end=\"466\">Renforcement global de la vitalit\u00e9<\/li>\n<\/ul>\n<h2 data-section-id=\"eb0f28\" data-start=\"520\" data-end=\"563\">\ud83e\uddec Pourquoi choisir ImmuniDog Protect+ ?<\/h2>\n<p data-start=\"565\" data-end=\"767\">\u2714\ufe0f Stimule les d\u00e9fenses naturelles<br data-start=\"599\" data-end=\"602\" \/>\u2714\ufe0f R\u00e9duit la sensibilit\u00e9 aux infections<br data-start=\"641\" data-end=\"644\" \/>\u2714\ufe0f Soutient les chiens fatigu\u00e9s ou fragiles<br data-start=\"687\" data-end=\"690\" \/>\u2714\ufe0f Renforce la vitalit\u00e9 globale<br data-start=\"721\" data-end=\"724\" \/>\u2714\ufe0f 100% naturel \u2013 sans additifs chimiques<\/p>\n<p>&nbsp;<\/p>\n","protected":false},"excerpt":{"rendered":"<p data-section-id=\"1p62m1m\" data-start=\"2346\" data-end=\"2361\"><em>(spiruline, levures, curcuma, \u00e9chinac\u00e9e)<\/em><\/p>\n<h3 data-section-id=\"1p62m1m\" data-start=\"2346\" data-end=\"2361\">Une formule compl\u00e8te \u00e0 base de plantes et superaliments pour <strong data-start=\"423\" data-end=\"482\">stimuler, prot\u00e9ger et \u00e9quilibrer le syst\u00e8me immunitaire<\/strong> de votre chien, naturellement.<\/h3>\n<blockquote data-start=\"2362\" data-end=\"2456\">\n<p data-start=\"2364\" data-end=\"2456\"><span style=\"color: #333333; font-size: 1.125rem;\">\ud83c\udfaf Cibles<\/span><\/p>\n<\/blockquote>\n<ul data-start=\"2472\" data-end=\"2551\">\n<li data-section-id=\"zyj05f\" data-start=\"2472\" data-end=\"2496\">Chiens fragiles \/ \u00e2g\u00e9s, Chiots (faible immunit\u00e9), Chiens actifs ou stress\u00e9s<\/li>\n<\/ul>\n<h2>\ud83d\udd12 Pr\u00e9cautions d\u2019emploi<\/h2>\n<ul>\n<li style=\"list-style-type: none;\">\n<ul data-start=\"1883\" data-end=\"2037\">\n<li data-section-id=\"bsat1v\" data-start=\"1883\" data-end=\"1930\">Ne pas utiliser chez les femelles gestantes<\/li>\n<li data-section-id=\"12g1k5y\" data-start=\"1931\" data-end=\"1976\">D\u00e9conseill\u00e9 en cas de maladie auto-immune<\/li>\n<li data-section-id=\"skm0vy\" data-start=\"1977\" data-end=\"2037\">Demander conseil \u00e0 un v\u00e9t\u00e9rinaire si traitement en cours<br \/>\n<h2 data-section-id=\"1wglgor\" data-start=\"1534\" data-end=\"1558\">\ud83d\udc3e Mode d\u2019utilisation<\/h2>\n<\/li>\n<li data-section-id=\"skm0vy\" data-start=\"1977\" data-end=\"2037\">Pot de 200 g de poudre de plantes m\u00e9dicinales<\/li>\n<\/ul>\n<\/li>\n<\/ul>\n<p data-start=\"1560\" data-end=\"1624\"><strong data-start=\"1560\" data-end=\"1575\">Posologie :<\/strong><br data-start=\"1575\" data-end=\"1578\" \/>\u27a1\ufe0f 1 cuil. dose par 10 kg de poids corporel \/ jour<\/p>\n<p data-start=\"1626\" data-end=\"1699\"><strong data-start=\"1626\" data-end=\"1646\">Administration :<\/strong><br data-start=\"1646\" data-end=\"1649\" \/>\u2714\ufe0f \u00c0 m\u00e9langer \u00e0 la nourriture<br data-start=\"1678\" data-end=\"1681\" \/>\u2714\ufe0f Tr\u00e8s app\u00e9tent<\/p>\n<p data-start=\"1701\" data-end=\"1757\"><strong data-start=\"1701\" data-end=\"1720\">Dur\u00e9e de cure :<\/strong><br data-start=\"1720\" data-end=\"1723\" \/>\u27a1\ufe0f 3 \u00e0 4 semaines (renouvelable)<\/p>\n","protected":false},"featured_media":130,"comment_status":"closed","ping_status":"closed","template":"","meta":[],"product_brand":[],"product_cat":[43],"product_tag":[65,66,64,67,63],"class_list":{"0":"post-485","1":"product","2":"type-product","3":"status-publish","4":"has-post-thumbnail","6":"product_cat-immunite-et-vitalite","7":"product_tag-chiens-ages","8":"product_tag-chiens-stresses","9":"product_tag-immunite-chien","10":"product_tag-protection-chien","11":"product_tag-systeme-immunitaire","13":"first","14":"instock","15":"taxable","16":"shipping-taxable","17":"purchasable","18":"product-type-simple"},"yoast_head":"<!-- This site is optimized with the Yoast SEO plugin v27.2 - https:\/\/yoast.com\/product\/yoast-seo-wordpress\/ -->\n<title>Immunidog protect + - Phyto4Pattes.fr<\/title>\n<meta name=\"description\" content=\"Renforcez naturellement le syst\u00e8me immunitaire de votre chien gr\u00e2ce \u00e0 une formule compl\u00e8te \u00e0 base de plantes. Id\u00e9al en pr\u00e9vention et en p\u00e9riode de fatigue.\" \/>\n<meta name=\"robots\" content=\"index, follow, max-snippet:-1, max-image-preview:large, max-video-preview:-1\" \/>\n<link rel=\"canonical\" href=\"https:\/\/phyto4pattes.fr\/index.php\/produit\/immunidog-protect\/\" \/>\n<meta property=\"og:locale\" content=\"fr_FR\" \/>\n<meta property=\"og:type\" content=\"article\" \/>\n<meta property=\"og:title\" content=\"Immunidog protect + - Phyto4Pattes.fr\" \/>\n<meta property=\"og:description\" content=\"Renforcez naturellement le syst\u00e8me immunitaire de votre chien gr\u00e2ce \u00e0 une formule compl\u00e8te \u00e0 base de plantes. Id\u00e9al en pr\u00e9vention et en p\u00e9riode de fatigue.\" \/>\n<meta property=\"og:url\" content=\"https:\/\/phyto4pattes.fr\/index.php\/produit\/immunidog-protect\/\" \/>\n<meta property=\"og:site_name\" content=\"Phyto4Pattes.fr\" \/>\n<meta property=\"article:modified_time\" content=\"2026-04-13T05:02:24+00:00\" \/>\n<meta property=\"og:image\" content=\"https:\/\/phyto4pattes.fr\/wp-content\/uploads\/2026\/03\/soutien-demangeaisons-chiens.jpg\" \/>\n\t<meta property=\"og:image:width\" content=\"800\" \/>\n\t<meta property=\"og:image:height\" content=\"800\" \/>\n\t<meta property=\"og:image:type\" content=\"image\/jpeg\" \/>\n<meta name=\"twitter:card\" content=\"summary_large_image\" \/>\n<meta name=\"twitter:label1\" content=\"Dur\u00e9e de lecture estim\u00e9e\" \/>\n\t<meta name=\"twitter:data1\" content=\"1 minute\" \/>\n<script type=\"application\/ld+json\" class=\"yoast-schema-graph\">{\"@context\":\"https:\/\/schema.org\",\"@graph\":[{\"@type\":\"WebPage\",\"@id\":\"https:\/\/phyto4pattes.fr\/index.php\/produit\/immunidog-protect\/\",\"url\":\"https:\/\/phyto4pattes.fr\/index.php\/produit\/immunidog-protect\/\",\"name\":\"Immunidog protect + - Phyto4Pattes.fr\",\"isPartOf\":{\"@id\":\"http:\/\/phyto4pattes.fr\/#website\"},\"primaryImageOfPage\":{\"@id\":\"https:\/\/phyto4pattes.fr\/index.php\/produit\/immunidog-protect\/#primaryimage\"},\"image\":{\"@id\":\"https:\/\/phyto4pattes.fr\/index.php\/produit\/immunidog-protect\/#primaryimage\"},\"thumbnailUrl\":\"https:\/\/phyto4pattes.fr\/wp-content\/uploads\/2026\/03\/soutien-demangeaisons-chiens.jpg\",\"datePublished\":\"2026-03-30T11:24:02+00:00\",\"dateModified\":\"2026-04-13T05:02:24+00:00\",\"description\":\"Renforcez naturellement le syst\u00e8me immunitaire de votre chien gr\u00e2ce \u00e0 une formule compl\u00e8te \u00e0 base de plantes. Id\u00e9al en pr\u00e9vention et en p\u00e9riode de fatigue.\",\"breadcrumb\":{\"@id\":\"https:\/\/phyto4pattes.fr\/index.php\/produit\/immunidog-protect\/#breadcrumb\"},\"inLanguage\":\"fr-FR\",\"potentialAction\":[{\"@type\":\"ReadAction\",\"target\":[\"https:\/\/phyto4pattes.fr\/index.php\/produit\/immunidog-protect\/\"]}]},{\"@type\":\"ImageObject\",\"inLanguage\":\"fr-FR\",\"@id\":\"https:\/\/phyto4pattes.fr\/index.php\/produit\/immunidog-protect\/#primaryimage\",\"url\":\"https:\/\/phyto4pattes.fr\/wp-content\/uploads\/2026\/03\/soutien-demangeaisons-chiens.jpg\",\"contentUrl\":\"https:\/\/phyto4pattes.fr\/wp-content\/uploads\/2026\/03\/soutien-demangeaisons-chiens.jpg\",\"width\":800,\"height\":800},{\"@type\":\"BreadcrumbList\",\"@id\":\"https:\/\/phyto4pattes.fr\/index.php\/produit\/immunidog-protect\/#breadcrumb\",\"itemListElement\":[{\"@type\":\"ListItem\",\"position\":1,\"name\":\"Accueil\",\"item\":\"https:\/\/phyto4pattes.fr\/\"},{\"@type\":\"ListItem\",\"position\":2,\"name\":\"Boutique\",\"item\":\"https:\/\/phyto4pattes.fr\/index.php\/shop\/\"},{\"@type\":\"ListItem\",\"position\":3,\"name\":\"Immunidog protect +\"}]},{\"@type\":\"WebSite\",\"@id\":\"http:\/\/phyto4pattes.fr\/#website\",\"url\":\"http:\/\/phyto4pattes.fr\/\",\"name\":\"Phyto4Pattes.fr\",\"description\":\"\u00ab Le bien-\u00eatre de votre animal commence par les plantes \u00bb\",\"publisher\":{\"@id\":\"http:\/\/phyto4pattes.fr\/#organization\"},\"potentialAction\":[{\"@type\":\"SearchAction\",\"target\":{\"@type\":\"EntryPoint\",\"urlTemplate\":\"http:\/\/phyto4pattes.fr\/?s={search_term_string}\"},\"query-input\":{\"@type\":\"PropertyValueSpecification\",\"valueRequired\":true,\"valueName\":\"search_term_string\"}}],\"inLanguage\":\"fr-FR\"},{\"@type\":\"Organization\",\"@id\":\"http:\/\/phyto4pattes.fr\/#organization\",\"name\":\"Phyto4Pattes.fr\",\"url\":\"http:\/\/phyto4pattes.fr\/\",\"logo\":{\"@type\":\"ImageObject\",\"inLanguage\":\"fr-FR\",\"@id\":\"http:\/\/phyto4pattes.fr\/#\/schema\/logo\/image\/\",\"url\":\"http:\/\/phyto4pattes.fr\/wp-content\/uploads\/2026\/03\/cropped-logo-10-Phyto-4-Pattes.jpg\",\"contentUrl\":\"http:\/\/phyto4pattes.fr\/wp-content\/uploads\/2026\/03\/cropped-logo-10-Phyto-4-Pattes.jpg\",\"width\":250,\"height\":250,\"caption\":\"Phyto4Pattes.fr\"},\"image\":{\"@id\":\"http:\/\/phyto4pattes.fr\/#\/schema\/logo\/image\/\"}}]}<\/script>\n<!-- \/ Yoast SEO plugin. -->","yoast_head_json":{"title":"Immunidog protect + - Phyto4Pattes.fr","description":"Renforcez naturellement le syst\u00e8me immunitaire de votre chien gr\u00e2ce \u00e0 une formule compl\u00e8te \u00e0 base de plantes. Id\u00e9al en pr\u00e9vention et en p\u00e9riode de fatigue.","robots":{"index":"index","follow":"follow","max-snippet":"max-snippet:-1","max-image-preview":"max-image-preview:large","max-video-preview":"max-video-preview:-1"},"canonical":"https:\/\/phyto4pattes.fr\/index.php\/produit\/immunidog-protect\/","og_locale":"fr_FR","og_type":"article","og_title":"Immunidog protect + - Phyto4Pattes.fr","og_description":"Renforcez naturellement le syst\u00e8me immunitaire de votre chien gr\u00e2ce \u00e0 une formule compl\u00e8te \u00e0 base de plantes. Id\u00e9al en pr\u00e9vention et en p\u00e9riode de fatigue.","og_url":"https:\/\/phyto4pattes.fr\/index.php\/produit\/immunidog-protect\/","og_site_name":"Phyto4Pattes.fr","article_modified_time":"2026-04-13T05:02:24+00:00","og_image":[{"width":800,"height":800,"url":"https:\/\/phyto4pattes.fr\/wp-content\/uploads\/2026\/03\/soutien-demangeaisons-chiens.jpg","type":"image\/jpeg"}],"twitter_card":"summary_large_image","twitter_misc":{"Dur\u00e9e de lecture estim\u00e9e":"1 minute"},"schema":{"@context":"https:\/\/schema.org","@graph":[{"@type":"WebPage","@id":"https:\/\/phyto4pattes.fr\/index.php\/produit\/immunidog-protect\/","url":"https:\/\/phyto4pattes.fr\/index.php\/produit\/immunidog-protect\/","name":"Immunidog protect + - Phyto4Pattes.fr","isPartOf":{"@id":"http:\/\/phyto4pattes.fr\/#website"},"primaryImageOfPage":{"@id":"https:\/\/phyto4pattes.fr\/index.php\/produit\/immunidog-protect\/#primaryimage"},"image":{"@id":"https:\/\/phyto4pattes.fr\/index.php\/produit\/immunidog-protect\/#primaryimage"},"thumbnailUrl":"https:\/\/phyto4pattes.fr\/wp-content\/uploads\/2026\/03\/soutien-demangeaisons-chiens.jpg","datePublished":"2026-03-30T11:24:02+00:00","dateModified":"2026-04-13T05:02:24+00:00","description":"Renforcez naturellement le syst\u00e8me immunitaire de votre chien gr\u00e2ce \u00e0 une formule compl\u00e8te \u00e0 base de plantes. Id\u00e9al en pr\u00e9vention et en p\u00e9riode de fatigue.","breadcrumb":{"@id":"https:\/\/phyto4pattes.fr\/index.php\/produit\/immunidog-protect\/#breadcrumb"},"inLanguage":"fr-FR","potentialAction":[{"@type":"ReadAction","target":["https:\/\/phyto4pattes.fr\/index.php\/produit\/immunidog-protect\/"]}]},{"@type":"ImageObject","inLanguage":"fr-FR","@id":"https:\/\/phyto4pattes.fr\/index.php\/produit\/immunidog-protect\/#primaryimage","url":"https:\/\/phyto4pattes.fr\/wp-content\/uploads\/2026\/03\/soutien-demangeaisons-chiens.jpg","contentUrl":"https:\/\/phyto4pattes.fr\/wp-content\/uploads\/2026\/03\/soutien-demangeaisons-chiens.jpg","width":800,"height":800},{"@type":"BreadcrumbList","@id":"https:\/\/phyto4pattes.fr\/index.php\/produit\/immunidog-protect\/#breadcrumb","itemListElement":[{"@type":"ListItem","position":1,"name":"Accueil","item":"https:\/\/phyto4pattes.fr\/"},{"@type":"ListItem","position":2,"name":"Boutique","item":"https:\/\/phyto4pattes.fr\/index.php\/shop\/"},{"@type":"ListItem","position":3,"name":"Immunidog protect +"}]},{"@type":"WebSite","@id":"http:\/\/phyto4pattes.fr\/#website","url":"http:\/\/phyto4pattes.fr\/","name":"Phyto4Pattes.fr","description":"\u00ab Le bien-\u00eatre de votre animal commence par les plantes \u00bb","publisher":{"@id":"http:\/\/phyto4pattes.fr\/#organization"},"potentialAction":[{"@type":"SearchAction","target":{"@type":"EntryPoint","urlTemplate":"http:\/\/phyto4pattes.fr\/?s={search_term_string}"},"query-input":{"@type":"PropertyValueSpecification","valueRequired":true,"valueName":"search_term_string"}}],"inLanguage":"fr-FR"},{"@type":"Organization","@id":"http:\/\/phyto4pattes.fr\/#organization","name":"Phyto4Pattes.fr","url":"http:\/\/phyto4pattes.fr\/","logo":{"@type":"ImageObject","inLanguage":"fr-FR","@id":"http:\/\/phyto4pattes.fr\/#\/schema\/logo\/image\/","url":"http:\/\/phyto4pattes.fr\/wp-content\/uploads\/2026\/03\/cropped-logo-10-Phyto-4-Pattes.jpg","contentUrl":"http:\/\/phyto4pattes.fr\/wp-content\/uploads\/2026\/03\/cropped-logo-10-Phyto-4-Pattes.jpg","width":250,"height":250,"caption":"Phyto4Pattes.fr"},"image":{"@id":"http:\/\/phyto4pattes.fr\/#\/schema\/logo\/image\/"}}]}},"_links":{"self":[{"href":"https:\/\/phyto4pattes.fr\/index.php\/wp-json\/wp\/v2\/product\/485","targetHints":{"allow":["GET"]}}],"collection":[{"href":"https:\/\/phyto4pattes.fr\/index.php\/wp-json\/wp\/v2\/product"}],"about":[{"href":"https:\/\/phyto4pattes.fr\/index.php\/wp-json\/wp\/v2\/types\/product"}],"replies":[{"embeddable":true,"href":"https:\/\/phyto4pattes.fr\/index.php\/wp-json\/wp\/v2\/comments?post=485"}],"wp:featuredmedia":[{"embeddable":true,"href":"https:\/\/phyto4pattes.fr\/index.php\/wp-json\/wp\/v2\/media\/130"}],"wp:attachment":[{"href":"https:\/\/phyto4pattes.fr\/index.php\/wp-json\/wp\/v2\/media?parent=485"}],"wp:term":[{"taxonomy":"product_brand","embeddable":true,"href":"https:\/\/phyto4pattes.fr\/index.php\/wp-json\/wp\/v2\/product_brand?post=485"},{"taxonomy":"product_cat","embeddable":true,"href":"https:\/\/phyto4pattes.fr\/index.php\/wp-json\/wp\/v2\/product_cat?post=485"},{"taxonomy":"product_tag","embeddable":true,"href":"https:\/\/phyto4pattes.fr\/index.php\/wp-json\/wp\/v2\/product_tag?post=485"}],"curies":[{"name":"wp","href":"https:\/\/api.w.org\/{rel}","templated":true}]}}