{"id":483,"date":"2026-03-29T14:42:37","date_gmt":"2026-03-29T14:42:37","guid":{"rendered":"https:\/\/phyto4pattes.fr\/?post_type=product&#038;p=483"},"modified":"2026-04-13T05:02:45","modified_gmt":"2026-04-13T05:02:45","slug":"digestzen-confort-intestinal-naturel-pour-chien","status":"publish","type":"product","link":"https:\/\/phyto4pattes.fr\/index.php\/produit\/digestzen-confort-intestinal-naturel-pour-chien\/","title":{"rendered":"Digest\u2019Zen \u2013 Confort intestinal naturel pour chien"},"content":{"rendered":"<p>\ud83c\udf3f Compl\u00e9ment 100% naturel pour une digestion saine et un ventre apais\u00e9<\/p>\n<p><strong>Digest&rsquo;Zen<\/strong> est une synergie unique de plantes reconnues pour soulager les troubles digestifs du chien, am\u00e9liorer le confort intestinal et favoriser un transit \u00e9quilibr\u00e9.<\/p>\n<p data-start=\"444\" data-end=\"464\">\ud83d\udc49 Id\u00e9al en cas de :<\/p>\n<ul data-start=\"465\" data-end=\"589\">\n<li data-section-id=\"1wg5k8w\" data-start=\"465\" data-end=\"482\">Ballonnements<\/li>\n<li data-section-id=\"1704w7o\" data-start=\"483\" data-end=\"490\">Gaz<\/li>\n<li data-section-id=\"eprssd\" data-start=\"491\" data-end=\"524\">Selles molles ou irr\u00e9guli\u00e8res<\/li>\n<li data-section-id=\"k8imxb\" data-start=\"525\" data-end=\"548\">Digestion difficile<\/li>\n<li data-section-id=\"43wf36\" data-start=\"549\" data-end=\"589\">Stress impactant le syst\u00e8me digestif<\/li>\n<\/ul>\n<h2 data-section-id=\"nwohqf\" data-start=\"596\" data-end=\"628\">\u2b50 Les bienfaits de Digest\u2019Zen<\/h2>\n<p data-start=\"630\" data-end=\"865\">\u2714 Apaise rapidement les inconforts digestifs<br data-start=\"674\" data-end=\"677\" \/>\u2714 R\u00e9duit les ballonnements et flatulences<br data-start=\"718\" data-end=\"721\" \/>\u2714 Favorise une digestion fluide<br data-start=\"752\" data-end=\"755\" \/>\u2714 Prot\u00e8ge la muqueuse intestinale<br data-start=\"788\" data-end=\"791\" \/>\u2714 R\u00e9\u00e9quilibre le transit naturellement<br data-start=\"829\" data-end=\"832\" \/>\u2714 Soutient la flore intestinale<\/p>\n<p data-start=\"630\" data-end=\"865\">\n","protected":false},"excerpt":{"rendered":"<h2 data-section-id=\"yv2b3x\" data-start=\"872\" data-end=\"920\">\ud83c\udf31 Une formule naturelle compl\u00e8te et efficace<\/h2>\n<p data-start=\"922\" data-end=\"982\">Digest\u2019Zen associe des plantes aux actions compl\u00e9mentaires :<\/p>\n<ul data-start=\"984\" data-end=\"1496\">\n<li data-section-id=\"1bkox1p\" data-start=\"984\" data-end=\"1062\">\ud83c\udf3c <strong data-start=\"989\" data-end=\"1030\"><span class=\"hover:entity-accent entity-underline inline cursor-pointer align-baseline\"><span class=\"whitespace-normal\">Camomille matricaire<\/span><\/span><\/strong> : calme les spasmes digestifs<\/li>\n<li data-section-id=\"k47a03\" data-start=\"1063\" data-end=\"1145\">\ud83c\udf3f <strong data-start=\"1068\" data-end=\"1109\"><span class=\"hover:entity-accent entity-underline inline cursor-pointer align-baseline\"><span class=\"whitespace-normal\">Fenouil<\/span><\/span><\/strong> : limite les gaz et ballonnements<\/li>\n<li data-section-id=\"45d1dc\" data-start=\"1146\" data-end=\"1217\">\ud83c\udf31 <strong data-start=\"1151\" data-end=\"1192\"><span class=\"hover:entity-accent entity-underline inline cursor-pointer align-baseline\"><span class=\"whitespace-normal\">Menthe poivr\u00e9e<\/span><\/span><\/strong> : stimule la digestion<\/li>\n<li data-section-id=\"1mwbw5w\" data-start=\"1218\" data-end=\"1309\">\ud83c\udf43 <strong data-start=\"1223\" data-end=\"1264\"><span class=\"hover:entity-accent entity-underline inline cursor-pointer align-baseline\"><span class=\"whitespace-normal\">M\u00e9lisse<\/span><\/span><\/strong> : apaise le syst\u00e8me digestif li\u00e9 au stress<\/li>\n<li data-section-id=\"1azj4pm\" data-start=\"1310\" data-end=\"1402\">\ud83c\udf3f <strong data-start=\"1315\" data-end=\"1356\"><span class=\"hover:entity-accent entity-underline inline cursor-pointer align-baseline\"><span class=\"whitespace-normal\">R\u00e9glisse<\/span><\/span><\/strong> : prot\u00e8ge et r\u00e9pare la muqueuse intestinale<\/li>\n<li data-section-id=\"axqf8d\" data-start=\"1403\" data-end=\"1496\">\ud83c\udf3e <strong data-start=\"1408\" data-end=\"1449\"><span class=\"hover:entity-accent entity-underline inline cursor-pointer align-baseline\"><span class=\"whitespace-normal\">Psyllium blond<\/span><\/span><\/strong> : r\u00e9gule le transit et nourrit le microbiote<\/li>\n<\/ul>\n<p data-start=\"1498\" data-end=\"1563\">\ud83d\udc49 Une synergie pens\u00e9e pour agir <strong data-start=\"1531\" data-end=\"1563\">en profondeur et durablement<\/strong><\/p>\n<p>\ud83d\udc49 Promesse :<\/p>\n<p>Moins de ballonnements en quelques jours<br \/>\nTransit r\u00e9gul\u00e9 naturellement<br \/>\nChien plus l\u00e9ger et apais\u00e9<\/p>\n<h2 data-section-id=\"xens8g\" data-start=\"1570\" data-end=\"1594\">\ud83d\udc15 Mode d\u2019utilisation<\/h2>\n<p data-start=\"1596\" data-end=\"1642\">M\u00e9langer directement \u00e0 la ration alimentaire :<\/p>\n<ul data-start=\"1644\" data-end=\"1788\">\n<li data-section-id=\"1yo1277\" data-start=\"1644\" data-end=\"1690\"><strong data-start=\"1646\" data-end=\"1657\">&lt; 10 kg<\/strong> : 1\/2 cuill\u00e8re \u00e0 caf\u00e9 par jour<\/li>\n<li data-section-id=\"1symw11\" data-start=\"1691\" data-end=\"1738\"><strong data-start=\"1693\" data-end=\"1707\">10 \u00e0 25 kg<\/strong> : 1 cuill\u00e8re \u00e0 caf\u00e9 par jour<\/li>\n<li data-section-id=\"1dx0ccb\" data-start=\"1739\" data-end=\"1788\"><strong data-start=\"1741\" data-end=\"1752\">&gt; 25 kg<\/strong> : 1 \u00e0 2 cuill\u00e8res \u00e0 caf\u00e9 par jour<\/li>\n<\/ul>\n<p data-start=\"1790\" data-end=\"1871\">\ud83d\udc49 Cure recommand\u00e9e : <strong data-start=\"1812\" data-end=\"1829\">20 \u00e0 30 jours<\/strong><\/p>\n<p data-start=\"1790\" data-end=\"1871\">\n<p data-start=\"1790\" data-end=\"1871\">en pot de 200 g de poudre de plantes<br data-start=\"1829\" data-end=\"1832\" \/>\ud83d\udc49 Peut \u00eatre renouvel\u00e9e si n\u00e9cessaire<\/p>\n","protected":false},"featured_media":0,"comment_status":"closed","ping_status":"closed","template":"","meta":[],"product_brand":[],"product_cat":[42],"product_tag":[62],"class_list":{"0":"post-483","1":"product","2":"type-product","3":"status-publish","5":"product_cat-digestion-et-detox","6":"product_tag-digestion","8":"first","9":"instock","10":"taxable","11":"shipping-taxable","12":"purchasable","13":"product-type-simple"},"yoast_head":"<!-- This site is optimized with the Yoast SEO plugin v27.2 - https:\/\/yoast.com\/product\/yoast-seo-wordpress\/ -->\n<title>Digest\u2019Zen \u2013 Confort intestinal naturel pour chien - Phyto4Pattes.fr<\/title>\n<meta name=\"description\" content=\"Am\u00e9liorez la digestion de votre chien naturellement gr\u00e2ce \u00e0 Digest\u2019Zen. R\u00e9duit ballonnements, gaz et selles molles. Cure efficace et 100% naturelle.\" \/>\n<meta name=\"robots\" content=\"index, follow, max-snippet:-1, max-image-preview:large, max-video-preview:-1\" \/>\n<link rel=\"canonical\" href=\"https:\/\/phyto4pattes.fr\/index.php\/produit\/digestzen-confort-intestinal-naturel-pour-chien\/\" \/>\n<meta property=\"og:locale\" content=\"fr_FR\" \/>\n<meta property=\"og:type\" content=\"article\" \/>\n<meta property=\"og:title\" content=\"Digest\u2019Zen \u2013 Confort intestinal naturel pour chien - Phyto4Pattes.fr\" \/>\n<meta property=\"og:description\" content=\"Am\u00e9liorez la digestion de votre chien naturellement gr\u00e2ce \u00e0 Digest\u2019Zen. R\u00e9duit ballonnements, gaz et selles molles. Cure efficace et 100% naturelle.\" \/>\n<meta property=\"og:url\" content=\"https:\/\/phyto4pattes.fr\/index.php\/produit\/digestzen-confort-intestinal-naturel-pour-chien\/\" \/>\n<meta property=\"og:site_name\" content=\"Phyto4Pattes.fr\" \/>\n<meta property=\"article:modified_time\" content=\"2026-04-13T05:02:45+00:00\" \/>\n<meta name=\"twitter:card\" content=\"summary_large_image\" \/>\n<meta name=\"twitter:label1\" content=\"Dur\u00e9e de lecture estim\u00e9e\" \/>\n\t<meta name=\"twitter:data1\" content=\"1 minute\" \/>\n<script type=\"application\/ld+json\" class=\"yoast-schema-graph\">{\"@context\":\"https:\/\/schema.org\",\"@graph\":[{\"@type\":\"WebPage\",\"@id\":\"https:\/\/phyto4pattes.fr\/index.php\/produit\/digestzen-confort-intestinal-naturel-pour-chien\/\",\"url\":\"https:\/\/phyto4pattes.fr\/index.php\/produit\/digestzen-confort-intestinal-naturel-pour-chien\/\",\"name\":\"Digest\u2019Zen \u2013 Confort intestinal naturel pour chien - Phyto4Pattes.fr\",\"isPartOf\":{\"@id\":\"http:\/\/phyto4pattes.fr\/#website\"},\"datePublished\":\"2026-03-29T14:42:37+00:00\",\"dateModified\":\"2026-04-13T05:02:45+00:00\",\"description\":\"Am\u00e9liorez la digestion de votre chien naturellement gr\u00e2ce \u00e0 Digest\u2019Zen. R\u00e9duit ballonnements, gaz et selles molles. Cure efficace et 100% naturelle.\",\"breadcrumb\":{\"@id\":\"https:\/\/phyto4pattes.fr\/index.php\/produit\/digestzen-confort-intestinal-naturel-pour-chien\/#breadcrumb\"},\"inLanguage\":\"fr-FR\",\"potentialAction\":[{\"@type\":\"ReadAction\",\"target\":[\"https:\/\/phyto4pattes.fr\/index.php\/produit\/digestzen-confort-intestinal-naturel-pour-chien\/\"]}]},{\"@type\":\"BreadcrumbList\",\"@id\":\"https:\/\/phyto4pattes.fr\/index.php\/produit\/digestzen-confort-intestinal-naturel-pour-chien\/#breadcrumb\",\"itemListElement\":[{\"@type\":\"ListItem\",\"position\":1,\"name\":\"Accueil\",\"item\":\"https:\/\/phyto4pattes.fr\/\"},{\"@type\":\"ListItem\",\"position\":2,\"name\":\"Boutique\",\"item\":\"https:\/\/phyto4pattes.fr\/index.php\/shop\/\"},{\"@type\":\"ListItem\",\"position\":3,\"name\":\"Digest\u2019Zen \u2013 Confort intestinal naturel pour chien\"}]},{\"@type\":\"WebSite\",\"@id\":\"http:\/\/phyto4pattes.fr\/#website\",\"url\":\"http:\/\/phyto4pattes.fr\/\",\"name\":\"Phyto4Pattes.fr\",\"description\":\"\u00ab Le bien-\u00eatre de votre animal commence par les plantes \u00bb\",\"publisher\":{\"@id\":\"http:\/\/phyto4pattes.fr\/#organization\"},\"potentialAction\":[{\"@type\":\"SearchAction\",\"target\":{\"@type\":\"EntryPoint\",\"urlTemplate\":\"http:\/\/phyto4pattes.fr\/?s={search_term_string}\"},\"query-input\":{\"@type\":\"PropertyValueSpecification\",\"valueRequired\":true,\"valueName\":\"search_term_string\"}}],\"inLanguage\":\"fr-FR\"},{\"@type\":\"Organization\",\"@id\":\"http:\/\/phyto4pattes.fr\/#organization\",\"name\":\"Phyto4Pattes.fr\",\"url\":\"http:\/\/phyto4pattes.fr\/\",\"logo\":{\"@type\":\"ImageObject\",\"inLanguage\":\"fr-FR\",\"@id\":\"http:\/\/phyto4pattes.fr\/#\/schema\/logo\/image\/\",\"url\":\"http:\/\/phyto4pattes.fr\/wp-content\/uploads\/2026\/03\/cropped-logo-10-Phyto-4-Pattes.jpg\",\"contentUrl\":\"http:\/\/phyto4pattes.fr\/wp-content\/uploads\/2026\/03\/cropped-logo-10-Phyto-4-Pattes.jpg\",\"width\":250,\"height\":250,\"caption\":\"Phyto4Pattes.fr\"},\"image\":{\"@id\":\"http:\/\/phyto4pattes.fr\/#\/schema\/logo\/image\/\"}}]}<\/script>\n<!-- \/ Yoast SEO plugin. -->","yoast_head_json":{"title":"Digest\u2019Zen \u2013 Confort intestinal naturel pour chien - Phyto4Pattes.fr","description":"Am\u00e9liorez la digestion de votre chien naturellement gr\u00e2ce \u00e0 Digest\u2019Zen. R\u00e9duit ballonnements, gaz et selles molles. Cure efficace et 100% naturelle.","robots":{"index":"index","follow":"follow","max-snippet":"max-snippet:-1","max-image-preview":"max-image-preview:large","max-video-preview":"max-video-preview:-1"},"canonical":"https:\/\/phyto4pattes.fr\/index.php\/produit\/digestzen-confort-intestinal-naturel-pour-chien\/","og_locale":"fr_FR","og_type":"article","og_title":"Digest\u2019Zen \u2013 Confort intestinal naturel pour chien - Phyto4Pattes.fr","og_description":"Am\u00e9liorez la digestion de votre chien naturellement gr\u00e2ce \u00e0 Digest\u2019Zen. R\u00e9duit ballonnements, gaz et selles molles. Cure efficace et 100% naturelle.","og_url":"https:\/\/phyto4pattes.fr\/index.php\/produit\/digestzen-confort-intestinal-naturel-pour-chien\/","og_site_name":"Phyto4Pattes.fr","article_modified_time":"2026-04-13T05:02:45+00:00","twitter_card":"summary_large_image","twitter_misc":{"Dur\u00e9e de lecture estim\u00e9e":"1 minute"},"schema":{"@context":"https:\/\/schema.org","@graph":[{"@type":"WebPage","@id":"https:\/\/phyto4pattes.fr\/index.php\/produit\/digestzen-confort-intestinal-naturel-pour-chien\/","url":"https:\/\/phyto4pattes.fr\/index.php\/produit\/digestzen-confort-intestinal-naturel-pour-chien\/","name":"Digest\u2019Zen \u2013 Confort intestinal naturel pour chien - Phyto4Pattes.fr","isPartOf":{"@id":"http:\/\/phyto4pattes.fr\/#website"},"datePublished":"2026-03-29T14:42:37+00:00","dateModified":"2026-04-13T05:02:45+00:00","description":"Am\u00e9liorez la digestion de votre chien naturellement gr\u00e2ce \u00e0 Digest\u2019Zen. R\u00e9duit ballonnements, gaz et selles molles. Cure efficace et 100% naturelle.","breadcrumb":{"@id":"https:\/\/phyto4pattes.fr\/index.php\/produit\/digestzen-confort-intestinal-naturel-pour-chien\/#breadcrumb"},"inLanguage":"fr-FR","potentialAction":[{"@type":"ReadAction","target":["https:\/\/phyto4pattes.fr\/index.php\/produit\/digestzen-confort-intestinal-naturel-pour-chien\/"]}]},{"@type":"BreadcrumbList","@id":"https:\/\/phyto4pattes.fr\/index.php\/produit\/digestzen-confort-intestinal-naturel-pour-chien\/#breadcrumb","itemListElement":[{"@type":"ListItem","position":1,"name":"Accueil","item":"https:\/\/phyto4pattes.fr\/"},{"@type":"ListItem","position":2,"name":"Boutique","item":"https:\/\/phyto4pattes.fr\/index.php\/shop\/"},{"@type":"ListItem","position":3,"name":"Digest\u2019Zen \u2013 Confort intestinal naturel pour chien"}]},{"@type":"WebSite","@id":"http:\/\/phyto4pattes.fr\/#website","url":"http:\/\/phyto4pattes.fr\/","name":"Phyto4Pattes.fr","description":"\u00ab Le bien-\u00eatre de votre animal commence par les plantes \u00bb","publisher":{"@id":"http:\/\/phyto4pattes.fr\/#organization"},"potentialAction":[{"@type":"SearchAction","target":{"@type":"EntryPoint","urlTemplate":"http:\/\/phyto4pattes.fr\/?s={search_term_string}"},"query-input":{"@type":"PropertyValueSpecification","valueRequired":true,"valueName":"search_term_string"}}],"inLanguage":"fr-FR"},{"@type":"Organization","@id":"http:\/\/phyto4pattes.fr\/#organization","name":"Phyto4Pattes.fr","url":"http:\/\/phyto4pattes.fr\/","logo":{"@type":"ImageObject","inLanguage":"fr-FR","@id":"http:\/\/phyto4pattes.fr\/#\/schema\/logo\/image\/","url":"http:\/\/phyto4pattes.fr\/wp-content\/uploads\/2026\/03\/cropped-logo-10-Phyto-4-Pattes.jpg","contentUrl":"http:\/\/phyto4pattes.fr\/wp-content\/uploads\/2026\/03\/cropped-logo-10-Phyto-4-Pattes.jpg","width":250,"height":250,"caption":"Phyto4Pattes.fr"},"image":{"@id":"http:\/\/phyto4pattes.fr\/#\/schema\/logo\/image\/"}}]}},"_links":{"self":[{"href":"https:\/\/phyto4pattes.fr\/index.php\/wp-json\/wp\/v2\/product\/483","targetHints":{"allow":["GET"]}}],"collection":[{"href":"https:\/\/phyto4pattes.fr\/index.php\/wp-json\/wp\/v2\/product"}],"about":[{"href":"https:\/\/phyto4pattes.fr\/index.php\/wp-json\/wp\/v2\/types\/product"}],"replies":[{"embeddable":true,"href":"https:\/\/phyto4pattes.fr\/index.php\/wp-json\/wp\/v2\/comments?post=483"}],"wp:attachment":[{"href":"https:\/\/phyto4pattes.fr\/index.php\/wp-json\/wp\/v2\/media?parent=483"}],"wp:term":[{"taxonomy":"product_brand","embeddable":true,"href":"https:\/\/phyto4pattes.fr\/index.php\/wp-json\/wp\/v2\/product_brand?post=483"},{"taxonomy":"product_cat","embeddable":true,"href":"https:\/\/phyto4pattes.fr\/index.php\/wp-json\/wp\/v2\/product_cat?post=483"},{"taxonomy":"product_tag","embeddable":true,"href":"https:\/\/phyto4pattes.fr\/index.php\/wp-json\/wp\/v2\/product_tag?post=483"}],"curies":[{"name":"wp","href":"https:\/\/api.w.org\/{rel}","templated":true}]}}