{"id":178,"date":"2026-03-16T11:48:56","date_gmt":"2026-03-16T11:48:56","guid":{"rendered":"https:\/\/phyto4pattes.fr\/?post_type=product&#038;p=178"},"modified":"2026-03-16T11:48:56","modified_gmt":"2026-03-16T11:48:56","slug":"msm-glucosamine-chats","status":"publish","type":"product","link":"https:\/\/phyto4pattes.fr\/index.php\/produit\/msm-glucosamine-chats\/","title":{"rendered":"MSM Glucosamine chats"},"content":{"rendered":"<p>Constituants essentiels du cartilage articulaire qui participent \u00e0 sa r\u00e9g\u00e9n\u00e9ration et \u00e0 la production d&rsquo;un liquide synovial de qualit\u00e9.<\/p>\n<p><em>(MSM \/ Glucosamine)<\/em><\/p>\n<p>&nbsp;<\/p>\n<p>Synergie qui permet de ralentir la d\u00e9gradation du cartilage articulaire et qui am\u00e9liore la production et la qualit\u00e9 du liquide synovial articulaire.<\/p>\n<p>Garanti une meilleure souplesse articulaire<\/p>\n<p>Pour les chats en croissance, chats \u00e2g\u00e9s chats sportifs&#8230;<\/p>\n<p>&nbsp;<\/p>\n<p>Utilisation\u00a0(c.dose fournie = 1 g)<\/p>\n<p>1 c.dose \/ 10 kg de poids<\/p>\n<p>Saupoudrez sur la ration alimentaire quotidienne humidifi\u00e9e<\/p>\n<p>&nbsp;<\/p>\n<p>Disponible en sachet de 100 g(photo non contractuelle)<\/p>\n<p>&nbsp;<\/p>\n<p>Produit 100% naturel, non dopant, formul\u00e9 pour les chats.<\/p>\n<p>Conserver dans un endroit sec, bien refermer apr\u00e8s usage.<\/p>\n<p>Produit d&rsquo;hygi\u00e8ne et de soin, compl\u00e9ment alimentaire.<\/p>\n<p>N&rsquo;h\u00e9sitez pas \u00e0 demander conseil \u00e0 votre v\u00e9t\u00e9rinaire.<\/p>\n","protected":false},"excerpt":{"rendered":"<p>Constituants essentiels du cartilage articulaire qui participent \u00e0 sa r\u00e9g\u00e9n\u00e9ration et \u00e0 la production d&rsquo;un liquide synovial de qualit\u00e9. (MSM \/ Glucosamine) &nbsp; Synergie qui permet de ralentir la d\u00e9gradation du cartilage articulaire et qui am\u00e9liore la production et la qualit\u00e9 du liquide synovial articulaire. Garanti une meilleure souplesse articulaire Pour les chats en croissance, &hellip; <\/p>\n<p class=\"link-more\"><a href=\"https:\/\/phyto4pattes.fr\/index.php\/produit\/msm-glucosamine-chats\/\" class=\"more-link\">Continuer la lecture<span class=\"screen-reader-text\"> de &laquo;&nbsp;MSM Glucosamine chats&nbsp;&raquo;<\/span><\/a><\/p>\n","protected":false},"featured_media":0,"comment_status":"open","ping_status":"closed","template":"","meta":[],"product_brand":[],"product_cat":[29],"product_tag":[],"class_list":{"0":"post-178","1":"product","2":"type-product","3":"status-publish","5":"product_cat-gamme-feline","7":"first","8":"instock","9":"taxable","10":"shipping-taxable","11":"purchasable","12":"product-type-simple"},"yoast_head":"<!-- This site is optimized with the Yoast SEO plugin v27.2 - https:\/\/yoast.com\/product\/yoast-seo-wordpress\/ -->\n<title>MSM Glucosamine chats - Phyto4Pattes.fr<\/title>\n<meta name=\"robots\" content=\"index, follow, max-snippet:-1, max-image-preview:large, max-video-preview:-1\" \/>\n<link rel=\"canonical\" href=\"https:\/\/phyto4pattes.fr\/index.php\/produit\/msm-glucosamine-chats\/\" \/>\n<meta property=\"og:locale\" content=\"fr_FR\" \/>\n<meta property=\"og:type\" content=\"article\" \/>\n<meta property=\"og:title\" content=\"MSM Glucosamine chats - Phyto4Pattes.fr\" \/>\n<meta property=\"og:description\" content=\"Constituants essentiels du cartilage articulaire qui participent \u00e0 sa r\u00e9g\u00e9n\u00e9ration et \u00e0 la production d&rsquo;un liquide synovial de qualit\u00e9. (MSM \/ Glucosamine) &nbsp; Synergie qui permet de ralentir la d\u00e9gradation du cartilage articulaire et qui am\u00e9liore la production et la qualit\u00e9 du liquide synovial articulaire. Garanti une meilleure souplesse articulaire Pour les chats en croissance, &hellip; Continuer la lecture de &laquo;&nbsp;MSM Glucosamine chats&nbsp;&raquo;\" \/>\n<meta property=\"og:url\" content=\"https:\/\/phyto4pattes.fr\/index.php\/produit\/msm-glucosamine-chats\/\" \/>\n<meta property=\"og:site_name\" content=\"Phyto4Pattes.fr\" \/>\n<meta name=\"twitter:card\" content=\"summary_large_image\" \/>\n<meta name=\"twitter:label1\" content=\"Dur\u00e9e de lecture estim\u00e9e\" \/>\n\t<meta name=\"twitter:data1\" content=\"1 minute\" \/>\n<script type=\"application\/ld+json\" class=\"yoast-schema-graph\">{\"@context\":\"https:\/\/schema.org\",\"@graph\":[{\"@type\":\"WebPage\",\"@id\":\"https:\/\/phyto4pattes.fr\/index.php\/produit\/msm-glucosamine-chats\/\",\"url\":\"https:\/\/phyto4pattes.fr\/index.php\/produit\/msm-glucosamine-chats\/\",\"name\":\"MSM Glucosamine chats - Phyto4Pattes.fr\",\"isPartOf\":{\"@id\":\"http:\/\/phyto4pattes.fr\/#website\"},\"datePublished\":\"2026-03-16T11:48:56+00:00\",\"breadcrumb\":{\"@id\":\"https:\/\/phyto4pattes.fr\/index.php\/produit\/msm-glucosamine-chats\/#breadcrumb\"},\"inLanguage\":\"fr-FR\",\"potentialAction\":[{\"@type\":\"ReadAction\",\"target\":[\"https:\/\/phyto4pattes.fr\/index.php\/produit\/msm-glucosamine-chats\/\"]}]},{\"@type\":\"BreadcrumbList\",\"@id\":\"https:\/\/phyto4pattes.fr\/index.php\/produit\/msm-glucosamine-chats\/#breadcrumb\",\"itemListElement\":[{\"@type\":\"ListItem\",\"position\":1,\"name\":\"Accueil\",\"item\":\"https:\/\/phyto4pattes.fr\/\"},{\"@type\":\"ListItem\",\"position\":2,\"name\":\"Boutique\",\"item\":\"https:\/\/phyto4pattes.fr\/index.php\/shop\/\"},{\"@type\":\"ListItem\",\"position\":3,\"name\":\"MSM Glucosamine chats\"}]},{\"@type\":\"WebSite\",\"@id\":\"http:\/\/phyto4pattes.fr\/#website\",\"url\":\"http:\/\/phyto4pattes.fr\/\",\"name\":\"Phyto4Pattes.fr\",\"description\":\"\u00ab Le bien-\u00eatre de votre animal commence par les plantes \u00bb\",\"publisher\":{\"@id\":\"http:\/\/phyto4pattes.fr\/#organization\"},\"potentialAction\":[{\"@type\":\"SearchAction\",\"target\":{\"@type\":\"EntryPoint\",\"urlTemplate\":\"http:\/\/phyto4pattes.fr\/?s={search_term_string}\"},\"query-input\":{\"@type\":\"PropertyValueSpecification\",\"valueRequired\":true,\"valueName\":\"search_term_string\"}}],\"inLanguage\":\"fr-FR\"},{\"@type\":\"Organization\",\"@id\":\"http:\/\/phyto4pattes.fr\/#organization\",\"name\":\"Phyto4Pattes.fr\",\"url\":\"http:\/\/phyto4pattes.fr\/\",\"logo\":{\"@type\":\"ImageObject\",\"inLanguage\":\"fr-FR\",\"@id\":\"http:\/\/phyto4pattes.fr\/#\/schema\/logo\/image\/\",\"url\":\"http:\/\/phyto4pattes.fr\/wp-content\/uploads\/2026\/03\/cropped-logo-10-Phyto-4-Pattes.jpg\",\"contentUrl\":\"http:\/\/phyto4pattes.fr\/wp-content\/uploads\/2026\/03\/cropped-logo-10-Phyto-4-Pattes.jpg\",\"width\":250,\"height\":250,\"caption\":\"Phyto4Pattes.fr\"},\"image\":{\"@id\":\"http:\/\/phyto4pattes.fr\/#\/schema\/logo\/image\/\"}}]}<\/script>\n<!-- \/ Yoast SEO plugin. -->","yoast_head_json":{"title":"MSM Glucosamine chats - Phyto4Pattes.fr","robots":{"index":"index","follow":"follow","max-snippet":"max-snippet:-1","max-image-preview":"max-image-preview:large","max-video-preview":"max-video-preview:-1"},"canonical":"https:\/\/phyto4pattes.fr\/index.php\/produit\/msm-glucosamine-chats\/","og_locale":"fr_FR","og_type":"article","og_title":"MSM Glucosamine chats - Phyto4Pattes.fr","og_description":"Constituants essentiels du cartilage articulaire qui participent \u00e0 sa r\u00e9g\u00e9n\u00e9ration et \u00e0 la production d&rsquo;un liquide synovial de qualit\u00e9. (MSM \/ Glucosamine) &nbsp; Synergie qui permet de ralentir la d\u00e9gradation du cartilage articulaire et qui am\u00e9liore la production et la qualit\u00e9 du liquide synovial articulaire. Garanti une meilleure souplesse articulaire Pour les chats en croissance, &hellip; Continuer la lecture de &laquo;&nbsp;MSM Glucosamine chats&nbsp;&raquo;","og_url":"https:\/\/phyto4pattes.fr\/index.php\/produit\/msm-glucosamine-chats\/","og_site_name":"Phyto4Pattes.fr","twitter_card":"summary_large_image","twitter_misc":{"Dur\u00e9e de lecture estim\u00e9e":"1 minute"},"schema":{"@context":"https:\/\/schema.org","@graph":[{"@type":"WebPage","@id":"https:\/\/phyto4pattes.fr\/index.php\/produit\/msm-glucosamine-chats\/","url":"https:\/\/phyto4pattes.fr\/index.php\/produit\/msm-glucosamine-chats\/","name":"MSM Glucosamine chats - Phyto4Pattes.fr","isPartOf":{"@id":"http:\/\/phyto4pattes.fr\/#website"},"datePublished":"2026-03-16T11:48:56+00:00","breadcrumb":{"@id":"https:\/\/phyto4pattes.fr\/index.php\/produit\/msm-glucosamine-chats\/#breadcrumb"},"inLanguage":"fr-FR","potentialAction":[{"@type":"ReadAction","target":["https:\/\/phyto4pattes.fr\/index.php\/produit\/msm-glucosamine-chats\/"]}]},{"@type":"BreadcrumbList","@id":"https:\/\/phyto4pattes.fr\/index.php\/produit\/msm-glucosamine-chats\/#breadcrumb","itemListElement":[{"@type":"ListItem","position":1,"name":"Accueil","item":"https:\/\/phyto4pattes.fr\/"},{"@type":"ListItem","position":2,"name":"Boutique","item":"https:\/\/phyto4pattes.fr\/index.php\/shop\/"},{"@type":"ListItem","position":3,"name":"MSM Glucosamine chats"}]},{"@type":"WebSite","@id":"http:\/\/phyto4pattes.fr\/#website","url":"http:\/\/phyto4pattes.fr\/","name":"Phyto4Pattes.fr","description":"\u00ab Le bien-\u00eatre de votre animal commence par les plantes \u00bb","publisher":{"@id":"http:\/\/phyto4pattes.fr\/#organization"},"potentialAction":[{"@type":"SearchAction","target":{"@type":"EntryPoint","urlTemplate":"http:\/\/phyto4pattes.fr\/?s={search_term_string}"},"query-input":{"@type":"PropertyValueSpecification","valueRequired":true,"valueName":"search_term_string"}}],"inLanguage":"fr-FR"},{"@type":"Organization","@id":"http:\/\/phyto4pattes.fr\/#organization","name":"Phyto4Pattes.fr","url":"http:\/\/phyto4pattes.fr\/","logo":{"@type":"ImageObject","inLanguage":"fr-FR","@id":"http:\/\/phyto4pattes.fr\/#\/schema\/logo\/image\/","url":"http:\/\/phyto4pattes.fr\/wp-content\/uploads\/2026\/03\/cropped-logo-10-Phyto-4-Pattes.jpg","contentUrl":"http:\/\/phyto4pattes.fr\/wp-content\/uploads\/2026\/03\/cropped-logo-10-Phyto-4-Pattes.jpg","width":250,"height":250,"caption":"Phyto4Pattes.fr"},"image":{"@id":"http:\/\/phyto4pattes.fr\/#\/schema\/logo\/image\/"}}]}},"_links":{"self":[{"href":"https:\/\/phyto4pattes.fr\/index.php\/wp-json\/wp\/v2\/product\/178","targetHints":{"allow":["GET"]}}],"collection":[{"href":"https:\/\/phyto4pattes.fr\/index.php\/wp-json\/wp\/v2\/product"}],"about":[{"href":"https:\/\/phyto4pattes.fr\/index.php\/wp-json\/wp\/v2\/types\/product"}],"replies":[{"embeddable":true,"href":"https:\/\/phyto4pattes.fr\/index.php\/wp-json\/wp\/v2\/comments?post=178"}],"wp:attachment":[{"href":"https:\/\/phyto4pattes.fr\/index.php\/wp-json\/wp\/v2\/media?parent=178"}],"wp:term":[{"taxonomy":"product_brand","embeddable":true,"href":"https:\/\/phyto4pattes.fr\/index.php\/wp-json\/wp\/v2\/product_brand?post=178"},{"taxonomy":"product_cat","embeddable":true,"href":"https:\/\/phyto4pattes.fr\/index.php\/wp-json\/wp\/v2\/product_cat?post=178"},{"taxonomy":"product_tag","embeddable":true,"href":"https:\/\/phyto4pattes.fr\/index.php\/wp-json\/wp\/v2\/product_tag?post=178"}],"curies":[{"name":"wp","href":"https:\/\/api.w.org\/{rel}","templated":true}]}}