{"id":175,"date":"2026-03-16T11:45:32","date_gmt":"2026-03-16T11:45:32","guid":{"rendered":"https:\/\/phyto4pattes.fr\/?post_type=product&#038;p=175"},"modified":"2026-03-16T11:45:33","modified_gmt":"2026-03-16T11:45:33","slug":"confort-chats-seniors","status":"publish","type":"product","link":"https:\/\/phyto4pattes.fr\/index.php\/produit\/confort-chats-seniors\/","title":{"rendered":"Confort chats seniors"},"content":{"rendered":"<p>Synergie con\u00e7ue sp\u00e9cialement pour r\u00e9pondre aux besoins nutritionnels changeants des chats vieillissant.<\/p>\n<p>Participe au bien\u00eatre du chat senior pour le confort de l&rsquo;appareil locomoteur et de l&rsquo;\u00e9tat immunitaire g\u00e9n\u00e9ral.<\/p>\n<p><em>(ortie pissenlit algues artichaut levures)<\/em><\/p>\n<p>&nbsp;<\/p>\n<p>Participe au bien \u00eatre du chat \u00e2g\u00e9, soutien et confort de l&rsquo;appareil locomoteur vieillissant<\/p>\n<p>Drainage , stimulation des d\u00e9fenses immunitaires, fortifiant apportant tonus et vitalit\u00e9 au quotidien<\/p>\n<p>&nbsp;<\/p>\n<p><strong>Utilisation<\/strong>\u00a0: (c.dose fournie = 1 g)<\/p>\n<p>1 c.dose \/ 10 kg poids \/ jour \u00e0 saupoudrer sur la ration humidifi\u00e9e<\/p>\n<p>sachet de 100 g (photo non contractuelle)<\/p>\n<p>&nbsp;<\/p>\n<p>Produit 100% naturel, non dopant, formul\u00e9 pour les chats.<\/p>\n<p>Conserver dans un endroit sec, bien refermer apr\u00e8s usage.<\/p>\n<p>Produit d&rsquo;hygi\u00e8ne et de soin, compl\u00e9ment alimentaire.<\/p>\n<p>N&rsquo;h\u00e9sitez pas \u00e0 demander conseil \u00e0 votre v\u00e9t\u00e9rinaire.<\/p>\n","protected":false},"excerpt":{"rendered":"<p>Synergie con\u00e7ue sp\u00e9cialement pour r\u00e9pondre aux besoins nutritionnels changeants des chats vieillissant. Participe au bien\u00eatre du chat senior pour le confort de l&rsquo;appareil locomoteur et de l&rsquo;\u00e9tat immunitaire g\u00e9n\u00e9ral. (ortie pissenlit algues artichaut levures) &nbsp; Participe au bien \u00eatre du chat \u00e2g\u00e9, soutien et confort de l&rsquo;appareil locomoteur vieillissant Drainage , stimulation des d\u00e9fenses immunitaires, &hellip; <\/p>\n<p class=\"link-more\"><a href=\"https:\/\/phyto4pattes.fr\/index.php\/produit\/confort-chats-seniors\/\" class=\"more-link\">Continuer la lecture<span class=\"screen-reader-text\"> de &laquo;&nbsp;Confort chats seniors&nbsp;&raquo;<\/span><\/a><\/p>\n","protected":false},"featured_media":0,"comment_status":"open","ping_status":"closed","template":"","meta":[],"product_brand":[],"product_cat":[29],"product_tag":[],"class_list":{"0":"post-175","1":"product","2":"type-product","3":"status-publish","5":"product_cat-gamme-feline","7":"first","8":"instock","9":"taxable","10":"shipping-taxable","11":"purchasable","12":"product-type-simple"},"yoast_head":"<!-- This site is optimized with the Yoast SEO plugin v27.2 - https:\/\/yoast.com\/product\/yoast-seo-wordpress\/ -->\n<title>Confort chats seniors - Phyto4Pattes.fr<\/title>\n<meta name=\"robots\" content=\"index, follow, max-snippet:-1, max-image-preview:large, max-video-preview:-1\" \/>\n<link rel=\"canonical\" href=\"https:\/\/phyto4pattes.fr\/index.php\/produit\/confort-chats-seniors\/\" \/>\n<meta property=\"og:locale\" content=\"fr_FR\" \/>\n<meta property=\"og:type\" content=\"article\" \/>\n<meta property=\"og:title\" content=\"Confort chats seniors - Phyto4Pattes.fr\" \/>\n<meta property=\"og:description\" content=\"Synergie con\u00e7ue sp\u00e9cialement pour r\u00e9pondre aux besoins nutritionnels changeants des chats vieillissant. Participe au bien\u00eatre du chat senior pour le confort de l&rsquo;appareil locomoteur et de l&rsquo;\u00e9tat immunitaire g\u00e9n\u00e9ral. (ortie pissenlit algues artichaut levures) &nbsp; Participe au bien \u00eatre du chat \u00e2g\u00e9, soutien et confort de l&rsquo;appareil locomoteur vieillissant Drainage , stimulation des d\u00e9fenses immunitaires, &hellip; Continuer la lecture de &laquo;&nbsp;Confort chats seniors&nbsp;&raquo;\" \/>\n<meta property=\"og:url\" content=\"https:\/\/phyto4pattes.fr\/index.php\/produit\/confort-chats-seniors\/\" \/>\n<meta property=\"og:site_name\" content=\"Phyto4Pattes.fr\" \/>\n<meta property=\"article:modified_time\" content=\"2026-03-16T11:45:33+00:00\" \/>\n<meta name=\"twitter:card\" content=\"summary_large_image\" \/>\n<meta name=\"twitter:label1\" content=\"Dur\u00e9e de lecture estim\u00e9e\" \/>\n\t<meta name=\"twitter:data1\" content=\"1 minute\" \/>\n<script type=\"application\/ld+json\" class=\"yoast-schema-graph\">{\"@context\":\"https:\/\/schema.org\",\"@graph\":[{\"@type\":\"WebPage\",\"@id\":\"https:\/\/phyto4pattes.fr\/index.php\/produit\/confort-chats-seniors\/\",\"url\":\"https:\/\/phyto4pattes.fr\/index.php\/produit\/confort-chats-seniors\/\",\"name\":\"Confort chats seniors - Phyto4Pattes.fr\",\"isPartOf\":{\"@id\":\"http:\/\/phyto4pattes.fr\/#website\"},\"datePublished\":\"2026-03-16T11:45:32+00:00\",\"dateModified\":\"2026-03-16T11:45:33+00:00\",\"breadcrumb\":{\"@id\":\"https:\/\/phyto4pattes.fr\/index.php\/produit\/confort-chats-seniors\/#breadcrumb\"},\"inLanguage\":\"fr-FR\",\"potentialAction\":[{\"@type\":\"ReadAction\",\"target\":[\"https:\/\/phyto4pattes.fr\/index.php\/produit\/confort-chats-seniors\/\"]}]},{\"@type\":\"BreadcrumbList\",\"@id\":\"https:\/\/phyto4pattes.fr\/index.php\/produit\/confort-chats-seniors\/#breadcrumb\",\"itemListElement\":[{\"@type\":\"ListItem\",\"position\":1,\"name\":\"Accueil\",\"item\":\"https:\/\/phyto4pattes.fr\/\"},{\"@type\":\"ListItem\",\"position\":2,\"name\":\"Boutique\",\"item\":\"https:\/\/phyto4pattes.fr\/index.php\/shop\/\"},{\"@type\":\"ListItem\",\"position\":3,\"name\":\"Confort chats seniors\"}]},{\"@type\":\"WebSite\",\"@id\":\"http:\/\/phyto4pattes.fr\/#website\",\"url\":\"http:\/\/phyto4pattes.fr\/\",\"name\":\"Phyto4Pattes.fr\",\"description\":\"\u00ab Le bien-\u00eatre de votre animal commence par les plantes \u00bb\",\"publisher\":{\"@id\":\"http:\/\/phyto4pattes.fr\/#organization\"},\"potentialAction\":[{\"@type\":\"SearchAction\",\"target\":{\"@type\":\"EntryPoint\",\"urlTemplate\":\"http:\/\/phyto4pattes.fr\/?s={search_term_string}\"},\"query-input\":{\"@type\":\"PropertyValueSpecification\",\"valueRequired\":true,\"valueName\":\"search_term_string\"}}],\"inLanguage\":\"fr-FR\"},{\"@type\":\"Organization\",\"@id\":\"http:\/\/phyto4pattes.fr\/#organization\",\"name\":\"Phyto4Pattes.fr\",\"url\":\"http:\/\/phyto4pattes.fr\/\",\"logo\":{\"@type\":\"ImageObject\",\"inLanguage\":\"fr-FR\",\"@id\":\"http:\/\/phyto4pattes.fr\/#\/schema\/logo\/image\/\",\"url\":\"http:\/\/phyto4pattes.fr\/wp-content\/uploads\/2026\/03\/cropped-logo-10-Phyto-4-Pattes.jpg\",\"contentUrl\":\"http:\/\/phyto4pattes.fr\/wp-content\/uploads\/2026\/03\/cropped-logo-10-Phyto-4-Pattes.jpg\",\"width\":250,\"height\":250,\"caption\":\"Phyto4Pattes.fr\"},\"image\":{\"@id\":\"http:\/\/phyto4pattes.fr\/#\/schema\/logo\/image\/\"}}]}<\/script>\n<!-- \/ Yoast SEO plugin. -->","yoast_head_json":{"title":"Confort chats seniors - Phyto4Pattes.fr","robots":{"index":"index","follow":"follow","max-snippet":"max-snippet:-1","max-image-preview":"max-image-preview:large","max-video-preview":"max-video-preview:-1"},"canonical":"https:\/\/phyto4pattes.fr\/index.php\/produit\/confort-chats-seniors\/","og_locale":"fr_FR","og_type":"article","og_title":"Confort chats seniors - Phyto4Pattes.fr","og_description":"Synergie con\u00e7ue sp\u00e9cialement pour r\u00e9pondre aux besoins nutritionnels changeants des chats vieillissant. Participe au bien\u00eatre du chat senior pour le confort de l&rsquo;appareil locomoteur et de l&rsquo;\u00e9tat immunitaire g\u00e9n\u00e9ral. (ortie pissenlit algues artichaut levures) &nbsp; Participe au bien \u00eatre du chat \u00e2g\u00e9, soutien et confort de l&rsquo;appareil locomoteur vieillissant Drainage , stimulation des d\u00e9fenses immunitaires, &hellip; Continuer la lecture de &laquo;&nbsp;Confort chats seniors&nbsp;&raquo;","og_url":"https:\/\/phyto4pattes.fr\/index.php\/produit\/confort-chats-seniors\/","og_site_name":"Phyto4Pattes.fr","article_modified_time":"2026-03-16T11:45:33+00:00","twitter_card":"summary_large_image","twitter_misc":{"Dur\u00e9e de lecture estim\u00e9e":"1 minute"},"schema":{"@context":"https:\/\/schema.org","@graph":[{"@type":"WebPage","@id":"https:\/\/phyto4pattes.fr\/index.php\/produit\/confort-chats-seniors\/","url":"https:\/\/phyto4pattes.fr\/index.php\/produit\/confort-chats-seniors\/","name":"Confort chats seniors - Phyto4Pattes.fr","isPartOf":{"@id":"http:\/\/phyto4pattes.fr\/#website"},"datePublished":"2026-03-16T11:45:32+00:00","dateModified":"2026-03-16T11:45:33+00:00","breadcrumb":{"@id":"https:\/\/phyto4pattes.fr\/index.php\/produit\/confort-chats-seniors\/#breadcrumb"},"inLanguage":"fr-FR","potentialAction":[{"@type":"ReadAction","target":["https:\/\/phyto4pattes.fr\/index.php\/produit\/confort-chats-seniors\/"]}]},{"@type":"BreadcrumbList","@id":"https:\/\/phyto4pattes.fr\/index.php\/produit\/confort-chats-seniors\/#breadcrumb","itemListElement":[{"@type":"ListItem","position":1,"name":"Accueil","item":"https:\/\/phyto4pattes.fr\/"},{"@type":"ListItem","position":2,"name":"Boutique","item":"https:\/\/phyto4pattes.fr\/index.php\/shop\/"},{"@type":"ListItem","position":3,"name":"Confort chats seniors"}]},{"@type":"WebSite","@id":"http:\/\/phyto4pattes.fr\/#website","url":"http:\/\/phyto4pattes.fr\/","name":"Phyto4Pattes.fr","description":"\u00ab Le bien-\u00eatre de votre animal commence par les plantes \u00bb","publisher":{"@id":"http:\/\/phyto4pattes.fr\/#organization"},"potentialAction":[{"@type":"SearchAction","target":{"@type":"EntryPoint","urlTemplate":"http:\/\/phyto4pattes.fr\/?s={search_term_string}"},"query-input":{"@type":"PropertyValueSpecification","valueRequired":true,"valueName":"search_term_string"}}],"inLanguage":"fr-FR"},{"@type":"Organization","@id":"http:\/\/phyto4pattes.fr\/#organization","name":"Phyto4Pattes.fr","url":"http:\/\/phyto4pattes.fr\/","logo":{"@type":"ImageObject","inLanguage":"fr-FR","@id":"http:\/\/phyto4pattes.fr\/#\/schema\/logo\/image\/","url":"http:\/\/phyto4pattes.fr\/wp-content\/uploads\/2026\/03\/cropped-logo-10-Phyto-4-Pattes.jpg","contentUrl":"http:\/\/phyto4pattes.fr\/wp-content\/uploads\/2026\/03\/cropped-logo-10-Phyto-4-Pattes.jpg","width":250,"height":250,"caption":"Phyto4Pattes.fr"},"image":{"@id":"http:\/\/phyto4pattes.fr\/#\/schema\/logo\/image\/"}}]}},"_links":{"self":[{"href":"https:\/\/phyto4pattes.fr\/index.php\/wp-json\/wp\/v2\/product\/175","targetHints":{"allow":["GET"]}}],"collection":[{"href":"https:\/\/phyto4pattes.fr\/index.php\/wp-json\/wp\/v2\/product"}],"about":[{"href":"https:\/\/phyto4pattes.fr\/index.php\/wp-json\/wp\/v2\/types\/product"}],"replies":[{"embeddable":true,"href":"https:\/\/phyto4pattes.fr\/index.php\/wp-json\/wp\/v2\/comments?post=175"}],"wp:attachment":[{"href":"https:\/\/phyto4pattes.fr\/index.php\/wp-json\/wp\/v2\/media?parent=175"}],"wp:term":[{"taxonomy":"product_brand","embeddable":true,"href":"https:\/\/phyto4pattes.fr\/index.php\/wp-json\/wp\/v2\/product_brand?post=175"},{"taxonomy":"product_cat","embeddable":true,"href":"https:\/\/phyto4pattes.fr\/index.php\/wp-json\/wp\/v2\/product_cat?post=175"},{"taxonomy":"product_tag","embeddable":true,"href":"https:\/\/phyto4pattes.fr\/index.php\/wp-json\/wp\/v2\/product_tag?post=175"}],"curies":[{"name":"wp","href":"https:\/\/api.w.org\/{rel}","templated":true}]}}