{"id":172,"date":"2026-03-16T11:41:56","date_gmt":"2026-03-16T11:41:56","guid":{"rendered":"https:\/\/phyto4pattes.fr\/?post_type=product&#038;p=172"},"modified":"2026-03-16T11:41:56","modified_gmt":"2026-03-16T11:41:56","slug":"collagene-chats","status":"publish","type":"product","link":"https:\/\/phyto4pattes.fr\/index.php\/produit\/collagene-chats\/","title":{"rendered":"Collag\u00e8ne chats"},"content":{"rendered":"<p>El\u00e9ment constitutif des os, muscles, tendons, cartilages et conjonctifs, le collag\u00e8ne permet de maintenir l&rsquo;\u00e9lasticit\u00e9 et la coh\u00e9sion tissulaire de votre chat.<\/p>\n<p><em>100 % collag\u00e8ne hydrolysat en poudre<\/em><\/p>\n<p>Hautement assimilable par l&rsquo;organisme de votre chat<\/p>\n<p>&nbsp;<\/p>\n<p>UN \u00e9l\u00e9ment essentiel du corps de tous les \u00eatres vivants, le collag\u00e8ne jour un r\u00f4le fondamental dans la sant\u00e9 et le bien \u00eatre global.<\/p>\n<p>Particuli\u00e8rement b\u00e9n\u00e9fique pour le soutien et la souplesse articulaire.<\/p>\n<p>Id\u00e9al pour les chatons en croissance, les chats \u00e2g\u00e9s n\u00e9cessitant de renforcer les articulations.<\/p>\n<p>en sachet de 100 g. (photo non contractuelle)<\/p>\n<p>&nbsp;<\/p>\n<p><strong>Utilisation<\/strong>\u00a0: (c.dose fournie = 1 g)<\/p>\n<p>1 c.dose \/ 10 kg poids \/ jour saupoudrer sur la ration humidifi\u00e9e<\/p>\n<p>&nbsp;<\/p>\n<p>Produit 100% naturel, non dopant, formul\u00e9 pour les chats.<\/p>\n<p>Conserver dans un endroit sec, bien refermer apr\u00e8s usage.<\/p>\n<p>Produit d&rsquo;hygi\u00e8ne et de soin, compl\u00e9ment alimentaire.<\/p>\n<p>N&rsquo;h\u00e9sitez pas \u00e0 demander conseil \u00e0 votre v\u00e9t\u00e9rinaire.<\/p>\n","protected":false},"excerpt":{"rendered":"<p>El\u00e9ment constitutif des os, muscles, tendons, cartilages et conjonctifs, le collag\u00e8ne permet de maintenir l&rsquo;\u00e9lasticit\u00e9 et la coh\u00e9sion tissulaire de votre chat. 100 % collag\u00e8ne hydrolysat en poudre Hautement assimilable par l&rsquo;organisme de votre chat &nbsp; UN \u00e9l\u00e9ment essentiel du corps de tous les \u00eatres vivants, le collag\u00e8ne jour un r\u00f4le fondamental dans la sant\u00e9 &hellip; <\/p>\n<p class=\"link-more\"><a href=\"https:\/\/phyto4pattes.fr\/index.php\/produit\/collagene-chats\/\" class=\"more-link\">Continuer la lecture<span class=\"screen-reader-text\"> de &laquo;&nbsp;Collag\u00e8ne chats&nbsp;&raquo;<\/span><\/a><\/p>\n","protected":false},"featured_media":0,"comment_status":"open","ping_status":"closed","template":"","meta":[],"product_brand":[],"product_cat":[29],"product_tag":[],"class_list":{"0":"post-172","1":"product","2":"type-product","3":"status-publish","5":"product_cat-gamme-feline","7":"first","8":"instock","9":"taxable","10":"shipping-taxable","11":"purchasable","12":"product-type-simple"},"yoast_head":"<!-- This site is optimized with the Yoast SEO plugin v27.2 - https:\/\/yoast.com\/product\/yoast-seo-wordpress\/ -->\n<title>Collag\u00e8ne chats - Phyto4Pattes.fr<\/title>\n<meta name=\"robots\" content=\"index, follow, max-snippet:-1, max-image-preview:large, max-video-preview:-1\" \/>\n<link rel=\"canonical\" href=\"https:\/\/phyto4pattes.fr\/index.php\/produit\/collagene-chats\/\" \/>\n<meta property=\"og:locale\" content=\"fr_FR\" \/>\n<meta property=\"og:type\" content=\"article\" \/>\n<meta property=\"og:title\" content=\"Collag\u00e8ne chats - Phyto4Pattes.fr\" \/>\n<meta property=\"og:description\" content=\"El\u00e9ment constitutif des os, muscles, tendons, cartilages et conjonctifs, le collag\u00e8ne permet de maintenir l&rsquo;\u00e9lasticit\u00e9 et la coh\u00e9sion tissulaire de votre chat. 100 % collag\u00e8ne hydrolysat en poudre Hautement assimilable par l&rsquo;organisme de votre chat &nbsp; UN \u00e9l\u00e9ment essentiel du corps de tous les \u00eatres vivants, le collag\u00e8ne jour un r\u00f4le fondamental dans la sant\u00e9 &hellip; Continuer la lecture de &laquo;&nbsp;Collag\u00e8ne chats&nbsp;&raquo;\" \/>\n<meta property=\"og:url\" content=\"https:\/\/phyto4pattes.fr\/index.php\/produit\/collagene-chats\/\" \/>\n<meta property=\"og:site_name\" content=\"Phyto4Pattes.fr\" \/>\n<meta name=\"twitter:card\" content=\"summary_large_image\" \/>\n<meta name=\"twitter:label1\" content=\"Dur\u00e9e de lecture estim\u00e9e\" \/>\n\t<meta name=\"twitter:data1\" content=\"1 minute\" \/>\n<script type=\"application\/ld+json\" class=\"yoast-schema-graph\">{\"@context\":\"https:\/\/schema.org\",\"@graph\":[{\"@type\":\"WebPage\",\"@id\":\"https:\/\/phyto4pattes.fr\/index.php\/produit\/collagene-chats\/\",\"url\":\"https:\/\/phyto4pattes.fr\/index.php\/produit\/collagene-chats\/\",\"name\":\"Collag\u00e8ne chats - Phyto4Pattes.fr\",\"isPartOf\":{\"@id\":\"http:\/\/phyto4pattes.fr\/#website\"},\"datePublished\":\"2026-03-16T11:41:56+00:00\",\"breadcrumb\":{\"@id\":\"https:\/\/phyto4pattes.fr\/index.php\/produit\/collagene-chats\/#breadcrumb\"},\"inLanguage\":\"fr-FR\",\"potentialAction\":[{\"@type\":\"ReadAction\",\"target\":[\"https:\/\/phyto4pattes.fr\/index.php\/produit\/collagene-chats\/\"]}]},{\"@type\":\"BreadcrumbList\",\"@id\":\"https:\/\/phyto4pattes.fr\/index.php\/produit\/collagene-chats\/#breadcrumb\",\"itemListElement\":[{\"@type\":\"ListItem\",\"position\":1,\"name\":\"Accueil\",\"item\":\"https:\/\/phyto4pattes.fr\/\"},{\"@type\":\"ListItem\",\"position\":2,\"name\":\"Boutique\",\"item\":\"https:\/\/phyto4pattes.fr\/index.php\/shop\/\"},{\"@type\":\"ListItem\",\"position\":3,\"name\":\"Collag\u00e8ne chats\"}]},{\"@type\":\"WebSite\",\"@id\":\"http:\/\/phyto4pattes.fr\/#website\",\"url\":\"http:\/\/phyto4pattes.fr\/\",\"name\":\"Phyto4Pattes.fr\",\"description\":\"\u00ab Le bien-\u00eatre de votre animal commence par les plantes \u00bb\",\"publisher\":{\"@id\":\"http:\/\/phyto4pattes.fr\/#organization\"},\"potentialAction\":[{\"@type\":\"SearchAction\",\"target\":{\"@type\":\"EntryPoint\",\"urlTemplate\":\"http:\/\/phyto4pattes.fr\/?s={search_term_string}\"},\"query-input\":{\"@type\":\"PropertyValueSpecification\",\"valueRequired\":true,\"valueName\":\"search_term_string\"}}],\"inLanguage\":\"fr-FR\"},{\"@type\":\"Organization\",\"@id\":\"http:\/\/phyto4pattes.fr\/#organization\",\"name\":\"Phyto4Pattes.fr\",\"url\":\"http:\/\/phyto4pattes.fr\/\",\"logo\":{\"@type\":\"ImageObject\",\"inLanguage\":\"fr-FR\",\"@id\":\"http:\/\/phyto4pattes.fr\/#\/schema\/logo\/image\/\",\"url\":\"http:\/\/phyto4pattes.fr\/wp-content\/uploads\/2026\/03\/cropped-logo-10-Phyto-4-Pattes.jpg\",\"contentUrl\":\"http:\/\/phyto4pattes.fr\/wp-content\/uploads\/2026\/03\/cropped-logo-10-Phyto-4-Pattes.jpg\",\"width\":250,\"height\":250,\"caption\":\"Phyto4Pattes.fr\"},\"image\":{\"@id\":\"http:\/\/phyto4pattes.fr\/#\/schema\/logo\/image\/\"}}]}<\/script>\n<!-- \/ Yoast SEO plugin. -->","yoast_head_json":{"title":"Collag\u00e8ne chats - Phyto4Pattes.fr","robots":{"index":"index","follow":"follow","max-snippet":"max-snippet:-1","max-image-preview":"max-image-preview:large","max-video-preview":"max-video-preview:-1"},"canonical":"https:\/\/phyto4pattes.fr\/index.php\/produit\/collagene-chats\/","og_locale":"fr_FR","og_type":"article","og_title":"Collag\u00e8ne chats - Phyto4Pattes.fr","og_description":"El\u00e9ment constitutif des os, muscles, tendons, cartilages et conjonctifs, le collag\u00e8ne permet de maintenir l&rsquo;\u00e9lasticit\u00e9 et la coh\u00e9sion tissulaire de votre chat. 100 % collag\u00e8ne hydrolysat en poudre Hautement assimilable par l&rsquo;organisme de votre chat &nbsp; UN \u00e9l\u00e9ment essentiel du corps de tous les \u00eatres vivants, le collag\u00e8ne jour un r\u00f4le fondamental dans la sant\u00e9 &hellip; Continuer la lecture de &laquo;&nbsp;Collag\u00e8ne chats&nbsp;&raquo;","og_url":"https:\/\/phyto4pattes.fr\/index.php\/produit\/collagene-chats\/","og_site_name":"Phyto4Pattes.fr","twitter_card":"summary_large_image","twitter_misc":{"Dur\u00e9e de lecture estim\u00e9e":"1 minute"},"schema":{"@context":"https:\/\/schema.org","@graph":[{"@type":"WebPage","@id":"https:\/\/phyto4pattes.fr\/index.php\/produit\/collagene-chats\/","url":"https:\/\/phyto4pattes.fr\/index.php\/produit\/collagene-chats\/","name":"Collag\u00e8ne chats - Phyto4Pattes.fr","isPartOf":{"@id":"http:\/\/phyto4pattes.fr\/#website"},"datePublished":"2026-03-16T11:41:56+00:00","breadcrumb":{"@id":"https:\/\/phyto4pattes.fr\/index.php\/produit\/collagene-chats\/#breadcrumb"},"inLanguage":"fr-FR","potentialAction":[{"@type":"ReadAction","target":["https:\/\/phyto4pattes.fr\/index.php\/produit\/collagene-chats\/"]}]},{"@type":"BreadcrumbList","@id":"https:\/\/phyto4pattes.fr\/index.php\/produit\/collagene-chats\/#breadcrumb","itemListElement":[{"@type":"ListItem","position":1,"name":"Accueil","item":"https:\/\/phyto4pattes.fr\/"},{"@type":"ListItem","position":2,"name":"Boutique","item":"https:\/\/phyto4pattes.fr\/index.php\/shop\/"},{"@type":"ListItem","position":3,"name":"Collag\u00e8ne chats"}]},{"@type":"WebSite","@id":"http:\/\/phyto4pattes.fr\/#website","url":"http:\/\/phyto4pattes.fr\/","name":"Phyto4Pattes.fr","description":"\u00ab Le bien-\u00eatre de votre animal commence par les plantes \u00bb","publisher":{"@id":"http:\/\/phyto4pattes.fr\/#organization"},"potentialAction":[{"@type":"SearchAction","target":{"@type":"EntryPoint","urlTemplate":"http:\/\/phyto4pattes.fr\/?s={search_term_string}"},"query-input":{"@type":"PropertyValueSpecification","valueRequired":true,"valueName":"search_term_string"}}],"inLanguage":"fr-FR"},{"@type":"Organization","@id":"http:\/\/phyto4pattes.fr\/#organization","name":"Phyto4Pattes.fr","url":"http:\/\/phyto4pattes.fr\/","logo":{"@type":"ImageObject","inLanguage":"fr-FR","@id":"http:\/\/phyto4pattes.fr\/#\/schema\/logo\/image\/","url":"http:\/\/phyto4pattes.fr\/wp-content\/uploads\/2026\/03\/cropped-logo-10-Phyto-4-Pattes.jpg","contentUrl":"http:\/\/phyto4pattes.fr\/wp-content\/uploads\/2026\/03\/cropped-logo-10-Phyto-4-Pattes.jpg","width":250,"height":250,"caption":"Phyto4Pattes.fr"},"image":{"@id":"http:\/\/phyto4pattes.fr\/#\/schema\/logo\/image\/"}}]}},"_links":{"self":[{"href":"https:\/\/phyto4pattes.fr\/index.php\/wp-json\/wp\/v2\/product\/172","targetHints":{"allow":["GET"]}}],"collection":[{"href":"https:\/\/phyto4pattes.fr\/index.php\/wp-json\/wp\/v2\/product"}],"about":[{"href":"https:\/\/phyto4pattes.fr\/index.php\/wp-json\/wp\/v2\/types\/product"}],"replies":[{"embeddable":true,"href":"https:\/\/phyto4pattes.fr\/index.php\/wp-json\/wp\/v2\/comments?post=172"}],"wp:attachment":[{"href":"https:\/\/phyto4pattes.fr\/index.php\/wp-json\/wp\/v2\/media?parent=172"}],"wp:term":[{"taxonomy":"product_brand","embeddable":true,"href":"https:\/\/phyto4pattes.fr\/index.php\/wp-json\/wp\/v2\/product_brand?post=172"},{"taxonomy":"product_cat","embeddable":true,"href":"https:\/\/phyto4pattes.fr\/index.php\/wp-json\/wp\/v2\/product_cat?post=172"},{"taxonomy":"product_tag","embeddable":true,"href":"https:\/\/phyto4pattes.fr\/index.php\/wp-json\/wp\/v2\/product_tag?post=172"}],"curies":[{"name":"wp","href":"https:\/\/api.w.org\/{rel}","templated":true}]}}