{"id":148,"date":"2026-03-14T14:20:31","date_gmt":"2026-03-14T14:20:31","guid":{"rendered":"https:\/\/phyto4pattes.fr\/?post_type=product&#038;p=148"},"modified":"2026-04-13T05:03:53","modified_gmt":"2026-04-13T05:03:53","slug":"huile-de-massage-articulations-chiens","status":"publish","type":"product","link":"https:\/\/phyto4pattes.fr\/index.php\/produit\/huile-de-massage-articulations-chiens\/","title":{"rendered":"Huile de massage articulations chiens"},"content":{"rendered":"<p data-start=\"44\" data-end=\"112\"><strong data-start=\"44\" data-end=\"110\">Soulager, prot\u00e9ger et soutenir les articulations naturellement<\/strong><\/p>\n<p data-start=\"114\" data-end=\"415\">L\u2019<strong data-start=\"116\" data-end=\"150\">huile de massage Articulations<\/strong> est sp\u00e9cialement formul\u00e9e pour les chiens afin de <strong data-start=\"201\" data-end=\"252\">favoriser le confort et la mobilit\u00e9 articulaire<\/strong>. Gr\u00e2ce \u00e0 sa combinaison d\u2019huiles v\u00e9g\u00e9tales et d\u2019actifs naturels, elle permet de <strong data-start=\"333\" data-end=\"412\">d\u00e9tendre les muscles, stimuler la circulation et soutenir les articulations<\/strong>.<\/p>\n<p data-start=\"417\" data-end=\"561\">Pratique et douce, cette huile est id\u00e9ale pour <strong data-start=\"464\" data-end=\"522\">accompagner les chiens seniors, sportifs ou fragilis\u00e9s<\/strong>, en compl\u00e9ment des cures articulaires.<\/p>\n<hr data-start=\"563\" data-end=\"566\" \/>\n<h3 data-section-id=\"1dis036\" data-start=\"568\" data-end=\"607\">Les objectifs de l\u2019huile de massage<\/h3>\n<p data-start=\"609\" data-end=\"631\">Cette huile vise \u00e0 :<\/p>\n<ul data-start=\"633\" data-end=\"853\">\n<li data-section-id=\"1sx3gxs\" data-start=\"633\" data-end=\"694\">\n<p data-start=\"635\" data-end=\"694\">soutenir la <strong data-start=\"647\" data-end=\"692\">souplesse et le confort des articulations<\/strong><\/p>\n<\/li>\n<li data-section-id=\"1h841jz\" data-start=\"695\" data-end=\"743\">\n<p data-start=\"697\" data-end=\"743\">favoriser la <strong data-start=\"710\" data-end=\"741\">circulation sanguine locale<\/strong><\/p>\n<\/li>\n<li data-section-id=\"16pagld\" data-start=\"744\" data-end=\"797\">\n<p data-start=\"746\" data-end=\"797\">d\u00e9tendre les <strong data-start=\"759\" data-end=\"795\">muscles autour des articulations<\/strong><\/p>\n<\/li>\n<li data-section-id=\"kir1ua\" data-start=\"798\" data-end=\"853\">\n<p data-start=\"800\" data-end=\"853\">accompagner <strong data-start=\"812\" data-end=\"851\">la mobilit\u00e9 et le bien-\u00eatre g\u00e9n\u00e9ral<\/strong><\/p>\n<\/li>\n<\/ul>\n<hr data-start=\"855\" data-end=\"858\" \/>\n<h3 data-section-id=\"1moovnp\" data-start=\"860\" data-end=\"883\">Pour quels chiens ?<\/h3>\n<p data-start=\"885\" data-end=\"933\">L\u2019huile de massage Articulations est adapt\u00e9e aux <strong data-start=\"941\" data-end=\"959\">chiens seniors, <\/strong>aux chiens <strong data-start=\"975\" data-end=\"997\">actifs ou sportifs, <\/strong>aux chiens pr\u00e9sentant des <strong data-start=\"1028\" data-end=\"1067\">raideurs ou inconforts articulaires, <\/strong>aux chiens en <strong data-start=\"1086\" data-end=\"1137\">phase de r\u00e9cup\u00e9ration musculaire ou articulaire<\/strong>comme <strong data-start=\"1148\" data-end=\"1192\">soin compl\u00e9mentaire aux cures naturelles<\/strong><\/p>\n<hr data-start=\"1196\" data-end=\"1199\" \/>\n<h3 data-section-id=\"846gqq\" data-start=\"1201\" data-end=\"1227\">Les b\u00e9n\u00e9fices attendus<\/h3>\n<p data-start=\"1229\" data-end=\"1283\">Une utilisation r\u00e9guli\u00e8re peut aider votre chien \u00e0 :<\/p>\n<p data-start=\"1285\" data-end=\"1497\">\u2714 retrouver <strong data-start=\"1297\" data-end=\"1332\">plus de souplesse et de confort<\/strong><br data-start=\"1332\" data-end=\"1335\" \/>\u2714 r\u00e9duire les <strong data-start=\"1349\" data-end=\"1398\">tensions musculaires autour des articulations<\/strong><br data-start=\"1398\" data-end=\"1401\" \/>\u2714 am\u00e9liorer la <strong data-start=\"1416\" data-end=\"1444\">mobilit\u00e9 et le bien-\u00eatre<\/strong><br data-start=\"1444\" data-end=\"1447\" \/>\u2714 accompagner la <strong data-start=\"1464\" data-end=\"1495\">r\u00e9cup\u00e9ration apr\u00e8s l\u2019effort<\/strong><\/p>\n<hr data-start=\"1499\" data-end=\"1502\" \/>\n<h3 data-section-id=\"12o96lh\" data-start=\"1504\" data-end=\"1545\">Comment utiliser l\u2019huile de massage ?<\/h3>\n<ul data-start=\"1547\" data-end=\"1831\">\n<li data-section-id=\"b2l4pq\" data-start=\"1547\" data-end=\"1624\">\n<p data-start=\"1549\" data-end=\"1624\">Appliquer quelques gouttes sur <strong data-start=\"1580\" data-end=\"1622\">les articulations et muscles concern\u00e9s<\/strong><\/p>\n<\/li>\n<li data-section-id=\"1wczq21\" data-start=\"1625\" data-end=\"1704\">\n<p data-start=\"1627\" data-end=\"1704\">Masser doucement <strong data-start=\"1644\" data-end=\"1673\">en mouvements circulaires<\/strong> jusqu\u2019\u00e0 p\u00e9n\u00e9tration compl\u00e8te<\/p>\n<\/li>\n<li data-section-id=\"1faeiad\" data-start=\"1705\" data-end=\"1786\">\n<p data-start=\"1707\" data-end=\"1786\">Peut \u00eatre utilis\u00e9 <strong data-start=\"1725\" data-end=\"1784\">quotidiennement ou en compl\u00e9ment d\u2019une cure articulaire<\/strong><\/p>\n<\/li>\n<li data-section-id=\"tvuu3d\" data-start=\"1787\" data-end=\"1831\">\n<p data-start=\"1789\" data-end=\"1831\">Ne pas appliquer sur <strong data-start=\"1810\" data-end=\"1829\">plaies ouvertes<\/strong><\/p>\n<\/li>\n<\/ul>\n<hr data-start=\"1833\" data-end=\"1836\" \/>\n<h3 data-section-id=\"evjedv\" data-start=\"1838\" data-end=\"1859\">Conseil bien-\u00eatre<\/h3>\n<p data-start=\"1861\" data-end=\"1901\">Pour maximiser les effets du massage :<\/p>\n<ul data-start=\"1903\" data-end=\"2112\">\n<li data-section-id=\"2w5oo2\" data-start=\"1903\" data-end=\"1971\">\n<p data-start=\"1905\" data-end=\"1971\">associer \u00e0 <strong data-start=\"1916\" data-end=\"1955\">une cure articulations ou ligaments<\/strong> si n\u00e9cessaire<\/p>\n<\/li>\n<li data-section-id=\"ys0ege\" data-start=\"1972\" data-end=\"2052\">\n<p data-start=\"1974\" data-end=\"2052\">maintenir un <strong data-start=\"1987\" data-end=\"2003\">poids adapt\u00e9<\/strong> pour r\u00e9duire la pression sur les articulations<\/p>\n<\/li>\n<li data-section-id=\"1xqju62\" data-start=\"2053\" data-end=\"2112\">\n<p data-start=\"2055\" data-end=\"2112\">proposer <strong data-start=\"2064\" data-end=\"2110\">une activit\u00e9 physique r\u00e9guli\u00e8re mais douce<\/strong><\/p>\n<\/li>\n<\/ul>\n<hr data-start=\"2114\" data-end=\"2117\" \/>\n<p data-start=\"2119\" data-end=\"2341\">\ud83d\udca1 L\u2019huile de massage Articulations est un <strong data-start=\"2162\" data-end=\"2190\">soin naturel et relaxant<\/strong> qui permet d\u2019<strong data-start=\"2204\" data-end=\"2255\">apaiser, prot\u00e9ger et soutenir les articulations<\/strong> de votre chien, tout en favorisant la <strong data-start=\"2294\" data-end=\"2333\">mobilit\u00e9 et le confort au quotidien<\/strong>. \ud83d\udc15\ud83d\udc9a<\/p>\n<p data-start=\"2119\" data-end=\"2341\">Pour un effet optimal, utilisez cette huile en compl\u00e9ment de notre \ud83d\udc49<a href=\"https:\/\/phyto4pattes.fr\/index.php\/produit\/articulations-chiens-2\/\">Articulations chiens<\/a>,\u00a0 \ud83d\udc49<a href=\"https:\/\/phyto4pattes.fr\/index.php\/produit\/curcumharpago-chiens\/\">CurcumHarpago chiens<\/a> afin de soulager les douleurs en profondeur.<\/p>\n","protected":false},"excerpt":{"rendered":"<p><em>(huile v\u00e9g\u00e9tale, gaultheria procumbens, mentha piperita, arnica, eucal.citron.)<\/em><\/p>\n<p>Diminution des douleurs articulaires et de l&rsquo;inflammation<\/p>\n<p>Soin antalgique anti-inflammatoire et stimulant<\/p>\n<p><strong>Utilisation<\/strong>\u00a0: (Usage externe)<\/p>\n<p>Bien agiter avant chaque utilisation<\/p>\n<p>Appliquer en petites quantit\u00e9s sur les membres, \u00e0 rebrousse poils.<\/p>\n<p>Ne pas appliquer sur les plaies.<\/p>\n<p><strong>Huile de massage garantie sans conservateur, sans colorant ni parfum de synth\u00e8se<\/strong><\/p>\n<p>A conserver dans un endroit sec, \u00e0 l&rsquo;abri de la chaleur et de la lumi\u00e8re.<\/p>\n<p>Flacon 200 ml.<\/p>\n","protected":false},"featured_media":149,"comment_status":"open","ping_status":"closed","template":"","meta":[],"product_brand":[],"product_cat":[41],"product_tag":[],"class_list":{"0":"post-148","1":"product","2":"type-product","3":"status-publish","4":"has-post-thumbnail","6":"product_cat-articulations-et-mobilite","8":"first","9":"instock","10":"taxable","11":"shipping-taxable","12":"purchasable","13":"product-type-simple"},"yoast_head":"<!-- This site is optimized with the Yoast SEO plugin v27.2 - https:\/\/yoast.com\/product\/yoast-seo-wordpress\/ -->\n<title>Huile de massage articulations chiens - Phyto4Pattes.fr<\/title>\n<meta name=\"description\" content=\"Huile de massage articulations chien : soulage efficacement les raideurs, d\u00e9tend les muscles et am\u00e9liore la mobilit\u00e9. Id\u00e9ale pour chiens actifs, seniors ou en r\u00e9cup\u00e9ration.\" \/>\n<meta name=\"robots\" content=\"index, follow, max-snippet:-1, max-image-preview:large, max-video-preview:-1\" \/>\n<link rel=\"canonical\" href=\"https:\/\/phyto4pattes.fr\/index.php\/produit\/huile-de-massage-articulations-chiens\/\" \/>\n<meta property=\"og:locale\" content=\"fr_FR\" \/>\n<meta property=\"og:type\" content=\"article\" \/>\n<meta property=\"og:title\" content=\"Huile de massage articulations chiens - Phyto4Pattes.fr\" \/>\n<meta property=\"og:description\" content=\"Huile de massage articulations chien : soulage efficacement les raideurs, d\u00e9tend les muscles et am\u00e9liore la mobilit\u00e9. Id\u00e9ale pour chiens actifs, seniors ou en r\u00e9cup\u00e9ration.\" \/>\n<meta property=\"og:url\" content=\"https:\/\/phyto4pattes.fr\/index.php\/produit\/huile-de-massage-articulations-chiens\/\" \/>\n<meta property=\"og:site_name\" content=\"Phyto4Pattes.fr\" \/>\n<meta property=\"article:modified_time\" content=\"2026-04-13T05:03:53+00:00\" \/>\n<meta property=\"og:image\" content=\"https:\/\/phyto4pattes.fr\/wp-content\/uploads\/2026\/03\/huile-de-massage-articulations.jpg\" \/>\n\t<meta property=\"og:image:width\" content=\"800\" \/>\n\t<meta property=\"og:image:height\" content=\"800\" \/>\n\t<meta property=\"og:image:type\" content=\"image\/jpeg\" \/>\n<meta name=\"twitter:card\" content=\"summary_large_image\" \/>\n<meta name=\"twitter:label1\" content=\"Dur\u00e9e de lecture estim\u00e9e\" \/>\n\t<meta name=\"twitter:data1\" content=\"2 minutes\" \/>\n<script type=\"application\/ld+json\" class=\"yoast-schema-graph\">{\"@context\":\"https:\/\/schema.org\",\"@graph\":[{\"@type\":\"WebPage\",\"@id\":\"https:\/\/phyto4pattes.fr\/index.php\/produit\/huile-de-massage-articulations-chiens\/\",\"url\":\"https:\/\/phyto4pattes.fr\/index.php\/produit\/huile-de-massage-articulations-chiens\/\",\"name\":\"Huile de massage articulations chiens - Phyto4Pattes.fr\",\"isPartOf\":{\"@id\":\"http:\/\/phyto4pattes.fr\/#website\"},\"primaryImageOfPage\":{\"@id\":\"https:\/\/phyto4pattes.fr\/index.php\/produit\/huile-de-massage-articulations-chiens\/#primaryimage\"},\"image\":{\"@id\":\"https:\/\/phyto4pattes.fr\/index.php\/produit\/huile-de-massage-articulations-chiens\/#primaryimage\"},\"thumbnailUrl\":\"https:\/\/phyto4pattes.fr\/wp-content\/uploads\/2026\/03\/huile-de-massage-articulations.jpg\",\"datePublished\":\"2026-03-14T14:20:31+00:00\",\"dateModified\":\"2026-04-13T05:03:53+00:00\",\"description\":\"Huile de massage articulations chien : soulage efficacement les raideurs, d\u00e9tend les muscles et am\u00e9liore la mobilit\u00e9. Id\u00e9ale pour chiens actifs, seniors ou en r\u00e9cup\u00e9ration.\",\"breadcrumb\":{\"@id\":\"https:\/\/phyto4pattes.fr\/index.php\/produit\/huile-de-massage-articulations-chiens\/#breadcrumb\"},\"inLanguage\":\"fr-FR\",\"potentialAction\":[{\"@type\":\"ReadAction\",\"target\":[\"https:\/\/phyto4pattes.fr\/index.php\/produit\/huile-de-massage-articulations-chiens\/\"]}]},{\"@type\":\"ImageObject\",\"inLanguage\":\"fr-FR\",\"@id\":\"https:\/\/phyto4pattes.fr\/index.php\/produit\/huile-de-massage-articulations-chiens\/#primaryimage\",\"url\":\"https:\/\/phyto4pattes.fr\/wp-content\/uploads\/2026\/03\/huile-de-massage-articulations.jpg\",\"contentUrl\":\"https:\/\/phyto4pattes.fr\/wp-content\/uploads\/2026\/03\/huile-de-massage-articulations.jpg\",\"width\":800,\"height\":800},{\"@type\":\"BreadcrumbList\",\"@id\":\"https:\/\/phyto4pattes.fr\/index.php\/produit\/huile-de-massage-articulations-chiens\/#breadcrumb\",\"itemListElement\":[{\"@type\":\"ListItem\",\"position\":1,\"name\":\"Accueil\",\"item\":\"https:\/\/phyto4pattes.fr\/\"},{\"@type\":\"ListItem\",\"position\":2,\"name\":\"Boutique\",\"item\":\"https:\/\/phyto4pattes.fr\/index.php\/shop\/\"},{\"@type\":\"ListItem\",\"position\":3,\"name\":\"Huile de massage articulations chiens\"}]},{\"@type\":\"WebSite\",\"@id\":\"http:\/\/phyto4pattes.fr\/#website\",\"url\":\"http:\/\/phyto4pattes.fr\/\",\"name\":\"Phyto4Pattes.fr\",\"description\":\"\u00ab Le bien-\u00eatre de votre animal commence par les plantes \u00bb\",\"publisher\":{\"@id\":\"http:\/\/phyto4pattes.fr\/#organization\"},\"potentialAction\":[{\"@type\":\"SearchAction\",\"target\":{\"@type\":\"EntryPoint\",\"urlTemplate\":\"http:\/\/phyto4pattes.fr\/?s={search_term_string}\"},\"query-input\":{\"@type\":\"PropertyValueSpecification\",\"valueRequired\":true,\"valueName\":\"search_term_string\"}}],\"inLanguage\":\"fr-FR\"},{\"@type\":\"Organization\",\"@id\":\"http:\/\/phyto4pattes.fr\/#organization\",\"name\":\"Phyto4Pattes.fr\",\"url\":\"http:\/\/phyto4pattes.fr\/\",\"logo\":{\"@type\":\"ImageObject\",\"inLanguage\":\"fr-FR\",\"@id\":\"http:\/\/phyto4pattes.fr\/#\/schema\/logo\/image\/\",\"url\":\"http:\/\/phyto4pattes.fr\/wp-content\/uploads\/2026\/03\/cropped-logo-10-Phyto-4-Pattes.jpg\",\"contentUrl\":\"http:\/\/phyto4pattes.fr\/wp-content\/uploads\/2026\/03\/cropped-logo-10-Phyto-4-Pattes.jpg\",\"width\":250,\"height\":250,\"caption\":\"Phyto4Pattes.fr\"},\"image\":{\"@id\":\"http:\/\/phyto4pattes.fr\/#\/schema\/logo\/image\/\"}}]}<\/script>\n<!-- \/ Yoast SEO plugin. -->","yoast_head_json":{"title":"Huile de massage articulations chiens - Phyto4Pattes.fr","description":"Huile de massage articulations chien : soulage efficacement les raideurs, d\u00e9tend les muscles et am\u00e9liore la mobilit\u00e9. Id\u00e9ale pour chiens actifs, seniors ou en r\u00e9cup\u00e9ration.","robots":{"index":"index","follow":"follow","max-snippet":"max-snippet:-1","max-image-preview":"max-image-preview:large","max-video-preview":"max-video-preview:-1"},"canonical":"https:\/\/phyto4pattes.fr\/index.php\/produit\/huile-de-massage-articulations-chiens\/","og_locale":"fr_FR","og_type":"article","og_title":"Huile de massage articulations chiens - Phyto4Pattes.fr","og_description":"Huile de massage articulations chien : soulage efficacement les raideurs, d\u00e9tend les muscles et am\u00e9liore la mobilit\u00e9. Id\u00e9ale pour chiens actifs, seniors ou en r\u00e9cup\u00e9ration.","og_url":"https:\/\/phyto4pattes.fr\/index.php\/produit\/huile-de-massage-articulations-chiens\/","og_site_name":"Phyto4Pattes.fr","article_modified_time":"2026-04-13T05:03:53+00:00","og_image":[{"width":800,"height":800,"url":"https:\/\/phyto4pattes.fr\/wp-content\/uploads\/2026\/03\/huile-de-massage-articulations.jpg","type":"image\/jpeg"}],"twitter_card":"summary_large_image","twitter_misc":{"Dur\u00e9e de lecture estim\u00e9e":"2 minutes"},"schema":{"@context":"https:\/\/schema.org","@graph":[{"@type":"WebPage","@id":"https:\/\/phyto4pattes.fr\/index.php\/produit\/huile-de-massage-articulations-chiens\/","url":"https:\/\/phyto4pattes.fr\/index.php\/produit\/huile-de-massage-articulations-chiens\/","name":"Huile de massage articulations chiens - Phyto4Pattes.fr","isPartOf":{"@id":"http:\/\/phyto4pattes.fr\/#website"},"primaryImageOfPage":{"@id":"https:\/\/phyto4pattes.fr\/index.php\/produit\/huile-de-massage-articulations-chiens\/#primaryimage"},"image":{"@id":"https:\/\/phyto4pattes.fr\/index.php\/produit\/huile-de-massage-articulations-chiens\/#primaryimage"},"thumbnailUrl":"https:\/\/phyto4pattes.fr\/wp-content\/uploads\/2026\/03\/huile-de-massage-articulations.jpg","datePublished":"2026-03-14T14:20:31+00:00","dateModified":"2026-04-13T05:03:53+00:00","description":"Huile de massage articulations chien : soulage efficacement les raideurs, d\u00e9tend les muscles et am\u00e9liore la mobilit\u00e9. Id\u00e9ale pour chiens actifs, seniors ou en r\u00e9cup\u00e9ration.","breadcrumb":{"@id":"https:\/\/phyto4pattes.fr\/index.php\/produit\/huile-de-massage-articulations-chiens\/#breadcrumb"},"inLanguage":"fr-FR","potentialAction":[{"@type":"ReadAction","target":["https:\/\/phyto4pattes.fr\/index.php\/produit\/huile-de-massage-articulations-chiens\/"]}]},{"@type":"ImageObject","inLanguage":"fr-FR","@id":"https:\/\/phyto4pattes.fr\/index.php\/produit\/huile-de-massage-articulations-chiens\/#primaryimage","url":"https:\/\/phyto4pattes.fr\/wp-content\/uploads\/2026\/03\/huile-de-massage-articulations.jpg","contentUrl":"https:\/\/phyto4pattes.fr\/wp-content\/uploads\/2026\/03\/huile-de-massage-articulations.jpg","width":800,"height":800},{"@type":"BreadcrumbList","@id":"https:\/\/phyto4pattes.fr\/index.php\/produit\/huile-de-massage-articulations-chiens\/#breadcrumb","itemListElement":[{"@type":"ListItem","position":1,"name":"Accueil","item":"https:\/\/phyto4pattes.fr\/"},{"@type":"ListItem","position":2,"name":"Boutique","item":"https:\/\/phyto4pattes.fr\/index.php\/shop\/"},{"@type":"ListItem","position":3,"name":"Huile de massage articulations chiens"}]},{"@type":"WebSite","@id":"http:\/\/phyto4pattes.fr\/#website","url":"http:\/\/phyto4pattes.fr\/","name":"Phyto4Pattes.fr","description":"\u00ab Le bien-\u00eatre de votre animal commence par les plantes \u00bb","publisher":{"@id":"http:\/\/phyto4pattes.fr\/#organization"},"potentialAction":[{"@type":"SearchAction","target":{"@type":"EntryPoint","urlTemplate":"http:\/\/phyto4pattes.fr\/?s={search_term_string}"},"query-input":{"@type":"PropertyValueSpecification","valueRequired":true,"valueName":"search_term_string"}}],"inLanguage":"fr-FR"},{"@type":"Organization","@id":"http:\/\/phyto4pattes.fr\/#organization","name":"Phyto4Pattes.fr","url":"http:\/\/phyto4pattes.fr\/","logo":{"@type":"ImageObject","inLanguage":"fr-FR","@id":"http:\/\/phyto4pattes.fr\/#\/schema\/logo\/image\/","url":"http:\/\/phyto4pattes.fr\/wp-content\/uploads\/2026\/03\/cropped-logo-10-Phyto-4-Pattes.jpg","contentUrl":"http:\/\/phyto4pattes.fr\/wp-content\/uploads\/2026\/03\/cropped-logo-10-Phyto-4-Pattes.jpg","width":250,"height":250,"caption":"Phyto4Pattes.fr"},"image":{"@id":"http:\/\/phyto4pattes.fr\/#\/schema\/logo\/image\/"}}]}},"_links":{"self":[{"href":"https:\/\/phyto4pattes.fr\/index.php\/wp-json\/wp\/v2\/product\/148","targetHints":{"allow":["GET"]}}],"collection":[{"href":"https:\/\/phyto4pattes.fr\/index.php\/wp-json\/wp\/v2\/product"}],"about":[{"href":"https:\/\/phyto4pattes.fr\/index.php\/wp-json\/wp\/v2\/types\/product"}],"replies":[{"embeddable":true,"href":"https:\/\/phyto4pattes.fr\/index.php\/wp-json\/wp\/v2\/comments?post=148"}],"wp:featuredmedia":[{"embeddable":true,"href":"https:\/\/phyto4pattes.fr\/index.php\/wp-json\/wp\/v2\/media\/149"}],"wp:attachment":[{"href":"https:\/\/phyto4pattes.fr\/index.php\/wp-json\/wp\/v2\/media?parent=148"}],"wp:term":[{"taxonomy":"product_brand","embeddable":true,"href":"https:\/\/phyto4pattes.fr\/index.php\/wp-json\/wp\/v2\/product_brand?post=148"},{"taxonomy":"product_cat","embeddable":true,"href":"https:\/\/phyto4pattes.fr\/index.php\/wp-json\/wp\/v2\/product_cat?post=148"},{"taxonomy":"product_tag","embeddable":true,"href":"https:\/\/phyto4pattes.fr\/index.php\/wp-json\/wp\/v2\/product_tag?post=148"}],"curies":[{"name":"wp","href":"https:\/\/api.w.org\/{rel}","templated":true}]}}