{"id":142,"date":"2026-03-14T12:53:21","date_gmt":"2026-03-14T12:53:21","guid":{"rendered":"https:\/\/phyto4pattes.fr\/?post_type=product&#038;p=142"},"modified":"2026-04-13T05:04:32","modified_gmt":"2026-04-13T05:04:32","slug":"spray-aloe-vera-externe","status":"publish","type":"product","link":"https:\/\/phyto4pattes.fr\/index.php\/produit\/spray-aloe-vera-externe\/","title":{"rendered":"Spray aloe vera externe"},"content":{"rendered":"<p data-start=\"29\" data-end=\"91\"><strong data-start=\"29\" data-end=\"89\">Apaiser et hydrater naturellement la peau de votre chien<\/strong><\/p>\n<p data-start=\"93\" data-end=\"382\">Le <strong data-start=\"96\" data-end=\"115\">spray Aloe Vera<\/strong> est sp\u00e9cialement formul\u00e9 pour les chiens afin d\u2019apporter <strong data-start=\"173\" data-end=\"217\">un confort imm\u00e9diat et naturel \u00e0 la peau<\/strong>. Riche en actifs apaisants et hydratants, il aide \u00e0 <strong data-start=\"270\" data-end=\"325\">calmer les irritations, rougeurs et zones sensibles<\/strong>, tout en prot\u00e9geant le pelage et la peau au quotidien.<\/p>\n<p data-start=\"384\" data-end=\"531\">Pratique et facile \u00e0 utiliser, ce spray convient \u00e0 toutes les situations o\u00f9 la peau de votre chien a besoin d\u2019un <strong data-start=\"497\" data-end=\"530\">soulagement rapide et naturel<\/strong>.<\/p>\n<hr data-start=\"533\" data-end=\"536\" \/>\n<h3 data-section-id=\"q28z1p\" data-start=\"538\" data-end=\"564\">Les objectifs du spray<\/h3>\n<p data-start=\"566\" data-end=\"595\">Le spray Aloe Vera vise \u00e0 :<\/p>\n<ul data-start=\"597\" data-end=\"767\">\n<li data-section-id=\"xl9ncw\" data-start=\"597\" data-end=\"645\">\n<p data-start=\"599\" data-end=\"645\">apaiser <strong data-start=\"607\" data-end=\"643\">les d\u00e9mangeaisons et irritations<\/strong><\/p>\n<\/li>\n<li data-section-id=\"dumnm2\" data-start=\"646\" data-end=\"687\">\n<p data-start=\"648\" data-end=\"687\">hydrater et <strong data-start=\"660\" data-end=\"685\">nourrir la peau s\u00e8che<\/strong><\/p>\n<\/li>\n<li data-section-id=\"glyd0x\" data-start=\"688\" data-end=\"724\">\n<p data-start=\"690\" data-end=\"724\">prot\u00e9ger la <strong data-start=\"702\" data-end=\"722\">barri\u00e8re cutan\u00e9e<\/strong><\/p>\n<\/li>\n<li data-section-id=\"vbq8nm\" data-start=\"725\" data-end=\"767\">\n<p data-start=\"727\" data-end=\"767\">favoriser un <strong data-start=\"740\" data-end=\"765\">pelage doux et soyeux<\/strong><\/p>\n<\/li>\n<\/ul>\n<hr data-start=\"769\" data-end=\"772\" \/>\n<h3 data-section-id=\"1moovnp\" data-start=\"774\" data-end=\"797\">Pour quels chiens ?<\/h3>\n<p data-start=\"799\" data-end=\"832\">Le spray Aloe Vera est adapt\u00e9 aux chiens ayant la <strong data-start=\"856\" data-end=\"885\">peau sensible ou r\u00e9active, <\/strong>aux chiens expos\u00e9s aux <strong data-start=\"913\" data-end=\"958\">irritants ou agressions environnementales, <\/strong>pour soulager <strong data-start=\"977\" data-end=\"1039\">petites irritations, coups de soleil ou piq\u00fbres d\u2019insectes, <\/strong>\u00e0 utiliser en <strong data-start=\"1058\" data-end=\"1106\">pr\u00e9vention ou en compl\u00e9ment de soins cutan\u00e9s.<\/strong><\/p>\n<hr data-start=\"1110\" data-end=\"1113\" \/>\n<h3 data-section-id=\"846gqq\" data-start=\"1115\" data-end=\"1141\">Les b\u00e9n\u00e9fices attendus<\/h3>\n<p data-start=\"1143\" data-end=\"1195\">L\u2019utilisation r\u00e9guli\u00e8re peut aider votre chien \u00e0 :<\/p>\n<p data-start=\"1197\" data-end=\"1386\">\u2714 retrouver une <strong data-start=\"1213\" data-end=\"1244\">peau apais\u00e9e et confortable<\/strong><br data-start=\"1244\" data-end=\"1247\" \/>\u2714 limiter les <strong data-start=\"1261\" data-end=\"1289\">grattages et irritations<\/strong><br data-start=\"1289\" data-end=\"1292\" \/>\u2714 maintenir un <strong data-start=\"1307\" data-end=\"1334\">pelage doux et brillant<\/strong><br data-start=\"1334\" data-end=\"1337\" \/>\u2714 soutenir le <strong data-start=\"1351\" data-end=\"1384\">bien-\u00eatre cutan\u00e9 au quotidien<\/strong><\/p>\n<hr data-start=\"1388\" data-end=\"1391\" \/>\n<h3 data-section-id=\"816hkz\" data-start=\"1393\" data-end=\"1424\">Comment utiliser le spray ?<\/h3>\n<ul data-start=\"1426\" data-end=\"1648\">\n<li data-section-id=\"s8aspd\" data-start=\"1426\" data-end=\"1499\">\n<p data-start=\"1428\" data-end=\"1499\">Vaporiser directement sur la <strong data-start=\"1457\" data-end=\"1497\">zone concern\u00e9e ou sur tout le pelage<\/strong><\/p>\n<\/li>\n<li data-section-id=\"1nycmxq\" data-start=\"1500\" data-end=\"1577\">\n<p data-start=\"1502\" data-end=\"1577\">Peut \u00eatre utilis\u00e9 <strong data-start=\"1520\" data-end=\"1557\">quotidiennement ou ponctuellement<\/strong> selon les besoins<\/p>\n<\/li>\n<li data-section-id=\"1rvhc4i\" data-start=\"1578\" data-end=\"1648\">\n<p data-start=\"1580\" data-end=\"1648\">Laisser agir quelques minutes, puis masser doucement si n\u00e9cessaire<\/p>\n<\/li>\n<\/ul>\n<hr data-start=\"1650\" data-end=\"1653\" \/>\n<h3 data-section-id=\"evjedv\" data-start=\"1655\" data-end=\"1676\">Conseil bien-\u00eatre<\/h3>\n<p data-start=\"1678\" data-end=\"1723\">Pour optimiser l\u2019effet du spray Aloe Vera :<\/p>\n<ul data-start=\"1725\" data-end=\"1928\">\n<li data-section-id=\"11jx8nt\" data-start=\"1725\" data-end=\"1808\">\n<p data-start=\"1727\" data-end=\"1808\">compl\u00e9ter avec une <strong data-start=\"1746\" data-end=\"1806\">alimentation adapt\u00e9e et riche en nutriments pour la peau<\/strong><\/p>\n<\/li>\n<li data-section-id=\"149ii24\" data-start=\"1809\" data-end=\"1861\">\n<p data-start=\"1811\" data-end=\"1861\">\u00e9viter le contact avec les yeux et les muqueuses<\/p>\n<\/li>\n<li data-section-id=\"1ydxwzj\" data-start=\"1862\" data-end=\"1928\">\n<p data-start=\"1864\" data-end=\"1928\">associer \u00e0 des <strong data-start=\"1879\" data-end=\"1916\">cures apaisantes ou soins cutan\u00e9s<\/strong> si besoin<\/p>\n<\/li>\n<\/ul>\n<hr data-start=\"1930\" data-end=\"1933\" \/>\n<p data-start=\"1935\" data-end=\"2125\">\ud83d\udca1 Le spray Aloe Vera est un <strong data-start=\"1964\" data-end=\"2002\">soin naturel, apaisant et pratique<\/strong> pour prendre soin de la peau et du pelage de votre chien, tout en apportant <strong data-start=\"2079\" data-end=\"2117\">confort et protection au quotidien<\/strong>. \ud83d\udc15\ud83c\udf3f<\/p>\n<p data-start=\"1935\" data-end=\"2125\">Ce spray peut \u00eatre utilis\u00e9 avec notre \ud83d\udc49<a href=\"https:\/\/phyto4pattes.fr\/index.php\/produit\/demangeaisons-chiens\/\">D\u00e9mangeaisons chiens<\/a>, \ud83d\udc49<a href=\"https:\/\/phyto4pattes.fr\/index.php\/produit\/beaute-du-poil\/\">Beaut\u00e9 du poil<\/a> .<\/p>\n","protected":false},"excerpt":{"rendered":"<p>(aloe vera, huiles essentielles lavande, arbre \u00e0 th\u00e9)<\/p>\n<p>Aloe vera, un alli\u00e9 de choix pour pr\u00e9server la peau de vos animaux<\/p>\n<p>Appliqu\u00e9e directement sur la peau, la lotion aide \u00e9galement \u00e0 assainir la peau et \u00e0 la r\u00e9paration des tissus. Fort pouvoir hydratant, action cicatrisante de l&rsquo;\u00e9pith\u00e9lium cutan\u00e9.<\/p>\n<p>Notre spray procurera \u00e0 vos animaux, bien \u00eatre confort cutan\u00e9, hydratation intense, apaisement instantan\u00e9, r\u00e9g\u00e9n\u00e9ration cellulaire<\/p>\n<p>&nbsp;<\/p>\n<p>Utilisation\u00a0: (flacon spray de 500 ml)<\/p>\n<p>en application locale sur les plaies, les zones irrit\u00e9es<\/p>\n<p>formulation naturelle et respectueuse de l&rsquo;environnement<\/p>\n<p>N&rsquo;h\u00e9sitez pas \u00e0 demander conseil \u00e0 votre v\u00e9t\u00e9rinaire.<\/p>\n","protected":false},"featured_media":146,"comment_status":"open","ping_status":"closed","template":"","meta":[],"product_brand":[],"product_cat":[28,45],"product_tag":[],"class_list":{"0":"post-142","1":"product","2":"type-product","3":"status-publish","4":"has-post-thumbnail","6":"product_cat-gamme-canine","7":"product_cat-soins-naturels-specifiques-et-cycles-de-vie","9":"first","10":"instock","11":"taxable","12":"shipping-taxable","13":"purchasable","14":"product-type-simple"},"yoast_head":"<!-- This site is optimized with the Yoast SEO plugin v27.2 - https:\/\/yoast.com\/product\/yoast-seo-wordpress\/ -->\n<title>Spray aloe vera externe - Phyto4Pattes.fr<\/title>\n<meta name=\"description\" content=\"Apaisez rapidement la peau de votre chien avec un spray \u00e0 l\u2019aloe vera naturel, id\u00e9al contre irritations, d\u00e9mangeaisons et rougeurs.\" \/>\n<meta name=\"robots\" content=\"index, follow, max-snippet:-1, max-image-preview:large, max-video-preview:-1\" \/>\n<link rel=\"canonical\" href=\"https:\/\/phyto4pattes.fr\/index.php\/produit\/spray-aloe-vera-externe\/\" \/>\n<meta property=\"og:locale\" content=\"fr_FR\" \/>\n<meta property=\"og:type\" content=\"article\" \/>\n<meta property=\"og:title\" content=\"Spray aloe vera externe - Phyto4Pattes.fr\" \/>\n<meta property=\"og:description\" content=\"Apaisez rapidement la peau de votre chien avec un spray \u00e0 l\u2019aloe vera naturel, id\u00e9al contre irritations, d\u00e9mangeaisons et rougeurs.\" \/>\n<meta property=\"og:url\" content=\"https:\/\/phyto4pattes.fr\/index.php\/produit\/spray-aloe-vera-externe\/\" \/>\n<meta property=\"og:site_name\" content=\"Phyto4Pattes.fr\" \/>\n<meta property=\"article:modified_time\" content=\"2026-04-13T05:04:32+00:00\" \/>\n<meta property=\"og:image\" content=\"https:\/\/phyto4pattes.fr\/wp-content\/uploads\/2026\/03\/aloe-vera-lotion-externe.jpg\" \/>\n\t<meta property=\"og:image:width\" content=\"800\" \/>\n\t<meta property=\"og:image:height\" content=\"800\" \/>\n\t<meta property=\"og:image:type\" content=\"image\/jpeg\" \/>\n<meta name=\"twitter:card\" content=\"summary_large_image\" \/>\n<meta name=\"twitter:label1\" content=\"Dur\u00e9e de lecture estim\u00e9e\" \/>\n\t<meta name=\"twitter:data1\" content=\"2 minutes\" \/>\n<script type=\"application\/ld+json\" class=\"yoast-schema-graph\">{\"@context\":\"https:\/\/schema.org\",\"@graph\":[{\"@type\":\"WebPage\",\"@id\":\"https:\/\/phyto4pattes.fr\/index.php\/produit\/spray-aloe-vera-externe\/\",\"url\":\"https:\/\/phyto4pattes.fr\/index.php\/produit\/spray-aloe-vera-externe\/\",\"name\":\"Spray aloe vera externe - Phyto4Pattes.fr\",\"isPartOf\":{\"@id\":\"http:\/\/phyto4pattes.fr\/#website\"},\"primaryImageOfPage\":{\"@id\":\"https:\/\/phyto4pattes.fr\/index.php\/produit\/spray-aloe-vera-externe\/#primaryimage\"},\"image\":{\"@id\":\"https:\/\/phyto4pattes.fr\/index.php\/produit\/spray-aloe-vera-externe\/#primaryimage\"},\"thumbnailUrl\":\"https:\/\/phyto4pattes.fr\/wp-content\/uploads\/2026\/03\/aloe-vera-lotion-externe.jpg\",\"datePublished\":\"2026-03-14T12:53:21+00:00\",\"dateModified\":\"2026-04-13T05:04:32+00:00\",\"description\":\"Apaisez rapidement la peau de votre chien avec un spray \u00e0 l\u2019aloe vera naturel, id\u00e9al contre irritations, d\u00e9mangeaisons et rougeurs.\",\"breadcrumb\":{\"@id\":\"https:\/\/phyto4pattes.fr\/index.php\/produit\/spray-aloe-vera-externe\/#breadcrumb\"},\"inLanguage\":\"fr-FR\",\"potentialAction\":[{\"@type\":\"ReadAction\",\"target\":[\"https:\/\/phyto4pattes.fr\/index.php\/produit\/spray-aloe-vera-externe\/\"]}]},{\"@type\":\"ImageObject\",\"inLanguage\":\"fr-FR\",\"@id\":\"https:\/\/phyto4pattes.fr\/index.php\/produit\/spray-aloe-vera-externe\/#primaryimage\",\"url\":\"https:\/\/phyto4pattes.fr\/wp-content\/uploads\/2026\/03\/aloe-vera-lotion-externe.jpg\",\"contentUrl\":\"https:\/\/phyto4pattes.fr\/wp-content\/uploads\/2026\/03\/aloe-vera-lotion-externe.jpg\",\"width\":800,\"height\":800},{\"@type\":\"BreadcrumbList\",\"@id\":\"https:\/\/phyto4pattes.fr\/index.php\/produit\/spray-aloe-vera-externe\/#breadcrumb\",\"itemListElement\":[{\"@type\":\"ListItem\",\"position\":1,\"name\":\"Accueil\",\"item\":\"https:\/\/phyto4pattes.fr\/\"},{\"@type\":\"ListItem\",\"position\":2,\"name\":\"Boutique\",\"item\":\"https:\/\/phyto4pattes.fr\/index.php\/shop\/\"},{\"@type\":\"ListItem\",\"position\":3,\"name\":\"Spray aloe vera externe\"}]},{\"@type\":\"WebSite\",\"@id\":\"http:\/\/phyto4pattes.fr\/#website\",\"url\":\"http:\/\/phyto4pattes.fr\/\",\"name\":\"Phyto4Pattes.fr\",\"description\":\"\u00ab Le bien-\u00eatre de votre animal commence par les plantes \u00bb\",\"publisher\":{\"@id\":\"http:\/\/phyto4pattes.fr\/#organization\"},\"potentialAction\":[{\"@type\":\"SearchAction\",\"target\":{\"@type\":\"EntryPoint\",\"urlTemplate\":\"http:\/\/phyto4pattes.fr\/?s={search_term_string}\"},\"query-input\":{\"@type\":\"PropertyValueSpecification\",\"valueRequired\":true,\"valueName\":\"search_term_string\"}}],\"inLanguage\":\"fr-FR\"},{\"@type\":\"Organization\",\"@id\":\"http:\/\/phyto4pattes.fr\/#organization\",\"name\":\"Phyto4Pattes.fr\",\"url\":\"http:\/\/phyto4pattes.fr\/\",\"logo\":{\"@type\":\"ImageObject\",\"inLanguage\":\"fr-FR\",\"@id\":\"http:\/\/phyto4pattes.fr\/#\/schema\/logo\/image\/\",\"url\":\"http:\/\/phyto4pattes.fr\/wp-content\/uploads\/2026\/03\/cropped-logo-10-Phyto-4-Pattes.jpg\",\"contentUrl\":\"http:\/\/phyto4pattes.fr\/wp-content\/uploads\/2026\/03\/cropped-logo-10-Phyto-4-Pattes.jpg\",\"width\":250,\"height\":250,\"caption\":\"Phyto4Pattes.fr\"},\"image\":{\"@id\":\"http:\/\/phyto4pattes.fr\/#\/schema\/logo\/image\/\"}}]}<\/script>\n<!-- \/ Yoast SEO plugin. -->","yoast_head_json":{"title":"Spray aloe vera externe - Phyto4Pattes.fr","description":"Apaisez rapidement la peau de votre chien avec un spray \u00e0 l\u2019aloe vera naturel, id\u00e9al contre irritations, d\u00e9mangeaisons et rougeurs.","robots":{"index":"index","follow":"follow","max-snippet":"max-snippet:-1","max-image-preview":"max-image-preview:large","max-video-preview":"max-video-preview:-1"},"canonical":"https:\/\/phyto4pattes.fr\/index.php\/produit\/spray-aloe-vera-externe\/","og_locale":"fr_FR","og_type":"article","og_title":"Spray aloe vera externe - Phyto4Pattes.fr","og_description":"Apaisez rapidement la peau de votre chien avec un spray \u00e0 l\u2019aloe vera naturel, id\u00e9al contre irritations, d\u00e9mangeaisons et rougeurs.","og_url":"https:\/\/phyto4pattes.fr\/index.php\/produit\/spray-aloe-vera-externe\/","og_site_name":"Phyto4Pattes.fr","article_modified_time":"2026-04-13T05:04:32+00:00","og_image":[{"width":800,"height":800,"url":"https:\/\/phyto4pattes.fr\/wp-content\/uploads\/2026\/03\/aloe-vera-lotion-externe.jpg","type":"image\/jpeg"}],"twitter_card":"summary_large_image","twitter_misc":{"Dur\u00e9e de lecture estim\u00e9e":"2 minutes"},"schema":{"@context":"https:\/\/schema.org","@graph":[{"@type":"WebPage","@id":"https:\/\/phyto4pattes.fr\/index.php\/produit\/spray-aloe-vera-externe\/","url":"https:\/\/phyto4pattes.fr\/index.php\/produit\/spray-aloe-vera-externe\/","name":"Spray aloe vera externe - Phyto4Pattes.fr","isPartOf":{"@id":"http:\/\/phyto4pattes.fr\/#website"},"primaryImageOfPage":{"@id":"https:\/\/phyto4pattes.fr\/index.php\/produit\/spray-aloe-vera-externe\/#primaryimage"},"image":{"@id":"https:\/\/phyto4pattes.fr\/index.php\/produit\/spray-aloe-vera-externe\/#primaryimage"},"thumbnailUrl":"https:\/\/phyto4pattes.fr\/wp-content\/uploads\/2026\/03\/aloe-vera-lotion-externe.jpg","datePublished":"2026-03-14T12:53:21+00:00","dateModified":"2026-04-13T05:04:32+00:00","description":"Apaisez rapidement la peau de votre chien avec un spray \u00e0 l\u2019aloe vera naturel, id\u00e9al contre irritations, d\u00e9mangeaisons et rougeurs.","breadcrumb":{"@id":"https:\/\/phyto4pattes.fr\/index.php\/produit\/spray-aloe-vera-externe\/#breadcrumb"},"inLanguage":"fr-FR","potentialAction":[{"@type":"ReadAction","target":["https:\/\/phyto4pattes.fr\/index.php\/produit\/spray-aloe-vera-externe\/"]}]},{"@type":"ImageObject","inLanguage":"fr-FR","@id":"https:\/\/phyto4pattes.fr\/index.php\/produit\/spray-aloe-vera-externe\/#primaryimage","url":"https:\/\/phyto4pattes.fr\/wp-content\/uploads\/2026\/03\/aloe-vera-lotion-externe.jpg","contentUrl":"https:\/\/phyto4pattes.fr\/wp-content\/uploads\/2026\/03\/aloe-vera-lotion-externe.jpg","width":800,"height":800},{"@type":"BreadcrumbList","@id":"https:\/\/phyto4pattes.fr\/index.php\/produit\/spray-aloe-vera-externe\/#breadcrumb","itemListElement":[{"@type":"ListItem","position":1,"name":"Accueil","item":"https:\/\/phyto4pattes.fr\/"},{"@type":"ListItem","position":2,"name":"Boutique","item":"https:\/\/phyto4pattes.fr\/index.php\/shop\/"},{"@type":"ListItem","position":3,"name":"Spray aloe vera externe"}]},{"@type":"WebSite","@id":"http:\/\/phyto4pattes.fr\/#website","url":"http:\/\/phyto4pattes.fr\/","name":"Phyto4Pattes.fr","description":"\u00ab Le bien-\u00eatre de votre animal commence par les plantes \u00bb","publisher":{"@id":"http:\/\/phyto4pattes.fr\/#organization"},"potentialAction":[{"@type":"SearchAction","target":{"@type":"EntryPoint","urlTemplate":"http:\/\/phyto4pattes.fr\/?s={search_term_string}"},"query-input":{"@type":"PropertyValueSpecification","valueRequired":true,"valueName":"search_term_string"}}],"inLanguage":"fr-FR"},{"@type":"Organization","@id":"http:\/\/phyto4pattes.fr\/#organization","name":"Phyto4Pattes.fr","url":"http:\/\/phyto4pattes.fr\/","logo":{"@type":"ImageObject","inLanguage":"fr-FR","@id":"http:\/\/phyto4pattes.fr\/#\/schema\/logo\/image\/","url":"http:\/\/phyto4pattes.fr\/wp-content\/uploads\/2026\/03\/cropped-logo-10-Phyto-4-Pattes.jpg","contentUrl":"http:\/\/phyto4pattes.fr\/wp-content\/uploads\/2026\/03\/cropped-logo-10-Phyto-4-Pattes.jpg","width":250,"height":250,"caption":"Phyto4Pattes.fr"},"image":{"@id":"http:\/\/phyto4pattes.fr\/#\/schema\/logo\/image\/"}}]}},"_links":{"self":[{"href":"https:\/\/phyto4pattes.fr\/index.php\/wp-json\/wp\/v2\/product\/142","targetHints":{"allow":["GET"]}}],"collection":[{"href":"https:\/\/phyto4pattes.fr\/index.php\/wp-json\/wp\/v2\/product"}],"about":[{"href":"https:\/\/phyto4pattes.fr\/index.php\/wp-json\/wp\/v2\/types\/product"}],"replies":[{"embeddable":true,"href":"https:\/\/phyto4pattes.fr\/index.php\/wp-json\/wp\/v2\/comments?post=142"}],"wp:featuredmedia":[{"embeddable":true,"href":"https:\/\/phyto4pattes.fr\/index.php\/wp-json\/wp\/v2\/media\/146"}],"wp:attachment":[{"href":"https:\/\/phyto4pattes.fr\/index.php\/wp-json\/wp\/v2\/media?parent=142"}],"wp:term":[{"taxonomy":"product_brand","embeddable":true,"href":"https:\/\/phyto4pattes.fr\/index.php\/wp-json\/wp\/v2\/product_brand?post=142"},{"taxonomy":"product_cat","embeddable":true,"href":"https:\/\/phyto4pattes.fr\/index.php\/wp-json\/wp\/v2\/product_cat?post=142"},{"taxonomy":"product_tag","embeddable":true,"href":"https:\/\/phyto4pattes.fr\/index.php\/wp-json\/wp\/v2\/product_tag?post=142"}],"curies":[{"name":"wp","href":"https:\/\/api.w.org\/{rel}","templated":true}]}}