{"id":141,"date":"2026-03-14T12:52:10","date_gmt":"2026-03-14T12:52:10","guid":{"rendered":"https:\/\/phyto4pattes.fr\/?post_type=product&#038;p=141"},"modified":"2026-04-13T05:04:47","modified_gmt":"2026-04-13T05:04:47","slug":"spiruline-chiens","status":"publish","type":"product","link":"https:\/\/phyto4pattes.fr\/index.php\/produit\/spiruline-chiens\/","title":{"rendered":"Spiruline chiens"},"content":{"rendered":"<p>Pour un effet renforc\u00e9 sur la vitalit\u00e9, et booster l&rsquo;\u00e9nergie de votre chien, associez la spiruline avec notre: \ud83d\udc49 <a href=\"https:\/\/phyto4pattes.fr\/index.php\/produit\/fortifiant-chiens\/\">Fortifiant chiens<\/a>, \ud83d\udc49<a href=\"https:\/\/phyto4pattes.fr\/index.php\/produit\/mineralisant-chiens\/\">Min\u00e9ralisant chiens<\/a> .<\/p>\n<p>&nbsp;<\/p>\n<p>&nbsp;<\/p>\n","protected":false},"excerpt":{"rendered":"<p>Pour un effet renforc\u00e9 sur la vitalit\u00e9, et booster l&rsquo;\u00e9nergie de votre chien, associez la spiruline avec notre: \ud83d\udc49 Fortifiant chiens, \ud83d\udc49Min\u00e9ralisant chiens . &nbsp; &nbsp;<\/p>\n","protected":false},"featured_media":211,"comment_status":"open","ping_status":"closed","template":"","meta":[],"product_brand":[],"product_cat":[28,43],"product_tag":[],"class_list":{"0":"post-141","1":"product","2":"type-product","3":"status-publish","4":"has-post-thumbnail","6":"product_cat-gamme-canine","7":"product_cat-immunite-et-vitalite","9":"first","10":"instock","11":"taxable","12":"shipping-taxable","13":"purchasable","14":"product-type-simple"},"yoast_head":"<!-- This site is optimized with the Yoast SEO plugin v27.2 - https:\/\/yoast.com\/product\/yoast-seo-wordpress\/ -->\n<title>Spiruline chiens - Phyto4Pattes.fr<\/title>\n<meta name=\"description\" content=\"Boostez l\u2019\u00e9nergie et l\u2019immunit\u00e9 de votre chien avec la spiruline, un superaliment naturel riche en nutriments essentiels.\" \/>\n<meta name=\"robots\" content=\"index, follow, max-snippet:-1, max-image-preview:large, max-video-preview:-1\" \/>\n<link rel=\"canonical\" href=\"https:\/\/phyto4pattes.fr\/index.php\/produit\/spiruline-chiens\/\" \/>\n<meta property=\"og:locale\" content=\"fr_FR\" \/>\n<meta property=\"og:type\" content=\"article\" \/>\n<meta property=\"og:title\" content=\"Spiruline chiens - Phyto4Pattes.fr\" \/>\n<meta property=\"og:description\" content=\"Boostez l\u2019\u00e9nergie et l\u2019immunit\u00e9 de votre chien avec la spiruline, un superaliment naturel riche en nutriments essentiels.\" \/>\n<meta property=\"og:url\" content=\"https:\/\/phyto4pattes.fr\/index.php\/produit\/spiruline-chiens\/\" \/>\n<meta property=\"og:site_name\" content=\"Phyto4Pattes.fr\" \/>\n<meta property=\"article:modified_time\" content=\"2026-04-13T05:04:47+00:00\" \/>\n<meta property=\"og:image\" content=\"https:\/\/phyto4pattes.fr\/wp-content\/uploads\/2026\/03\/spiruline-1.jpg\" \/>\n\t<meta property=\"og:image:width\" content=\"800\" \/>\n\t<meta property=\"og:image:height\" content=\"800\" \/>\n\t<meta property=\"og:image:type\" content=\"image\/jpeg\" \/>\n<meta name=\"twitter:card\" content=\"summary_large_image\" \/>\n<meta name=\"twitter:label1\" content=\"Dur\u00e9e de lecture estim\u00e9e\" \/>\n\t<meta name=\"twitter:data1\" content=\"1 minute\" \/>\n<script type=\"application\/ld+json\" class=\"yoast-schema-graph\">{\"@context\":\"https:\/\/schema.org\",\"@graph\":[{\"@type\":\"WebPage\",\"@id\":\"https:\/\/phyto4pattes.fr\/index.php\/produit\/spiruline-chiens\/\",\"url\":\"https:\/\/phyto4pattes.fr\/index.php\/produit\/spiruline-chiens\/\",\"name\":\"Spiruline chiens - Phyto4Pattes.fr\",\"isPartOf\":{\"@id\":\"http:\/\/phyto4pattes.fr\/#website\"},\"primaryImageOfPage\":{\"@id\":\"https:\/\/phyto4pattes.fr\/index.php\/produit\/spiruline-chiens\/#primaryimage\"},\"image\":{\"@id\":\"https:\/\/phyto4pattes.fr\/index.php\/produit\/spiruline-chiens\/#primaryimage\"},\"thumbnailUrl\":\"https:\/\/phyto4pattes.fr\/wp-content\/uploads\/2026\/03\/spiruline-1.jpg\",\"datePublished\":\"2026-03-14T12:52:10+00:00\",\"dateModified\":\"2026-04-13T05:04:47+00:00\",\"description\":\"Boostez l\u2019\u00e9nergie et l\u2019immunit\u00e9 de votre chien avec la spiruline, un superaliment naturel riche en nutriments essentiels.\",\"breadcrumb\":{\"@id\":\"https:\/\/phyto4pattes.fr\/index.php\/produit\/spiruline-chiens\/#breadcrumb\"},\"inLanguage\":\"fr-FR\",\"potentialAction\":[{\"@type\":\"ReadAction\",\"target\":[\"https:\/\/phyto4pattes.fr\/index.php\/produit\/spiruline-chiens\/\"]}]},{\"@type\":\"ImageObject\",\"inLanguage\":\"fr-FR\",\"@id\":\"https:\/\/phyto4pattes.fr\/index.php\/produit\/spiruline-chiens\/#primaryimage\",\"url\":\"https:\/\/phyto4pattes.fr\/wp-content\/uploads\/2026\/03\/spiruline-1.jpg\",\"contentUrl\":\"https:\/\/phyto4pattes.fr\/wp-content\/uploads\/2026\/03\/spiruline-1.jpg\",\"width\":800,\"height\":800},{\"@type\":\"BreadcrumbList\",\"@id\":\"https:\/\/phyto4pattes.fr\/index.php\/produit\/spiruline-chiens\/#breadcrumb\",\"itemListElement\":[{\"@type\":\"ListItem\",\"position\":1,\"name\":\"Accueil\",\"item\":\"https:\/\/phyto4pattes.fr\/\"},{\"@type\":\"ListItem\",\"position\":2,\"name\":\"Boutique\",\"item\":\"https:\/\/phyto4pattes.fr\/index.php\/shop\/\"},{\"@type\":\"ListItem\",\"position\":3,\"name\":\"Spiruline chiens\"}]},{\"@type\":\"WebSite\",\"@id\":\"http:\/\/phyto4pattes.fr\/#website\",\"url\":\"http:\/\/phyto4pattes.fr\/\",\"name\":\"Phyto4Pattes.fr\",\"description\":\"\u00ab Le bien-\u00eatre de votre animal commence par les plantes \u00bb\",\"publisher\":{\"@id\":\"http:\/\/phyto4pattes.fr\/#organization\"},\"potentialAction\":[{\"@type\":\"SearchAction\",\"target\":{\"@type\":\"EntryPoint\",\"urlTemplate\":\"http:\/\/phyto4pattes.fr\/?s={search_term_string}\"},\"query-input\":{\"@type\":\"PropertyValueSpecification\",\"valueRequired\":true,\"valueName\":\"search_term_string\"}}],\"inLanguage\":\"fr-FR\"},{\"@type\":\"Organization\",\"@id\":\"http:\/\/phyto4pattes.fr\/#organization\",\"name\":\"Phyto4Pattes.fr\",\"url\":\"http:\/\/phyto4pattes.fr\/\",\"logo\":{\"@type\":\"ImageObject\",\"inLanguage\":\"fr-FR\",\"@id\":\"http:\/\/phyto4pattes.fr\/#\/schema\/logo\/image\/\",\"url\":\"http:\/\/phyto4pattes.fr\/wp-content\/uploads\/2026\/03\/cropped-logo-10-Phyto-4-Pattes.jpg\",\"contentUrl\":\"http:\/\/phyto4pattes.fr\/wp-content\/uploads\/2026\/03\/cropped-logo-10-Phyto-4-Pattes.jpg\",\"width\":250,\"height\":250,\"caption\":\"Phyto4Pattes.fr\"},\"image\":{\"@id\":\"http:\/\/phyto4pattes.fr\/#\/schema\/logo\/image\/\"}}]}<\/script>\n<!-- \/ Yoast SEO plugin. -->","yoast_head_json":{"title":"Spiruline chiens - Phyto4Pattes.fr","description":"Boostez l\u2019\u00e9nergie et l\u2019immunit\u00e9 de votre chien avec la spiruline, un superaliment naturel riche en nutriments essentiels.","robots":{"index":"index","follow":"follow","max-snippet":"max-snippet:-1","max-image-preview":"max-image-preview:large","max-video-preview":"max-video-preview:-1"},"canonical":"https:\/\/phyto4pattes.fr\/index.php\/produit\/spiruline-chiens\/","og_locale":"fr_FR","og_type":"article","og_title":"Spiruline chiens - Phyto4Pattes.fr","og_description":"Boostez l\u2019\u00e9nergie et l\u2019immunit\u00e9 de votre chien avec la spiruline, un superaliment naturel riche en nutriments essentiels.","og_url":"https:\/\/phyto4pattes.fr\/index.php\/produit\/spiruline-chiens\/","og_site_name":"Phyto4Pattes.fr","article_modified_time":"2026-04-13T05:04:47+00:00","og_image":[{"width":800,"height":800,"url":"https:\/\/phyto4pattes.fr\/wp-content\/uploads\/2026\/03\/spiruline-1.jpg","type":"image\/jpeg"}],"twitter_card":"summary_large_image","twitter_misc":{"Dur\u00e9e de lecture estim\u00e9e":"1 minute"},"schema":{"@context":"https:\/\/schema.org","@graph":[{"@type":"WebPage","@id":"https:\/\/phyto4pattes.fr\/index.php\/produit\/spiruline-chiens\/","url":"https:\/\/phyto4pattes.fr\/index.php\/produit\/spiruline-chiens\/","name":"Spiruline chiens - Phyto4Pattes.fr","isPartOf":{"@id":"http:\/\/phyto4pattes.fr\/#website"},"primaryImageOfPage":{"@id":"https:\/\/phyto4pattes.fr\/index.php\/produit\/spiruline-chiens\/#primaryimage"},"image":{"@id":"https:\/\/phyto4pattes.fr\/index.php\/produit\/spiruline-chiens\/#primaryimage"},"thumbnailUrl":"https:\/\/phyto4pattes.fr\/wp-content\/uploads\/2026\/03\/spiruline-1.jpg","datePublished":"2026-03-14T12:52:10+00:00","dateModified":"2026-04-13T05:04:47+00:00","description":"Boostez l\u2019\u00e9nergie et l\u2019immunit\u00e9 de votre chien avec la spiruline, un superaliment naturel riche en nutriments essentiels.","breadcrumb":{"@id":"https:\/\/phyto4pattes.fr\/index.php\/produit\/spiruline-chiens\/#breadcrumb"},"inLanguage":"fr-FR","potentialAction":[{"@type":"ReadAction","target":["https:\/\/phyto4pattes.fr\/index.php\/produit\/spiruline-chiens\/"]}]},{"@type":"ImageObject","inLanguage":"fr-FR","@id":"https:\/\/phyto4pattes.fr\/index.php\/produit\/spiruline-chiens\/#primaryimage","url":"https:\/\/phyto4pattes.fr\/wp-content\/uploads\/2026\/03\/spiruline-1.jpg","contentUrl":"https:\/\/phyto4pattes.fr\/wp-content\/uploads\/2026\/03\/spiruline-1.jpg","width":800,"height":800},{"@type":"BreadcrumbList","@id":"https:\/\/phyto4pattes.fr\/index.php\/produit\/spiruline-chiens\/#breadcrumb","itemListElement":[{"@type":"ListItem","position":1,"name":"Accueil","item":"https:\/\/phyto4pattes.fr\/"},{"@type":"ListItem","position":2,"name":"Boutique","item":"https:\/\/phyto4pattes.fr\/index.php\/shop\/"},{"@type":"ListItem","position":3,"name":"Spiruline chiens"}]},{"@type":"WebSite","@id":"http:\/\/phyto4pattes.fr\/#website","url":"http:\/\/phyto4pattes.fr\/","name":"Phyto4Pattes.fr","description":"\u00ab Le bien-\u00eatre de votre animal commence par les plantes \u00bb","publisher":{"@id":"http:\/\/phyto4pattes.fr\/#organization"},"potentialAction":[{"@type":"SearchAction","target":{"@type":"EntryPoint","urlTemplate":"http:\/\/phyto4pattes.fr\/?s={search_term_string}"},"query-input":{"@type":"PropertyValueSpecification","valueRequired":true,"valueName":"search_term_string"}}],"inLanguage":"fr-FR"},{"@type":"Organization","@id":"http:\/\/phyto4pattes.fr\/#organization","name":"Phyto4Pattes.fr","url":"http:\/\/phyto4pattes.fr\/","logo":{"@type":"ImageObject","inLanguage":"fr-FR","@id":"http:\/\/phyto4pattes.fr\/#\/schema\/logo\/image\/","url":"http:\/\/phyto4pattes.fr\/wp-content\/uploads\/2026\/03\/cropped-logo-10-Phyto-4-Pattes.jpg","contentUrl":"http:\/\/phyto4pattes.fr\/wp-content\/uploads\/2026\/03\/cropped-logo-10-Phyto-4-Pattes.jpg","width":250,"height":250,"caption":"Phyto4Pattes.fr"},"image":{"@id":"http:\/\/phyto4pattes.fr\/#\/schema\/logo\/image\/"}}]}},"_links":{"self":[{"href":"https:\/\/phyto4pattes.fr\/index.php\/wp-json\/wp\/v2\/product\/141","targetHints":{"allow":["GET"]}}],"collection":[{"href":"https:\/\/phyto4pattes.fr\/index.php\/wp-json\/wp\/v2\/product"}],"about":[{"href":"https:\/\/phyto4pattes.fr\/index.php\/wp-json\/wp\/v2\/types\/product"}],"replies":[{"embeddable":true,"href":"https:\/\/phyto4pattes.fr\/index.php\/wp-json\/wp\/v2\/comments?post=141"}],"wp:featuredmedia":[{"embeddable":true,"href":"https:\/\/phyto4pattes.fr\/index.php\/wp-json\/wp\/v2\/media\/211"}],"wp:attachment":[{"href":"https:\/\/phyto4pattes.fr\/index.php\/wp-json\/wp\/v2\/media?parent=141"}],"wp:term":[{"taxonomy":"product_brand","embeddable":true,"href":"https:\/\/phyto4pattes.fr\/index.php\/wp-json\/wp\/v2\/product_brand?post=141"},{"taxonomy":"product_cat","embeddable":true,"href":"https:\/\/phyto4pattes.fr\/index.php\/wp-json\/wp\/v2\/product_cat?post=141"},{"taxonomy":"product_tag","embeddable":true,"href":"https:\/\/phyto4pattes.fr\/index.php\/wp-json\/wp\/v2\/product_tag?post=141"}],"curies":[{"name":"wp","href":"https:\/\/api.w.org\/{rel}","templated":true}]}}