{"id":140,"date":"2026-03-14T12:51:40","date_gmt":"2026-03-14T12:51:40","guid":{"rendered":"https:\/\/phyto4pattes.fr\/?post_type=product&#038;p=140"},"modified":"2026-04-13T05:05:12","modified_gmt":"2026-04-13T05:05:12","slug":"complement-anti-stress-chiens","status":"publish","type":"product","link":"https:\/\/phyto4pattes.fr\/index.php\/produit\/complement-anti-stress-chiens\/","title":{"rendered":"Calmidog"},"content":{"rendered":"<h1 data-start=\"30\" data-end=\"92\">\ud83c\udf3fAnti stress naturel pour chiens<\/h1>\n<p data-start=\"30\" data-end=\"92\"><strong data-start=\"30\" data-end=\"90\">Aider votre chien \u00e0 rester calme et serein naturellement<\/strong><\/p>\n<p data-start=\"94\" data-end=\"401\">Les chiens peuvent \u00eatre sensibles au stress ou \u00e0 l\u2019anxi\u00e9t\u00e9, que ce soit lors de <strong data-start=\"174\" data-end=\"276\">voyages, visites v\u00e9t\u00e9rinaires, feux d\u2019artifice, orages, changements d\u2019environnement ou s\u00e9parations<\/strong>. Le stress peut se manifester par des <strong data-start=\"315\" data-end=\"398\">tremblements, aboiements excessifs, destruction, l\u00e9chage compulsif ou agitation<\/strong>.<\/p>\n<p data-start=\"403\" data-end=\"580\"><strong>Calmidog<\/strong> est sp\u00e9cialement formul\u00e9 pour aider votre chien \u00e0 <strong data-start=\"478\" data-end=\"509\">retrouver calme et s\u00e9r\u00e9nit\u00e9<\/strong>, en soutenant naturellement son organisme et son \u00e9quilibre \u00e9motionnel.<\/p>\n<hr data-start=\"582\" data-end=\"585\" \/>\n<h3 data-section-id=\"1stjt08\" data-start=\"587\" data-end=\"615\">Les objectifs de la cure<\/h3>\n<p data-start=\"617\" data-end=\"638\">Cette cure vise \u00e0 :<\/p>\n<ul data-start=\"640\" data-end=\"845\">\n<li data-section-id=\"4b94hg\" data-start=\"640\" data-end=\"689\">\n<p data-start=\"642\" data-end=\"689\">r\u00e9duire les <strong data-start=\"654\" data-end=\"687\">signes de stress et d\u2019anxi\u00e9t\u00e9<\/strong><\/p>\n<\/li>\n<li data-section-id=\"1gktij2\" data-start=\"690\" data-end=\"732\">\n<p data-start=\"692\" data-end=\"732\">favoriser un <strong data-start=\"705\" data-end=\"730\">\u00e9tat calme et d\u00e9tendu<\/strong><\/p>\n<\/li>\n<li data-section-id=\"scas2g\" data-start=\"733\" data-end=\"792\">\n<p data-start=\"735\" data-end=\"792\">soutenir la <strong data-start=\"747\" data-end=\"790\">s\u00e9r\u00e9nit\u00e9 lors de situations stressantes<\/strong><\/p>\n<\/li>\n<li data-section-id=\"fwokxh\" data-start=\"793\" data-end=\"845\">\n<p data-start=\"795\" data-end=\"845\">contribuer au <strong data-start=\"809\" data-end=\"843\">bien-\u00eatre \u00e9motionnel quotidien<\/strong><\/p>\n<\/li>\n<\/ul>\n<hr data-start=\"847\" data-end=\"850\" \/>\n<h3 data-section-id=\"1moovnp\" data-start=\"852\" data-end=\"875\">Pour quels chiens ?<\/h3>\n<p data-start=\"877\" data-end=\"912\">Calmidog\u00a0 est adapt\u00e9e aux chiens <strong data-start=\"927\" data-end=\"961\">anxieux ou sensibles au stress, <\/strong>lors de <strong data-start=\"974\" data-end=\"1038\">voyages, changements de domicile ou situations inhabituelles, <\/strong>aux chiens confront\u00e9s \u00e0 <strong data-start=\"1067\" data-end=\"1112\">bruits intenses (feux d\u2019artifice, orages), <\/strong>pour aider les chiens <strong data-start=\"1139\" data-end=\"1173\">agit\u00e9s ou nerveux au quotidien.<\/strong><\/p>\n<hr data-start=\"1177\" data-end=\"1180\" \/>\n<h3 data-section-id=\"846gqq\" data-start=\"1182\" data-end=\"1208\">Les b\u00e9n\u00e9fices attendus<\/h3>\n<p data-start=\"1210\" data-end=\"1257\">Une cure r\u00e9guli\u00e8re peut aider votre chien \u00e0 :<\/p>\n<p data-start=\"1259\" data-end=\"1455\">\u2714 rester <strong data-start=\"1268\" data-end=\"1320\">calme et d\u00e9tendu dans les situations stressantes<\/strong><br data-start=\"1320\" data-end=\"1323\" \/>\u2714 r\u00e9duire <strong data-start=\"1333\" data-end=\"1371\">agitation et comportements nerveux<\/strong><br data-start=\"1371\" data-end=\"1374\" \/>\u2714 soutenir son <strong data-start=\"1389\" data-end=\"1413\">bien-\u00eatre \u00e9motionnel<\/strong><br data-start=\"1413\" data-end=\"1416\" \/>\u2714 retrouver <strong data-start=\"1428\" data-end=\"1453\">s\u00e9r\u00e9nit\u00e9 et confiance<\/strong><\/p>\n<hr data-start=\"1457\" data-end=\"1460\" \/>\n<h3 data-section-id=\"14klbdb\" data-start=\"1462\" data-end=\"1492\">Comment utiliser la cure ?<\/h3>\n<ul data-start=\"1494\" data-end=\"1725\">\n<li data-section-id=\"5v7e2i\" data-start=\"1494\" data-end=\"1536\">\n<p data-start=\"1496\" data-end=\"1536\">Cure recommand\u00e9e de <strong data-start=\"1516\" data-end=\"1534\">3 \u00e0 6 semaines<\/strong><\/p>\n<\/li>\n<li data-section-id=\"19rnh2k\" data-start=\"1537\" data-end=\"1602\">\n<p data-start=\"1539\" data-end=\"1602\">\u00c0 administrer <strong data-start=\"1553\" data-end=\"1600\">avant ou pendant les situations stressantes<\/strong><\/p>\n<\/li>\n<li data-section-id=\"r512ob\" data-start=\"1603\" data-end=\"1649\">\n<p data-start=\"1605\" data-end=\"1649\">Peut \u00eatre renouvel\u00e9e <strong data-start=\"1626\" data-end=\"1647\">selon les besoins<\/strong><\/p>\n<\/li>\n<li data-section-id=\"vg35jy\" data-start=\"1650\" data-end=\"1725\">\n<p data-start=\"1652\" data-end=\"1725\">\u00c0 m\u00e9langer <strong data-start=\"1663\" data-end=\"1683\">\u00e0 l\u2019alimentation<\/strong> ou sous forme pratique selon le produit<\/p>\n<\/li>\n<\/ul>\n<hr data-start=\"1727\" data-end=\"1730\" \/>\n<h3 data-section-id=\"evjedv\" data-start=\"1732\" data-end=\"1753\">Conseil bien-\u00eatre<\/h3>\n<p data-start=\"1755\" data-end=\"1804\">Pour optimiser l\u2019effet de la cure anti-stress :<\/p>\n<ul data-start=\"1806\" data-end=\"2041\">\n<li data-section-id=\"6cin62\" data-start=\"1806\" data-end=\"1856\">\n<p data-start=\"1808\" data-end=\"1856\">cr\u00e9er un <strong data-start=\"1817\" data-end=\"1854\">environnement calme et s\u00e9curisant<\/strong><\/p>\n<\/li>\n<li data-section-id=\"11nwcq4\" data-start=\"1857\" data-end=\"1914\">\n<p data-start=\"1859\" data-end=\"1914\">associer \u00e0 <strong data-start=\"1870\" data-end=\"1912\">des routines r\u00e9guli\u00e8res et rassurantes<\/strong><\/p>\n<\/li>\n<li data-section-id=\"ddhqjt\" data-start=\"1915\" data-end=\"1987\">\n<p data-start=\"1917\" data-end=\"1987\">proposer des <strong data-start=\"1930\" data-end=\"1962\">activit\u00e9s physiques adapt\u00e9es<\/strong> pour lib\u00e9rer l\u2019\u00e9nergie<\/p>\n<\/li>\n<li data-section-id=\"1pgwivg\" data-start=\"1988\" data-end=\"2041\">\n<p data-start=\"1990\" data-end=\"2041\">favoriser la <strong data-start=\"2003\" data-end=\"2039\">stimulation mentale et jeux doux<\/strong><\/p>\n<\/li>\n<\/ul>\n<hr data-start=\"2043\" data-end=\"2046\" \/>\n<p data-start=\"2048\" data-end=\"2218\">\ud83d\udca1 La cure Calmidog est une solution naturelle pour aider votre chien \u00e0 <strong data-start=\"2123\" data-end=\"2173\">garder calme, s\u00e9r\u00e9nit\u00e9 et bien-\u00eatre \u00e9motionnel<\/strong>, m\u00eame face aux situations anxiog\u00e8nes. \ud83d\udc15\ud83c\udf3f<\/p>\n<p data-start=\"2048\" data-end=\"2218\">Le stress peut impacter la digestion. Il est donc recommand\u00e9 d\u2019associer ce produit avec des \ud83d\udc49\u00a0<a href=\"https:\/\/phyto4pattes.fr\/index.php\/produit\/probiotiques-chiens\/\">Probiotiques chiens<\/a>.<\/p>\n<p data-start=\"2048\" data-end=\"2218\">En cas de troubles cutan\u00e9s li\u00e9s au stress, d\u00e9couvrez \u00e9galement notre \ud83d\udc49<a href=\"https:\/\/phyto4pattes.fr\/index.php\/produit\/spray-aloe-vera-externe\/\">Spray aloe vera externe<\/a> .<\/p>\n","protected":false},"excerpt":{"rendered":"<p><em>(aub\u00e9pine, levures, passiflore, m\u00e9lisse)<\/em><\/p>\n<p>utilisation\u00a0: (c.dose fournie = 2 g)<\/p>\n<p>chiens &lt; 10 kg : 1\/2 c.dose \/ jour<\/p>\n<p>chiens 10 \u00e0 20 kg : 1 c.dose \/ jour<\/p>\n<p>(1 c.dose \/ 10 kg \/ jour)<\/p>\n<p>Produits 100 % naturel, non dopant, formul\u00e9 pour les chiens.<\/p>\n<p>Conserver dans un endroit sec, bien refermer apr\u00e8s usage.<\/p>\n<p>Produit d&rsquo;hygi\u00e8ne et de soin, compl\u00e9ment alimentaire.<\/p>\n<p>En pot de 200g de poudres de plantes (photo non contractuelle)<\/p>\n<h2 data-section-id=\"ad2y46\" data-start=\"2478\" data-end=\"2504\">\u26a0\ufe0f Pr\u00e9cautions d\u2019emploi<\/h2>\n<ul data-start=\"2506\" data-end=\"2655\">\n<li data-section-id=\"xhnxfo\" data-start=\"2506\" data-end=\"2550\">Ne pas utiliser chez la femelle gestante<\/li>\n<li data-section-id=\"b62rr3\" data-start=\"2551\" data-end=\"2618\">Demander conseil \u00e0 un v\u00e9t\u00e9rinaire en cas de traitement en cours<\/li>\n<li data-section-id=\"w54s7d\" data-start=\"2619\" data-end=\"2655\">Tenir hors de port\u00e9e des enfants<\/li>\n<\/ul>\n<p><strong>\u00a0Ces substances sont des compl\u00e9ments alimentaires et ne dispensent pas d&rsquo;un avis v\u00e9t\u00e9rinaire.<\/strong><\/p>\n","protected":false},"featured_media":551,"comment_status":"open","ping_status":"closed","template":"","meta":[],"product_brand":[],"product_cat":[44,28,43],"product_tag":[52,53],"class_list":{"0":"post-140","1":"product","2":"type-product","3":"status-publish","4":"has-post-thumbnail","6":"product_cat-comportement-et-stress","7":"product_cat-gamme-canine","8":"product_cat-immunite-et-vitalite","9":"product_tag-antistress","10":"product_tag-anxiete-chien","12":"first","13":"instock","14":"taxable","15":"shipping-taxable","16":"purchasable","17":"product-type-simple"},"yoast_head":"<!-- This site is optimized with the Yoast SEO plugin v27.2 - https:\/\/yoast.com\/product\/yoast-seo-wordpress\/ -->\n<title>Calmidog - Phyto4Pattes.fr<\/title>\n<meta name=\"description\" content=\"Calmez naturellement votre chien avec CALMIDOG\u2122. R\u00e9duit stress, anxi\u00e9t\u00e9 et agitation sans effet secondaire. Formule 100% naturelle.\" \/>\n<meta name=\"robots\" content=\"index, follow, max-snippet:-1, max-image-preview:large, max-video-preview:-1\" \/>\n<link rel=\"canonical\" href=\"https:\/\/phyto4pattes.fr\/index.php\/produit\/complement-anti-stress-chiens\/\" \/>\n<meta property=\"og:locale\" content=\"fr_FR\" \/>\n<meta property=\"og:type\" content=\"article\" \/>\n<meta property=\"og:title\" content=\"Calmidog - Phyto4Pattes.fr\" \/>\n<meta property=\"og:description\" content=\"Calmez naturellement votre chien avec CALMIDOG\u2122. R\u00e9duit stress, anxi\u00e9t\u00e9 et agitation sans effet secondaire. Formule 100% naturelle.\" \/>\n<meta property=\"og:url\" content=\"https:\/\/phyto4pattes.fr\/index.php\/produit\/complement-anti-stress-chiens\/\" \/>\n<meta property=\"og:site_name\" content=\"Phyto4Pattes.fr\" \/>\n<meta property=\"article:modified_time\" content=\"2026-04-13T05:05:12+00:00\" \/>\n<meta property=\"og:image\" content=\"https:\/\/phyto4pattes.fr\/wp-content\/uploads\/2026\/03\/mineralisant-chiens-1.jpg\" \/>\n\t<meta property=\"og:image:width\" content=\"250\" \/>\n\t<meta property=\"og:image:height\" content=\"250\" \/>\n\t<meta property=\"og:image:type\" content=\"image\/jpeg\" \/>\n<meta name=\"twitter:card\" content=\"summary_large_image\" \/>\n<meta name=\"twitter:label1\" content=\"Dur\u00e9e de lecture estim\u00e9e\" \/>\n\t<meta name=\"twitter:data1\" content=\"2 minutes\" \/>\n<script type=\"application\/ld+json\" class=\"yoast-schema-graph\">{\"@context\":\"https:\/\/schema.org\",\"@graph\":[{\"@type\":\"WebPage\",\"@id\":\"https:\/\/phyto4pattes.fr\/index.php\/produit\/complement-anti-stress-chiens\/\",\"url\":\"https:\/\/phyto4pattes.fr\/index.php\/produit\/complement-anti-stress-chiens\/\",\"name\":\"Calmidog - Phyto4Pattes.fr\",\"isPartOf\":{\"@id\":\"http:\/\/phyto4pattes.fr\/#website\"},\"primaryImageOfPage\":{\"@id\":\"https:\/\/phyto4pattes.fr\/index.php\/produit\/complement-anti-stress-chiens\/#primaryimage\"},\"image\":{\"@id\":\"https:\/\/phyto4pattes.fr\/index.php\/produit\/complement-anti-stress-chiens\/#primaryimage\"},\"thumbnailUrl\":\"https:\/\/phyto4pattes.fr\/wp-content\/uploads\/2026\/03\/mineralisant-chiens-1.jpg\",\"datePublished\":\"2026-03-14T12:51:40+00:00\",\"dateModified\":\"2026-04-13T05:05:12+00:00\",\"description\":\"Calmez naturellement votre chien avec CALMIDOG\u2122. R\u00e9duit stress, anxi\u00e9t\u00e9 et agitation sans effet secondaire. Formule 100% naturelle.\",\"breadcrumb\":{\"@id\":\"https:\/\/phyto4pattes.fr\/index.php\/produit\/complement-anti-stress-chiens\/#breadcrumb\"},\"inLanguage\":\"fr-FR\",\"potentialAction\":[{\"@type\":\"ReadAction\",\"target\":[\"https:\/\/phyto4pattes.fr\/index.php\/produit\/complement-anti-stress-chiens\/\"]}]},{\"@type\":\"ImageObject\",\"inLanguage\":\"fr-FR\",\"@id\":\"https:\/\/phyto4pattes.fr\/index.php\/produit\/complement-anti-stress-chiens\/#primaryimage\",\"url\":\"https:\/\/phyto4pattes.fr\/wp-content\/uploads\/2026\/03\/mineralisant-chiens-1.jpg\",\"contentUrl\":\"https:\/\/phyto4pattes.fr\/wp-content\/uploads\/2026\/03\/mineralisant-chiens-1.jpg\",\"width\":250,\"height\":250},{\"@type\":\"BreadcrumbList\",\"@id\":\"https:\/\/phyto4pattes.fr\/index.php\/produit\/complement-anti-stress-chiens\/#breadcrumb\",\"itemListElement\":[{\"@type\":\"ListItem\",\"position\":1,\"name\":\"Accueil\",\"item\":\"https:\/\/phyto4pattes.fr\/\"},{\"@type\":\"ListItem\",\"position\":2,\"name\":\"Boutique\",\"item\":\"https:\/\/phyto4pattes.fr\/index.php\/shop\/\"},{\"@type\":\"ListItem\",\"position\":3,\"name\":\"Calmidog\"}]},{\"@type\":\"WebSite\",\"@id\":\"http:\/\/phyto4pattes.fr\/#website\",\"url\":\"http:\/\/phyto4pattes.fr\/\",\"name\":\"Phyto4Pattes.fr\",\"description\":\"\u00ab Le bien-\u00eatre de votre animal commence par les plantes \u00bb\",\"publisher\":{\"@id\":\"http:\/\/phyto4pattes.fr\/#organization\"},\"potentialAction\":[{\"@type\":\"SearchAction\",\"target\":{\"@type\":\"EntryPoint\",\"urlTemplate\":\"http:\/\/phyto4pattes.fr\/?s={search_term_string}\"},\"query-input\":{\"@type\":\"PropertyValueSpecification\",\"valueRequired\":true,\"valueName\":\"search_term_string\"}}],\"inLanguage\":\"fr-FR\"},{\"@type\":\"Organization\",\"@id\":\"http:\/\/phyto4pattes.fr\/#organization\",\"name\":\"Phyto4Pattes.fr\",\"url\":\"http:\/\/phyto4pattes.fr\/\",\"logo\":{\"@type\":\"ImageObject\",\"inLanguage\":\"fr-FR\",\"@id\":\"http:\/\/phyto4pattes.fr\/#\/schema\/logo\/image\/\",\"url\":\"http:\/\/phyto4pattes.fr\/wp-content\/uploads\/2026\/03\/cropped-logo-10-Phyto-4-Pattes.jpg\",\"contentUrl\":\"http:\/\/phyto4pattes.fr\/wp-content\/uploads\/2026\/03\/cropped-logo-10-Phyto-4-Pattes.jpg\",\"width\":250,\"height\":250,\"caption\":\"Phyto4Pattes.fr\"},\"image\":{\"@id\":\"http:\/\/phyto4pattes.fr\/#\/schema\/logo\/image\/\"}}]}<\/script>\n<!-- \/ Yoast SEO plugin. -->","yoast_head_json":{"title":"Calmidog - Phyto4Pattes.fr","description":"Calmez naturellement votre chien avec CALMIDOG\u2122. R\u00e9duit stress, anxi\u00e9t\u00e9 et agitation sans effet secondaire. Formule 100% naturelle.","robots":{"index":"index","follow":"follow","max-snippet":"max-snippet:-1","max-image-preview":"max-image-preview:large","max-video-preview":"max-video-preview:-1"},"canonical":"https:\/\/phyto4pattes.fr\/index.php\/produit\/complement-anti-stress-chiens\/","og_locale":"fr_FR","og_type":"article","og_title":"Calmidog - Phyto4Pattes.fr","og_description":"Calmez naturellement votre chien avec CALMIDOG\u2122. R\u00e9duit stress, anxi\u00e9t\u00e9 et agitation sans effet secondaire. Formule 100% naturelle.","og_url":"https:\/\/phyto4pattes.fr\/index.php\/produit\/complement-anti-stress-chiens\/","og_site_name":"Phyto4Pattes.fr","article_modified_time":"2026-04-13T05:05:12+00:00","og_image":[{"width":250,"height":250,"url":"https:\/\/phyto4pattes.fr\/wp-content\/uploads\/2026\/03\/mineralisant-chiens-1.jpg","type":"image\/jpeg"}],"twitter_card":"summary_large_image","twitter_misc":{"Dur\u00e9e de lecture estim\u00e9e":"2 minutes"},"schema":{"@context":"https:\/\/schema.org","@graph":[{"@type":"WebPage","@id":"https:\/\/phyto4pattes.fr\/index.php\/produit\/complement-anti-stress-chiens\/","url":"https:\/\/phyto4pattes.fr\/index.php\/produit\/complement-anti-stress-chiens\/","name":"Calmidog - Phyto4Pattes.fr","isPartOf":{"@id":"http:\/\/phyto4pattes.fr\/#website"},"primaryImageOfPage":{"@id":"https:\/\/phyto4pattes.fr\/index.php\/produit\/complement-anti-stress-chiens\/#primaryimage"},"image":{"@id":"https:\/\/phyto4pattes.fr\/index.php\/produit\/complement-anti-stress-chiens\/#primaryimage"},"thumbnailUrl":"https:\/\/phyto4pattes.fr\/wp-content\/uploads\/2026\/03\/mineralisant-chiens-1.jpg","datePublished":"2026-03-14T12:51:40+00:00","dateModified":"2026-04-13T05:05:12+00:00","description":"Calmez naturellement votre chien avec CALMIDOG\u2122. R\u00e9duit stress, anxi\u00e9t\u00e9 et agitation sans effet secondaire. Formule 100% naturelle.","breadcrumb":{"@id":"https:\/\/phyto4pattes.fr\/index.php\/produit\/complement-anti-stress-chiens\/#breadcrumb"},"inLanguage":"fr-FR","potentialAction":[{"@type":"ReadAction","target":["https:\/\/phyto4pattes.fr\/index.php\/produit\/complement-anti-stress-chiens\/"]}]},{"@type":"ImageObject","inLanguage":"fr-FR","@id":"https:\/\/phyto4pattes.fr\/index.php\/produit\/complement-anti-stress-chiens\/#primaryimage","url":"https:\/\/phyto4pattes.fr\/wp-content\/uploads\/2026\/03\/mineralisant-chiens-1.jpg","contentUrl":"https:\/\/phyto4pattes.fr\/wp-content\/uploads\/2026\/03\/mineralisant-chiens-1.jpg","width":250,"height":250},{"@type":"BreadcrumbList","@id":"https:\/\/phyto4pattes.fr\/index.php\/produit\/complement-anti-stress-chiens\/#breadcrumb","itemListElement":[{"@type":"ListItem","position":1,"name":"Accueil","item":"https:\/\/phyto4pattes.fr\/"},{"@type":"ListItem","position":2,"name":"Boutique","item":"https:\/\/phyto4pattes.fr\/index.php\/shop\/"},{"@type":"ListItem","position":3,"name":"Calmidog"}]},{"@type":"WebSite","@id":"http:\/\/phyto4pattes.fr\/#website","url":"http:\/\/phyto4pattes.fr\/","name":"Phyto4Pattes.fr","description":"\u00ab Le bien-\u00eatre de votre animal commence par les plantes \u00bb","publisher":{"@id":"http:\/\/phyto4pattes.fr\/#organization"},"potentialAction":[{"@type":"SearchAction","target":{"@type":"EntryPoint","urlTemplate":"http:\/\/phyto4pattes.fr\/?s={search_term_string}"},"query-input":{"@type":"PropertyValueSpecification","valueRequired":true,"valueName":"search_term_string"}}],"inLanguage":"fr-FR"},{"@type":"Organization","@id":"http:\/\/phyto4pattes.fr\/#organization","name":"Phyto4Pattes.fr","url":"http:\/\/phyto4pattes.fr\/","logo":{"@type":"ImageObject","inLanguage":"fr-FR","@id":"http:\/\/phyto4pattes.fr\/#\/schema\/logo\/image\/","url":"http:\/\/phyto4pattes.fr\/wp-content\/uploads\/2026\/03\/cropped-logo-10-Phyto-4-Pattes.jpg","contentUrl":"http:\/\/phyto4pattes.fr\/wp-content\/uploads\/2026\/03\/cropped-logo-10-Phyto-4-Pattes.jpg","width":250,"height":250,"caption":"Phyto4Pattes.fr"},"image":{"@id":"http:\/\/phyto4pattes.fr\/#\/schema\/logo\/image\/"}}]}},"_links":{"self":[{"href":"https:\/\/phyto4pattes.fr\/index.php\/wp-json\/wp\/v2\/product\/140","targetHints":{"allow":["GET"]}}],"collection":[{"href":"https:\/\/phyto4pattes.fr\/index.php\/wp-json\/wp\/v2\/product"}],"about":[{"href":"https:\/\/phyto4pattes.fr\/index.php\/wp-json\/wp\/v2\/types\/product"}],"replies":[{"embeddable":true,"href":"https:\/\/phyto4pattes.fr\/index.php\/wp-json\/wp\/v2\/comments?post=140"}],"wp:featuredmedia":[{"embeddable":true,"href":"https:\/\/phyto4pattes.fr\/index.php\/wp-json\/wp\/v2\/media\/551"}],"wp:attachment":[{"href":"https:\/\/phyto4pattes.fr\/index.php\/wp-json\/wp\/v2\/media?parent=140"}],"wp:term":[{"taxonomy":"product_brand","embeddable":true,"href":"https:\/\/phyto4pattes.fr\/index.php\/wp-json\/wp\/v2\/product_brand?post=140"},{"taxonomy":"product_cat","embeddable":true,"href":"https:\/\/phyto4pattes.fr\/index.php\/wp-json\/wp\/v2\/product_cat?post=140"},{"taxonomy":"product_tag","embeddable":true,"href":"https:\/\/phyto4pattes.fr\/index.php\/wp-json\/wp\/v2\/product_tag?post=140"}],"curies":[{"name":"wp","href":"https:\/\/api.w.org\/{rel}","templated":true}]}}