{"id":134,"date":"2026-03-12T20:59:45","date_gmt":"2026-03-12T20:59:45","guid":{"rendered":"https:\/\/phyto4pattes.fr\/?post_type=product&#038;p=134"},"modified":"2026-03-22T17:36:53","modified_gmt":"2026-03-22T17:36:53","slug":"fortifiant-chiens","status":"publish","type":"product","link":"https:\/\/phyto4pattes.fr\/index.php\/produit\/fortifiant-chiens\/","title":{"rendered":"Fortifiant chiens"},"content":{"rendered":"<p data-start=\"29\" data-end=\"87\"><strong data-start=\"29\" data-end=\"87\">Renforcer l\u2019organisme et soutenir la vitalit\u00e9 g\u00e9n\u00e9rale<\/strong><\/p>\n<p data-start=\"89\" data-end=\"424\">La cure <strong data-start=\"97\" data-end=\"111\">Fortifiant<\/strong> est con\u00e7ue pour apporter un <strong data-start=\"140\" data-end=\"181\">soutien global \u00e0 l\u2019organisme du chien<\/strong>, en favorisant son \u00e9nergie, sa r\u00e9sistance et son bien-\u00eatre quotidien. Elle aide \u00e0 pr\u00e9parer le corps du chien \u00e0 affronter les p\u00e9riodes de fatigue, les changements de saison ou les moments de r\u00e9cup\u00e9ration apr\u00e8s un effort ou une convalescence.<\/p>\n<p data-start=\"426\" data-end=\"559\">Cette cure contribue \u00e0 <strong data-start=\"449\" data-end=\"494\">maintenir la vitalit\u00e9 physique et mentale<\/strong>, pour que votre chien reste actif, dynamique et en pleine forme.<\/p>\n<hr data-start=\"561\" data-end=\"564\" \/>\n<h3 data-section-id=\"1stjt08\" data-start=\"566\" data-end=\"594\">Les objectifs de la cure<\/h3>\n<p data-start=\"596\" data-end=\"623\">La cure Fortifiant vise \u00e0 :<\/p>\n<ul data-start=\"625\" data-end=\"842\">\n<li data-section-id=\"vob1p9\" data-start=\"625\" data-end=\"675\">\n<p data-start=\"627\" data-end=\"675\">soutenir la <strong data-start=\"639\" data-end=\"673\">vitalit\u00e9 et l\u2019\u00e9nergie du chien<\/strong><\/p>\n<\/li>\n<li data-section-id=\"x1muql\" data-start=\"676\" data-end=\"732\">\n<p data-start=\"678\" data-end=\"732\">renforcer les <strong data-start=\"692\" data-end=\"730\">d\u00e9fenses naturelles de l\u2019organisme<\/strong><\/p>\n<\/li>\n<li data-section-id=\"v4lftd\" data-start=\"733\" data-end=\"789\">\n<p data-start=\"735\" data-end=\"789\">favoriser une <strong data-start=\"749\" data-end=\"787\">bonne r\u00e9sistance face \u00e0 la fatigue<\/strong><\/p>\n<\/li>\n<li data-section-id=\"1kwud5i\" data-start=\"790\" data-end=\"842\">\n<p data-start=\"792\" data-end=\"842\">accompagner la <strong data-start=\"807\" data-end=\"842\">forme et le bien-\u00eatre quotidien<\/strong><\/p>\n<\/li>\n<\/ul>\n<hr data-start=\"844\" data-end=\"847\" \/>\n<h3 data-section-id=\"1moovnp\" data-start=\"849\" data-end=\"872\">Pour quels chiens ?<\/h3>\n<p data-start=\"874\" data-end=\"917\">Cette cure est particuli\u00e8rement adapt\u00e9e aux <strong data-start=\"925\" data-end=\"967\">chiens fatigu\u00e9s ou en baisse d\u2019\u00e9nergie, <\/strong>aux <strong data-start=\"976\" data-end=\"1000\">chiots en croissance, <\/strong>aux chiens <strong data-start=\"1016\" data-end=\"1038\">actifs ou sportifs, <\/strong>aux chiens en <strong data-start=\"1057\" data-end=\"1082\">phase de r\u00e9cup\u00e9ration<\/strong> apr\u00e8s une maladie ou un effort, lors des <strong data-start=\"1127\" data-end=\"1152\">changements de saison<\/strong>, notamment automne et printemps.<\/p>\n<hr data-start=\"1188\" data-end=\"1191\" \/>\n<h3 data-section-id=\"846gqq\" data-start=\"1193\" data-end=\"1219\">Les b\u00e9n\u00e9fices attendus<\/h3>\n<p data-start=\"1221\" data-end=\"1268\">Une cure r\u00e9guli\u00e8re peut aider votre chien \u00e0 :<\/p>\n<p data-start=\"1270\" data-end=\"1470\">\u2714 retrouver <strong data-start=\"1282\" data-end=\"1307\">vitalit\u00e9 et dynamisme<\/strong><br data-start=\"1307\" data-end=\"1310\" \/>\u2714 renforcer sa <strong data-start=\"1325\" data-end=\"1368\">r\u00e9sistance face aux p\u00e9riodes de fatigue<\/strong><br data-start=\"1368\" data-end=\"1371\" \/>\u2714 soutenir son <strong data-start=\"1386\" data-end=\"1407\">bien-\u00eatre g\u00e9n\u00e9ral<\/strong><br data-start=\"1407\" data-end=\"1410\" \/>\u2714 maintenir une <strong data-start=\"1426\" data-end=\"1468\">forme optimale tout au long de l\u2019ann\u00e9e<\/strong><\/p>\n<hr data-start=\"1472\" data-end=\"1475\" \/>\n<h3 data-section-id=\"14klbdb\" data-start=\"1477\" data-end=\"1507\">Comment utiliser la cure ? (administrer <strong data-start=\"1634\" data-end=\"1663\">m\u00e9lang\u00e9e \u00e0 l\u2019alimentation)<\/strong><\/h3>\n<ul data-start=\"1509\" data-end=\"1665\">\n<li data-section-id=\"5v7e2i\" data-start=\"1509\" data-end=\"1551\">\n<p data-start=\"1511\" data-end=\"1551\">Cure recommand\u00e9e de <strong data-start=\"1531\" data-end=\"1549\">3 \u00e0 6 semaines<\/strong><\/p>\n<\/li>\n<li data-section-id=\"9wx1bt\" data-start=\"1552\" data-end=\"1617\">\n<p data-start=\"1554\" data-end=\"1617\">Peut \u00eatre renouvel\u00e9e <strong data-start=\"1575\" data-end=\"1596\">2 \u00e0 3 fois par an<\/strong>, selon les besoins<\/p>\n<\/li>\n<\/ul>\n<hr data-start=\"1667\" data-end=\"1670\" \/>\n<h3 data-section-id=\"evjedv\" data-start=\"1672\" data-end=\"1693\">Conseil bien-\u00eatre<\/h3>\n<p data-start=\"1695\" data-end=\"1746\">Pour optimiser les effets de la cure fortifiant :<\/p>\n<ul data-start=\"1748\" data-end=\"1913\">\n<li data-section-id=\"8ou7jf\" data-start=\"1748\" data-end=\"1803\">\n<p data-start=\"1750\" data-end=\"1803\">proposer une <strong data-start=\"1763\" data-end=\"1801\">alimentation \u00e9quilibr\u00e9e et adapt\u00e9e<\/strong><\/p>\n<\/li>\n<li data-section-id=\"6s765p\" data-start=\"1804\" data-end=\"1853\">\n<p data-start=\"1806\" data-end=\"1853\">maintenir une <strong data-start=\"1820\" data-end=\"1851\">activit\u00e9 physique r\u00e9guli\u00e8re<\/strong><\/p>\n<\/li>\n<li data-section-id=\"rr1q0r\" data-start=\"1854\" data-end=\"1913\">\n<p data-start=\"1856\" data-end=\"1913\">offrir un <strong data-start=\"1866\" data-end=\"1885\">repos suffisant<\/strong> et un environnement calme<\/p>\n<\/li>\n<\/ul>\n<hr data-start=\"1915\" data-end=\"1918\" \/>\n<p data-start=\"1920\" data-end=\"2123\">\ud83d\udca1 Une cure fortifiant est une solution naturelle pour <strong data-start=\"1975\" data-end=\"2031\">soutenir la vitalit\u00e9 et le bien-\u00eatre global du chien<\/strong>, en particulier lors des p\u00e9riodes o\u00f9 son organisme a besoin d\u2019un petit coup de pouce. \ud83d\udc15\u2728<\/p>\n<p data-start=\"1920\" data-end=\"2123\">Peut \u00eatre combin\u00e9 pour \u00ab\u00a0renforcer la vitalit\u00e9 du chien\u00a0\u00bb :\u00a0 \ud83d\udc49<a href=\"https:\/\/phyto4pattes.fr\/index.php\/produit\/spiruline-chiens\/\">Spiruline chiens<\/a>, \ud83d\udc49 <a href=\"https:\/\/phyto4pattes.fr\/index.php\/produit\/complement-chiens-ages\/\">Compl\u00e9ment chiens \u00e2g\u00e9s<\/a> .<\/p>\n","protected":false},"excerpt":{"rendered":"<p>(algues, levures)<\/p>\n<p>Convient aux chiens ayant une baisse d&rsquo;\u00e9tat g\u00e9n\u00e9ral, une d\u00e9ficience immunitaire, un manque d&rsquo;\u00e9l\u00e9ments nutritionnels et min\u00e9raux.<\/p>\n<p>Fortifiant g\u00e9n\u00e9ral, am\u00e9liore les d\u00e9fenses immunitaires<\/p>\n<p>Source de min\u00e9raux, vitamines, oligo\u00e9l\u00e9ments pour am\u00e9liorer les carences de l&rsquo;organisme de votre chien.<\/p>\n<p>Pour chiens \u00e2g\u00e9s, chiens en croissance, chiens de tous \u00e2ges.<\/p>\n<p>&nbsp;<\/p>\n<p>utilisation\u00a0: (c.dose fournie = 2 g)<\/p>\n<p>chiens &lt; 10 kg : 1\/2 c.dose \/ jour<\/p>\n<p>chiens 10 \u00e0 20 kg : 1 c.dose \/ jour<\/p>\n<p>(1 c.dose \/ 10 kg \/ jour)<\/p>\n<p>&nbsp;<\/p>\n<p>&nbsp;<\/p>\n<p>Produits 100 % naturel, non dopant, formul\u00e9 pour les chiens.<\/p>\n<p>Conserver dans un endroit sec, bien refermer apr\u00e8s usage.<\/p>\n<p>Produit d&rsquo;hygi\u00e8ne et de soin, compl\u00e9ment alimentaire.<\/p>\n<p>En pot de 200g de poudres de plantes (photo non contractuelle)<\/p>\n<p><strong>Ces substances sont des compl\u00e9ments alimentaires et ne dispensent pas d&rsquo;un avis v\u00e9t\u00e9rinaire.<\/strong><\/p>\n","protected":false},"featured_media":135,"comment_status":"open","ping_status":"closed","template":"","meta":[],"product_brand":[],"product_cat":[28,43],"product_tag":[],"class_list":{"0":"post-134","1":"product","2":"type-product","3":"status-publish","4":"has-post-thumbnail","6":"product_cat-gamme-canine","7":"product_cat-immunite-et-vitalite","9":"first","10":"instock","11":"taxable","12":"shipping-taxable","13":"purchasable","14":"product-type-simple"},"yoast_head":"<!-- This site is optimized with the Yoast SEO plugin v27.2 - https:\/\/yoast.com\/product\/yoast-seo-wordpress\/ -->\n<title>Fortifiant chiens - Phyto4Pattes.fr<\/title>\n<meta name=\"description\" content=\"Renforcez la vitalit\u00e9 de votre chien avec un fortifiant naturel qui booste \u00e9nergie, tonus et r\u00e9sistance au quotidien.\" \/>\n<meta name=\"robots\" content=\"index, follow, max-snippet:-1, max-image-preview:large, max-video-preview:-1\" \/>\n<link rel=\"canonical\" href=\"https:\/\/phyto4pattes.fr\/index.php\/produit\/fortifiant-chiens\/\" \/>\n<meta property=\"og:locale\" content=\"fr_FR\" \/>\n<meta property=\"og:type\" content=\"article\" \/>\n<meta property=\"og:title\" content=\"Fortifiant chiens - Phyto4Pattes.fr\" \/>\n<meta property=\"og:description\" content=\"Renforcez la vitalit\u00e9 de votre chien avec un fortifiant naturel qui booste \u00e9nergie, tonus et r\u00e9sistance au quotidien.\" \/>\n<meta property=\"og:url\" content=\"https:\/\/phyto4pattes.fr\/index.php\/produit\/fortifiant-chiens\/\" \/>\n<meta property=\"og:site_name\" content=\"Phyto4Pattes.fr\" \/>\n<meta property=\"article:modified_time\" content=\"2026-03-22T17:36:53+00:00\" \/>\n<meta property=\"og:image\" content=\"https:\/\/phyto4pattes.fr\/wp-content\/uploads\/2026\/03\/fortifiant-naturel-chiens.jpg\" \/>\n\t<meta property=\"og:image:width\" content=\"800\" \/>\n\t<meta property=\"og:image:height\" content=\"800\" \/>\n\t<meta property=\"og:image:type\" content=\"image\/jpeg\" \/>\n<meta name=\"twitter:card\" content=\"summary_large_image\" \/>\n<meta name=\"twitter:label1\" content=\"Dur\u00e9e de lecture estim\u00e9e\" \/>\n\t<meta name=\"twitter:data1\" content=\"2 minutes\" \/>\n<script type=\"application\/ld+json\" class=\"yoast-schema-graph\">{\"@context\":\"https:\/\/schema.org\",\"@graph\":[{\"@type\":\"WebPage\",\"@id\":\"https:\/\/phyto4pattes.fr\/index.php\/produit\/fortifiant-chiens\/\",\"url\":\"https:\/\/phyto4pattes.fr\/index.php\/produit\/fortifiant-chiens\/\",\"name\":\"Fortifiant chiens - Phyto4Pattes.fr\",\"isPartOf\":{\"@id\":\"http:\/\/phyto4pattes.fr\/#website\"},\"primaryImageOfPage\":{\"@id\":\"https:\/\/phyto4pattes.fr\/index.php\/produit\/fortifiant-chiens\/#primaryimage\"},\"image\":{\"@id\":\"https:\/\/phyto4pattes.fr\/index.php\/produit\/fortifiant-chiens\/#primaryimage\"},\"thumbnailUrl\":\"https:\/\/phyto4pattes.fr\/wp-content\/uploads\/2026\/03\/fortifiant-naturel-chiens.jpg\",\"datePublished\":\"2026-03-12T20:59:45+00:00\",\"dateModified\":\"2026-03-22T17:36:53+00:00\",\"description\":\"Renforcez la vitalit\u00e9 de votre chien avec un fortifiant naturel qui booste \u00e9nergie, tonus et r\u00e9sistance au quotidien.\",\"breadcrumb\":{\"@id\":\"https:\/\/phyto4pattes.fr\/index.php\/produit\/fortifiant-chiens\/#breadcrumb\"},\"inLanguage\":\"fr-FR\",\"potentialAction\":[{\"@type\":\"ReadAction\",\"target\":[\"https:\/\/phyto4pattes.fr\/index.php\/produit\/fortifiant-chiens\/\"]}]},{\"@type\":\"ImageObject\",\"inLanguage\":\"fr-FR\",\"@id\":\"https:\/\/phyto4pattes.fr\/index.php\/produit\/fortifiant-chiens\/#primaryimage\",\"url\":\"https:\/\/phyto4pattes.fr\/wp-content\/uploads\/2026\/03\/fortifiant-naturel-chiens.jpg\",\"contentUrl\":\"https:\/\/phyto4pattes.fr\/wp-content\/uploads\/2026\/03\/fortifiant-naturel-chiens.jpg\",\"width\":800,\"height\":800},{\"@type\":\"BreadcrumbList\",\"@id\":\"https:\/\/phyto4pattes.fr\/index.php\/produit\/fortifiant-chiens\/#breadcrumb\",\"itemListElement\":[{\"@type\":\"ListItem\",\"position\":1,\"name\":\"Accueil\",\"item\":\"https:\/\/phyto4pattes.fr\/\"},{\"@type\":\"ListItem\",\"position\":2,\"name\":\"Boutique\",\"item\":\"https:\/\/phyto4pattes.fr\/index.php\/shop\/\"},{\"@type\":\"ListItem\",\"position\":3,\"name\":\"Fortifiant chiens\"}]},{\"@type\":\"WebSite\",\"@id\":\"http:\/\/phyto4pattes.fr\/#website\",\"url\":\"http:\/\/phyto4pattes.fr\/\",\"name\":\"Phyto4Pattes.fr\",\"description\":\"\u00ab Le bien-\u00eatre de votre animal commence par les plantes \u00bb\",\"publisher\":{\"@id\":\"http:\/\/phyto4pattes.fr\/#organization\"},\"potentialAction\":[{\"@type\":\"SearchAction\",\"target\":{\"@type\":\"EntryPoint\",\"urlTemplate\":\"http:\/\/phyto4pattes.fr\/?s={search_term_string}\"},\"query-input\":{\"@type\":\"PropertyValueSpecification\",\"valueRequired\":true,\"valueName\":\"search_term_string\"}}],\"inLanguage\":\"fr-FR\"},{\"@type\":\"Organization\",\"@id\":\"http:\/\/phyto4pattes.fr\/#organization\",\"name\":\"Phyto4Pattes.fr\",\"url\":\"http:\/\/phyto4pattes.fr\/\",\"logo\":{\"@type\":\"ImageObject\",\"inLanguage\":\"fr-FR\",\"@id\":\"http:\/\/phyto4pattes.fr\/#\/schema\/logo\/image\/\",\"url\":\"http:\/\/phyto4pattes.fr\/wp-content\/uploads\/2026\/03\/cropped-logo-10-Phyto-4-Pattes.jpg\",\"contentUrl\":\"http:\/\/phyto4pattes.fr\/wp-content\/uploads\/2026\/03\/cropped-logo-10-Phyto-4-Pattes.jpg\",\"width\":250,\"height\":250,\"caption\":\"Phyto4Pattes.fr\"},\"image\":{\"@id\":\"http:\/\/phyto4pattes.fr\/#\/schema\/logo\/image\/\"}}]}<\/script>\n<!-- \/ Yoast SEO plugin. -->","yoast_head_json":{"title":"Fortifiant chiens - Phyto4Pattes.fr","description":"Renforcez la vitalit\u00e9 de votre chien avec un fortifiant naturel qui booste \u00e9nergie, tonus et r\u00e9sistance au quotidien.","robots":{"index":"index","follow":"follow","max-snippet":"max-snippet:-1","max-image-preview":"max-image-preview:large","max-video-preview":"max-video-preview:-1"},"canonical":"https:\/\/phyto4pattes.fr\/index.php\/produit\/fortifiant-chiens\/","og_locale":"fr_FR","og_type":"article","og_title":"Fortifiant chiens - Phyto4Pattes.fr","og_description":"Renforcez la vitalit\u00e9 de votre chien avec un fortifiant naturel qui booste \u00e9nergie, tonus et r\u00e9sistance au quotidien.","og_url":"https:\/\/phyto4pattes.fr\/index.php\/produit\/fortifiant-chiens\/","og_site_name":"Phyto4Pattes.fr","article_modified_time":"2026-03-22T17:36:53+00:00","og_image":[{"width":800,"height":800,"url":"https:\/\/phyto4pattes.fr\/wp-content\/uploads\/2026\/03\/fortifiant-naturel-chiens.jpg","type":"image\/jpeg"}],"twitter_card":"summary_large_image","twitter_misc":{"Dur\u00e9e de lecture estim\u00e9e":"2 minutes"},"schema":{"@context":"https:\/\/schema.org","@graph":[{"@type":"WebPage","@id":"https:\/\/phyto4pattes.fr\/index.php\/produit\/fortifiant-chiens\/","url":"https:\/\/phyto4pattes.fr\/index.php\/produit\/fortifiant-chiens\/","name":"Fortifiant chiens - Phyto4Pattes.fr","isPartOf":{"@id":"http:\/\/phyto4pattes.fr\/#website"},"primaryImageOfPage":{"@id":"https:\/\/phyto4pattes.fr\/index.php\/produit\/fortifiant-chiens\/#primaryimage"},"image":{"@id":"https:\/\/phyto4pattes.fr\/index.php\/produit\/fortifiant-chiens\/#primaryimage"},"thumbnailUrl":"https:\/\/phyto4pattes.fr\/wp-content\/uploads\/2026\/03\/fortifiant-naturel-chiens.jpg","datePublished":"2026-03-12T20:59:45+00:00","dateModified":"2026-03-22T17:36:53+00:00","description":"Renforcez la vitalit\u00e9 de votre chien avec un fortifiant naturel qui booste \u00e9nergie, tonus et r\u00e9sistance au quotidien.","breadcrumb":{"@id":"https:\/\/phyto4pattes.fr\/index.php\/produit\/fortifiant-chiens\/#breadcrumb"},"inLanguage":"fr-FR","potentialAction":[{"@type":"ReadAction","target":["https:\/\/phyto4pattes.fr\/index.php\/produit\/fortifiant-chiens\/"]}]},{"@type":"ImageObject","inLanguage":"fr-FR","@id":"https:\/\/phyto4pattes.fr\/index.php\/produit\/fortifiant-chiens\/#primaryimage","url":"https:\/\/phyto4pattes.fr\/wp-content\/uploads\/2026\/03\/fortifiant-naturel-chiens.jpg","contentUrl":"https:\/\/phyto4pattes.fr\/wp-content\/uploads\/2026\/03\/fortifiant-naturel-chiens.jpg","width":800,"height":800},{"@type":"BreadcrumbList","@id":"https:\/\/phyto4pattes.fr\/index.php\/produit\/fortifiant-chiens\/#breadcrumb","itemListElement":[{"@type":"ListItem","position":1,"name":"Accueil","item":"https:\/\/phyto4pattes.fr\/"},{"@type":"ListItem","position":2,"name":"Boutique","item":"https:\/\/phyto4pattes.fr\/index.php\/shop\/"},{"@type":"ListItem","position":3,"name":"Fortifiant chiens"}]},{"@type":"WebSite","@id":"http:\/\/phyto4pattes.fr\/#website","url":"http:\/\/phyto4pattes.fr\/","name":"Phyto4Pattes.fr","description":"\u00ab Le bien-\u00eatre de votre animal commence par les plantes \u00bb","publisher":{"@id":"http:\/\/phyto4pattes.fr\/#organization"},"potentialAction":[{"@type":"SearchAction","target":{"@type":"EntryPoint","urlTemplate":"http:\/\/phyto4pattes.fr\/?s={search_term_string}"},"query-input":{"@type":"PropertyValueSpecification","valueRequired":true,"valueName":"search_term_string"}}],"inLanguage":"fr-FR"},{"@type":"Organization","@id":"http:\/\/phyto4pattes.fr\/#organization","name":"Phyto4Pattes.fr","url":"http:\/\/phyto4pattes.fr\/","logo":{"@type":"ImageObject","inLanguage":"fr-FR","@id":"http:\/\/phyto4pattes.fr\/#\/schema\/logo\/image\/","url":"http:\/\/phyto4pattes.fr\/wp-content\/uploads\/2026\/03\/cropped-logo-10-Phyto-4-Pattes.jpg","contentUrl":"http:\/\/phyto4pattes.fr\/wp-content\/uploads\/2026\/03\/cropped-logo-10-Phyto-4-Pattes.jpg","width":250,"height":250,"caption":"Phyto4Pattes.fr"},"image":{"@id":"http:\/\/phyto4pattes.fr\/#\/schema\/logo\/image\/"}}]}},"_links":{"self":[{"href":"https:\/\/phyto4pattes.fr\/index.php\/wp-json\/wp\/v2\/product\/134","targetHints":{"allow":["GET"]}}],"collection":[{"href":"https:\/\/phyto4pattes.fr\/index.php\/wp-json\/wp\/v2\/product"}],"about":[{"href":"https:\/\/phyto4pattes.fr\/index.php\/wp-json\/wp\/v2\/types\/product"}],"replies":[{"embeddable":true,"href":"https:\/\/phyto4pattes.fr\/index.php\/wp-json\/wp\/v2\/comments?post=134"}],"wp:featuredmedia":[{"embeddable":true,"href":"https:\/\/phyto4pattes.fr\/index.php\/wp-json\/wp\/v2\/media\/135"}],"wp:attachment":[{"href":"https:\/\/phyto4pattes.fr\/index.php\/wp-json\/wp\/v2\/media?parent=134"}],"wp:term":[{"taxonomy":"product_brand","embeddable":true,"href":"https:\/\/phyto4pattes.fr\/index.php\/wp-json\/wp\/v2\/product_brand?post=134"},{"taxonomy":"product_cat","embeddable":true,"href":"https:\/\/phyto4pattes.fr\/index.php\/wp-json\/wp\/v2\/product_cat?post=134"},{"taxonomy":"product_tag","embeddable":true,"href":"https:\/\/phyto4pattes.fr\/index.php\/wp-json\/wp\/v2\/product_tag?post=134"}],"curies":[{"name":"wp","href":"https:\/\/api.w.org\/{rel}","templated":true}]}}