{"id":132,"date":"2026-03-12T20:58:33","date_gmt":"2026-03-12T20:58:33","guid":{"rendered":"https:\/\/phyto4pattes.fr\/?post_type=product&#038;p=132"},"modified":"2026-03-22T17:33:26","modified_gmt":"2026-03-22T17:33:26","slug":"drainage-musculaire-chiens","status":"publish","type":"product","link":"https:\/\/phyto4pattes.fr\/index.php\/produit\/drainage-musculaire-chiens\/","title":{"rendered":"Drainage musculaire chiens"},"content":{"rendered":"<p data-start=\"38\" data-end=\"101\"><strong data-start=\"38\" data-end=\"101\">Favoriser la r\u00e9cup\u00e9ration et soutenir le confort musculaire<\/strong><\/p>\n<p data-start=\"103\" data-end=\"363\">Les muscles du chien sont fortement sollicit\u00e9s lors des activit\u00e9s physiques, des jeux, des entra\u00eenements ou m\u00eame lors d\u2019efforts ponctuels plus intenses. Apr\u00e8s l\u2019effort, l\u2019organisme doit \u00e9liminer certains d\u00e9chets m\u00e9taboliques produits par l\u2019activit\u00e9 musculaire.<\/p>\n<p data-start=\"365\" data-end=\"567\">La <strong data-start=\"368\" data-end=\"396\">cure Drainage Musculaire<\/strong> est con\u00e7ue pour accompagner ces m\u00e9canismes naturels et soutenir la r\u00e9cup\u00e9ration musculaire du chien, afin de favoriser <strong data-start=\"516\" data-end=\"566\">souplesse, confort et bien-\u00eatre apr\u00e8s l\u2019effort<\/strong>.<\/p>\n<hr data-start=\"569\" data-end=\"572\" \/>\n<h3 data-section-id=\"1stjt08\" data-start=\"574\" data-end=\"602\">Les objectifs de la cure<\/h3>\n<p data-start=\"604\" data-end=\"623\">Cette cure vise \u00e0 :<\/p>\n<ul data-start=\"625\" data-end=\"832\">\n<li data-section-id=\"1qpzkbk\" data-start=\"625\" data-end=\"677\">\n<p data-start=\"627\" data-end=\"677\">soutenir l\u2019<strong data-start=\"638\" data-end=\"677\">\u00e9limination des d\u00e9chets musculaires<\/strong><\/p>\n<\/li>\n<li data-section-id=\"lu2z3y\" data-start=\"678\" data-end=\"724\">\n<p data-start=\"680\" data-end=\"724\">favoriser la <strong data-start=\"693\" data-end=\"724\">r\u00e9cup\u00e9ration apr\u00e8s l\u2019effort<\/strong><\/p>\n<\/li>\n<li data-section-id=\"hd8x9j\" data-start=\"725\" data-end=\"780\">\n<p data-start=\"727\" data-end=\"780\">accompagner le <strong data-start=\"742\" data-end=\"780\">confort et la souplesse musculaire<\/strong><\/p>\n<\/li>\n<li data-section-id=\"11wy3z6\" data-start=\"781\" data-end=\"832\">\n<p data-start=\"783\" data-end=\"832\">aider \u00e0 maintenir une <strong data-start=\"805\" data-end=\"832\">bonne vitalit\u00e9 physique<\/strong><\/p>\n<\/li>\n<\/ul>\n<hr data-start=\"834\" data-end=\"837\" \/>\n<h3 data-section-id=\"1moovnp\" data-start=\"839\" data-end=\"862\">Pour quels chiens ?<\/h3>\n<p data-start=\"864\" data-end=\"922\">La cure Drainage Musculaire est particuli\u00e8rement adapt\u00e9e aux <strong data-start=\"930\" data-end=\"964\">chiens sportifs ou tr\u00e8s actifs, <\/strong>aux chiens pratiquant des <strong data-start=\"993\" data-end=\"1027\">activit\u00e9s physiques r\u00e9guli\u00e8res, <\/strong>apr\u00e8s des <strong data-start=\"1040\" data-end=\"1075\">efforts intenses ou inhabituels, <\/strong>aux chiens pr\u00e9sentant des <strong data-start=\"1104\" data-end=\"1139\">tensions musculaires passag\u00e8res, <\/strong>lors des p\u00e9riodes de <strong data-start=\"1163\" data-end=\"1188\">r\u00e9cup\u00e9ration physique.<\/strong><\/p>\n<hr data-start=\"1190\" data-end=\"1193\" \/>\n<h3 data-section-id=\"846gqq\" data-start=\"1195\" data-end=\"1221\">Les b\u00e9n\u00e9fices attendus<\/h3>\n<p data-start=\"1223\" data-end=\"1266\">Une cure adapt\u00e9e peut aider votre chien \u00e0 :<\/p>\n<p data-start=\"1268\" data-end=\"1458\">\u2714 favoriser une <strong data-start=\"1284\" data-end=\"1321\">meilleure r\u00e9cup\u00e9ration musculaire<\/strong><br data-start=\"1321\" data-end=\"1324\" \/>\u2714 soutenir la <strong data-start=\"1338\" data-end=\"1363\">souplesse des muscles<\/strong><br data-start=\"1363\" data-end=\"1366\" \/>\u2714 maintenir un <strong data-start=\"1381\" data-end=\"1411\">bon confort apr\u00e8s l\u2019effort<\/strong><br data-start=\"1411\" data-end=\"1414\" \/>\u2714 accompagner la <strong data-start=\"1431\" data-end=\"1458\">vitalit\u00e9 et la mobilit\u00e9<\/strong><\/p>\n<hr data-start=\"1460\" data-end=\"1463\" \/>\n<h3 data-section-id=\"14klbdb\" data-start=\"1465\" data-end=\"1495\">Comment utiliser la cure ? (administrer <strong data-start=\"1646\" data-end=\"1675\">m\u00e9lang\u00e9e \u00e0 l\u2019alimentation)<\/strong><\/h3>\n<ul data-start=\"1497\" data-end=\"1675\">\n<li data-section-id=\"1s2e5i1\" data-start=\"1497\" data-end=\"1537\">\n<p data-start=\"1499\" data-end=\"1537\">Cure recommand\u00e9e de <strong data-start=\"1519\" data-end=\"1537\">2 \u00e0 4 semaines<\/strong><\/p>\n<\/li>\n<li data-section-id=\"18p2s4f\" data-start=\"1538\" data-end=\"1588\">\n<p data-start=\"1540\" data-end=\"1588\">Id\u00e9ale <strong data-start=\"1547\" data-end=\"1588\">apr\u00e8s des p\u00e9riodes d\u2019activit\u00e9 intense<\/strong><\/p>\n<\/li>\n<li data-section-id=\"1mionnv\" data-start=\"1589\" data-end=\"1629\">\n<p data-start=\"1591\" data-end=\"1629\">Peut \u00eatre renouvel\u00e9e selon les besoins<\/p>\n<\/li>\n<\/ul>\n<hr data-start=\"1677\" data-end=\"1680\" \/>\n<h3 data-section-id=\"evjedv\" data-start=\"1682\" data-end=\"1703\">Conseil bien-\u00eatre<\/h3>\n<p data-start=\"1705\" data-end=\"1748\">Pour pr\u00e9server les muscles de votre chien :<\/p>\n<ul data-start=\"1750\" data-end=\"1890\">\n<li data-section-id=\"1tgkum4\" data-start=\"1750\" data-end=\"1805\">\n<p data-start=\"1752\" data-end=\"1805\">pr\u00e9voir un <strong data-start=\"1763\" data-end=\"1805\">\u00e9chauffement progressif avant l\u2019effort<\/strong><\/p>\n<\/li>\n<li data-section-id=\"12n5ua6\" data-start=\"1806\" data-end=\"1847\">\n<p data-start=\"1808\" data-end=\"1847\">respecter des <strong data-start=\"1822\" data-end=\"1847\">temps de r\u00e9cup\u00e9ration<\/strong><\/p>\n<\/li>\n<li data-section-id=\"1cotgj8\" data-start=\"1848\" data-end=\"1890\">\n<p data-start=\"1850\" data-end=\"1890\">maintenir une <strong data-start=\"1864\" data-end=\"1890\">hydratation suffisante<\/strong><\/p>\n<\/li>\n<\/ul>\n<hr data-start=\"1892\" data-end=\"1895\" \/>\n<p data-start=\"1897\" data-end=\"2116\">\ud83d\udca1 Une cure de drainage musculaire permet d\u2019accompagner naturellement les chiens actifs en soutenant <strong data-start=\"1998\" data-end=\"2057\">la r\u00e9cup\u00e9ration musculaire et le confort apr\u00e8s l\u2019effort<\/strong>, pour pr\u00e9server leur bien-\u00eatre et leurs performances. \ud83d\udc15\ud83d\udcaa<\/p>\n<p data-start=\"1897\" data-end=\"2116\">Id\u00e9al pour les chiens actifs, ce drainage s\u2019int\u00e8gre parfaitement dans une routine avec \ud83d\udc49 la cure <a href=\"https:\/\/phyto4pattes.fr\/index.php\/produit\/complement-chiens-sportifs\/\">Compl\u00e9ment chiens sportifs<\/a>, et \ud83d\udc49le <a href=\"https:\/\/phyto4pattes.fr\/index.php\/produit\/complement-ligaments-chiens\/\">Compl\u00e9ment ligaments chiens<\/a> pour optimiser la r\u00e9cup\u00e9ration.<\/p>\n","protected":false},"excerpt":{"rendered":"<p><em>(ortie, pr\u00eale, fr\u00eane)<\/em><\/p>\n<p>Drainage des toxines produites par votre chien pendant l&rsquo;effort. R\u00e9duit crampes et courbatures chez le chien de sport et les chiens de tous \u00e2ges.<\/p>\n<p>Formulation riche en silice pour favoriser la protection des capsules articulaires. L&rsquo;association de ces plantes favorise l&rsquo;\u00e9limination des d\u00e9chets articulaires permettant ainsi la diminution des douleurs et crampes li\u00e9es \u00e0 l&rsquo;effort.<\/p>\n<p>Assouplissement des articulations, muscles, tendons&#8230;<\/p>\n<p>R\u00e9cup\u00e9ration accrue chez les chiens soumis \u00e0 des efforts (chiens de sport, chiens de travail, chiens \u00e2g\u00e9s&#8230;)<\/p>\n<p>utilisation\u00a0: (c.dose fournie = 2 g)<\/p>\n<p>chiens &lt; 10 kg : 1\/2 c.dose \/ jour<\/p>\n<p>chiens 10 \u00e0 20 kg : 1 c.dose \/ jour<\/p>\n<p>(1 c.dose \/ 10 kg \/ jour)<\/p>\n<p>&nbsp;<\/p>\n<p>&nbsp;<\/p>\n<p>Produits 100 % naturel, non dopant, formul\u00e9 pour les chiens.<\/p>\n<p>Conserver dans un endroit sec, bien refermer apr\u00e8s usage.<\/p>\n<p>Produit d&rsquo;hygi\u00e8ne et de soin, compl\u00e9ment alimentaire.<\/p>\n<p>En pot de 200g de poudres de plantes (photo non contractuelle)<\/p>\n<p><strong>\u00a0Ces substances sont des compl\u00e9ments alimentaires et ne dispensent pas d&rsquo;un avis v\u00e9t\u00e9rinaire.<\/strong><\/p>\n","protected":false},"featured_media":133,"comment_status":"open","ping_status":"closed","template":"","meta":[],"product_brand":[],"product_cat":[42,28],"product_tag":[],"class_list":{"0":"post-132","1":"product","2":"type-product","3":"status-publish","4":"has-post-thumbnail","6":"product_cat-digestion-et-detox","7":"product_cat-gamme-canine","9":"first","10":"instock","11":"taxable","12":"shipping-taxable","13":"purchasable","14":"product-type-simple"},"yoast_head":"<!-- This site is optimized with the Yoast SEO plugin v27.2 - https:\/\/yoast.com\/product\/yoast-seo-wordpress\/ -->\n<title>Drainage musculaire chiens - Phyto4Pattes.fr<\/title>\n<meta name=\"description\" content=\"Favorisez la r\u00e9cup\u00e9ration musculaire de votre chien avec une cure naturelle qui \u00e9limine les toxines et r\u00e9duit les tensions.\" \/>\n<meta name=\"robots\" content=\"index, follow, max-snippet:-1, max-image-preview:large, max-video-preview:-1\" \/>\n<link rel=\"canonical\" href=\"https:\/\/phyto4pattes.fr\/index.php\/produit\/drainage-musculaire-chiens\/\" \/>\n<meta property=\"og:locale\" content=\"fr_FR\" \/>\n<meta property=\"og:type\" content=\"article\" \/>\n<meta property=\"og:title\" content=\"Drainage musculaire chiens - Phyto4Pattes.fr\" \/>\n<meta property=\"og:description\" content=\"Favorisez la r\u00e9cup\u00e9ration musculaire de votre chien avec une cure naturelle qui \u00e9limine les toxines et r\u00e9duit les tensions.\" \/>\n<meta property=\"og:url\" content=\"https:\/\/phyto4pattes.fr\/index.php\/produit\/drainage-musculaire-chiens\/\" \/>\n<meta property=\"og:site_name\" content=\"Phyto4Pattes.fr\" \/>\n<meta property=\"article:modified_time\" content=\"2026-03-22T17:33:26+00:00\" \/>\n<meta property=\"og:image\" content=\"https:\/\/phyto4pattes.fr\/wp-content\/uploads\/2026\/03\/drainage-musculaire-chiens.jpg\" \/>\n\t<meta property=\"og:image:width\" content=\"800\" \/>\n\t<meta property=\"og:image:height\" content=\"800\" \/>\n\t<meta property=\"og:image:type\" content=\"image\/jpeg\" \/>\n<meta name=\"twitter:card\" content=\"summary_large_image\" \/>\n<meta name=\"twitter:label1\" content=\"Dur\u00e9e de lecture estim\u00e9e\" \/>\n\t<meta name=\"twitter:data1\" content=\"2 minutes\" \/>\n<script type=\"application\/ld+json\" class=\"yoast-schema-graph\">{\"@context\":\"https:\/\/schema.org\",\"@graph\":[{\"@type\":\"WebPage\",\"@id\":\"https:\/\/phyto4pattes.fr\/index.php\/produit\/drainage-musculaire-chiens\/\",\"url\":\"https:\/\/phyto4pattes.fr\/index.php\/produit\/drainage-musculaire-chiens\/\",\"name\":\"Drainage musculaire chiens - Phyto4Pattes.fr\",\"isPartOf\":{\"@id\":\"http:\/\/phyto4pattes.fr\/#website\"},\"primaryImageOfPage\":{\"@id\":\"https:\/\/phyto4pattes.fr\/index.php\/produit\/drainage-musculaire-chiens\/#primaryimage\"},\"image\":{\"@id\":\"https:\/\/phyto4pattes.fr\/index.php\/produit\/drainage-musculaire-chiens\/#primaryimage\"},\"thumbnailUrl\":\"https:\/\/phyto4pattes.fr\/wp-content\/uploads\/2026\/03\/drainage-musculaire-chiens.jpg\",\"datePublished\":\"2026-03-12T20:58:33+00:00\",\"dateModified\":\"2026-03-22T17:33:26+00:00\",\"description\":\"Favorisez la r\u00e9cup\u00e9ration musculaire de votre chien avec une cure naturelle qui \u00e9limine les toxines et r\u00e9duit les tensions.\",\"breadcrumb\":{\"@id\":\"https:\/\/phyto4pattes.fr\/index.php\/produit\/drainage-musculaire-chiens\/#breadcrumb\"},\"inLanguage\":\"fr-FR\",\"potentialAction\":[{\"@type\":\"ReadAction\",\"target\":[\"https:\/\/phyto4pattes.fr\/index.php\/produit\/drainage-musculaire-chiens\/\"]}]},{\"@type\":\"ImageObject\",\"inLanguage\":\"fr-FR\",\"@id\":\"https:\/\/phyto4pattes.fr\/index.php\/produit\/drainage-musculaire-chiens\/#primaryimage\",\"url\":\"https:\/\/phyto4pattes.fr\/wp-content\/uploads\/2026\/03\/drainage-musculaire-chiens.jpg\",\"contentUrl\":\"https:\/\/phyto4pattes.fr\/wp-content\/uploads\/2026\/03\/drainage-musculaire-chiens.jpg\",\"width\":800,\"height\":800},{\"@type\":\"BreadcrumbList\",\"@id\":\"https:\/\/phyto4pattes.fr\/index.php\/produit\/drainage-musculaire-chiens\/#breadcrumb\",\"itemListElement\":[{\"@type\":\"ListItem\",\"position\":1,\"name\":\"Accueil\",\"item\":\"https:\/\/phyto4pattes.fr\/\"},{\"@type\":\"ListItem\",\"position\":2,\"name\":\"Boutique\",\"item\":\"https:\/\/phyto4pattes.fr\/index.php\/shop\/\"},{\"@type\":\"ListItem\",\"position\":3,\"name\":\"Drainage musculaire chiens\"}]},{\"@type\":\"WebSite\",\"@id\":\"http:\/\/phyto4pattes.fr\/#website\",\"url\":\"http:\/\/phyto4pattes.fr\/\",\"name\":\"Phyto4Pattes.fr\",\"description\":\"\u00ab Le bien-\u00eatre de votre animal commence par les plantes \u00bb\",\"publisher\":{\"@id\":\"http:\/\/phyto4pattes.fr\/#organization\"},\"potentialAction\":[{\"@type\":\"SearchAction\",\"target\":{\"@type\":\"EntryPoint\",\"urlTemplate\":\"http:\/\/phyto4pattes.fr\/?s={search_term_string}\"},\"query-input\":{\"@type\":\"PropertyValueSpecification\",\"valueRequired\":true,\"valueName\":\"search_term_string\"}}],\"inLanguage\":\"fr-FR\"},{\"@type\":\"Organization\",\"@id\":\"http:\/\/phyto4pattes.fr\/#organization\",\"name\":\"Phyto4Pattes.fr\",\"url\":\"http:\/\/phyto4pattes.fr\/\",\"logo\":{\"@type\":\"ImageObject\",\"inLanguage\":\"fr-FR\",\"@id\":\"http:\/\/phyto4pattes.fr\/#\/schema\/logo\/image\/\",\"url\":\"http:\/\/phyto4pattes.fr\/wp-content\/uploads\/2026\/03\/cropped-logo-10-Phyto-4-Pattes.jpg\",\"contentUrl\":\"http:\/\/phyto4pattes.fr\/wp-content\/uploads\/2026\/03\/cropped-logo-10-Phyto-4-Pattes.jpg\",\"width\":250,\"height\":250,\"caption\":\"Phyto4Pattes.fr\"},\"image\":{\"@id\":\"http:\/\/phyto4pattes.fr\/#\/schema\/logo\/image\/\"}}]}<\/script>\n<!-- \/ Yoast SEO plugin. -->","yoast_head_json":{"title":"Drainage musculaire chiens - Phyto4Pattes.fr","description":"Favorisez la r\u00e9cup\u00e9ration musculaire de votre chien avec une cure naturelle qui \u00e9limine les toxines et r\u00e9duit les tensions.","robots":{"index":"index","follow":"follow","max-snippet":"max-snippet:-1","max-image-preview":"max-image-preview:large","max-video-preview":"max-video-preview:-1"},"canonical":"https:\/\/phyto4pattes.fr\/index.php\/produit\/drainage-musculaire-chiens\/","og_locale":"fr_FR","og_type":"article","og_title":"Drainage musculaire chiens - Phyto4Pattes.fr","og_description":"Favorisez la r\u00e9cup\u00e9ration musculaire de votre chien avec une cure naturelle qui \u00e9limine les toxines et r\u00e9duit les tensions.","og_url":"https:\/\/phyto4pattes.fr\/index.php\/produit\/drainage-musculaire-chiens\/","og_site_name":"Phyto4Pattes.fr","article_modified_time":"2026-03-22T17:33:26+00:00","og_image":[{"width":800,"height":800,"url":"https:\/\/phyto4pattes.fr\/wp-content\/uploads\/2026\/03\/drainage-musculaire-chiens.jpg","type":"image\/jpeg"}],"twitter_card":"summary_large_image","twitter_misc":{"Dur\u00e9e de lecture estim\u00e9e":"2 minutes"},"schema":{"@context":"https:\/\/schema.org","@graph":[{"@type":"WebPage","@id":"https:\/\/phyto4pattes.fr\/index.php\/produit\/drainage-musculaire-chiens\/","url":"https:\/\/phyto4pattes.fr\/index.php\/produit\/drainage-musculaire-chiens\/","name":"Drainage musculaire chiens - Phyto4Pattes.fr","isPartOf":{"@id":"http:\/\/phyto4pattes.fr\/#website"},"primaryImageOfPage":{"@id":"https:\/\/phyto4pattes.fr\/index.php\/produit\/drainage-musculaire-chiens\/#primaryimage"},"image":{"@id":"https:\/\/phyto4pattes.fr\/index.php\/produit\/drainage-musculaire-chiens\/#primaryimage"},"thumbnailUrl":"https:\/\/phyto4pattes.fr\/wp-content\/uploads\/2026\/03\/drainage-musculaire-chiens.jpg","datePublished":"2026-03-12T20:58:33+00:00","dateModified":"2026-03-22T17:33:26+00:00","description":"Favorisez la r\u00e9cup\u00e9ration musculaire de votre chien avec une cure naturelle qui \u00e9limine les toxines et r\u00e9duit les tensions.","breadcrumb":{"@id":"https:\/\/phyto4pattes.fr\/index.php\/produit\/drainage-musculaire-chiens\/#breadcrumb"},"inLanguage":"fr-FR","potentialAction":[{"@type":"ReadAction","target":["https:\/\/phyto4pattes.fr\/index.php\/produit\/drainage-musculaire-chiens\/"]}]},{"@type":"ImageObject","inLanguage":"fr-FR","@id":"https:\/\/phyto4pattes.fr\/index.php\/produit\/drainage-musculaire-chiens\/#primaryimage","url":"https:\/\/phyto4pattes.fr\/wp-content\/uploads\/2026\/03\/drainage-musculaire-chiens.jpg","contentUrl":"https:\/\/phyto4pattes.fr\/wp-content\/uploads\/2026\/03\/drainage-musculaire-chiens.jpg","width":800,"height":800},{"@type":"BreadcrumbList","@id":"https:\/\/phyto4pattes.fr\/index.php\/produit\/drainage-musculaire-chiens\/#breadcrumb","itemListElement":[{"@type":"ListItem","position":1,"name":"Accueil","item":"https:\/\/phyto4pattes.fr\/"},{"@type":"ListItem","position":2,"name":"Boutique","item":"https:\/\/phyto4pattes.fr\/index.php\/shop\/"},{"@type":"ListItem","position":3,"name":"Drainage musculaire chiens"}]},{"@type":"WebSite","@id":"http:\/\/phyto4pattes.fr\/#website","url":"http:\/\/phyto4pattes.fr\/","name":"Phyto4Pattes.fr","description":"\u00ab Le bien-\u00eatre de votre animal commence par les plantes \u00bb","publisher":{"@id":"http:\/\/phyto4pattes.fr\/#organization"},"potentialAction":[{"@type":"SearchAction","target":{"@type":"EntryPoint","urlTemplate":"http:\/\/phyto4pattes.fr\/?s={search_term_string}"},"query-input":{"@type":"PropertyValueSpecification","valueRequired":true,"valueName":"search_term_string"}}],"inLanguage":"fr-FR"},{"@type":"Organization","@id":"http:\/\/phyto4pattes.fr\/#organization","name":"Phyto4Pattes.fr","url":"http:\/\/phyto4pattes.fr\/","logo":{"@type":"ImageObject","inLanguage":"fr-FR","@id":"http:\/\/phyto4pattes.fr\/#\/schema\/logo\/image\/","url":"http:\/\/phyto4pattes.fr\/wp-content\/uploads\/2026\/03\/cropped-logo-10-Phyto-4-Pattes.jpg","contentUrl":"http:\/\/phyto4pattes.fr\/wp-content\/uploads\/2026\/03\/cropped-logo-10-Phyto-4-Pattes.jpg","width":250,"height":250,"caption":"Phyto4Pattes.fr"},"image":{"@id":"http:\/\/phyto4pattes.fr\/#\/schema\/logo\/image\/"}}]}},"_links":{"self":[{"href":"https:\/\/phyto4pattes.fr\/index.php\/wp-json\/wp\/v2\/product\/132","targetHints":{"allow":["GET"]}}],"collection":[{"href":"https:\/\/phyto4pattes.fr\/index.php\/wp-json\/wp\/v2\/product"}],"about":[{"href":"https:\/\/phyto4pattes.fr\/index.php\/wp-json\/wp\/v2\/types\/product"}],"replies":[{"embeddable":true,"href":"https:\/\/phyto4pattes.fr\/index.php\/wp-json\/wp\/v2\/comments?post=132"}],"wp:featuredmedia":[{"embeddable":true,"href":"https:\/\/phyto4pattes.fr\/index.php\/wp-json\/wp\/v2\/media\/133"}],"wp:attachment":[{"href":"https:\/\/phyto4pattes.fr\/index.php\/wp-json\/wp\/v2\/media?parent=132"}],"wp:term":[{"taxonomy":"product_brand","embeddable":true,"href":"https:\/\/phyto4pattes.fr\/index.php\/wp-json\/wp\/v2\/product_brand?post=132"},{"taxonomy":"product_cat","embeddable":true,"href":"https:\/\/phyto4pattes.fr\/index.php\/wp-json\/wp\/v2\/product_cat?post=132"},{"taxonomy":"product_tag","embeddable":true,"href":"https:\/\/phyto4pattes.fr\/index.php\/wp-json\/wp\/v2\/product_tag?post=132"}],"curies":[{"name":"wp","href":"https:\/\/api.w.org\/{rel}","templated":true}]}}