{"id":131,"date":"2026-03-12T20:54:49","date_gmt":"2026-03-12T20:54:49","guid":{"rendered":"https:\/\/phyto4pattes.fr\/?post_type=product&#038;p=131"},"modified":"2026-03-22T17:44:10","modified_gmt":"2026-03-22T17:44:10","slug":"cure-chiots","status":"publish","type":"product","link":"https:\/\/phyto4pattes.fr\/index.php\/produit\/cure-chiots\/","title":{"rendered":"Cure chiots"},"content":{"rendered":"<p data-start=\"25\" data-end=\"102\"><strong data-start=\"25\" data-end=\"102\">Accompagner naturellement la croissance et le bien-\u00eatre des jeunes chiens<\/strong><\/p>\n<p data-start=\"104\" data-end=\"335\">La p\u00e9riode de croissance est cruciale pour le d\u00e9veloppement des chiots. Durant cette \u00e9tape, leur organisme a des besoins sp\u00e9cifiques : <strong data-start=\"239\" data-end=\"332\">articulations solides, digestion optimale, syst\u00e8me immunitaire actif, \u00e9nergie et vitalit\u00e9<\/strong>.<\/p>\n<p data-start=\"337\" data-end=\"530\">La <strong data-start=\"340\" data-end=\"355\">cure Chiots<\/strong> a \u00e9t\u00e9 con\u00e7ue pour soutenir le chiot dans ses premi\u00e8res \u00e9tapes de vie, en favorisant <strong data-start=\"440\" data-end=\"529\">une croissance harmonieuse, des articulations solides et un bien-\u00eatre g\u00e9n\u00e9ral durable<\/strong>.<\/p>\n<hr data-start=\"532\" data-end=\"535\" \/>\n<h3 data-section-id=\"1stjt08\" data-start=\"537\" data-end=\"565\">Les objectifs de la cure<\/h3>\n<p data-start=\"567\" data-end=\"588\">Cette cure vise \u00e0 :<\/p>\n<ul data-start=\"590\" data-end=\"845\">\n<li data-section-id=\"fi0bwl\" data-start=\"590\" data-end=\"643\">\n<p data-start=\"592\" data-end=\"643\">soutenir la <strong data-start=\"604\" data-end=\"641\">croissance osseuse et articulaire<\/strong><\/p>\n<\/li>\n<li data-section-id=\"1gvcikl\" data-start=\"644\" data-end=\"694\">\n<p data-start=\"646\" data-end=\"694\">favoriser une <strong data-start=\"660\" data-end=\"692\">digestion saine et r\u00e9guli\u00e8re<\/strong><\/p>\n<\/li>\n<li data-section-id=\"17fzhji\" data-start=\"695\" data-end=\"736\">\n<p data-start=\"697\" data-end=\"736\">renforcer les <strong data-start=\"711\" data-end=\"734\">d\u00e9fenses naturelles<\/strong><\/p>\n<\/li>\n<li data-section-id=\"17xa9mm\" data-start=\"737\" data-end=\"790\">\n<p data-start=\"739\" data-end=\"790\">soutenir la <strong data-start=\"751\" data-end=\"788\">vitalit\u00e9 et l\u2019\u00e9nergie quotidienne<\/strong><\/p>\n<\/li>\n<li data-section-id=\"vpk8wb\" data-start=\"791\" data-end=\"845\">\n<p data-start=\"793\" data-end=\"845\">accompagner un <strong data-start=\"808\" data-end=\"845\">d\u00e9veloppement harmonieux du chiot<\/strong><\/p>\n<\/li>\n<\/ul>\n<hr data-start=\"847\" data-end=\"850\" \/>\n<h3 data-section-id=\"1moovnp\" data-start=\"852\" data-end=\"875\">Pour quels chiens ?<\/h3>\n<p data-start=\"877\" data-end=\"907\">La cure Chiots est adapt\u00e9e aux <strong data-start=\"915\" data-end=\"940\">chiots de 2 \u00e0 12 mois<\/strong> (selon la race et la taille), aux chiots <strong data-start=\"985\" data-end=\"1019\">actifs et en pleine croissance, <\/strong>aux chiots pr\u00e9sentant des <strong data-start=\"1050\" data-end=\"1099\">besoins digestifs ou immunitaires sp\u00e9cifiques, <\/strong>pour accompagner les chiots lors de <strong data-start=\"1140\" data-end=\"1190\">changements alimentaires ou p\u00e9riodes de stress.<\/strong><\/p>\n<hr data-start=\"1194\" data-end=\"1197\" \/>\n<h3 data-section-id=\"846gqq\" data-start=\"1199\" data-end=\"1225\">Les b\u00e9n\u00e9fices attendus<\/h3>\n<p data-start=\"1227\" data-end=\"1272\">Une cure adapt\u00e9e peut aider votre chiot \u00e0 :<\/p>\n<p data-start=\"1274\" data-end=\"1546\">\u2714 d\u00e9velopper des <strong data-start=\"1291\" data-end=\"1337\">articulations solides et un squelette sain<\/strong><br data-start=\"1337\" data-end=\"1340\" \/>\u2714 renforcer la <strong data-start=\"1355\" data-end=\"1394\">digestion et l\u2019\u00e9quilibre intestinal<\/strong><br data-start=\"1394\" data-end=\"1397\" \/>\u2714 soutenir les <strong data-start=\"1412\" data-end=\"1435\">d\u00e9fenses naturelles<\/strong><br data-start=\"1435\" data-end=\"1438\" \/>\u2714 maintenir une <strong data-start=\"1454\" data-end=\"1490\">vitalit\u00e9 et une \u00e9nergie optimale<\/strong><br data-start=\"1490\" data-end=\"1493\" \/>\u2714 favoriser un <strong data-start=\"1508\" data-end=\"1544\">d\u00e9veloppement g\u00e9n\u00e9ral harmonieux<\/strong><\/p>\n<hr data-start=\"1548\" data-end=\"1551\" \/>\n<h3 data-section-id=\"14klbdb\" data-start=\"1553\" data-end=\"1583\">Comment utiliser la cure ? (administrer <strong data-start=\"1708\" data-end=\"1737\">m\u00e9lang\u00e9e \u00e0 l\u2019alimentation)<\/strong><\/h3>\n<ul data-start=\"1585\" data-end=\"1737\">\n<li data-section-id=\"5v7e2i\" data-start=\"1585\" data-end=\"1627\">\n<p data-start=\"1587\" data-end=\"1627\">Cure recommand\u00e9e de <strong data-start=\"1607\" data-end=\"1625\">3 \u00e0 6 semaines<\/strong><\/p>\n<\/li>\n<li data-section-id=\"13cpykn\" data-start=\"1628\" data-end=\"1691\">\n<p data-start=\"1630\" data-end=\"1691\">\u00c0 renouveler selon les besoins ou \u00e9tapes cl\u00e9s de croissance<\/p>\n<\/li>\n<\/ul>\n<hr data-start=\"1739\" data-end=\"1742\" \/>\n<h3 data-section-id=\"evjedv\" data-start=\"1744\" data-end=\"1765\">Conseil bien-\u00eatre<\/h3>\n<p data-start=\"1767\" data-end=\"1819\">Pour accompagner au mieux la croissance du chiot :<\/p>\n<ul data-start=\"1821\" data-end=\"2014\">\n<li data-section-id=\"1vy4pf2\" data-start=\"1821\" data-end=\"1882\">\n<p data-start=\"1823\" data-end=\"1882\">offrir une <strong data-start=\"1834\" data-end=\"1880\">alimentation \u00e9quilibr\u00e9e et adapt\u00e9e \u00e0 l\u2019\u00e2ge<\/strong><\/p>\n<\/li>\n<li data-section-id=\"1dka0sq\" data-start=\"1883\" data-end=\"1950\">\n<p data-start=\"1885\" data-end=\"1950\">maintenir une <strong data-start=\"1899\" data-end=\"1948\">activit\u00e9 physique adapt\u00e9e \u00e0 son d\u00e9veloppement<\/strong><\/p>\n<\/li>\n<li data-section-id=\"ywyitj\" data-start=\"1951\" data-end=\"2014\">\n<p data-start=\"1953\" data-end=\"2014\">assurer un <strong data-start=\"1964\" data-end=\"2012\">repos suffisant et un environnement s\u00e9curis\u00e9<\/strong><\/p>\n<\/li>\n<\/ul>\n<hr data-start=\"2016\" data-end=\"2019\" \/>\n<p data-start=\"2021\" data-end=\"2219\">\ud83d\udca1 La cure Chiots est une solution naturelle pour aider votre jeune chien \u00e0 <strong data-start=\"2097\" data-end=\"2132\">grandir en sant\u00e9 et en vitalit\u00e9<\/strong>, en posant les bases d\u2019une <strong data-start=\"2160\" data-end=\"2212\">croissance harmonieuse et d\u2019un bien-\u00eatre durable<\/strong>. \ud83d\udc36\u2728<\/p>\n<p data-start=\"2021\" data-end=\"2219\">Pour accompagner la croissance de votre chiot, associez cette cure avec un \ud83d\udc49 <a href=\"https:\/\/phyto4pattes.fr\/index.php\/produit\/mineralisant-chiens\/\">Min\u00e9ralisant chiens<\/a>, \ud83d\udc49<a href=\"https:\/\/phyto4pattes.fr\/index.php\/produit\/probiotiques-chiens\/\">Probiotiques chiens<\/a> .<\/p>\n","protected":false},"excerpt":{"rendered":"<p>Accompagner naturellement la croissance et le bien-\u00eatre des jeunes chiens La p\u00e9riode de croissance est cruciale pour le d\u00e9veloppement des chiots. Durant cette \u00e9tape, leur organisme a des besoins sp\u00e9cifiques : articulations solides, digestion optimale, syst\u00e8me immunitaire actif, \u00e9nergie et vitalit\u00e9. La cure Chiots a \u00e9t\u00e9 con\u00e7ue pour soutenir le chiot dans ses premi\u00e8res \u00e9tapes &hellip; <\/p>\n<p class=\"link-more\"><a href=\"https:\/\/phyto4pattes.fr\/index.php\/produit\/cure-chiots\/\" class=\"more-link\">Continuer la lecture<span class=\"screen-reader-text\"> de &laquo;&nbsp;Cure chiots&nbsp;&raquo;<\/span><\/a><\/p>\n","protected":false},"featured_media":135,"comment_status":"open","ping_status":"closed","template":"","meta":[],"product_brand":[],"product_cat":[28,45],"product_tag":[],"class_list":{"0":"post-131","1":"product","2":"type-product","3":"status-publish","4":"has-post-thumbnail","6":"product_cat-gamme-canine","7":"product_cat-soins-naturels-specifiques-et-cycles-de-vie","9":"first","10":"instock","11":"taxable","12":"shipping-taxable","13":"purchasable","14":"product-type-simple"},"yoast_head":"<!-- This site is optimized with the Yoast SEO plugin v27.2 - https:\/\/yoast.com\/product\/yoast-seo-wordpress\/ -->\n<title>Cure chiots - Phyto4Pattes.fr<\/title>\n<meta name=\"description\" content=\"Accompagnez la croissance de votre chiot avec une cure naturelle pour renforcer son immunit\u00e9 et soutenir son d\u00e9veloppement.\" \/>\n<meta name=\"robots\" content=\"index, follow, max-snippet:-1, max-image-preview:large, max-video-preview:-1\" \/>\n<link rel=\"canonical\" href=\"https:\/\/phyto4pattes.fr\/index.php\/produit\/cure-chiots\/\" \/>\n<meta property=\"og:locale\" content=\"fr_FR\" \/>\n<meta property=\"og:type\" content=\"article\" \/>\n<meta property=\"og:title\" content=\"Cure chiots - Phyto4Pattes.fr\" \/>\n<meta property=\"og:description\" content=\"Accompagnez la croissance de votre chiot avec une cure naturelle pour renforcer son immunit\u00e9 et soutenir son d\u00e9veloppement.\" \/>\n<meta property=\"og:url\" content=\"https:\/\/phyto4pattes.fr\/index.php\/produit\/cure-chiots\/\" \/>\n<meta property=\"og:site_name\" content=\"Phyto4Pattes.fr\" \/>\n<meta property=\"article:modified_time\" content=\"2026-03-22T17:44:10+00:00\" \/>\n<meta property=\"og:image\" content=\"https:\/\/phyto4pattes.fr\/wp-content\/uploads\/2026\/03\/fortifiant-naturel-chiens.jpg\" \/>\n\t<meta property=\"og:image:width\" content=\"800\" \/>\n\t<meta property=\"og:image:height\" content=\"800\" \/>\n\t<meta property=\"og:image:type\" content=\"image\/jpeg\" \/>\n<meta name=\"twitter:card\" content=\"summary_large_image\" \/>\n<meta name=\"twitter:label1\" content=\"Dur\u00e9e de lecture estim\u00e9e\" \/>\n\t<meta name=\"twitter:data1\" content=\"2 minutes\" \/>\n<script type=\"application\/ld+json\" class=\"yoast-schema-graph\">{\"@context\":\"https:\/\/schema.org\",\"@graph\":[{\"@type\":\"WebPage\",\"@id\":\"https:\/\/phyto4pattes.fr\/index.php\/produit\/cure-chiots\/\",\"url\":\"https:\/\/phyto4pattes.fr\/index.php\/produit\/cure-chiots\/\",\"name\":\"Cure chiots - Phyto4Pattes.fr\",\"isPartOf\":{\"@id\":\"http:\/\/phyto4pattes.fr\/#website\"},\"primaryImageOfPage\":{\"@id\":\"https:\/\/phyto4pattes.fr\/index.php\/produit\/cure-chiots\/#primaryimage\"},\"image\":{\"@id\":\"https:\/\/phyto4pattes.fr\/index.php\/produit\/cure-chiots\/#primaryimage\"},\"thumbnailUrl\":\"https:\/\/phyto4pattes.fr\/wp-content\/uploads\/2026\/03\/fortifiant-naturel-chiens.jpg\",\"datePublished\":\"2026-03-12T20:54:49+00:00\",\"dateModified\":\"2026-03-22T17:44:10+00:00\",\"description\":\"Accompagnez la croissance de votre chiot avec une cure naturelle pour renforcer son immunit\u00e9 et soutenir son d\u00e9veloppement.\",\"breadcrumb\":{\"@id\":\"https:\/\/phyto4pattes.fr\/index.php\/produit\/cure-chiots\/#breadcrumb\"},\"inLanguage\":\"fr-FR\",\"potentialAction\":[{\"@type\":\"ReadAction\",\"target\":[\"https:\/\/phyto4pattes.fr\/index.php\/produit\/cure-chiots\/\"]}]},{\"@type\":\"ImageObject\",\"inLanguage\":\"fr-FR\",\"@id\":\"https:\/\/phyto4pattes.fr\/index.php\/produit\/cure-chiots\/#primaryimage\",\"url\":\"https:\/\/phyto4pattes.fr\/wp-content\/uploads\/2026\/03\/fortifiant-naturel-chiens.jpg\",\"contentUrl\":\"https:\/\/phyto4pattes.fr\/wp-content\/uploads\/2026\/03\/fortifiant-naturel-chiens.jpg\",\"width\":800,\"height\":800},{\"@type\":\"BreadcrumbList\",\"@id\":\"https:\/\/phyto4pattes.fr\/index.php\/produit\/cure-chiots\/#breadcrumb\",\"itemListElement\":[{\"@type\":\"ListItem\",\"position\":1,\"name\":\"Accueil\",\"item\":\"https:\/\/phyto4pattes.fr\/\"},{\"@type\":\"ListItem\",\"position\":2,\"name\":\"Boutique\",\"item\":\"https:\/\/phyto4pattes.fr\/index.php\/shop\/\"},{\"@type\":\"ListItem\",\"position\":3,\"name\":\"Cure chiots\"}]},{\"@type\":\"WebSite\",\"@id\":\"http:\/\/phyto4pattes.fr\/#website\",\"url\":\"http:\/\/phyto4pattes.fr\/\",\"name\":\"Phyto4Pattes.fr\",\"description\":\"\u00ab Le bien-\u00eatre de votre animal commence par les plantes \u00bb\",\"publisher\":{\"@id\":\"http:\/\/phyto4pattes.fr\/#organization\"},\"potentialAction\":[{\"@type\":\"SearchAction\",\"target\":{\"@type\":\"EntryPoint\",\"urlTemplate\":\"http:\/\/phyto4pattes.fr\/?s={search_term_string}\"},\"query-input\":{\"@type\":\"PropertyValueSpecification\",\"valueRequired\":true,\"valueName\":\"search_term_string\"}}],\"inLanguage\":\"fr-FR\"},{\"@type\":\"Organization\",\"@id\":\"http:\/\/phyto4pattes.fr\/#organization\",\"name\":\"Phyto4Pattes.fr\",\"url\":\"http:\/\/phyto4pattes.fr\/\",\"logo\":{\"@type\":\"ImageObject\",\"inLanguage\":\"fr-FR\",\"@id\":\"http:\/\/phyto4pattes.fr\/#\/schema\/logo\/image\/\",\"url\":\"http:\/\/phyto4pattes.fr\/wp-content\/uploads\/2026\/03\/cropped-logo-10-Phyto-4-Pattes.jpg\",\"contentUrl\":\"http:\/\/phyto4pattes.fr\/wp-content\/uploads\/2026\/03\/cropped-logo-10-Phyto-4-Pattes.jpg\",\"width\":250,\"height\":250,\"caption\":\"Phyto4Pattes.fr\"},\"image\":{\"@id\":\"http:\/\/phyto4pattes.fr\/#\/schema\/logo\/image\/\"}}]}<\/script>\n<!-- \/ Yoast SEO plugin. -->","yoast_head_json":{"title":"Cure chiots - Phyto4Pattes.fr","description":"Accompagnez la croissance de votre chiot avec une cure naturelle pour renforcer son immunit\u00e9 et soutenir son d\u00e9veloppement.","robots":{"index":"index","follow":"follow","max-snippet":"max-snippet:-1","max-image-preview":"max-image-preview:large","max-video-preview":"max-video-preview:-1"},"canonical":"https:\/\/phyto4pattes.fr\/index.php\/produit\/cure-chiots\/","og_locale":"fr_FR","og_type":"article","og_title":"Cure chiots - Phyto4Pattes.fr","og_description":"Accompagnez la croissance de votre chiot avec une cure naturelle pour renforcer son immunit\u00e9 et soutenir son d\u00e9veloppement.","og_url":"https:\/\/phyto4pattes.fr\/index.php\/produit\/cure-chiots\/","og_site_name":"Phyto4Pattes.fr","article_modified_time":"2026-03-22T17:44:10+00:00","og_image":[{"width":800,"height":800,"url":"https:\/\/phyto4pattes.fr\/wp-content\/uploads\/2026\/03\/fortifiant-naturel-chiens.jpg","type":"image\/jpeg"}],"twitter_card":"summary_large_image","twitter_misc":{"Dur\u00e9e de lecture estim\u00e9e":"2 minutes"},"schema":{"@context":"https:\/\/schema.org","@graph":[{"@type":"WebPage","@id":"https:\/\/phyto4pattes.fr\/index.php\/produit\/cure-chiots\/","url":"https:\/\/phyto4pattes.fr\/index.php\/produit\/cure-chiots\/","name":"Cure chiots - Phyto4Pattes.fr","isPartOf":{"@id":"http:\/\/phyto4pattes.fr\/#website"},"primaryImageOfPage":{"@id":"https:\/\/phyto4pattes.fr\/index.php\/produit\/cure-chiots\/#primaryimage"},"image":{"@id":"https:\/\/phyto4pattes.fr\/index.php\/produit\/cure-chiots\/#primaryimage"},"thumbnailUrl":"https:\/\/phyto4pattes.fr\/wp-content\/uploads\/2026\/03\/fortifiant-naturel-chiens.jpg","datePublished":"2026-03-12T20:54:49+00:00","dateModified":"2026-03-22T17:44:10+00:00","description":"Accompagnez la croissance de votre chiot avec une cure naturelle pour renforcer son immunit\u00e9 et soutenir son d\u00e9veloppement.","breadcrumb":{"@id":"https:\/\/phyto4pattes.fr\/index.php\/produit\/cure-chiots\/#breadcrumb"},"inLanguage":"fr-FR","potentialAction":[{"@type":"ReadAction","target":["https:\/\/phyto4pattes.fr\/index.php\/produit\/cure-chiots\/"]}]},{"@type":"ImageObject","inLanguage":"fr-FR","@id":"https:\/\/phyto4pattes.fr\/index.php\/produit\/cure-chiots\/#primaryimage","url":"https:\/\/phyto4pattes.fr\/wp-content\/uploads\/2026\/03\/fortifiant-naturel-chiens.jpg","contentUrl":"https:\/\/phyto4pattes.fr\/wp-content\/uploads\/2026\/03\/fortifiant-naturel-chiens.jpg","width":800,"height":800},{"@type":"BreadcrumbList","@id":"https:\/\/phyto4pattes.fr\/index.php\/produit\/cure-chiots\/#breadcrumb","itemListElement":[{"@type":"ListItem","position":1,"name":"Accueil","item":"https:\/\/phyto4pattes.fr\/"},{"@type":"ListItem","position":2,"name":"Boutique","item":"https:\/\/phyto4pattes.fr\/index.php\/shop\/"},{"@type":"ListItem","position":3,"name":"Cure chiots"}]},{"@type":"WebSite","@id":"http:\/\/phyto4pattes.fr\/#website","url":"http:\/\/phyto4pattes.fr\/","name":"Phyto4Pattes.fr","description":"\u00ab Le bien-\u00eatre de votre animal commence par les plantes \u00bb","publisher":{"@id":"http:\/\/phyto4pattes.fr\/#organization"},"potentialAction":[{"@type":"SearchAction","target":{"@type":"EntryPoint","urlTemplate":"http:\/\/phyto4pattes.fr\/?s={search_term_string}"},"query-input":{"@type":"PropertyValueSpecification","valueRequired":true,"valueName":"search_term_string"}}],"inLanguage":"fr-FR"},{"@type":"Organization","@id":"http:\/\/phyto4pattes.fr\/#organization","name":"Phyto4Pattes.fr","url":"http:\/\/phyto4pattes.fr\/","logo":{"@type":"ImageObject","inLanguage":"fr-FR","@id":"http:\/\/phyto4pattes.fr\/#\/schema\/logo\/image\/","url":"http:\/\/phyto4pattes.fr\/wp-content\/uploads\/2026\/03\/cropped-logo-10-Phyto-4-Pattes.jpg","contentUrl":"http:\/\/phyto4pattes.fr\/wp-content\/uploads\/2026\/03\/cropped-logo-10-Phyto-4-Pattes.jpg","width":250,"height":250,"caption":"Phyto4Pattes.fr"},"image":{"@id":"http:\/\/phyto4pattes.fr\/#\/schema\/logo\/image\/"}}]}},"_links":{"self":[{"href":"https:\/\/phyto4pattes.fr\/index.php\/wp-json\/wp\/v2\/product\/131","targetHints":{"allow":["GET"]}}],"collection":[{"href":"https:\/\/phyto4pattes.fr\/index.php\/wp-json\/wp\/v2\/product"}],"about":[{"href":"https:\/\/phyto4pattes.fr\/index.php\/wp-json\/wp\/v2\/types\/product"}],"replies":[{"embeddable":true,"href":"https:\/\/phyto4pattes.fr\/index.php\/wp-json\/wp\/v2\/comments?post=131"}],"wp:featuredmedia":[{"embeddable":true,"href":"https:\/\/phyto4pattes.fr\/index.php\/wp-json\/wp\/v2\/media\/135"}],"wp:attachment":[{"href":"https:\/\/phyto4pattes.fr\/index.php\/wp-json\/wp\/v2\/media?parent=131"}],"wp:term":[{"taxonomy":"product_brand","embeddable":true,"href":"https:\/\/phyto4pattes.fr\/index.php\/wp-json\/wp\/v2\/product_brand?post=131"},{"taxonomy":"product_cat","embeddable":true,"href":"https:\/\/phyto4pattes.fr\/index.php\/wp-json\/wp\/v2\/product_cat?post=131"},{"taxonomy":"product_tag","embeddable":true,"href":"https:\/\/phyto4pattes.fr\/index.php\/wp-json\/wp\/v2\/product_tag?post=131"}],"curies":[{"name":"wp","href":"https:\/\/api.w.org\/{rel}","templated":true}]}}