{"id":129,"date":"2026-03-12T20:52:09","date_gmt":"2026-03-12T20:52:09","guid":{"rendered":"https:\/\/phyto4pattes.fr\/?post_type=product&#038;p=129"},"modified":"2026-04-05T17:34:18","modified_gmt":"2026-04-05T17:34:18","slug":"demangeaisons-chiens","status":"publish","type":"product","link":"https:\/\/phyto4pattes.fr\/index.php\/produit\/demangeaisons-chiens\/","title":{"rendered":"Dermo4pattes"},"content":{"rendered":"<p data-start=\"32\" data-end=\"82\"><strong data-start=\"32\" data-end=\"82\">Apaiser la peau et soutenir l\u2019\u00e9quilibre cutan\u00e9<\/strong><\/p>\n<p data-start=\"84\" data-end=\"375\">Les d\u00e9mangeaisons sont un probl\u00e8me fr\u00e9quent chez le chien. Elles peuvent se manifester par des <strong data-start=\"179\" data-end=\"246\">grattages r\u00e9p\u00e9t\u00e9s, l\u00e9chages, rougeurs ou irritations de la peau<\/strong>. Plusieurs facteurs peuvent \u00eatre en cause : sensibilit\u00e9 cutan\u00e9e, environnement, saison, alimentation ou d\u00e9s\u00e9quilibre de la peau.<\/p>\n<p data-start=\"377\" data-end=\"569\">La <strong data-start=\"380\" data-end=\"402\">cure Dermo4pattes<\/strong> est con\u00e7ue pour soutenir naturellement la peau du chien et aider \u00e0 <strong data-start=\"470\" data-end=\"504\">apaiser les inconforts cutan\u00e9s<\/strong>, tout en contribuant au maintien d\u2019une peau saine et \u00e9quilibr\u00e9e.<\/p>\n<hr data-start=\"571\" data-end=\"574\" \/>\n<h3 data-section-id=\"1stjt08\" data-start=\"576\" data-end=\"604\">Les objectifs de la cure<\/h3>\n<p data-start=\"606\" data-end=\"625\">Cette cure vise \u00e0 :<\/p>\n<ul data-start=\"627\" data-end=\"803\">\n<li data-section-id=\"1j7req8\" data-start=\"627\" data-end=\"666\">\n<p data-start=\"629\" data-end=\"666\">aider \u00e0 <strong data-start=\"637\" data-end=\"666\">apaiser les d\u00e9mangeaisons<\/strong><\/p>\n<\/li>\n<li data-section-id=\"77eomh\" data-start=\"667\" data-end=\"704\">\n<p data-start=\"669\" data-end=\"704\">soutenir l\u2019<strong data-start=\"680\" data-end=\"704\">\u00e9quilibre de la peau<\/strong><\/p>\n<\/li>\n<li data-section-id=\"ix31r7\" data-start=\"705\" data-end=\"756\">\n<p data-start=\"707\" data-end=\"756\">contribuer \u00e0 <strong data-start=\"720\" data-end=\"756\">r\u00e9duire les irritations cutan\u00e9es<\/strong><\/p>\n<\/li>\n<li data-section-id=\"1lsz3sd\" data-start=\"757\" data-end=\"803\">\n<p data-start=\"759\" data-end=\"803\">favoriser le <strong data-start=\"772\" data-end=\"803\">confort cutan\u00e9 au quotidien<\/strong><\/p>\n<\/li>\n<\/ul>\n<hr data-start=\"805\" data-end=\"808\" \/>\n<h3 data-section-id=\"1moovnp\" data-start=\"810\" data-end=\"833\">Pour quels chiens ?<\/h3>\n<p data-start=\"835\" data-end=\"887\">La cure D\u00e9mangeaisons est particuli\u00e8rement adapt\u00e9e aux chiens qui se <strong data-start=\"909\" data-end=\"933\">grattent fr\u00e9quemment, <\/strong>aux chiens pr\u00e9sentant une <strong data-start=\"962\" data-end=\"991\">peau sensible ou r\u00e9active, <\/strong>aux chiens sujets aux <strong data-start=\"1016\" data-end=\"1040\">irritations cutan\u00e9es, <\/strong>lors de <strong data-start=\"1051\" data-end=\"1076\">p\u00e9riodes saisonni\u00e8res<\/strong> o\u00f9 les d\u00e9mangeaisons sont plus pr\u00e9sentes, aux chiens ayant un <strong data-start=\"1140\" data-end=\"1178\">pelage fragilis\u00e9 par les grattages.<\/strong><\/p>\n<hr data-start=\"1180\" data-end=\"1183\" \/>\n<h3 data-section-id=\"846gqq\" data-start=\"1185\" data-end=\"1211\">Les b\u00e9n\u00e9fices attendus<\/h3>\n<p data-start=\"1213\" data-end=\"1256\">Une cure adapt\u00e9e peut aider votre chien \u00e0 :<\/p>\n<p data-start=\"1258\" data-end=\"1423\">\u2714 r\u00e9duire les <strong data-start=\"1272\" data-end=\"1305\">sensations d\u2019inconfort cutan\u00e9<\/strong><br data-start=\"1305\" data-end=\"1308\" \/>\u2714 retrouver une <strong data-start=\"1324\" data-end=\"1345\">peau plus apais\u00e9e<\/strong><br data-start=\"1345\" data-end=\"1348\" \/>\u2714 limiter les <strong data-start=\"1362\" data-end=\"1385\">grattages excessifs<\/strong><br data-start=\"1385\" data-end=\"1388\" \/>\u2714 favoriser un <strong data-start=\"1403\" data-end=\"1423\">pelage plus sain<\/strong><\/p>\n<hr data-start=\"1425\" data-end=\"1428\" \/>\n<h3 data-section-id=\"14klbdb\" data-start=\"1430\" data-end=\"1460\">Comment utiliser la cure ? (\u00e0 administrer <strong data-start=\"1564\" data-end=\"1593\">m\u00e9lang\u00e9e \u00e0 l\u2019alimentation)<\/strong><\/h3>\n<ul data-start=\"1462\" data-end=\"1593\">\n<li data-section-id=\"xsiw6y\" data-start=\"1462\" data-end=\"1502\">\n<p data-start=\"1464\" data-end=\"1502\">Cure recommand\u00e9e de <strong data-start=\"1484\" data-end=\"1502\">3 \u00e0 6 semaines<\/strong><\/p>\n<\/li>\n<li data-section-id=\"1l3id6z\" data-start=\"1503\" data-end=\"1547\">\n<p data-start=\"1505\" data-end=\"1547\">Peut \u00eatre renouvel\u00e9e <strong data-start=\"1526\" data-end=\"1547\">selon les besoins<\/strong><\/p>\n<\/li>\n<\/ul>\n<hr data-start=\"1595\" data-end=\"1598\" \/>\n<h3 data-section-id=\"evjedv\" data-start=\"1600\" data-end=\"1621\">Conseil bien-\u00eatre<\/h3>\n<p data-start=\"1623\" data-end=\"1677\">Pour aider \u00e0 limiter les d\u00e9mangeaisons chez le chien :<\/p>\n<ul data-start=\"1679\" data-end=\"1829\">\n<li data-section-id=\"1i2zshk\" data-start=\"1679\" data-end=\"1736\">\n<p data-start=\"1681\" data-end=\"1736\">veiller \u00e0 une <strong data-start=\"1695\" data-end=\"1736\">bonne hygi\u00e8ne de la peau et du pelage<\/strong><\/p>\n<\/li>\n<li data-section-id=\"1lw2lp5\" data-start=\"1737\" data-end=\"1779\">\n<p data-start=\"1739\" data-end=\"1779\">privil\u00e9gier une <strong data-start=\"1755\" data-end=\"1779\">alimentation adapt\u00e9e<\/strong><\/p>\n<\/li>\n<li data-section-id=\"1woafqi\" data-start=\"1780\" data-end=\"1829\">\n<p data-start=\"1782\" data-end=\"1829\">limiter l\u2019exposition aux <strong data-start=\"1807\" data-end=\"1829\">facteurs irritants<\/strong><\/p>\n<\/li>\n<\/ul>\n<hr data-start=\"1831\" data-end=\"1834\" \/>\n<p data-start=\"1836\" data-end=\"2002\">\ud83d\udca1 Une cure sp\u00e9cifique peut accompagner efficacement les chiens sujets aux d\u00e9mangeaisons en soutenant <strong data-start=\"1938\" data-end=\"1985\">l\u2019\u00e9quilibre de la peau et le confort cutan\u00e9<\/strong> sur la dur\u00e9e. \ud83d\udc15<\/p>\n<p data-start=\"1836\" data-end=\"2002\">Pour apaiser les d\u00e9mangeaisons du chien, utilisez en compl\u00e9ment le \ud83d\udc49<a href=\"https:\/\/phyto4pattes.fr\/index.php\/produit\/spray-aloe-vera-externe\/\">Spray aloe vera externe<\/a>\u00a0 et am\u00e9liorez la qualit\u00e9 du pelage avec notre \ud83d\udc49<a href=\"https:\/\/phyto4pattes.fr\/index.php\/produit\/beaute-du-poil\/\">Beaut\u00e9 du poil<\/a> .<\/p>\n","protected":false},"excerpt":{"rendered":"<p><em>(ortie, chardon, bardane, pissenlit)<\/em><\/p>\n<p>Synergie autour de la bardane, plante d&rsquo;excellence pour les probl\u00e8mes cutan\u00e9s, permettant un nettoyage en profondeur de l&rsquo;organisme et du sang.<\/p>\n<p>Drainage des impuret\u00e9s \u00e0 l&rsquo;origine des d\u00e9mangeaisons chez le chien.<\/p>\n<p>&nbsp;<\/p>\n<p>utilisation\u00a0: (c.dose fournie = 2 g)<\/p>\n<p>chiens &lt; 10 kg : 1\/2 c.dose \/ jour<\/p>\n<p>chiens 10 \u00e0 20 kg : 1 c.dose \/ jour<\/p>\n<p>(1 c.dose \/ 10 kg \/ jour)<\/p>\n<p>&nbsp;<\/p>\n<p>&nbsp;<\/p>\n<p>Produit 100 % naturel, non dopant, formul\u00e9 pour les chiens.<\/p>\n<p>Conserver dans un endroit sec, bien refermer apr\u00e8s usage.<\/p>\n<p>Produit d&rsquo;hygi\u00e8ne et de soin, compl\u00e9ment alimentaire.<\/p>\n<p>En pot de 200g de poudres de plantes (photo non contractuelle).<\/p>\n<p><strong>\u00a0Ces substances sont des compl\u00e9ments alimentaires et ne dispensent pas d&rsquo;un avis v\u00e9t\u00e9rinaire.<\/strong><\/p>\n","protected":false},"featured_media":130,"comment_status":"open","ping_status":"closed","template":"","meta":[],"product_brand":[],"product_cat":[28,45],"product_tag":[],"class_list":{"0":"post-129","1":"product","2":"type-product","3":"status-publish","4":"has-post-thumbnail","6":"product_cat-gamme-canine","7":"product_cat-soins-naturels-specifiques-et-cycles-de-vie","9":"first","10":"instock","11":"taxable","12":"shipping-taxable","13":"purchasable","14":"product-type-simple"},"yoast_head":"<!-- This site is optimized with the Yoast SEO plugin v27.2 - https:\/\/yoast.com\/product\/yoast-seo-wordpress\/ -->\n<title>Dermo4pattes - Phyto4Pattes.fr<\/title>\n<meta name=\"description\" content=\"Soulagez efficacement les d\u00e9mangeaisons de votre chien avec une solution naturelle qui apaise la peau en profondeur\" \/>\n<meta name=\"robots\" content=\"index, follow, max-snippet:-1, max-image-preview:large, max-video-preview:-1\" \/>\n<link rel=\"canonical\" href=\"https:\/\/phyto4pattes.fr\/index.php\/produit\/demangeaisons-chiens\/\" \/>\n<meta property=\"og:locale\" content=\"fr_FR\" \/>\n<meta property=\"og:type\" content=\"article\" \/>\n<meta property=\"og:title\" content=\"Dermo4pattes - Phyto4Pattes.fr\" \/>\n<meta property=\"og:description\" content=\"Soulagez efficacement les d\u00e9mangeaisons de votre chien avec une solution naturelle qui apaise la peau en profondeur\" \/>\n<meta property=\"og:url\" content=\"https:\/\/phyto4pattes.fr\/index.php\/produit\/demangeaisons-chiens\/\" \/>\n<meta property=\"og:site_name\" content=\"Phyto4Pattes.fr\" \/>\n<meta property=\"article:modified_time\" content=\"2026-04-05T17:34:18+00:00\" \/>\n<meta property=\"og:image\" content=\"https:\/\/phyto4pattes.fr\/wp-content\/uploads\/2026\/03\/soutien-demangeaisons-chiens.jpg\" \/>\n\t<meta property=\"og:image:width\" content=\"800\" \/>\n\t<meta property=\"og:image:height\" content=\"800\" \/>\n\t<meta property=\"og:image:type\" content=\"image\/jpeg\" \/>\n<meta name=\"twitter:card\" content=\"summary_large_image\" \/>\n<meta name=\"twitter:label1\" content=\"Dur\u00e9e de lecture estim\u00e9e\" \/>\n\t<meta name=\"twitter:data1\" content=\"2 minutes\" \/>\n<script type=\"application\/ld+json\" class=\"yoast-schema-graph\">{\"@context\":\"https:\/\/schema.org\",\"@graph\":[{\"@type\":\"WebPage\",\"@id\":\"https:\/\/phyto4pattes.fr\/index.php\/produit\/demangeaisons-chiens\/\",\"url\":\"https:\/\/phyto4pattes.fr\/index.php\/produit\/demangeaisons-chiens\/\",\"name\":\"Dermo4pattes - Phyto4Pattes.fr\",\"isPartOf\":{\"@id\":\"http:\/\/phyto4pattes.fr\/#website\"},\"primaryImageOfPage\":{\"@id\":\"https:\/\/phyto4pattes.fr\/index.php\/produit\/demangeaisons-chiens\/#primaryimage\"},\"image\":{\"@id\":\"https:\/\/phyto4pattes.fr\/index.php\/produit\/demangeaisons-chiens\/#primaryimage\"},\"thumbnailUrl\":\"https:\/\/phyto4pattes.fr\/wp-content\/uploads\/2026\/03\/soutien-demangeaisons-chiens.jpg\",\"datePublished\":\"2026-03-12T20:52:09+00:00\",\"dateModified\":\"2026-04-05T17:34:18+00:00\",\"description\":\"Soulagez efficacement les d\u00e9mangeaisons de votre chien avec une solution naturelle qui apaise la peau en profondeur\",\"breadcrumb\":{\"@id\":\"https:\/\/phyto4pattes.fr\/index.php\/produit\/demangeaisons-chiens\/#breadcrumb\"},\"inLanguage\":\"fr-FR\",\"potentialAction\":[{\"@type\":\"ReadAction\",\"target\":[\"https:\/\/phyto4pattes.fr\/index.php\/produit\/demangeaisons-chiens\/\"]}]},{\"@type\":\"ImageObject\",\"inLanguage\":\"fr-FR\",\"@id\":\"https:\/\/phyto4pattes.fr\/index.php\/produit\/demangeaisons-chiens\/#primaryimage\",\"url\":\"https:\/\/phyto4pattes.fr\/wp-content\/uploads\/2026\/03\/soutien-demangeaisons-chiens.jpg\",\"contentUrl\":\"https:\/\/phyto4pattes.fr\/wp-content\/uploads\/2026\/03\/soutien-demangeaisons-chiens.jpg\",\"width\":800,\"height\":800},{\"@type\":\"BreadcrumbList\",\"@id\":\"https:\/\/phyto4pattes.fr\/index.php\/produit\/demangeaisons-chiens\/#breadcrumb\",\"itemListElement\":[{\"@type\":\"ListItem\",\"position\":1,\"name\":\"Accueil\",\"item\":\"https:\/\/phyto4pattes.fr\/\"},{\"@type\":\"ListItem\",\"position\":2,\"name\":\"Boutique\",\"item\":\"https:\/\/phyto4pattes.fr\/index.php\/shop\/\"},{\"@type\":\"ListItem\",\"position\":3,\"name\":\"Dermo4pattes\"}]},{\"@type\":\"WebSite\",\"@id\":\"http:\/\/phyto4pattes.fr\/#website\",\"url\":\"http:\/\/phyto4pattes.fr\/\",\"name\":\"Phyto4Pattes.fr\",\"description\":\"\u00ab Le bien-\u00eatre de votre animal commence par les plantes \u00bb\",\"publisher\":{\"@id\":\"http:\/\/phyto4pattes.fr\/#organization\"},\"potentialAction\":[{\"@type\":\"SearchAction\",\"target\":{\"@type\":\"EntryPoint\",\"urlTemplate\":\"http:\/\/phyto4pattes.fr\/?s={search_term_string}\"},\"query-input\":{\"@type\":\"PropertyValueSpecification\",\"valueRequired\":true,\"valueName\":\"search_term_string\"}}],\"inLanguage\":\"fr-FR\"},{\"@type\":\"Organization\",\"@id\":\"http:\/\/phyto4pattes.fr\/#organization\",\"name\":\"Phyto4Pattes.fr\",\"url\":\"http:\/\/phyto4pattes.fr\/\",\"logo\":{\"@type\":\"ImageObject\",\"inLanguage\":\"fr-FR\",\"@id\":\"http:\/\/phyto4pattes.fr\/#\/schema\/logo\/image\/\",\"url\":\"http:\/\/phyto4pattes.fr\/wp-content\/uploads\/2026\/03\/cropped-logo-10-Phyto-4-Pattes.jpg\",\"contentUrl\":\"http:\/\/phyto4pattes.fr\/wp-content\/uploads\/2026\/03\/cropped-logo-10-Phyto-4-Pattes.jpg\",\"width\":250,\"height\":250,\"caption\":\"Phyto4Pattes.fr\"},\"image\":{\"@id\":\"http:\/\/phyto4pattes.fr\/#\/schema\/logo\/image\/\"}}]}<\/script>\n<!-- \/ Yoast SEO plugin. -->","yoast_head_json":{"title":"Dermo4pattes - Phyto4Pattes.fr","description":"Soulagez efficacement les d\u00e9mangeaisons de votre chien avec une solution naturelle qui apaise la peau en profondeur","robots":{"index":"index","follow":"follow","max-snippet":"max-snippet:-1","max-image-preview":"max-image-preview:large","max-video-preview":"max-video-preview:-1"},"canonical":"https:\/\/phyto4pattes.fr\/index.php\/produit\/demangeaisons-chiens\/","og_locale":"fr_FR","og_type":"article","og_title":"Dermo4pattes - Phyto4Pattes.fr","og_description":"Soulagez efficacement les d\u00e9mangeaisons de votre chien avec une solution naturelle qui apaise la peau en profondeur","og_url":"https:\/\/phyto4pattes.fr\/index.php\/produit\/demangeaisons-chiens\/","og_site_name":"Phyto4Pattes.fr","article_modified_time":"2026-04-05T17:34:18+00:00","og_image":[{"width":800,"height":800,"url":"https:\/\/phyto4pattes.fr\/wp-content\/uploads\/2026\/03\/soutien-demangeaisons-chiens.jpg","type":"image\/jpeg"}],"twitter_card":"summary_large_image","twitter_misc":{"Dur\u00e9e de lecture estim\u00e9e":"2 minutes"},"schema":{"@context":"https:\/\/schema.org","@graph":[{"@type":"WebPage","@id":"https:\/\/phyto4pattes.fr\/index.php\/produit\/demangeaisons-chiens\/","url":"https:\/\/phyto4pattes.fr\/index.php\/produit\/demangeaisons-chiens\/","name":"Dermo4pattes - Phyto4Pattes.fr","isPartOf":{"@id":"http:\/\/phyto4pattes.fr\/#website"},"primaryImageOfPage":{"@id":"https:\/\/phyto4pattes.fr\/index.php\/produit\/demangeaisons-chiens\/#primaryimage"},"image":{"@id":"https:\/\/phyto4pattes.fr\/index.php\/produit\/demangeaisons-chiens\/#primaryimage"},"thumbnailUrl":"https:\/\/phyto4pattes.fr\/wp-content\/uploads\/2026\/03\/soutien-demangeaisons-chiens.jpg","datePublished":"2026-03-12T20:52:09+00:00","dateModified":"2026-04-05T17:34:18+00:00","description":"Soulagez efficacement les d\u00e9mangeaisons de votre chien avec une solution naturelle qui apaise la peau en profondeur","breadcrumb":{"@id":"https:\/\/phyto4pattes.fr\/index.php\/produit\/demangeaisons-chiens\/#breadcrumb"},"inLanguage":"fr-FR","potentialAction":[{"@type":"ReadAction","target":["https:\/\/phyto4pattes.fr\/index.php\/produit\/demangeaisons-chiens\/"]}]},{"@type":"ImageObject","inLanguage":"fr-FR","@id":"https:\/\/phyto4pattes.fr\/index.php\/produit\/demangeaisons-chiens\/#primaryimage","url":"https:\/\/phyto4pattes.fr\/wp-content\/uploads\/2026\/03\/soutien-demangeaisons-chiens.jpg","contentUrl":"https:\/\/phyto4pattes.fr\/wp-content\/uploads\/2026\/03\/soutien-demangeaisons-chiens.jpg","width":800,"height":800},{"@type":"BreadcrumbList","@id":"https:\/\/phyto4pattes.fr\/index.php\/produit\/demangeaisons-chiens\/#breadcrumb","itemListElement":[{"@type":"ListItem","position":1,"name":"Accueil","item":"https:\/\/phyto4pattes.fr\/"},{"@type":"ListItem","position":2,"name":"Boutique","item":"https:\/\/phyto4pattes.fr\/index.php\/shop\/"},{"@type":"ListItem","position":3,"name":"Dermo4pattes"}]},{"@type":"WebSite","@id":"http:\/\/phyto4pattes.fr\/#website","url":"http:\/\/phyto4pattes.fr\/","name":"Phyto4Pattes.fr","description":"\u00ab Le bien-\u00eatre de votre animal commence par les plantes \u00bb","publisher":{"@id":"http:\/\/phyto4pattes.fr\/#organization"},"potentialAction":[{"@type":"SearchAction","target":{"@type":"EntryPoint","urlTemplate":"http:\/\/phyto4pattes.fr\/?s={search_term_string}"},"query-input":{"@type":"PropertyValueSpecification","valueRequired":true,"valueName":"search_term_string"}}],"inLanguage":"fr-FR"},{"@type":"Organization","@id":"http:\/\/phyto4pattes.fr\/#organization","name":"Phyto4Pattes.fr","url":"http:\/\/phyto4pattes.fr\/","logo":{"@type":"ImageObject","inLanguage":"fr-FR","@id":"http:\/\/phyto4pattes.fr\/#\/schema\/logo\/image\/","url":"http:\/\/phyto4pattes.fr\/wp-content\/uploads\/2026\/03\/cropped-logo-10-Phyto-4-Pattes.jpg","contentUrl":"http:\/\/phyto4pattes.fr\/wp-content\/uploads\/2026\/03\/cropped-logo-10-Phyto-4-Pattes.jpg","width":250,"height":250,"caption":"Phyto4Pattes.fr"},"image":{"@id":"http:\/\/phyto4pattes.fr\/#\/schema\/logo\/image\/"}}]}},"_links":{"self":[{"href":"https:\/\/phyto4pattes.fr\/index.php\/wp-json\/wp\/v2\/product\/129","targetHints":{"allow":["GET"]}}],"collection":[{"href":"https:\/\/phyto4pattes.fr\/index.php\/wp-json\/wp\/v2\/product"}],"about":[{"href":"https:\/\/phyto4pattes.fr\/index.php\/wp-json\/wp\/v2\/types\/product"}],"replies":[{"embeddable":true,"href":"https:\/\/phyto4pattes.fr\/index.php\/wp-json\/wp\/v2\/comments?post=129"}],"wp:featuredmedia":[{"embeddable":true,"href":"https:\/\/phyto4pattes.fr\/index.php\/wp-json\/wp\/v2\/media\/130"}],"wp:attachment":[{"href":"https:\/\/phyto4pattes.fr\/index.php\/wp-json\/wp\/v2\/media?parent=129"}],"wp:term":[{"taxonomy":"product_brand","embeddable":true,"href":"https:\/\/phyto4pattes.fr\/index.php\/wp-json\/wp\/v2\/product_brand?post=129"},{"taxonomy":"product_cat","embeddable":true,"href":"https:\/\/phyto4pattes.fr\/index.php\/wp-json\/wp\/v2\/product_cat?post=129"},{"taxonomy":"product_tag","embeddable":true,"href":"https:\/\/phyto4pattes.fr\/index.php\/wp-json\/wp\/v2\/product_tag?post=129"}],"curies":[{"name":"wp","href":"https:\/\/api.w.org\/{rel}","templated":true}]}}