{"id":126,"date":"2026-03-12T20:46:50","date_gmt":"2026-03-12T20:46:50","guid":{"rendered":"https:\/\/phyto4pattes.fr\/?post_type=product&#038;p=126"},"modified":"2026-04-12T12:21:23","modified_gmt":"2026-04-12T12:21:23","slug":"probiotiques-chiens","status":"publish","type":"product","link":"https:\/\/phyto4pattes.fr\/index.php\/produit\/probiotiques-chiens\/","title":{"rendered":"Probiotiques chiens"},"content":{"rendered":"<h1 data-start=\"31\" data-end=\"96\"><strong data-start=\"31\" data-end=\"96\">Soutenir naturellement la digestion et l\u2019\u00e9quilibre intestinal<\/strong><\/h1>\n<p data-start=\"98\" data-end=\"353\">L\u2019\u00e9quilibre de la flore intestinale est essentiel pour la <strong data-start=\"156\" data-end=\"197\">sant\u00e9 et le bien-\u00eatre global du chien<\/strong>. Les d\u00e9s\u00e9quilibres digestifs peuvent se traduire par des troubles tels que <strong data-start=\"273\" data-end=\"350\">ballonnements, selles irr\u00e9guli\u00e8res, gaz, fatigue ou sensibilit\u00e9 digestive<\/strong>.<\/p>\n<p data-start=\"355\" data-end=\"536\">La <strong data-start=\"358\" data-end=\"379\">cure Probiotiques<\/strong> apporte des bact\u00e9ries naturelles b\u00e9n\u00e9fiques pour <strong data-start=\"429\" data-end=\"463\">renforcer la flore intestinale<\/strong>, faciliter la digestion et contribuer \u00e0 un <strong data-start=\"507\" data-end=\"535\">confort digestif optimal<\/strong>.<\/p>\n<hr data-start=\"538\" data-end=\"541\" \/>\n<h3 data-section-id=\"1stjt08\" data-start=\"543\" data-end=\"571\">Les objectifs de la cure<\/h3>\n<p data-start=\"573\" data-end=\"594\">Cette cure vise \u00e0 :<\/p>\n<ul data-start=\"596\" data-end=\"786\">\n<li data-section-id=\"1jhhc78\" data-start=\"596\" data-end=\"648\">\n<p data-start=\"598\" data-end=\"648\">soutenir l\u2019<strong data-start=\"609\" data-end=\"646\">\u00e9quilibre de la flore intestinale<\/strong><\/p>\n<\/li>\n<li data-section-id=\"1gvcikl\" data-start=\"649\" data-end=\"699\">\n<p data-start=\"651\" data-end=\"699\">favoriser une <strong data-start=\"665\" data-end=\"697\">digestion saine et r\u00e9guli\u00e8re<\/strong><\/p>\n<\/li>\n<li data-section-id=\"12unk0t\" data-start=\"700\" data-end=\"740\">\n<p data-start=\"702\" data-end=\"740\">limiter les <strong data-start=\"714\" data-end=\"738\">inconforts digestifs<\/strong><\/p>\n<\/li>\n<li data-section-id=\"1ea65nh\" data-start=\"741\" data-end=\"786\">\n<p data-start=\"743\" data-end=\"786\">renforcer le <strong data-start=\"756\" data-end=\"786\">bien-\u00eatre g\u00e9n\u00e9ral du chien<\/strong><\/p>\n<\/li>\n<\/ul>\n<hr data-start=\"788\" data-end=\"791\" \/>\n<h3 data-section-id=\"1moovnp\" data-start=\"793\" data-end=\"816\">Pour quels chiens ?<\/h3>\n<p data-start=\"818\" data-end=\"854\">La cure Probiotiques est adapt\u00e9e aux chiens pr\u00e9sentant des <strong data-start=\"884\" data-end=\"913\">troubles digestifs l\u00e9gers, <\/strong>lors de <strong data-start=\"926\" data-end=\"955\">changement d\u2019alimentation, <\/strong>apr\u00e8s une <strong data-start=\"970\" data-end=\"1028\">cure antibiotique ou un traitement perturbant la flore, <\/strong>aux chiens sensibles ou <strong data-start=\"1057\" data-end=\"1096\">susceptibles aux troubles digestifs, <\/strong>pour accompagner la <strong data-start=\"1121\" data-end=\"1146\">croissance des chiots.<\/strong><\/p>\n<hr data-start=\"1150\" data-end=\"1153\" \/>\n<h3 data-section-id=\"846gqq\" data-start=\"1155\" data-end=\"1181\">Les b\u00e9n\u00e9fices attendus<\/h3>\n<p data-start=\"1183\" data-end=\"1230\">Une cure r\u00e9guli\u00e8re peut aider votre chien \u00e0 :<\/p>\n<p data-start=\"1232\" data-end=\"1420\">\u2714 retrouver une <strong data-start=\"1248\" data-end=\"1278\">digestion plus confortable<\/strong><br data-start=\"1278\" data-end=\"1281\" \/>\u2714 stabiliser la <strong data-start=\"1297\" data-end=\"1318\">flore intestinale<\/strong><br data-start=\"1318\" data-end=\"1321\" \/>\u2714 limiter les <strong data-start=\"1335\" data-end=\"1368\">selles molles ou irr\u00e9guli\u00e8res<\/strong><br data-start=\"1368\" data-end=\"1371\" \/>\u2714 soutenir la <strong data-start=\"1385\" data-end=\"1418\">forme et la vitalit\u00e9 g\u00e9n\u00e9rale<\/strong><\/p>\n<hr data-start=\"1422\" data-end=\"1425\" \/>\n<h3 data-section-id=\"14klbdb\" data-start=\"1427\" data-end=\"1457\">Comment utiliser la cure ? (administrer <strong data-start=\"1610\" data-end=\"1639\">m\u00e9lang\u00e9e \u00e0 l\u2019alimentation)<\/strong><\/h3>\n<ul data-start=\"1459\" data-end=\"1641\">\n<li data-section-id=\"5v7e2i\" data-start=\"1459\" data-end=\"1501\">\n<p data-start=\"1461\" data-end=\"1501\">Cure recommand\u00e9e de <strong data-start=\"1481\" data-end=\"1499\">3 \u00e0 6 semaines<\/strong><\/p>\n<\/li>\n<li data-section-id=\"kkued4\" data-start=\"1502\" data-end=\"1593\">\n<p data-start=\"1504\" data-end=\"1593\">\u00c0 renouveler selon les besoins, notamment apr\u00e8s des p\u00e9riodes de stress ou de traitement<\/p>\n<\/li>\n<\/ul>\n<hr data-start=\"1643\" data-end=\"1646\" \/>\n<h3 data-section-id=\"evjedv\" data-start=\"1648\" data-end=\"1669\">Conseil bien-\u00eatre<\/h3>\n<p data-start=\"1671\" data-end=\"1714\">Pour optimiser l\u2019effet des probiotiques :<\/p>\n<ul data-start=\"1716\" data-end=\"1873\">\n<li data-section-id=\"1h0s4ga\" data-start=\"1716\" data-end=\"1771\">\n<p data-start=\"1718\" data-end=\"1771\">proposer une <strong data-start=\"1731\" data-end=\"1758\">alimentation de qualit\u00e9<\/strong> et adapt\u00e9e<\/p>\n<\/li>\n<li data-section-id=\"1ijh3tm\" data-start=\"1772\" data-end=\"1830\">\n<p data-start=\"1774\" data-end=\"1830\">\u00e9viter les <strong data-start=\"1785\" data-end=\"1828\">changements brusques dans la nourriture<\/strong><\/p>\n<\/li>\n<li data-section-id=\"coeqzu\" data-start=\"1831\" data-end=\"1873\">\n<p data-start=\"1833\" data-end=\"1873\">assurer une <strong data-start=\"1845\" data-end=\"1871\">hydratation suffisante<\/strong><\/p>\n<\/li>\n<\/ul>\n<hr data-start=\"1875\" data-end=\"1878\" \/>\n<p data-start=\"1880\" data-end=\"2077\">\ud83d\udca1 Une cure de probiotiques est une solution naturelle pour <strong data-start=\"1940\" data-end=\"2006\">pr\u00e9server la sant\u00e9 digestive et le confort intestinal du chien<\/strong>, un \u00e9l\u00e9ment cl\u00e9 de son <strong data-start=\"2030\" data-end=\"2069\">bien-\u00eatre g\u00e9n\u00e9ral et de sa vitalit\u00e9<\/strong>. \ud83d\udc15\ud83c\udf3f<\/p>\n<p data-start=\"1880\" data-end=\"2077\">Pour am\u00e9liorer la digestion du chien naturellement, vous pouvez compl\u00e9ter cette cure avec un \ud83d\udc49 <a href=\"https:\/\/phyto4pattes.fr\/index.php\/produit\/drainage-general-chiens\/\">Drainage g\u00e9n\u00e9ral chiens<\/a> et renforcer l&rsquo;organisme avec\ud83d\udc49<a href=\"https:\/\/phyto4pattes.fr\/index.php\/produit\/spiruline-chiens\/\">Spiruline chiens<\/a> .<\/p>\n","protected":false},"excerpt":{"rendered":"<p><em>(saccharomyces cerevesia, lactobacillus, montmorillonite)<\/em><\/p>\n<p>&nbsp;<\/p>\n<p>Synergie de probiotiques permettant d&rsquo;augmenter l&rsquo;assimilation de l&rsquo;alimentation de votre chien.<\/p>\n<p>Son influence b\u00e9n\u00e9fique sur la flore intestinale et le syst\u00e8me immunitaire du chien favorisera la reprise d&rsquo;\u00e9tat des\u00a0 chiens amaigris, chiens \u00e2g\u00e9s ou convalescents,\u00a0chiens nourris\u00a0au BARF\u00a0\u00a0tout en favorisant leur bien-\u00eatre g\u00e9n\u00e9ral.<\/p>\n<p>Cette composition\u00a0 permet le maintien et la r\u00e9gulation de la flore intestinale pour une lutte accrue contre les diarrh\u00e9es.<\/p>\n<p>&nbsp;<\/p>\n<p>&nbsp;<\/p>\n<p>utilisation\u00a0: (c.dose fournie = 2 g)<\/p>\n<p>chiens &lt; 10 kg : 1\/2 c.dose \/ jour<\/p>\n<p>chiens 10 \u00e0 20 kg : 1 c.dose \/ jour<\/p>\n<p>(1 c.dose \/ 10 kg \/ jour)<\/p>\n<p>&nbsp;<\/p>\n<p>&nbsp;<\/p>\n<p>Produits 100 % naturel, non dopant, formul\u00e9 pour les chiens.<\/p>\n<p>Conserver dans un endroit sec, bien refermer apr\u00e8s usage.<\/p>\n<p>Produit d&rsquo;hygi\u00e8ne et de soin, compl\u00e9ment alimentaire.<\/p>\n<p>En pot de 200g de poudres de plantes (photo non contractuelle).<\/p>\n<p>&nbsp;<\/p>\n<p>&nbsp;<\/p>\n<p><strong>\u00a0Ces substances sont des compl\u00e9ments alimentaires et ne dispensent pas d&rsquo;un avis v\u00e9t\u00e9rinaire.<\/strong><\/p>\n","protected":false},"featured_media":127,"comment_status":"open","ping_status":"closed","template":"","meta":[],"product_brand":[],"product_cat":[42,28,43],"product_tag":[],"class_list":{"0":"post-126","1":"product","2":"type-product","3":"status-publish","4":"has-post-thumbnail","6":"product_cat-digestion-et-detox","7":"product_cat-gamme-canine","8":"product_cat-immunite-et-vitalite","10":"first","11":"instock","12":"taxable","13":"shipping-taxable","14":"purchasable","15":"product-type-simple"},"yoast_head":"<!-- This site is optimized with the Yoast SEO plugin v27.2 - https:\/\/yoast.com\/product\/yoast-seo-wordpress\/ -->\n<title>Probiotiques chiens - Phyto4Pattes.fr<\/title>\n<meta name=\"description\" content=\"Am\u00e9liorez la digestion et la flore intestinale de votre chien gr\u00e2ce \u00e0 des probiotiques naturels puissants.\" \/>\n<meta name=\"robots\" content=\"index, follow, max-snippet:-1, max-image-preview:large, max-video-preview:-1\" \/>\n<link rel=\"canonical\" href=\"https:\/\/phyto4pattes.fr\/index.php\/produit\/probiotiques-chiens\/\" \/>\n<meta property=\"og:locale\" content=\"fr_FR\" \/>\n<meta property=\"og:type\" content=\"article\" \/>\n<meta property=\"og:title\" content=\"Probiotiques chiens - Phyto4Pattes.fr\" \/>\n<meta property=\"og:description\" content=\"Am\u00e9liorez la digestion et la flore intestinale de votre chien gr\u00e2ce \u00e0 des probiotiques naturels puissants.\" \/>\n<meta property=\"og:url\" content=\"https:\/\/phyto4pattes.fr\/index.php\/produit\/probiotiques-chiens\/\" \/>\n<meta property=\"og:site_name\" content=\"Phyto4Pattes.fr\" \/>\n<meta property=\"article:modified_time\" content=\"2026-04-12T12:21:23+00:00\" \/>\n<meta property=\"og:image\" content=\"https:\/\/phyto4pattes.fr\/wp-content\/uploads\/2026\/03\/probiotiques-chiens.jpg\" \/>\n\t<meta property=\"og:image:width\" content=\"250\" \/>\n\t<meta property=\"og:image:height\" content=\"250\" \/>\n\t<meta property=\"og:image:type\" content=\"image\/jpeg\" \/>\n<meta name=\"twitter:card\" content=\"summary_large_image\" \/>\n<meta name=\"twitter:label1\" content=\"Dur\u00e9e de lecture estim\u00e9e\" \/>\n\t<meta name=\"twitter:data1\" content=\"2 minutes\" \/>\n<script type=\"application\/ld+json\" class=\"yoast-schema-graph\">{\"@context\":\"https:\/\/schema.org\",\"@graph\":[{\"@type\":\"WebPage\",\"@id\":\"https:\/\/phyto4pattes.fr\/index.php\/produit\/probiotiques-chiens\/\",\"url\":\"https:\/\/phyto4pattes.fr\/index.php\/produit\/probiotiques-chiens\/\",\"name\":\"Probiotiques chiens - Phyto4Pattes.fr\",\"isPartOf\":{\"@id\":\"http:\/\/phyto4pattes.fr\/#website\"},\"primaryImageOfPage\":{\"@id\":\"https:\/\/phyto4pattes.fr\/index.php\/produit\/probiotiques-chiens\/#primaryimage\"},\"image\":{\"@id\":\"https:\/\/phyto4pattes.fr\/index.php\/produit\/probiotiques-chiens\/#primaryimage\"},\"thumbnailUrl\":\"https:\/\/phyto4pattes.fr\/wp-content\/uploads\/2026\/03\/probiotiques-chiens.jpg\",\"datePublished\":\"2026-03-12T20:46:50+00:00\",\"dateModified\":\"2026-04-12T12:21:23+00:00\",\"description\":\"Am\u00e9liorez la digestion et la flore intestinale de votre chien gr\u00e2ce \u00e0 des probiotiques naturels puissants.\",\"breadcrumb\":{\"@id\":\"https:\/\/phyto4pattes.fr\/index.php\/produit\/probiotiques-chiens\/#breadcrumb\"},\"inLanguage\":\"fr-FR\",\"potentialAction\":[{\"@type\":\"ReadAction\",\"target\":[\"https:\/\/phyto4pattes.fr\/index.php\/produit\/probiotiques-chiens\/\"]}]},{\"@type\":\"ImageObject\",\"inLanguage\":\"fr-FR\",\"@id\":\"https:\/\/phyto4pattes.fr\/index.php\/produit\/probiotiques-chiens\/#primaryimage\",\"url\":\"https:\/\/phyto4pattes.fr\/wp-content\/uploads\/2026\/03\/probiotiques-chiens.jpg\",\"contentUrl\":\"https:\/\/phyto4pattes.fr\/wp-content\/uploads\/2026\/03\/probiotiques-chiens.jpg\",\"width\":250,\"height\":250},{\"@type\":\"BreadcrumbList\",\"@id\":\"https:\/\/phyto4pattes.fr\/index.php\/produit\/probiotiques-chiens\/#breadcrumb\",\"itemListElement\":[{\"@type\":\"ListItem\",\"position\":1,\"name\":\"Accueil\",\"item\":\"https:\/\/phyto4pattes.fr\/\"},{\"@type\":\"ListItem\",\"position\":2,\"name\":\"Boutique\",\"item\":\"https:\/\/phyto4pattes.fr\/index.php\/shop\/\"},{\"@type\":\"ListItem\",\"position\":3,\"name\":\"Probiotiques chiens\"}]},{\"@type\":\"WebSite\",\"@id\":\"http:\/\/phyto4pattes.fr\/#website\",\"url\":\"http:\/\/phyto4pattes.fr\/\",\"name\":\"Phyto4Pattes.fr\",\"description\":\"\u00ab Le bien-\u00eatre de votre animal commence par les plantes \u00bb\",\"publisher\":{\"@id\":\"http:\/\/phyto4pattes.fr\/#organization\"},\"potentialAction\":[{\"@type\":\"SearchAction\",\"target\":{\"@type\":\"EntryPoint\",\"urlTemplate\":\"http:\/\/phyto4pattes.fr\/?s={search_term_string}\"},\"query-input\":{\"@type\":\"PropertyValueSpecification\",\"valueRequired\":true,\"valueName\":\"search_term_string\"}}],\"inLanguage\":\"fr-FR\"},{\"@type\":\"Organization\",\"@id\":\"http:\/\/phyto4pattes.fr\/#organization\",\"name\":\"Phyto4Pattes.fr\",\"url\":\"http:\/\/phyto4pattes.fr\/\",\"logo\":{\"@type\":\"ImageObject\",\"inLanguage\":\"fr-FR\",\"@id\":\"http:\/\/phyto4pattes.fr\/#\/schema\/logo\/image\/\",\"url\":\"http:\/\/phyto4pattes.fr\/wp-content\/uploads\/2026\/03\/cropped-logo-10-Phyto-4-Pattes.jpg\",\"contentUrl\":\"http:\/\/phyto4pattes.fr\/wp-content\/uploads\/2026\/03\/cropped-logo-10-Phyto-4-Pattes.jpg\",\"width\":250,\"height\":250,\"caption\":\"Phyto4Pattes.fr\"},\"image\":{\"@id\":\"http:\/\/phyto4pattes.fr\/#\/schema\/logo\/image\/\"}}]}<\/script>\n<!-- \/ Yoast SEO plugin. -->","yoast_head_json":{"title":"Probiotiques chiens - Phyto4Pattes.fr","description":"Am\u00e9liorez la digestion et la flore intestinale de votre chien gr\u00e2ce \u00e0 des probiotiques naturels puissants.","robots":{"index":"index","follow":"follow","max-snippet":"max-snippet:-1","max-image-preview":"max-image-preview:large","max-video-preview":"max-video-preview:-1"},"canonical":"https:\/\/phyto4pattes.fr\/index.php\/produit\/probiotiques-chiens\/","og_locale":"fr_FR","og_type":"article","og_title":"Probiotiques chiens - Phyto4Pattes.fr","og_description":"Am\u00e9liorez la digestion et la flore intestinale de votre chien gr\u00e2ce \u00e0 des probiotiques naturels puissants.","og_url":"https:\/\/phyto4pattes.fr\/index.php\/produit\/probiotiques-chiens\/","og_site_name":"Phyto4Pattes.fr","article_modified_time":"2026-04-12T12:21:23+00:00","og_image":[{"width":250,"height":250,"url":"https:\/\/phyto4pattes.fr\/wp-content\/uploads\/2026\/03\/probiotiques-chiens.jpg","type":"image\/jpeg"}],"twitter_card":"summary_large_image","twitter_misc":{"Dur\u00e9e de lecture estim\u00e9e":"2 minutes"},"schema":{"@context":"https:\/\/schema.org","@graph":[{"@type":"WebPage","@id":"https:\/\/phyto4pattes.fr\/index.php\/produit\/probiotiques-chiens\/","url":"https:\/\/phyto4pattes.fr\/index.php\/produit\/probiotiques-chiens\/","name":"Probiotiques chiens - Phyto4Pattes.fr","isPartOf":{"@id":"http:\/\/phyto4pattes.fr\/#website"},"primaryImageOfPage":{"@id":"https:\/\/phyto4pattes.fr\/index.php\/produit\/probiotiques-chiens\/#primaryimage"},"image":{"@id":"https:\/\/phyto4pattes.fr\/index.php\/produit\/probiotiques-chiens\/#primaryimage"},"thumbnailUrl":"https:\/\/phyto4pattes.fr\/wp-content\/uploads\/2026\/03\/probiotiques-chiens.jpg","datePublished":"2026-03-12T20:46:50+00:00","dateModified":"2026-04-12T12:21:23+00:00","description":"Am\u00e9liorez la digestion et la flore intestinale de votre chien gr\u00e2ce \u00e0 des probiotiques naturels puissants.","breadcrumb":{"@id":"https:\/\/phyto4pattes.fr\/index.php\/produit\/probiotiques-chiens\/#breadcrumb"},"inLanguage":"fr-FR","potentialAction":[{"@type":"ReadAction","target":["https:\/\/phyto4pattes.fr\/index.php\/produit\/probiotiques-chiens\/"]}]},{"@type":"ImageObject","inLanguage":"fr-FR","@id":"https:\/\/phyto4pattes.fr\/index.php\/produit\/probiotiques-chiens\/#primaryimage","url":"https:\/\/phyto4pattes.fr\/wp-content\/uploads\/2026\/03\/probiotiques-chiens.jpg","contentUrl":"https:\/\/phyto4pattes.fr\/wp-content\/uploads\/2026\/03\/probiotiques-chiens.jpg","width":250,"height":250},{"@type":"BreadcrumbList","@id":"https:\/\/phyto4pattes.fr\/index.php\/produit\/probiotiques-chiens\/#breadcrumb","itemListElement":[{"@type":"ListItem","position":1,"name":"Accueil","item":"https:\/\/phyto4pattes.fr\/"},{"@type":"ListItem","position":2,"name":"Boutique","item":"https:\/\/phyto4pattes.fr\/index.php\/shop\/"},{"@type":"ListItem","position":3,"name":"Probiotiques chiens"}]},{"@type":"WebSite","@id":"http:\/\/phyto4pattes.fr\/#website","url":"http:\/\/phyto4pattes.fr\/","name":"Phyto4Pattes.fr","description":"\u00ab Le bien-\u00eatre de votre animal commence par les plantes \u00bb","publisher":{"@id":"http:\/\/phyto4pattes.fr\/#organization"},"potentialAction":[{"@type":"SearchAction","target":{"@type":"EntryPoint","urlTemplate":"http:\/\/phyto4pattes.fr\/?s={search_term_string}"},"query-input":{"@type":"PropertyValueSpecification","valueRequired":true,"valueName":"search_term_string"}}],"inLanguage":"fr-FR"},{"@type":"Organization","@id":"http:\/\/phyto4pattes.fr\/#organization","name":"Phyto4Pattes.fr","url":"http:\/\/phyto4pattes.fr\/","logo":{"@type":"ImageObject","inLanguage":"fr-FR","@id":"http:\/\/phyto4pattes.fr\/#\/schema\/logo\/image\/","url":"http:\/\/phyto4pattes.fr\/wp-content\/uploads\/2026\/03\/cropped-logo-10-Phyto-4-Pattes.jpg","contentUrl":"http:\/\/phyto4pattes.fr\/wp-content\/uploads\/2026\/03\/cropped-logo-10-Phyto-4-Pattes.jpg","width":250,"height":250,"caption":"Phyto4Pattes.fr"},"image":{"@id":"http:\/\/phyto4pattes.fr\/#\/schema\/logo\/image\/"}}]}},"_links":{"self":[{"href":"https:\/\/phyto4pattes.fr\/index.php\/wp-json\/wp\/v2\/product\/126","targetHints":{"allow":["GET"]}}],"collection":[{"href":"https:\/\/phyto4pattes.fr\/index.php\/wp-json\/wp\/v2\/product"}],"about":[{"href":"https:\/\/phyto4pattes.fr\/index.php\/wp-json\/wp\/v2\/types\/product"}],"replies":[{"embeddable":true,"href":"https:\/\/phyto4pattes.fr\/index.php\/wp-json\/wp\/v2\/comments?post=126"}],"wp:featuredmedia":[{"embeddable":true,"href":"https:\/\/phyto4pattes.fr\/index.php\/wp-json\/wp\/v2\/media\/127"}],"wp:attachment":[{"href":"https:\/\/phyto4pattes.fr\/index.php\/wp-json\/wp\/v2\/media?parent=126"}],"wp:term":[{"taxonomy":"product_brand","embeddable":true,"href":"https:\/\/phyto4pattes.fr\/index.php\/wp-json\/wp\/v2\/product_brand?post=126"},{"taxonomy":"product_cat","embeddable":true,"href":"https:\/\/phyto4pattes.fr\/index.php\/wp-json\/wp\/v2\/product_cat?post=126"},{"taxonomy":"product_tag","embeddable":true,"href":"https:\/\/phyto4pattes.fr\/index.php\/wp-json\/wp\/v2\/product_tag?post=126"}],"curies":[{"name":"wp","href":"https:\/\/api.w.org\/{rel}","templated":true}]}}