{"id":112,"date":"2026-03-12T18:47:11","date_gmt":"2026-03-12T18:47:11","guid":{"rendered":"https:\/\/phyto4pattes.fr\/?post_type=product&#038;p=112"},"modified":"2026-03-22T17:49:38","modified_gmt":"2026-03-22T17:49:38","slug":"complement-chiens-sportifs","status":"publish","type":"product","link":"https:\/\/phyto4pattes.fr\/index.php\/produit\/complement-chiens-sportifs\/","title":{"rendered":"Compl\u00e9ment chiens sportifs"},"content":{"rendered":"<p data-start=\"34\" data-end=\"108\"><strong data-start=\"34\" data-end=\"108\">Optimiser la performance et soutenir la r\u00e9cup\u00e9ration des chiens actifs<\/strong><\/p>\n<p data-start=\"110\" data-end=\"387\">Les chiens sportifs ou tr\u00e8s actifs sont soumis \u00e0 des efforts physiques r\u00e9guliers qui sollicitent <strong data-start=\"207\" data-end=\"255\">articulations, muscles, ligaments et \u00e9nergie<\/strong>. Une bonne r\u00e9cup\u00e9ration et un soutien cibl\u00e9 de l\u2019organisme sont essentiels pour maintenir <strong data-start=\"346\" data-end=\"384\">performance, mobilit\u00e9 et bien-\u00eatre<\/strong>.<\/p>\n<p data-start=\"389\" data-end=\"601\">La <strong data-start=\"392\" data-end=\"416\">cure Chiens Sportifs<\/strong> a \u00e9t\u00e9 formul\u00e9e pour accompagner les chiens actifs avant, pendant et apr\u00e8s l\u2019effort, afin de <strong data-start=\"509\" data-end=\"600\">pr\u00e9venir la fatigue, prot\u00e9ger les articulations et favoriser la r\u00e9cup\u00e9ration musculaire<\/strong>.<\/p>\n<hr data-start=\"603\" data-end=\"606\" \/>\n<h3 data-section-id=\"1stjt08\" data-start=\"608\" data-end=\"636\">Les objectifs de la cure<\/h3>\n<p data-start=\"638\" data-end=\"659\">Cette cure vise \u00e0 :<\/p>\n<ul data-start=\"661\" data-end=\"927\">\n<li data-section-id=\"1buh2lk\" data-start=\"661\" data-end=\"717\">\n<p data-start=\"663\" data-end=\"717\">soutenir les <strong data-start=\"676\" data-end=\"715\">articulations, ligaments et muscles<\/strong><\/p>\n<\/li>\n<li data-section-id=\"1iodpry\" data-start=\"718\" data-end=\"766\">\n<p data-start=\"720\" data-end=\"766\">favoriser la <strong data-start=\"733\" data-end=\"764\">r\u00e9cup\u00e9ration apr\u00e8s l\u2019effort<\/strong><\/p>\n<\/li>\n<li data-section-id=\"1f2ac4y\" data-start=\"767\" data-end=\"812\">\n<p data-start=\"769\" data-end=\"812\">maintenir la <strong data-start=\"782\" data-end=\"810\">souplesse et la mobilit\u00e9<\/strong><\/p>\n<\/li>\n<li data-section-id=\"1v4ep5q\" data-start=\"813\" data-end=\"866\">\n<p data-start=\"815\" data-end=\"866\">soutenir <strong data-start=\"824\" data-end=\"864\">l\u2019\u00e9nergie et la vitalit\u00e9 quotidienne<\/strong><\/p>\n<\/li>\n<li data-section-id=\"16640xm\" data-start=\"867\" data-end=\"927\">\n<p data-start=\"869\" data-end=\"927\">prot\u00e9ger les <strong data-start=\"882\" data-end=\"925\">tissus conjonctifs et les articulations<\/strong><\/p>\n<\/li>\n<\/ul>\n<hr data-start=\"929\" data-end=\"932\" \/>\n<h3 data-section-id=\"1moovnp\" data-start=\"934\" data-end=\"957\">Pour quels chiens ?<\/h3>\n<p data-start=\"959\" data-end=\"998\">La cure Chiens Sportifs est adapt\u00e9e aux chiens pratiquant <strong data-start=\"1024\" data-end=\"1081\">agility, canicross, flyball, travail ou sports canins, <\/strong>aux chiens tr\u00e8s actifs lors des <strong data-start=\"1118\" data-end=\"1149\">promenades et jeux intenses, <\/strong>aux chiens sollicitant <strong data-start=\"1177\" data-end=\"1221\">fortement leurs articulations et muscles, <\/strong>aux chiens ayant besoin de <strong data-start=\"1253\" data-end=\"1295\">pr\u00e9vention des inconforts articulaires, <\/strong>pour soutenir <strong data-start=\"1314\" data-end=\"1368\">la r\u00e9cup\u00e9ration apr\u00e8s un effort ou une comp\u00e9tition.<\/strong><\/p>\n<hr data-start=\"1372\" data-end=\"1375\" \/>\n<h3 data-section-id=\"846gqq\" data-start=\"1377\" data-end=\"1403\">Les b\u00e9n\u00e9fices attendus<\/h3>\n<p data-start=\"1405\" data-end=\"1450\">Une cure adapt\u00e9e peut aider votre chien \u00e0 :<\/p>\n<p data-start=\"1452\" data-end=\"1712\">\u2714 am\u00e9liorer la <strong data-start=\"1467\" data-end=\"1494\">r\u00e9cup\u00e9ration musculaire<\/strong><br data-start=\"1494\" data-end=\"1497\" \/>\u2714 soutenir la <strong data-start=\"1511\" data-end=\"1551\">souplesse et la mobilit\u00e9 articulaire<\/strong><br data-start=\"1551\" data-end=\"1554\" \/>\u2714 maintenir un <strong data-start=\"1569\" data-end=\"1603\">bon confort lors de l\u2019activit\u00e9<\/strong><br data-start=\"1603\" data-end=\"1606\" \/>\u2714 pr\u00e9venir la <strong data-start=\"1620\" data-end=\"1659\">fatigue et les tensions musculaires<\/strong><br data-start=\"1659\" data-end=\"1662\" \/>\u2714 renforcer <strong data-start=\"1674\" data-end=\"1710\">l\u2019\u00e9nergie et la vitalit\u00e9 globale<\/strong><\/p>\n<hr data-start=\"1714\" data-end=\"1717\" \/>\n<h3 data-section-id=\"14klbdb\" data-start=\"1719\" data-end=\"1749\">Comment utiliser la cure ? (\u00e0 m\u00e9langer <strong data-start=\"1936\" data-end=\"1956\">\u00e0 l\u2019alimentation)<\/strong><\/h3>\n<ul data-start=\"1751\" data-end=\"1958\">\n<li data-section-id=\"5v7e2i\" data-start=\"1751\" data-end=\"1793\">\n<p data-start=\"1753\" data-end=\"1793\">Cure recommand\u00e9e de <strong data-start=\"1773\" data-end=\"1791\">3 \u00e0 6 semaines<\/strong><\/p>\n<\/li>\n<li data-section-id=\"1fw3y8u\" data-start=\"1794\" data-end=\"1861\">\n<p data-start=\"1796\" data-end=\"1861\">\u00c0 administrer <strong data-start=\"1810\" data-end=\"1859\">avant, pendant ou apr\u00e8s les p\u00e9riodes d\u2019effort<\/strong><\/p>\n<\/li>\n<li data-section-id=\"i00cm5\" data-start=\"1862\" data-end=\"1922\">\n<p data-start=\"1864\" data-end=\"1922\">Peut \u00eatre renouvel\u00e9e <strong data-start=\"1885\" data-end=\"1920\">selon l\u2019intensit\u00e9 de l\u2019activit\u00e9<\/strong><\/p>\n<\/li>\n<\/ul>\n<hr data-start=\"1960\" data-end=\"1963\" \/>\n<h3 data-section-id=\"evjedv\" data-start=\"1965\" data-end=\"1986\">Conseil bien-\u00eatre<\/h3>\n<p data-start=\"1988\" data-end=\"2034\">Pour accompagner au mieux un chien sportif :<\/p>\n<ul data-start=\"2036\" data-end=\"2249\">\n<li data-section-id=\"16ir0u4\" data-start=\"2036\" data-end=\"2093\">\n<p data-start=\"2038\" data-end=\"2093\">pr\u00e9voir un <strong data-start=\"2049\" data-end=\"2091\">\u00e9chauffement progressif avant l\u2019effort<\/strong><\/p>\n<\/li>\n<li data-section-id=\"xp473o\" data-start=\"2094\" data-end=\"2138\">\n<p data-start=\"2096\" data-end=\"2138\">maintenir une <strong data-start=\"2110\" data-end=\"2136\">hydratation suffisante<\/strong><\/p>\n<\/li>\n<li data-section-id=\"9ko7fc\" data-start=\"2139\" data-end=\"2193\">\n<p data-start=\"2141\" data-end=\"2193\">assurer <strong data-start=\"2149\" data-end=\"2191\">repos et r\u00e9cup\u00e9ration apr\u00e8s l\u2019activit\u00e9<\/strong><\/p>\n<\/li>\n<li data-section-id=\"1336awb\" data-start=\"2194\" data-end=\"2249\">\n<p data-start=\"2196\" data-end=\"2249\">proposer une <strong data-start=\"2209\" data-end=\"2247\">alimentation adapt\u00e9e et \u00e9quilibr\u00e9e<\/strong><\/p>\n<\/li>\n<\/ul>\n<hr data-start=\"2251\" data-end=\"2254\" \/>\n<p data-start=\"2256\" data-end=\"2478\">\ud83d\udca1 La cure Chiens Sportifs est une solution naturelle pour <strong data-start=\"2315\" data-end=\"2394\">pr\u00e9venir la fatigue, prot\u00e9ger les articulations et soutenir la r\u00e9cup\u00e9ration<\/strong>, permettant \u00e0 votre chien de rester <strong data-start=\"2431\" data-end=\"2470\">actif, souple et en pleine vitalit\u00e9<\/strong>. \ud83d\udc15\ud83d\udcaa<\/p>\n<p data-start=\"2256\" data-end=\"2478\">Pour une r\u00e9cup\u00e9ration optimale, combinez cette cure avec le \ud83d\udc49<a href=\"https:\/\/phyto4pattes.fr\/index.php\/produit\/drainage-musculaire-chiens\/\">Drainage musculaire chiens<\/a>, \ud83d\udc49<a href=\"https:\/\/phyto4pattes.fr\/index.php\/produit\/collagene-chiens\/\">Collag\u00e8ne chiens<\/a>, \ud83d\udc49<a href=\"https:\/\/phyto4pattes.fr\/index.php\/produit\/complement-ligaments-chiens\/\">Compl\u00e9ment ligaments chiens<\/a> .<\/p>\n","protected":false},"excerpt":{"rendered":"<p>(algues, levures, pissenlit, fenugrec)<\/p>\n<p>Compl\u00e9ment alimentaire fortifiant, 100% naturel, facilite l&rsquo;effort, retarde l&rsquo;apparition de la fatigue et augmente la r\u00e9cup\u00e9ration physique.<\/p>\n<p>Aide \u00e0 la pr\u00e9paration et \u00e0 la r\u00e9cup\u00e9ration de l&rsquo;effort physique chez le chien de sport, de chasse, de travail, de course, ring, agility&#8230;<\/p>\n<p>&nbsp;<\/p>\n<p>&nbsp;<\/p>\n<p>utilisation\u00a0: (c.dose fournie = 2 g)<\/p>\n<p>chiens &lt; 10 kg : 1\/2 c.dose \/ jour<\/p>\n<p>chiens 10 \u00e0 20 kg : 1 c.dose \/ jour<\/p>\n<p>(1 c.dose \/ 10 kg \/ jour)<\/p>\n<p>&nbsp;<\/p>\n<p>&nbsp;<\/p>\n<p>Produits 100 % naturel, non dopant, formul\u00e9 pour les chiens.<\/p>\n<p>Conserver dans un endroit sec, bien refermer apr\u00e8s usage.<\/p>\n<p>Produit d&rsquo;hygi\u00e8ne et de soin, compl\u00e9ment alimentaire.<\/p>\n<p>En pot de 200g de poudres de plantes (photo non contractuelle)<\/p>\n<p><strong>\u00a0Ces substances sont des compl\u00e9ments alimentaires et ne dispensent pas d&rsquo;un avis v\u00e9t\u00e9rinaire.<\/strong><\/p>\n","protected":false},"featured_media":108,"comment_status":"open","ping_status":"closed","template":"","meta":[],"product_brand":[],"product_cat":[28,45],"product_tag":[],"class_list":{"0":"post-112","1":"product","2":"type-product","3":"status-publish","4":"has-post-thumbnail","6":"product_cat-gamme-canine","7":"product_cat-soins-naturels-specifiques-et-cycles-de-vie","9":"first","10":"instock","11":"taxable","12":"shipping-taxable","13":"purchasable","14":"product-type-simple"},"yoast_head":"<!-- This site is optimized with the Yoast SEO plugin v27.2 - https:\/\/yoast.com\/product\/yoast-seo-wordpress\/ -->\n<title>Compl\u00e9ment chiens sportifs - Phyto4Pattes.fr<\/title>\n<meta name=\"description\" content=\"Optimisez les performances et la r\u00e9cup\u00e9ration de votre chien sportif avec une formule naturelle adapt\u00e9e \u00e0 l\u2019effort.\" \/>\n<meta name=\"robots\" content=\"index, follow, max-snippet:-1, max-image-preview:large, max-video-preview:-1\" \/>\n<link rel=\"canonical\" href=\"https:\/\/phyto4pattes.fr\/index.php\/produit\/complement-chiens-sportifs\/\" \/>\n<meta property=\"og:locale\" content=\"fr_FR\" \/>\n<meta property=\"og:type\" content=\"article\" \/>\n<meta property=\"og:title\" content=\"Compl\u00e9ment chiens sportifs - Phyto4Pattes.fr\" \/>\n<meta property=\"og:description\" content=\"Optimisez les performances et la r\u00e9cup\u00e9ration de votre chien sportif avec une formule naturelle adapt\u00e9e \u00e0 l\u2019effort.\" \/>\n<meta property=\"og:url\" content=\"https:\/\/phyto4pattes.fr\/index.php\/produit\/complement-chiens-sportifs\/\" \/>\n<meta property=\"og:site_name\" content=\"Phyto4Pattes.fr\" \/>\n<meta property=\"article:modified_time\" content=\"2026-03-22T17:49:38+00:00\" \/>\n<meta property=\"og:image\" content=\"https:\/\/phyto4pattes.fr\/wp-content\/uploads\/2026\/03\/cure-chiens-sportifs.jpg\" \/>\n\t<meta property=\"og:image:width\" content=\"800\" \/>\n\t<meta property=\"og:image:height\" content=\"800\" \/>\n\t<meta property=\"og:image:type\" content=\"image\/jpeg\" \/>\n<meta name=\"twitter:card\" content=\"summary_large_image\" \/>\n<meta name=\"twitter:label1\" content=\"Dur\u00e9e de lecture estim\u00e9e\" \/>\n\t<meta name=\"twitter:data1\" content=\"2 minutes\" \/>\n<script type=\"application\/ld+json\" class=\"yoast-schema-graph\">{\"@context\":\"https:\/\/schema.org\",\"@graph\":[{\"@type\":\"WebPage\",\"@id\":\"https:\/\/phyto4pattes.fr\/index.php\/produit\/complement-chiens-sportifs\/\",\"url\":\"https:\/\/phyto4pattes.fr\/index.php\/produit\/complement-chiens-sportifs\/\",\"name\":\"Compl\u00e9ment chiens sportifs - Phyto4Pattes.fr\",\"isPartOf\":{\"@id\":\"http:\/\/phyto4pattes.fr\/#website\"},\"primaryImageOfPage\":{\"@id\":\"https:\/\/phyto4pattes.fr\/index.php\/produit\/complement-chiens-sportifs\/#primaryimage\"},\"image\":{\"@id\":\"https:\/\/phyto4pattes.fr\/index.php\/produit\/complement-chiens-sportifs\/#primaryimage\"},\"thumbnailUrl\":\"https:\/\/phyto4pattes.fr\/wp-content\/uploads\/2026\/03\/cure-chiens-sportifs.jpg\",\"datePublished\":\"2026-03-12T18:47:11+00:00\",\"dateModified\":\"2026-03-22T17:49:38+00:00\",\"description\":\"Optimisez les performances et la r\u00e9cup\u00e9ration de votre chien sportif avec une formule naturelle adapt\u00e9e \u00e0 l\u2019effort.\",\"breadcrumb\":{\"@id\":\"https:\/\/phyto4pattes.fr\/index.php\/produit\/complement-chiens-sportifs\/#breadcrumb\"},\"inLanguage\":\"fr-FR\",\"potentialAction\":[{\"@type\":\"ReadAction\",\"target\":[\"https:\/\/phyto4pattes.fr\/index.php\/produit\/complement-chiens-sportifs\/\"]}]},{\"@type\":\"ImageObject\",\"inLanguage\":\"fr-FR\",\"@id\":\"https:\/\/phyto4pattes.fr\/index.php\/produit\/complement-chiens-sportifs\/#primaryimage\",\"url\":\"https:\/\/phyto4pattes.fr\/wp-content\/uploads\/2026\/03\/cure-chiens-sportifs.jpg\",\"contentUrl\":\"https:\/\/phyto4pattes.fr\/wp-content\/uploads\/2026\/03\/cure-chiens-sportifs.jpg\",\"width\":800,\"height\":800},{\"@type\":\"BreadcrumbList\",\"@id\":\"https:\/\/phyto4pattes.fr\/index.php\/produit\/complement-chiens-sportifs\/#breadcrumb\",\"itemListElement\":[{\"@type\":\"ListItem\",\"position\":1,\"name\":\"Accueil\",\"item\":\"https:\/\/phyto4pattes.fr\/\"},{\"@type\":\"ListItem\",\"position\":2,\"name\":\"Boutique\",\"item\":\"https:\/\/phyto4pattes.fr\/index.php\/shop\/\"},{\"@type\":\"ListItem\",\"position\":3,\"name\":\"Compl\u00e9ment chiens sportifs\"}]},{\"@type\":\"WebSite\",\"@id\":\"http:\/\/phyto4pattes.fr\/#website\",\"url\":\"http:\/\/phyto4pattes.fr\/\",\"name\":\"Phyto4Pattes.fr\",\"description\":\"\u00ab Le bien-\u00eatre de votre animal commence par les plantes \u00bb\",\"publisher\":{\"@id\":\"http:\/\/phyto4pattes.fr\/#organization\"},\"potentialAction\":[{\"@type\":\"SearchAction\",\"target\":{\"@type\":\"EntryPoint\",\"urlTemplate\":\"http:\/\/phyto4pattes.fr\/?s={search_term_string}\"},\"query-input\":{\"@type\":\"PropertyValueSpecification\",\"valueRequired\":true,\"valueName\":\"search_term_string\"}}],\"inLanguage\":\"fr-FR\"},{\"@type\":\"Organization\",\"@id\":\"http:\/\/phyto4pattes.fr\/#organization\",\"name\":\"Phyto4Pattes.fr\",\"url\":\"http:\/\/phyto4pattes.fr\/\",\"logo\":{\"@type\":\"ImageObject\",\"inLanguage\":\"fr-FR\",\"@id\":\"http:\/\/phyto4pattes.fr\/#\/schema\/logo\/image\/\",\"url\":\"http:\/\/phyto4pattes.fr\/wp-content\/uploads\/2026\/03\/cropped-logo-10-Phyto-4-Pattes.jpg\",\"contentUrl\":\"http:\/\/phyto4pattes.fr\/wp-content\/uploads\/2026\/03\/cropped-logo-10-Phyto-4-Pattes.jpg\",\"width\":250,\"height\":250,\"caption\":\"Phyto4Pattes.fr\"},\"image\":{\"@id\":\"http:\/\/phyto4pattes.fr\/#\/schema\/logo\/image\/\"}}]}<\/script>\n<!-- \/ Yoast SEO plugin. -->","yoast_head_json":{"title":"Compl\u00e9ment chiens sportifs - Phyto4Pattes.fr","description":"Optimisez les performances et la r\u00e9cup\u00e9ration de votre chien sportif avec une formule naturelle adapt\u00e9e \u00e0 l\u2019effort.","robots":{"index":"index","follow":"follow","max-snippet":"max-snippet:-1","max-image-preview":"max-image-preview:large","max-video-preview":"max-video-preview:-1"},"canonical":"https:\/\/phyto4pattes.fr\/index.php\/produit\/complement-chiens-sportifs\/","og_locale":"fr_FR","og_type":"article","og_title":"Compl\u00e9ment chiens sportifs - Phyto4Pattes.fr","og_description":"Optimisez les performances et la r\u00e9cup\u00e9ration de votre chien sportif avec une formule naturelle adapt\u00e9e \u00e0 l\u2019effort.","og_url":"https:\/\/phyto4pattes.fr\/index.php\/produit\/complement-chiens-sportifs\/","og_site_name":"Phyto4Pattes.fr","article_modified_time":"2026-03-22T17:49:38+00:00","og_image":[{"width":800,"height":800,"url":"https:\/\/phyto4pattes.fr\/wp-content\/uploads\/2026\/03\/cure-chiens-sportifs.jpg","type":"image\/jpeg"}],"twitter_card":"summary_large_image","twitter_misc":{"Dur\u00e9e de lecture estim\u00e9e":"2 minutes"},"schema":{"@context":"https:\/\/schema.org","@graph":[{"@type":"WebPage","@id":"https:\/\/phyto4pattes.fr\/index.php\/produit\/complement-chiens-sportifs\/","url":"https:\/\/phyto4pattes.fr\/index.php\/produit\/complement-chiens-sportifs\/","name":"Compl\u00e9ment chiens sportifs - Phyto4Pattes.fr","isPartOf":{"@id":"http:\/\/phyto4pattes.fr\/#website"},"primaryImageOfPage":{"@id":"https:\/\/phyto4pattes.fr\/index.php\/produit\/complement-chiens-sportifs\/#primaryimage"},"image":{"@id":"https:\/\/phyto4pattes.fr\/index.php\/produit\/complement-chiens-sportifs\/#primaryimage"},"thumbnailUrl":"https:\/\/phyto4pattes.fr\/wp-content\/uploads\/2026\/03\/cure-chiens-sportifs.jpg","datePublished":"2026-03-12T18:47:11+00:00","dateModified":"2026-03-22T17:49:38+00:00","description":"Optimisez les performances et la r\u00e9cup\u00e9ration de votre chien sportif avec une formule naturelle adapt\u00e9e \u00e0 l\u2019effort.","breadcrumb":{"@id":"https:\/\/phyto4pattes.fr\/index.php\/produit\/complement-chiens-sportifs\/#breadcrumb"},"inLanguage":"fr-FR","potentialAction":[{"@type":"ReadAction","target":["https:\/\/phyto4pattes.fr\/index.php\/produit\/complement-chiens-sportifs\/"]}]},{"@type":"ImageObject","inLanguage":"fr-FR","@id":"https:\/\/phyto4pattes.fr\/index.php\/produit\/complement-chiens-sportifs\/#primaryimage","url":"https:\/\/phyto4pattes.fr\/wp-content\/uploads\/2026\/03\/cure-chiens-sportifs.jpg","contentUrl":"https:\/\/phyto4pattes.fr\/wp-content\/uploads\/2026\/03\/cure-chiens-sportifs.jpg","width":800,"height":800},{"@type":"BreadcrumbList","@id":"https:\/\/phyto4pattes.fr\/index.php\/produit\/complement-chiens-sportifs\/#breadcrumb","itemListElement":[{"@type":"ListItem","position":1,"name":"Accueil","item":"https:\/\/phyto4pattes.fr\/"},{"@type":"ListItem","position":2,"name":"Boutique","item":"https:\/\/phyto4pattes.fr\/index.php\/shop\/"},{"@type":"ListItem","position":3,"name":"Compl\u00e9ment chiens sportifs"}]},{"@type":"WebSite","@id":"http:\/\/phyto4pattes.fr\/#website","url":"http:\/\/phyto4pattes.fr\/","name":"Phyto4Pattes.fr","description":"\u00ab Le bien-\u00eatre de votre animal commence par les plantes \u00bb","publisher":{"@id":"http:\/\/phyto4pattes.fr\/#organization"},"potentialAction":[{"@type":"SearchAction","target":{"@type":"EntryPoint","urlTemplate":"http:\/\/phyto4pattes.fr\/?s={search_term_string}"},"query-input":{"@type":"PropertyValueSpecification","valueRequired":true,"valueName":"search_term_string"}}],"inLanguage":"fr-FR"},{"@type":"Organization","@id":"http:\/\/phyto4pattes.fr\/#organization","name":"Phyto4Pattes.fr","url":"http:\/\/phyto4pattes.fr\/","logo":{"@type":"ImageObject","inLanguage":"fr-FR","@id":"http:\/\/phyto4pattes.fr\/#\/schema\/logo\/image\/","url":"http:\/\/phyto4pattes.fr\/wp-content\/uploads\/2026\/03\/cropped-logo-10-Phyto-4-Pattes.jpg","contentUrl":"http:\/\/phyto4pattes.fr\/wp-content\/uploads\/2026\/03\/cropped-logo-10-Phyto-4-Pattes.jpg","width":250,"height":250,"caption":"Phyto4Pattes.fr"},"image":{"@id":"http:\/\/phyto4pattes.fr\/#\/schema\/logo\/image\/"}}]}},"_links":{"self":[{"href":"https:\/\/phyto4pattes.fr\/index.php\/wp-json\/wp\/v2\/product\/112","targetHints":{"allow":["GET"]}}],"collection":[{"href":"https:\/\/phyto4pattes.fr\/index.php\/wp-json\/wp\/v2\/product"}],"about":[{"href":"https:\/\/phyto4pattes.fr\/index.php\/wp-json\/wp\/v2\/types\/product"}],"replies":[{"embeddable":true,"href":"https:\/\/phyto4pattes.fr\/index.php\/wp-json\/wp\/v2\/comments?post=112"}],"wp:featuredmedia":[{"embeddable":true,"href":"https:\/\/phyto4pattes.fr\/index.php\/wp-json\/wp\/v2\/media\/108"}],"wp:attachment":[{"href":"https:\/\/phyto4pattes.fr\/index.php\/wp-json\/wp\/v2\/media?parent=112"}],"wp:term":[{"taxonomy":"product_brand","embeddable":true,"href":"https:\/\/phyto4pattes.fr\/index.php\/wp-json\/wp\/v2\/product_brand?post=112"},{"taxonomy":"product_cat","embeddable":true,"href":"https:\/\/phyto4pattes.fr\/index.php\/wp-json\/wp\/v2\/product_cat?post=112"},{"taxonomy":"product_tag","embeddable":true,"href":"https:\/\/phyto4pattes.fr\/index.php\/wp-json\/wp\/v2\/product_tag?post=112"}],"curies":[{"name":"wp","href":"https:\/\/api.w.org\/{rel}","templated":true}]}}