{"id":110,"date":"2026-03-12T18:43:45","date_gmt":"2026-03-12T18:43:45","guid":{"rendered":"https:\/\/phyto4pattes.fr\/?post_type=product&#038;p=110"},"modified":"2026-03-22T17:57:12","modified_gmt":"2026-03-22T17:57:12","slug":"beaute-du-poil","status":"publish","type":"product","link":"https:\/\/phyto4pattes.fr\/index.php\/produit\/beaute-du-poil\/","title":{"rendered":"Beaut\u00e9 du poil"},"content":{"rendered":"<p data-start=\"33\" data-end=\"102\"><strong data-start=\"33\" data-end=\"102\">Soutenir naturellement la beaut\u00e9 du pelage et la sant\u00e9 de la peau<\/strong><\/p>\n<p data-start=\"104\" data-end=\"312\">Le pelage du chien est un v\u00e9ritable reflet de son \u00e9tat de sant\u00e9. Un poil terne, sec ou une chute excessive peuvent \u00eatre le signe d\u2019un d\u00e9s\u00e9quilibre nutritionnel ou d\u2019un besoin accru en nutriments essentiels.<\/p>\n<p data-start=\"314\" data-end=\"476\">La <strong data-start=\"317\" data-end=\"340\">cure Beaut\u00e9 du Poil<\/strong> a \u00e9t\u00e9 formul\u00e9e pour soutenir la peau et le pelage de votre chien, afin de favoriser <strong data-start=\"425\" data-end=\"475\">un poil brillant, dense et une peau \u00e9quilibr\u00e9e<\/strong>.<\/p>\n<hr data-start=\"478\" data-end=\"481\" \/>\n<h3 data-section-id=\"1stjt08\" data-start=\"483\" data-end=\"511\">Les objectifs de la cure<\/h3>\n<p data-start=\"513\" data-end=\"532\">Cette cure vise \u00e0 :<\/p>\n<ul data-start=\"534\" data-end=\"736\">\n<li data-section-id=\"r0ynyq\" data-start=\"534\" data-end=\"585\">\n<p data-start=\"536\" data-end=\"585\">soutenir la <strong data-start=\"548\" data-end=\"585\">qualit\u00e9 et la brillance du pelage<\/strong><\/p>\n<\/li>\n<li data-section-id=\"rvo3f5\" data-start=\"586\" data-end=\"632\">\n<p data-start=\"588\" data-end=\"632\">nourrir la <strong data-start=\"599\" data-end=\"632\">peau et les follicules pileux<\/strong><\/p>\n<\/li>\n<li data-section-id=\"1oe53sk\" data-start=\"633\" data-end=\"675\">\n<p data-start=\"635\" data-end=\"675\">favoriser une <strong data-start=\"649\" data-end=\"675\">repousse saine du poil<\/strong><\/p>\n<\/li>\n<li data-section-id=\"1c43a6w\" data-start=\"676\" data-end=\"736\">\n<p data-start=\"678\" data-end=\"736\">accompagner les p\u00e9riodes de <strong data-start=\"706\" data-end=\"736\">mue ou de pelage fragilis\u00e9<\/strong><\/p>\n<\/li>\n<\/ul>\n<hr data-start=\"738\" data-end=\"741\" \/>\n<h3 data-section-id=\"1moovnp\" data-start=\"743\" data-end=\"766\">Pour quels chiens ?<\/h3>\n<p data-start=\"768\" data-end=\"804\">La cure Beaut\u00e9 du Poil est adapt\u00e9e aux chiens pr\u00e9sentant un <strong data-start=\"833\" data-end=\"854\">poil terne ou sec, <\/strong>aux chiens ayant une <strong data-start=\"878\" data-end=\"907\">chute de poils importante, <\/strong>lors des <strong data-start=\"919\" data-end=\"938\">p\u00e9riodes de mue, <\/strong>aux chiens ayant la <strong data-start=\"961\" data-end=\"978\">peau sensible, <\/strong>aux chiens dont le pelage manque de <strong data-start=\"1017\" data-end=\"1044\">densit\u00e9 ou de brillance.<\/strong><\/p>\n<hr data-start=\"1046\" data-end=\"1049\" \/>\n<h3 data-section-id=\"846gqq\" data-start=\"1051\" data-end=\"1077\">Les b\u00e9n\u00e9fices attendus<\/h3>\n<p data-start=\"1079\" data-end=\"1122\">Une cure adapt\u00e9e peut aider votre chien \u00e0 :<\/p>\n<p data-start=\"1124\" data-end=\"1302\">\u2714 retrouver un <strong data-start=\"1139\" data-end=\"1176\">poil plus brillant et plus souple<\/strong><br data-start=\"1176\" data-end=\"1179\" \/>\u2714 soutenir la <strong data-start=\"1193\" data-end=\"1215\">repousse du pelage<\/strong><br data-start=\"1215\" data-end=\"1218\" \/>\u2714 maintenir une <strong data-start=\"1234\" data-end=\"1262\">peau saine et \u00e9quilibr\u00e9e<\/strong><br data-start=\"1262\" data-end=\"1265\" \/>\u2714 renforcer la <strong data-start=\"1280\" data-end=\"1302\">vitalit\u00e9 du pelage<\/strong><\/p>\n<hr data-start=\"1304\" data-end=\"1307\" \/>\n<h3 data-section-id=\"14klbdb\" data-start=\"1309\" data-end=\"1339\">Comment utiliser la cure ? (\u00e0 administrer <strong data-start=\"1489\" data-end=\"1518\">m\u00e9lang\u00e9e \u00e0 l\u2019alimentation)<\/strong><\/h3>\n<ul data-start=\"1341\" data-end=\"1518\">\n<li data-section-id=\"10wk1y5\" data-start=\"1341\" data-end=\"1381\">\n<p data-start=\"1343\" data-end=\"1381\">Cure recommand\u00e9e de <strong data-start=\"1363\" data-end=\"1381\">4 \u00e0 6 semaines<\/strong><\/p>\n<\/li>\n<li data-section-id=\"1nvlr34\" data-start=\"1382\" data-end=\"1472\">\n<p data-start=\"1384\" data-end=\"1472\">Peut \u00eatre renouvel\u00e9e <strong data-start=\"1405\" data-end=\"1430\">plusieurs fois par an<\/strong>, notamment lors des changements de saison<\/p>\n<\/li>\n<\/ul>\n<hr data-start=\"1520\" data-end=\"1523\" \/>\n<h3 data-section-id=\"evjedv\" data-start=\"1525\" data-end=\"1546\">Conseil bien-\u00eatre<\/h3>\n<p data-start=\"1548\" data-end=\"1599\">Pour pr\u00e9server la beaut\u00e9 du pelage de votre chien :<\/p>\n<ul data-start=\"1601\" data-end=\"1741\">\n<li data-section-id=\"q6dt82\" data-start=\"1601\" data-end=\"1669\">\n<p data-start=\"1603\" data-end=\"1669\">privil\u00e9gier une <strong data-start=\"1619\" data-end=\"1669\">alimentation \u00e9quilibr\u00e9e et riche en nutriments<\/strong><\/p>\n<\/li>\n<li data-section-id=\"pt2l8y\" data-start=\"1670\" data-end=\"1703\">\n<p data-start=\"1672\" data-end=\"1703\">brosser r\u00e9guli\u00e8rement le pelage<\/p>\n<\/li>\n<li data-section-id=\"4x0enw\" data-start=\"1704\" data-end=\"1741\">\n<p data-start=\"1706\" data-end=\"1741\">veiller \u00e0 une <strong data-start=\"1720\" data-end=\"1741\">bonne hydratation<\/strong><\/p>\n<\/li>\n<\/ul>\n<hr data-start=\"1743\" data-end=\"1746\" \/>\n<p data-start=\"1748\" data-end=\"1939\">\ud83d\udca1 Une cure d\u00e9di\u00e9e \u00e0 la beaut\u00e9 du poil permet d\u2019accompagner naturellement la <strong data-start=\"1825\" data-end=\"1869\">sant\u00e9 de la peau et la qualit\u00e9 du pelage<\/strong>, pour un chien au poil <strong data-start=\"1893\" data-end=\"1934\">brillant, dense et en pleine vitalit\u00e9<\/strong>. \ud83d\udc15\u2728<\/p>\n<p data-start=\"1748\" data-end=\"1939\">Pour un pelage optimal, associez ce compl\u00e9ment avec \ud83d\udc49 la <a href=\"https:\/\/phyto4pattes.fr\/index.php\/produit\/spiruline-chiens\/\">Spiruline chiens<\/a>, \ud83d\udc49 <a href=\"https:\/\/phyto4pattes.fr\/index.php\/produit\/demangeaisons-chiens\/\">D\u00e9mangeaisons chiens<\/a> .<\/p>\n","protected":false},"excerpt":{"rendered":"<p>(algues, levures, orties)<\/p>\n<p>&nbsp;<\/p>\n<p>Synergie de plantes et algues favorisant pousse et brillance du poil.<\/p>\n<p>Composition riche en vitamines B, min\u00e9raux, prot\u00e9ines.<\/p>\n<p>Favorise l&rsquo;\u00e9limination des toxines de l&rsquo;organisme.<\/p>\n<p>&nbsp;<\/p>\n<p>utilisation\u00a0: (c.dose fournie = 2 g)<\/p>\n<p>chiens &lt; 10 kg : 1\/2 c.dose \/ jour<\/p>\n<p>chiens 10 \u00e0 20 kg : 1 c.dose \/ jour<\/p>\n<p>(1 c.dose \/ 10 kg \/ jour)<\/p>\n<p>&nbsp;<\/p>\n<p>&nbsp;<\/p>\n<p>Produits 100 % naturel, non dopant, formul\u00e9 pour les chiens.<\/p>\n<p>Conserver dans un endroit sec, bien refermer apr\u00e8s usage.<\/p>\n<p>Produit d&rsquo;hygi\u00e8ne et de soin, compl\u00e9ment alimentaire.<\/p>\n<p>&nbsp;<\/p>\n<p>En pot de 200g de poudres de plantes.<\/p>\n<p><strong>\u00a0Ces substances sont des compl\u00e9ments alimentaires et ne dispensent pas d&rsquo;un avis v\u00e9t\u00e9rinaire.<\/strong><\/p>\n","protected":false},"featured_media":111,"comment_status":"open","ping_status":"closed","template":"","meta":[],"product_brand":[],"product_cat":[28,45],"product_tag":[],"class_list":{"0":"post-110","1":"product","2":"type-product","3":"status-publish","4":"has-post-thumbnail","6":"product_cat-gamme-canine","7":"product_cat-soins-naturels-specifiques-et-cycles-de-vie","9":"first","10":"instock","11":"taxable","12":"shipping-taxable","13":"purchasable","14":"product-type-simple"},"yoast_head":"<!-- This site is optimized with the Yoast SEO plugin v27.2 - https:\/\/yoast.com\/product\/yoast-seo-wordpress\/ -->\n<title>Beaut\u00e9 du poil - Phyto4Pattes.fr<\/title>\n<meta name=\"description\" content=\"Offrez un pelage brillant et une peau saine \u00e0 votre chien avec une formule naturelle riche en nutriments essentiels.\" \/>\n<meta name=\"robots\" content=\"index, follow, max-snippet:-1, max-image-preview:large, max-video-preview:-1\" \/>\n<link rel=\"canonical\" href=\"http:\/\/phyto4pattes.fr\/index.php\/produit\/beaute-du-poil\/\" \/>\n<meta property=\"og:locale\" content=\"fr_FR\" \/>\n<meta property=\"og:type\" content=\"article\" \/>\n<meta property=\"og:title\" content=\"Beaut\u00e9 du poil - Phyto4Pattes.fr\" \/>\n<meta property=\"og:description\" content=\"Offrez un pelage brillant et une peau saine \u00e0 votre chien avec une formule naturelle riche en nutriments essentiels.\" \/>\n<meta property=\"og:url\" content=\"http:\/\/phyto4pattes.fr\/index.php\/produit\/beaute-du-poil\/\" \/>\n<meta property=\"og:site_name\" content=\"Phyto4Pattes.fr\" \/>\n<meta property=\"article:modified_time\" content=\"2026-03-22T17:57:12+00:00\" \/>\n<meta property=\"og:image\" content=\"http:\/\/phyto4pattes.fr\/wp-content\/uploads\/2026\/03\/beaute-du-poil.jpg\" \/>\n\t<meta property=\"og:image:width\" content=\"800\" \/>\n\t<meta property=\"og:image:height\" content=\"800\" \/>\n\t<meta property=\"og:image:type\" content=\"image\/jpeg\" \/>\n<meta name=\"twitter:card\" content=\"summary_large_image\" \/>\n<meta name=\"twitter:label1\" content=\"Dur\u00e9e de lecture estim\u00e9e\" \/>\n\t<meta name=\"twitter:data1\" content=\"2 minutes\" \/>\n<script type=\"application\/ld+json\" class=\"yoast-schema-graph\">{\"@context\":\"https:\/\/schema.org\",\"@graph\":[{\"@type\":\"WebPage\",\"@id\":\"http:\/\/phyto4pattes.fr\/index.php\/produit\/beaute-du-poil\/\",\"url\":\"http:\/\/phyto4pattes.fr\/index.php\/produit\/beaute-du-poil\/\",\"name\":\"Beaut\u00e9 du poil - Phyto4Pattes.fr\",\"isPartOf\":{\"@id\":\"http:\/\/phyto4pattes.fr\/#website\"},\"primaryImageOfPage\":{\"@id\":\"http:\/\/phyto4pattes.fr\/index.php\/produit\/beaute-du-poil\/#primaryimage\"},\"image\":{\"@id\":\"http:\/\/phyto4pattes.fr\/index.php\/produit\/beaute-du-poil\/#primaryimage\"},\"thumbnailUrl\":\"https:\/\/phyto4pattes.fr\/wp-content\/uploads\/2026\/03\/beaute-du-poil.jpg\",\"datePublished\":\"2026-03-12T18:43:45+00:00\",\"dateModified\":\"2026-03-22T17:57:12+00:00\",\"description\":\"Offrez un pelage brillant et une peau saine \u00e0 votre chien avec une formule naturelle riche en nutriments essentiels.\",\"breadcrumb\":{\"@id\":\"http:\/\/phyto4pattes.fr\/index.php\/produit\/beaute-du-poil\/#breadcrumb\"},\"inLanguage\":\"fr-FR\",\"potentialAction\":[{\"@type\":\"ReadAction\",\"target\":[\"http:\/\/phyto4pattes.fr\/index.php\/produit\/beaute-du-poil\/\"]}]},{\"@type\":\"ImageObject\",\"inLanguage\":\"fr-FR\",\"@id\":\"http:\/\/phyto4pattes.fr\/index.php\/produit\/beaute-du-poil\/#primaryimage\",\"url\":\"https:\/\/phyto4pattes.fr\/wp-content\/uploads\/2026\/03\/beaute-du-poil.jpg\",\"contentUrl\":\"https:\/\/phyto4pattes.fr\/wp-content\/uploads\/2026\/03\/beaute-du-poil.jpg\",\"width\":800,\"height\":800},{\"@type\":\"BreadcrumbList\",\"@id\":\"http:\/\/phyto4pattes.fr\/index.php\/produit\/beaute-du-poil\/#breadcrumb\",\"itemListElement\":[{\"@type\":\"ListItem\",\"position\":1,\"name\":\"Accueil\",\"item\":\"https:\/\/phyto4pattes.fr\/\"},{\"@type\":\"ListItem\",\"position\":2,\"name\":\"Boutique\",\"item\":\"https:\/\/phyto4pattes.fr\/index.php\/shop\/\"},{\"@type\":\"ListItem\",\"position\":3,\"name\":\"Beaut\u00e9 du poil\"}]},{\"@type\":\"WebSite\",\"@id\":\"http:\/\/phyto4pattes.fr\/#website\",\"url\":\"http:\/\/phyto4pattes.fr\/\",\"name\":\"Phyto4Pattes.fr\",\"description\":\"\u00ab Le bien-\u00eatre de votre animal commence par les plantes \u00bb\",\"publisher\":{\"@id\":\"http:\/\/phyto4pattes.fr\/#organization\"},\"potentialAction\":[{\"@type\":\"SearchAction\",\"target\":{\"@type\":\"EntryPoint\",\"urlTemplate\":\"http:\/\/phyto4pattes.fr\/?s={search_term_string}\"},\"query-input\":{\"@type\":\"PropertyValueSpecification\",\"valueRequired\":true,\"valueName\":\"search_term_string\"}}],\"inLanguage\":\"fr-FR\"},{\"@type\":\"Organization\",\"@id\":\"http:\/\/phyto4pattes.fr\/#organization\",\"name\":\"Phyto4Pattes.fr\",\"url\":\"http:\/\/phyto4pattes.fr\/\",\"logo\":{\"@type\":\"ImageObject\",\"inLanguage\":\"fr-FR\",\"@id\":\"http:\/\/phyto4pattes.fr\/#\/schema\/logo\/image\/\",\"url\":\"http:\/\/phyto4pattes.fr\/wp-content\/uploads\/2026\/03\/cropped-logo-10-Phyto-4-Pattes.jpg\",\"contentUrl\":\"http:\/\/phyto4pattes.fr\/wp-content\/uploads\/2026\/03\/cropped-logo-10-Phyto-4-Pattes.jpg\",\"width\":250,\"height\":250,\"caption\":\"Phyto4Pattes.fr\"},\"image\":{\"@id\":\"http:\/\/phyto4pattes.fr\/#\/schema\/logo\/image\/\"}}]}<\/script>\n<!-- \/ Yoast SEO plugin. -->","yoast_head_json":{"title":"Beaut\u00e9 du poil - Phyto4Pattes.fr","description":"Offrez un pelage brillant et une peau saine \u00e0 votre chien avec une formule naturelle riche en nutriments essentiels.","robots":{"index":"index","follow":"follow","max-snippet":"max-snippet:-1","max-image-preview":"max-image-preview:large","max-video-preview":"max-video-preview:-1"},"canonical":"http:\/\/phyto4pattes.fr\/index.php\/produit\/beaute-du-poil\/","og_locale":"fr_FR","og_type":"article","og_title":"Beaut\u00e9 du poil - Phyto4Pattes.fr","og_description":"Offrez un pelage brillant et une peau saine \u00e0 votre chien avec une formule naturelle riche en nutriments essentiels.","og_url":"http:\/\/phyto4pattes.fr\/index.php\/produit\/beaute-du-poil\/","og_site_name":"Phyto4Pattes.fr","article_modified_time":"2026-03-22T17:57:12+00:00","og_image":[{"width":800,"height":800,"url":"http:\/\/phyto4pattes.fr\/wp-content\/uploads\/2026\/03\/beaute-du-poil.jpg","type":"image\/jpeg"}],"twitter_card":"summary_large_image","twitter_misc":{"Dur\u00e9e de lecture estim\u00e9e":"2 minutes"},"schema":{"@context":"https:\/\/schema.org","@graph":[{"@type":"WebPage","@id":"http:\/\/phyto4pattes.fr\/index.php\/produit\/beaute-du-poil\/","url":"http:\/\/phyto4pattes.fr\/index.php\/produit\/beaute-du-poil\/","name":"Beaut\u00e9 du poil - Phyto4Pattes.fr","isPartOf":{"@id":"http:\/\/phyto4pattes.fr\/#website"},"primaryImageOfPage":{"@id":"http:\/\/phyto4pattes.fr\/index.php\/produit\/beaute-du-poil\/#primaryimage"},"image":{"@id":"http:\/\/phyto4pattes.fr\/index.php\/produit\/beaute-du-poil\/#primaryimage"},"thumbnailUrl":"https:\/\/phyto4pattes.fr\/wp-content\/uploads\/2026\/03\/beaute-du-poil.jpg","datePublished":"2026-03-12T18:43:45+00:00","dateModified":"2026-03-22T17:57:12+00:00","description":"Offrez un pelage brillant et une peau saine \u00e0 votre chien avec une formule naturelle riche en nutriments essentiels.","breadcrumb":{"@id":"http:\/\/phyto4pattes.fr\/index.php\/produit\/beaute-du-poil\/#breadcrumb"},"inLanguage":"fr-FR","potentialAction":[{"@type":"ReadAction","target":["http:\/\/phyto4pattes.fr\/index.php\/produit\/beaute-du-poil\/"]}]},{"@type":"ImageObject","inLanguage":"fr-FR","@id":"http:\/\/phyto4pattes.fr\/index.php\/produit\/beaute-du-poil\/#primaryimage","url":"https:\/\/phyto4pattes.fr\/wp-content\/uploads\/2026\/03\/beaute-du-poil.jpg","contentUrl":"https:\/\/phyto4pattes.fr\/wp-content\/uploads\/2026\/03\/beaute-du-poil.jpg","width":800,"height":800},{"@type":"BreadcrumbList","@id":"http:\/\/phyto4pattes.fr\/index.php\/produit\/beaute-du-poil\/#breadcrumb","itemListElement":[{"@type":"ListItem","position":1,"name":"Accueil","item":"https:\/\/phyto4pattes.fr\/"},{"@type":"ListItem","position":2,"name":"Boutique","item":"https:\/\/phyto4pattes.fr\/index.php\/shop\/"},{"@type":"ListItem","position":3,"name":"Beaut\u00e9 du poil"}]},{"@type":"WebSite","@id":"http:\/\/phyto4pattes.fr\/#website","url":"http:\/\/phyto4pattes.fr\/","name":"Phyto4Pattes.fr","description":"\u00ab Le bien-\u00eatre de votre animal commence par les plantes \u00bb","publisher":{"@id":"http:\/\/phyto4pattes.fr\/#organization"},"potentialAction":[{"@type":"SearchAction","target":{"@type":"EntryPoint","urlTemplate":"http:\/\/phyto4pattes.fr\/?s={search_term_string}"},"query-input":{"@type":"PropertyValueSpecification","valueRequired":true,"valueName":"search_term_string"}}],"inLanguage":"fr-FR"},{"@type":"Organization","@id":"http:\/\/phyto4pattes.fr\/#organization","name":"Phyto4Pattes.fr","url":"http:\/\/phyto4pattes.fr\/","logo":{"@type":"ImageObject","inLanguage":"fr-FR","@id":"http:\/\/phyto4pattes.fr\/#\/schema\/logo\/image\/","url":"http:\/\/phyto4pattes.fr\/wp-content\/uploads\/2026\/03\/cropped-logo-10-Phyto-4-Pattes.jpg","contentUrl":"http:\/\/phyto4pattes.fr\/wp-content\/uploads\/2026\/03\/cropped-logo-10-Phyto-4-Pattes.jpg","width":250,"height":250,"caption":"Phyto4Pattes.fr"},"image":{"@id":"http:\/\/phyto4pattes.fr\/#\/schema\/logo\/image\/"}}]}},"_links":{"self":[{"href":"https:\/\/phyto4pattes.fr\/index.php\/wp-json\/wp\/v2\/product\/110","targetHints":{"allow":["GET"]}}],"collection":[{"href":"https:\/\/phyto4pattes.fr\/index.php\/wp-json\/wp\/v2\/product"}],"about":[{"href":"https:\/\/phyto4pattes.fr\/index.php\/wp-json\/wp\/v2\/types\/product"}],"replies":[{"embeddable":true,"href":"https:\/\/phyto4pattes.fr\/index.php\/wp-json\/wp\/v2\/comments?post=110"}],"wp:featuredmedia":[{"embeddable":true,"href":"https:\/\/phyto4pattes.fr\/index.php\/wp-json\/wp\/v2\/media\/111"}],"wp:attachment":[{"href":"https:\/\/phyto4pattes.fr\/index.php\/wp-json\/wp\/v2\/media?parent=110"}],"wp:term":[{"taxonomy":"product_brand","embeddable":true,"href":"https:\/\/phyto4pattes.fr\/index.php\/wp-json\/wp\/v2\/product_brand?post=110"},{"taxonomy":"product_cat","embeddable":true,"href":"https:\/\/phyto4pattes.fr\/index.php\/wp-json\/wp\/v2\/product_cat?post=110"},{"taxonomy":"product_tag","embeddable":true,"href":"https:\/\/phyto4pattes.fr\/index.php\/wp-json\/wp\/v2\/product_tag?post=110"}],"curies":[{"name":"wp","href":"https:\/\/api.w.org\/{rel}","templated":true}]}}