{"id":449,"date":"2026-03-27T13:41:44","date_gmt":"2026-03-27T13:41:44","guid":{"rendered":"https:\/\/phyto4pattes.fr\/?page_id=449"},"modified":"2026-03-27T13:46:38","modified_gmt":"2026-03-27T13:46:38","slug":"renforcer-le-systeme-immunitaire-du-chien-naturellement","status":"publish","type":"page","link":"https:\/\/phyto4pattes.fr\/index.php\/blog\/renforcer-le-systeme-immunitaire-du-chien-naturellement\/","title":{"rendered":"Renforcer le syst\u00e8me immunitaire du chien naturellement"},"content":{"rendered":"\n<p>Un syst\u00e8me immunitaire fort est essentiel pour prot\u00e9ger votre chien contre les maladies.<\/p>\n\n\n\n<h2 class=\"wp-block-heading\">\ud83d\udd0d Pourquoi l\u2019immunit\u00e9 baisse ?<\/h2>\n\n\n\n<ul class=\"wp-block-list\">\n<li>Stress<\/li>\n\n\n\n<li>Mauvaise alimentation<\/li>\n\n\n\n<li>Vieillissement<\/li>\n\n\n\n<li>Maladies<\/li>\n\n\n\n<li>Fatigue<\/li>\n<\/ul>\n\n\n\n<h2 class=\"wp-block-heading\">\u26a0\ufe0f Signes d\u2019une immunit\u00e9 faible<\/h2>\n\n\n\n<ul class=\"wp-block-list\">\n<li>Maladies fr\u00e9quentes<\/li>\n\n\n\n<li>Fatigue<\/li>\n\n\n\n<li>Manque d\u2019\u00e9nergie<\/li>\n\n\n\n<li>Poil terne<\/li>\n<\/ul>\n\n\n\n<h2 class=\"wp-block-heading\">\ud83c\udf3f Solutions naturelles<\/h2>\n\n\n\n<ul class=\"wp-block-list\">\n<li>Spiruline<\/li>\n\n\n\n<li>Plantes adaptog\u00e8nes<\/li>\n\n\n\n<li>Alimentation de qualit\u00e9<\/li>\n\n\n\n<li>Compl\u00e9ments naturels<\/li>\n<\/ul>\n\n\n\n<h2 class=\"wp-block-heading\">\ud83c\udfaf Actions \u00e0 mettre en place<\/h2>\n\n\n\n<ol class=\"wp-block-list\">\n<li>Am\u00e9liorer l\u2019alimentation<\/li>\n\n\n\n<li>Ajouter des compl\u00e9ments<\/li>\n\n\n\n<li>R\u00e9duire le stress<\/li>\n<\/ol>\n\n\n\n<h2 class=\"wp-block-heading\">\ud83d\uded2 Solution recommand\u00e9e<\/h2>\n\n\n\n<p>\ud83d\udc49 <strong>D\u00e9couvrir les solutions pour renforcer l\u2019immunit\u00e9<\/strong><\/p>\n\n\n\n<h2 class=\"wp-block-heading\">\u2753 FAQ<\/h2>\n\n\n\n<p><strong>Comment booster l\u2019immunit\u00e9 naturellement ?<\/strong><br>Gr\u00e2ce \u00e0 une alimentation adapt\u00e9e et des compl\u00e9ments naturels.<\/p>\n\n\n\n<hr class=\"wp-block-separator has-alpha-channel-opacity\"\/>\n\n\n\n<p>\ud83d\udc49 Voir tous les conseils pour la vitalit\u00e9 du chien<\/p>\n","protected":false},"excerpt":{"rendered":"<p>Un syst\u00e8me immunitaire fort est essentiel pour prot\u00e9ger votre chien contre les maladies. \ud83d\udd0d Pourquoi l\u2019immunit\u00e9 baisse ? \u26a0\ufe0f Signes d\u2019une immunit\u00e9 faible \ud83c\udf3f Solutions naturelles \ud83c\udfaf Actions \u00e0 mettre en place \ud83d\uded2 Solution recommand\u00e9e \ud83d\udc49 D\u00e9couvrir les solutions pour renforcer l\u2019immunit\u00e9 \u2753 FAQ Comment booster l\u2019immunit\u00e9 naturellement ?Gr\u00e2ce \u00e0 une alimentation adapt\u00e9e et des &hellip; <\/p>\n<p class=\"link-more\"><a href=\"https:\/\/phyto4pattes.fr\/index.php\/blog\/renforcer-le-systeme-immunitaire-du-chien-naturellement\/\" class=\"more-link\">Continuer la lecture<span class=\"screen-reader-text\"> de &laquo;&nbsp;Renforcer le syst\u00e8me immunitaire du chien naturellement&nbsp;&raquo;<\/span><\/a><\/p>\n","protected":false},"author":1,"featured_media":0,"parent":47,"menu_order":0,"comment_status":"closed","ping_status":"closed","template":"","meta":{"footnotes":""},"class_list":["post-449","page","type-page","status-publish","hentry"],"yoast_head":"<!-- This site is optimized with the Yoast SEO plugin v27.2 - https:\/\/yoast.com\/product\/yoast-seo-wordpress\/ -->\n<title>Renforcer le syst\u00e8me immunitaire du chien naturellement - Phyto4Pattes.fr<\/title>\n<meta name=\"robots\" content=\"index, follow, max-snippet:-1, max-image-preview:large, max-video-preview:-1\" \/>\n<link rel=\"canonical\" href=\"https:\/\/phyto4pattes.fr\/index.php\/blog\/renforcer-le-systeme-immunitaire-du-chien-naturellement\/\" \/>\n<meta property=\"og:locale\" content=\"fr_FR\" \/>\n<meta property=\"og:type\" content=\"article\" \/>\n<meta property=\"og:title\" content=\"Renforcer le syst\u00e8me immunitaire du chien naturellement - Phyto4Pattes.fr\" \/>\n<meta property=\"og:description\" content=\"Un syst\u00e8me immunitaire fort est essentiel pour prot\u00e9ger votre chien contre les maladies. \ud83d\udd0d Pourquoi l\u2019immunit\u00e9 baisse ? \u26a0\ufe0f Signes d\u2019une immunit\u00e9 faible \ud83c\udf3f Solutions naturelles \ud83c\udfaf Actions \u00e0 mettre en place \ud83d\uded2 Solution recommand\u00e9e \ud83d\udc49 D\u00e9couvrir les solutions pour renforcer l\u2019immunit\u00e9 \u2753 FAQ Comment booster l\u2019immunit\u00e9 naturellement ?Gr\u00e2ce \u00e0 une alimentation adapt\u00e9e et des &hellip; Continuer la lecture de &laquo;&nbsp;Renforcer le syst\u00e8me immunitaire du chien naturellement&nbsp;&raquo;\" \/>\n<meta property=\"og:url\" content=\"https:\/\/phyto4pattes.fr\/index.php\/blog\/renforcer-le-systeme-immunitaire-du-chien-naturellement\/\" \/>\n<meta property=\"og:site_name\" content=\"Phyto4Pattes.fr\" \/>\n<meta property=\"article:modified_time\" content=\"2026-03-27T13:46:38+00:00\" \/>\n<meta name=\"twitter:card\" content=\"summary_large_image\" \/>\n<meta name=\"twitter:label1\" content=\"Dur\u00e9e de lecture estim\u00e9e\" \/>\n\t<meta name=\"twitter:data1\" content=\"1 minute\" \/>\n<script type=\"application\/ld+json\" class=\"yoast-schema-graph\">{\"@context\":\"https:\/\/schema.org\",\"@graph\":[{\"@type\":\"WebPage\",\"@id\":\"https:\/\/phyto4pattes.fr\/index.php\/blog\/renforcer-le-systeme-immunitaire-du-chien-naturellement\/\",\"url\":\"https:\/\/phyto4pattes.fr\/index.php\/blog\/renforcer-le-systeme-immunitaire-du-chien-naturellement\/\",\"name\":\"Renforcer le syst\u00e8me immunitaire du chien naturellement - Phyto4Pattes.fr\",\"isPartOf\":{\"@id\":\"http:\/\/phyto4pattes.fr\/#website\"},\"datePublished\":\"2026-03-27T13:41:44+00:00\",\"dateModified\":\"2026-03-27T13:46:38+00:00\",\"breadcrumb\":{\"@id\":\"https:\/\/phyto4pattes.fr\/index.php\/blog\/renforcer-le-systeme-immunitaire-du-chien-naturellement\/#breadcrumb\"},\"inLanguage\":\"fr-FR\",\"potentialAction\":[{\"@type\":\"ReadAction\",\"target\":[\"https:\/\/phyto4pattes.fr\/index.php\/blog\/renforcer-le-systeme-immunitaire-du-chien-naturellement\/\"]}]},{\"@type\":\"BreadcrumbList\",\"@id\":\"https:\/\/phyto4pattes.fr\/index.php\/blog\/renforcer-le-systeme-immunitaire-du-chien-naturellement\/#breadcrumb\",\"itemListElement\":[{\"@type\":\"ListItem\",\"position\":1,\"name\":\"Accueil\",\"item\":\"https:\/\/phyto4pattes.fr\/\"},{\"@type\":\"ListItem\",\"position\":2,\"name\":\"Blog\",\"item\":\"https:\/\/phyto4pattes.fr\/index.php\/blog\/\"},{\"@type\":\"ListItem\",\"position\":3,\"name\":\"Renforcer le syst\u00e8me immunitaire du chien naturellement\"}]},{\"@type\":\"WebSite\",\"@id\":\"http:\/\/phyto4pattes.fr\/#website\",\"url\":\"http:\/\/phyto4pattes.fr\/\",\"name\":\"Phyto4Pattes.fr\",\"description\":\"\u00ab Le bien-\u00eatre de votre animal commence par les plantes \u00bb\",\"publisher\":{\"@id\":\"http:\/\/phyto4pattes.fr\/#organization\"},\"potentialAction\":[{\"@type\":\"SearchAction\",\"target\":{\"@type\":\"EntryPoint\",\"urlTemplate\":\"http:\/\/phyto4pattes.fr\/?s={search_term_string}\"},\"query-input\":{\"@type\":\"PropertyValueSpecification\",\"valueRequired\":true,\"valueName\":\"search_term_string\"}}],\"inLanguage\":\"fr-FR\"},{\"@type\":\"Organization\",\"@id\":\"http:\/\/phyto4pattes.fr\/#organization\",\"name\":\"Phyto4Pattes.fr\",\"url\":\"http:\/\/phyto4pattes.fr\/\",\"logo\":{\"@type\":\"ImageObject\",\"inLanguage\":\"fr-FR\",\"@id\":\"http:\/\/phyto4pattes.fr\/#\/schema\/logo\/image\/\",\"url\":\"http:\/\/phyto4pattes.fr\/wp-content\/uploads\/2026\/03\/cropped-logo-10-Phyto-4-Pattes.jpg\",\"contentUrl\":\"http:\/\/phyto4pattes.fr\/wp-content\/uploads\/2026\/03\/cropped-logo-10-Phyto-4-Pattes.jpg\",\"width\":250,\"height\":250,\"caption\":\"Phyto4Pattes.fr\"},\"image\":{\"@id\":\"http:\/\/phyto4pattes.fr\/#\/schema\/logo\/image\/\"}}]}<\/script>\n<!-- \/ Yoast SEO plugin. -->","yoast_head_json":{"title":"Renforcer le syst\u00e8me immunitaire du chien naturellement - Phyto4Pattes.fr","robots":{"index":"index","follow":"follow","max-snippet":"max-snippet:-1","max-image-preview":"max-image-preview:large","max-video-preview":"max-video-preview:-1"},"canonical":"https:\/\/phyto4pattes.fr\/index.php\/blog\/renforcer-le-systeme-immunitaire-du-chien-naturellement\/","og_locale":"fr_FR","og_type":"article","og_title":"Renforcer le syst\u00e8me immunitaire du chien naturellement - Phyto4Pattes.fr","og_description":"Un syst\u00e8me immunitaire fort est essentiel pour prot\u00e9ger votre chien contre les maladies. \ud83d\udd0d Pourquoi l\u2019immunit\u00e9 baisse ? \u26a0\ufe0f Signes d\u2019une immunit\u00e9 faible \ud83c\udf3f Solutions naturelles \ud83c\udfaf Actions \u00e0 mettre en place \ud83d\uded2 Solution recommand\u00e9e \ud83d\udc49 D\u00e9couvrir les solutions pour renforcer l\u2019immunit\u00e9 \u2753 FAQ Comment booster l\u2019immunit\u00e9 naturellement ?Gr\u00e2ce \u00e0 une alimentation adapt\u00e9e et des &hellip; Continuer la lecture de &laquo;&nbsp;Renforcer le syst\u00e8me immunitaire du chien naturellement&nbsp;&raquo;","og_url":"https:\/\/phyto4pattes.fr\/index.php\/blog\/renforcer-le-systeme-immunitaire-du-chien-naturellement\/","og_site_name":"Phyto4Pattes.fr","article_modified_time":"2026-03-27T13:46:38+00:00","twitter_card":"summary_large_image","twitter_misc":{"Dur\u00e9e de lecture estim\u00e9e":"1 minute"},"schema":{"@context":"https:\/\/schema.org","@graph":[{"@type":"WebPage","@id":"https:\/\/phyto4pattes.fr\/index.php\/blog\/renforcer-le-systeme-immunitaire-du-chien-naturellement\/","url":"https:\/\/phyto4pattes.fr\/index.php\/blog\/renforcer-le-systeme-immunitaire-du-chien-naturellement\/","name":"Renforcer le syst\u00e8me immunitaire du chien naturellement - Phyto4Pattes.fr","isPartOf":{"@id":"http:\/\/phyto4pattes.fr\/#website"},"datePublished":"2026-03-27T13:41:44+00:00","dateModified":"2026-03-27T13:46:38+00:00","breadcrumb":{"@id":"https:\/\/phyto4pattes.fr\/index.php\/blog\/renforcer-le-systeme-immunitaire-du-chien-naturellement\/#breadcrumb"},"inLanguage":"fr-FR","potentialAction":[{"@type":"ReadAction","target":["https:\/\/phyto4pattes.fr\/index.php\/blog\/renforcer-le-systeme-immunitaire-du-chien-naturellement\/"]}]},{"@type":"BreadcrumbList","@id":"https:\/\/phyto4pattes.fr\/index.php\/blog\/renforcer-le-systeme-immunitaire-du-chien-naturellement\/#breadcrumb","itemListElement":[{"@type":"ListItem","position":1,"name":"Accueil","item":"https:\/\/phyto4pattes.fr\/"},{"@type":"ListItem","position":2,"name":"Blog","item":"https:\/\/phyto4pattes.fr\/index.php\/blog\/"},{"@type":"ListItem","position":3,"name":"Renforcer le syst\u00e8me immunitaire du chien naturellement"}]},{"@type":"WebSite","@id":"http:\/\/phyto4pattes.fr\/#website","url":"http:\/\/phyto4pattes.fr\/","name":"Phyto4Pattes.fr","description":"\u00ab Le bien-\u00eatre de votre animal commence par les plantes \u00bb","publisher":{"@id":"http:\/\/phyto4pattes.fr\/#organization"},"potentialAction":[{"@type":"SearchAction","target":{"@type":"EntryPoint","urlTemplate":"http:\/\/phyto4pattes.fr\/?s={search_term_string}"},"query-input":{"@type":"PropertyValueSpecification","valueRequired":true,"valueName":"search_term_string"}}],"inLanguage":"fr-FR"},{"@type":"Organization","@id":"http:\/\/phyto4pattes.fr\/#organization","name":"Phyto4Pattes.fr","url":"http:\/\/phyto4pattes.fr\/","logo":{"@type":"ImageObject","inLanguage":"fr-FR","@id":"http:\/\/phyto4pattes.fr\/#\/schema\/logo\/image\/","url":"http:\/\/phyto4pattes.fr\/wp-content\/uploads\/2026\/03\/cropped-logo-10-Phyto-4-Pattes.jpg","contentUrl":"http:\/\/phyto4pattes.fr\/wp-content\/uploads\/2026\/03\/cropped-logo-10-Phyto-4-Pattes.jpg","width":250,"height":250,"caption":"Phyto4Pattes.fr"},"image":{"@id":"http:\/\/phyto4pattes.fr\/#\/schema\/logo\/image\/"}}]}},"_links":{"self":[{"href":"https:\/\/phyto4pattes.fr\/index.php\/wp-json\/wp\/v2\/pages\/449","targetHints":{"allow":["GET"]}}],"collection":[{"href":"https:\/\/phyto4pattes.fr\/index.php\/wp-json\/wp\/v2\/pages"}],"about":[{"href":"https:\/\/phyto4pattes.fr\/index.php\/wp-json\/wp\/v2\/types\/page"}],"author":[{"embeddable":true,"href":"https:\/\/phyto4pattes.fr\/index.php\/wp-json\/wp\/v2\/users\/1"}],"replies":[{"embeddable":true,"href":"https:\/\/phyto4pattes.fr\/index.php\/wp-json\/wp\/v2\/comments?post=449"}],"version-history":[{"count":1,"href":"https:\/\/phyto4pattes.fr\/index.php\/wp-json\/wp\/v2\/pages\/449\/revisions"}],"predecessor-version":[{"id":451,"href":"https:\/\/phyto4pattes.fr\/index.php\/wp-json\/wp\/v2\/pages\/449\/revisions\/451"}],"up":[{"embeddable":true,"href":"https:\/\/phyto4pattes.fr\/index.php\/wp-json\/wp\/v2\/pages\/47"}],"wp:attachment":[{"href":"https:\/\/phyto4pattes.fr\/index.php\/wp-json\/wp\/v2\/media?parent=449"}],"curies":[{"name":"wp","href":"https:\/\/api.w.org\/{rel}","templated":true}]}}